{"id":31235,"date":"2024-12-28T03:09:10","date_gmt":"2024-12-28T03:09:10","guid":{"rendered":"https:\/\/morstar.vn\/?post_type=product&#038;p=31235"},"modified":"2025-06-11T10:24:32","modified_gmt":"2025-06-11T10:24:32","slug":"swan-flight-diverter","status":"publish","type":"product","link":"https:\/\/morstar.vn\/vi\/san-pham\/swan-flight-diverter\/","title":{"rendered":"Gi\u00e1p b\u1ea3o v\u1ec7 \u0111\u1ed9ng v\u1eadt"},"content":{"rendered":"<p><strong>Nguy\u00ean v\u1eadt li\u1ec7u<\/strong><br \/>\n\u0110\u01b0\u1ee3c s\u1ea3n xu\u1ea5t t\u1eeb \u200b\u200bpolyvinyl clorua (PVC) c\u1ee9ng ch\u1ecbu va \u0111\u1eadp cao, gi\u00e1p b\u1ea3o v\u1ec7 \u0111\u1ed9ng v\u1eadt c\u00f3 kh\u1ea3 n\u0103ng ch\u1ed1ng h\u00f3a ch\u1ea5t tuy\u1ec7t v\u1eddi, \u0111\u1eb7c t\u00ednh b\u1ec1n v\u00e0 s\u1ebd gi\u1eef \u0111\u01b0\u1ee3c c\u00e1c \u0111\u1eb7c t\u00ednh v\u1eadt l\u00fd t\u1ed1t trong ph\u1ea1m vi nhi\u1ec7t \u0111\u1ed9 kh\u1eafc nghi\u1ec7t. Kh\u00f3i c\u00f4ng nghi\u1ec7p v\u00e0 n\u01b0\u1edbc mu\u1ed1i kh\u00f4ng th\u1ec3 l\u00e0m gi\u1ea3m nghi\u00eam tr\u1ecdng c\u00e1c \u0111\u1eb7c t\u00ednh c\u1ee7a PVC c\u1ee9ng.<\/p>\n<p><strong>Kho\u1ea3ng c\u00e1ch<\/strong><br \/>\n\u0110\u1ec3 c\u00f3 k\u1ebft qu\u1ea3 t\u1ed1i \u01b0u, kho\u1ea3ng c\u00e1ch th\u01b0\u1eddng \u0111\u01b0\u1ee3c khuy\u1ebfn ngh\u1ecb l\u00e0 15\u2032, t\u00f9y thu\u1ed9c v\u00e0o \u0111i\u1ec1u ki\u1ec7n t\u1ea1i \u0111\u1ecba ph\u01b0\u01a1ng. V\u00ec s\u1ee9c c\u1ea3n c\u1ee7a gi\u00f3 r\u1ea5t h\u1ea1n ch\u1ebf, n\u00ean c\u00f3 th\u1ec3 s\u1eed d\u1ee5ng \u0111\u1ee7 gi\u00e1p b\u1ea3o v\u1ec7 \u0111\u1ed9ng v\u1eadt \u0111\u1ec3 \u0111\u1ea3m b\u1ea3o t\u1ea7m nh\u00ecn \u0111\u1ea7y \u0111\u1ee7 m\u00e0 kh\u00f4ng t\u1ea1o ra \u1ee9ng su\u1ea5t tr\u00ean \u0111\u01b0\u1eddng. Khi \u0111\u00e1nh d\u1ea5u c\u00e1c nh\u1ecbp li\u1ec1n k\u1ec1, t\u1ea7m nh\u00ecn t\u1ed5ng th\u1ec3 \u0111\u01b0\u1ee3c c\u1ea3i thi\u1ec7n b\u1eb1ng c\u00e1ch s\u1eafp x\u1ebfp so le gi\u1eefa c\u00e1c nh\u1ecbp.<\/p>\n<p><strong>\u0110\u1eb7c tr\u01b0ng<\/strong><br \/>\nGi\u00e1p b\u1ea3o v\u1ec7 \u0111\u1ed9ng v\u1eadt \u0111\u01b0\u1ee3c thi\u1ebft k\u1ebf \u0111\u1ec3 mang l\u1ea1i nh\u1eefng l\u1ee3i \u00edch sau:<br \/>\n\u2013 T\u0103ng di\u1ec7n t\u00edch d\u1eabn h\u01b0\u1edbng \u0111\u1ec3 t\u0103ng kh\u1ea3 n\u0103ng quan s\u00e1t \u1edf nh\u1eefng n\u01a1i c\u00f3 \u0111\u01b0\u1eddng bay c\u1ee7a chim l\u1edbn, di chuy\u1ec3n ch\u1eadm.<br \/>\n\u2013 Ti\u1ebft ki\u1ec7m v\u00e0 d\u1ec5 \u00e1p \u200b\u200bd\u1ee5ng.<br \/>\n\u2013 Nh\u1eb9.<br \/>\n\u2013 Tu\u1ed5i th\u1ecd cao m\u00e0 kh\u00f4ng l\u00e0m suy gi\u1ea3m t\u00ednh ch\u1ea5t v\u1eadt li\u1ec7u.<br \/>\n\u2013 S\u1ee9c c\u1ea3n gi\u00f3 t\u1ed1i thi\u1ec3u.<br \/>\n\u2013 \u0110\u01b0\u1ee3c s\u1ea3n xu\u1ea5t t\u1eeb \u200b\u200bnh\u1ef1a PVC ch\u1ecbu l\u1ef1c m\u00e0u x\u00e1m ho\u1eb7c v\u00e0ng c\u00f3 kh\u1ea3 n\u0103ng ch\u1ed1ng tia UV.<\/p>\n<p><strong>Kh\u1ea3 n\u0103ng hi\u1ec3n th\u1ecb<\/strong><br \/>\nPh\u1ea7n chuy\u1ec3n h\u01b0\u1edbng l\u00e0m t\u0103ng h\u00ecnh d\u1ea1ng d\u1ec5 th\u1ea5y c\u1ee7a c\u00e1p ho\u1eb7c d\u00e2y d\u1eabn \u0111\u1ec3 \u0111\u1ea3m b\u1ea3o an to\u00e0n, nh\u01b0ng tr\u00e1nh \u0111\u01b0\u1ee3c h\u00ecnh d\u1ea1ng c\u1ed3ng k\u1ec1nh kh\u00f4ng mong mu\u1ed1n.<\/p>\n<p><strong>\u1ee8ng d\u1ee5ng<\/strong><br \/>\n\u0110\u1ea3m b\u1ea3o s\u1eed d\u1ee5ng gi\u00e1p b\u1ea3o v\u1ec7 \u0111\u1ed9ng v\u1eadt c\u00f3 k\u00edch th\u01b0\u1edbc ch\u00ednh x\u00e1c. \u0110\u1ec3 bi\u1ebft m\u00f4 t\u1ea3 chi ti\u1ebft v\u1ec1 l\u1eafp \u0111\u1eb7t, h\u00e3y tham kh\u1ea3o quy tr\u00ecnh \u1ee9ng d\u1ee5ng. Vi\u1ec7c \u1ee9ng d\u1ee5ng que n\u00f3ng nhanh ch\u00f3ng v\u00e0 \u0111\u01a1n gi\u1ea3n v\u1edbi thi\u1ebft b\u1ecb ti\u00eau chu\u1ea9n.<\/p>","protected":false},"excerpt":{"rendered":"<p>S\u1ea3n ph\u1ea9m \u0111\u1ecbnh h\u00ecnh <strong>-Gi\u00e1p b\u1ea3o v\u1ec7 \u0111\u1ed9ng v\u1eadt<\/strong> \u0111\u01b0\u1ee3c thi\u1ebft k\u1ebf \u0111\u1ec3 s\u1eed d\u1ee5ng tr\u00ean c\u00e1c d\u00e2y d\u1eabn tr\u00ean cao nh\u1eb1m t\u1ea1o t\u1ea7m nh\u00ecn t\u1ed1t h\u01a1n cho c\u00e1c \u0111\u01b0\u1eddng bay c\u1ee7a chim tr\u00ean c\u00e1c \u0111\u01b0\u1eddng d\u00e2y tr\u00ean cao v\u00e0 c\u00e1c d\u00e2y neo th\u00e1p. V\u1edbi s\u1ee9c c\u1ea3n gi\u00f3 nh\u1ecf, n\u00f3 l\u00e0m gi\u1ea3m nguy c\u01a1 cho c\u1ea3 \u0111\u01b0\u1eddng d\u00e2y v\u00e0 chim. \u0110\u1ed1i v\u1edbi k\u1ebft c\u1ea5u \u0111i\u1ec7n \u00e1p th\u1ea5p v\u00e0 trung b\u00ecnh, h\u00e3y \u00e1p d\u1ee5ng gi\u00e1p b\u1ea3o v\u1ec7 \u0111\u1ed9ng v\u1eadt cho c\u00e1c d\u00e2y d\u1eabn pha (tr\u1ea7n ho\u1eb7c c\u00f3 v\u1ecf b\u1ecdc). \u0110\u1ed1i v\u1edbi \u0111i\u1ec7n \u00e1p cao, n\u00f3 th\u01b0\u1eddng \u0111\u01b0\u1ee3c s\u1eed d\u1ee5ng tr\u00ean d\u00e2y ch\u1eafn.<\/p>","protected":false},"featured_media":31236,"comment_status":"open","ping_status":"closed","template":"","meta":{"inline_featured_image":false},"product_brand":[],"product_cat":[86,277,251],"product_tag":[],"class_list":{"0":"post-31235","1":"product","2":"type-product","3":"status-publish","4":"has-post-thumbnail","6":"product_cat-industrial-electric","7":"product_cat-manufacturing-products","8":"product_cat-plastic-tie","10":"first","11":"instock","12":"shipping-taxable","13":"product-type-simple"},"_links":{"self":[{"href":"https:\/\/morstar.vn\/vi\/wp-json\/wp\/v2\/product\/31235","targetHints":{"allow":["GET"]}}],"collection":[{"href":"https:\/\/morstar.vn\/vi\/wp-json\/wp\/v2\/product"}],"about":[{"href":"https:\/\/morstar.vn\/vi\/wp-json\/wp\/v2\/types\/product"}],"replies":[{"embeddable":true,"href":"https:\/\/morstar.vn\/vi\/wp-json\/wp\/v2\/comments?post=31235"}],"wp:featuredmedia":[{"embeddable":true,"href":"https:\/\/morstar.vn\/vi\/wp-json\/wp\/v2\/media\/31236"}],"wp:attachment":[{"href":"https:\/\/morstar.vn\/vi\/wp-json\/wp\/v2\/media?parent=31235"}],"wp:term":[{"taxonomy":"product_brand","embeddable":true,"href":"https:\/\/morstar.vn\/vi\/wp-json\/wp\/v2\/product_brand?post=31235"},{"taxonomy":"product_cat","embeddable":true,"href":"https:\/\/morstar.vn\/vi\/wp-json\/wp\/v2\/product_cat?post=31235"},{"taxonomy":"product_tag","embeddable":true,"href":"https:\/\/morstar.vn\/vi\/wp-json\/wp\/v2\/product_tag?post=31235"}],"curies":[{"name":"wp","href":"https:\/\/api.w.org\/{rel}","templated":true}]}}