{"id":31231,"date":"2024-12-28T02:53:18","date_gmt":"2024-12-28T02:53:18","guid":{"rendered":"https:\/\/morstar.vn\/?post_type=product&#038;p=31231"},"modified":"2025-06-11T10:24:15","modified_gmt":"2025-06-11T10:24:15","slug":"spiral-vibration-damper","status":"publish","type":"product","link":"https:\/\/morstar.vn\/vi\/san-pham\/spiral-vibration-damper\/","title":{"rendered":"B\u1ed9 gi\u1ea3m ch\u1ea5n rung xo\u1eafn \u1ed1c"},"content":{"rendered":"<p>B\u1ed9 gi\u1ea3m ch\u1ea5n rung xo\u1eafn \u1ed1c c\u0169ng c\u00f3 hi\u1ec7u qu\u1ea3 tr\u00ean m\u1ed9t s\u1ed1 d\u00e2y b\u1ea3o v\u1ec7 tr\u00ean cao v\u00e0 OPGW. \u0110\u1ed1i v\u1edbi c\u00e1c \u1ee9ng d\u1ee5ng gi\u1ea3m ch\u1ea5n tr\u00ean c\u00e1p ADSS, h\u00e3y tham kh\u1ea3o ph\u1ea7n S\u1ea3n ph\u1ea9m s\u1ee3i quang FIBER-LIGN trong ph\u1ea7n \u0111i\u1ec1u khi\u1ec3n chuy\u1ec3n \u0111\u1ed9ng. Tham kh\u1ea3o \u0111\u1ea1i di\u1ec7n b\u00e1n h\u00e0ng PREFORMED c\u1ee7a b\u1ea1n \u0111\u1ec3 bi\u1ebft h\u01b0\u1edbng d\u1eabn l\u1eafp \u0111\u1eb7t v\u00e0 b\u1ed1 tr\u00ed.<\/p>\n<p><img loading=\"lazy\" decoding=\"async\" class=\"aligncenter wp-image-31232\" src=\"https:\/\/morstar.vn\/wp-content\/uploads\/2024\/12\/Damper2.png\" alt=\"\" width=\"533\" height=\"443\" \/><img loading=\"lazy\" decoding=\"async\" class=\"wp-image-31233 aligncenter\" src=\"https:\/\/morstar.vn\/wp-content\/uploads\/2024\/12\/Damper.png\" alt=\"\" width=\"605\" height=\"302\" srcset=\"https:\/\/morstar.vn\/wp-content\/uploads\/2024\/12\/Damper.png 533w, https:\/\/morstar.vn\/wp-content\/uploads\/2024\/12\/Damper-18x9.png 18w, https:\/\/morstar.vn\/wp-content\/uploads\/2024\/12\/Damper-320x160.png 320w, https:\/\/morstar.vn\/wp-content\/uploads\/2024\/12\/Damper-430x215.png 430w\" sizes=\"auto, (max-width: 605px) 100vw, 605px\" \/><\/p>\n<p>&nbsp;<\/p>\n<p>&nbsp;<\/p>\n<p><img loading=\"lazy\" decoding=\"async\" class=\"aligncenter wp-image-31234 size-medium\" src=\"https:\/\/morstar.vn\/wp-content\/uploads\/2024\/12\/DSC07903-scaled-e1735354368446-640x286.jpg\" alt=\"\" width=\"640\" height=\"286\" srcset=\"https:\/\/morstar.vn\/wp-content\/uploads\/2024\/12\/DSC07903-scaled-e1735354368446-640x286.jpg 640w, https:\/\/morstar.vn\/wp-content\/uploads\/2024\/12\/DSC07903-scaled-e1735354368446-1280x572.jpg 1280w, https:\/\/morstar.vn\/wp-content\/uploads\/2024\/12\/DSC07903-scaled-e1735354368446-768x343.jpg 768w, https:\/\/morstar.vn\/wp-content\/uploads\/2024\/12\/DSC07903-scaled-e1735354368446-1536x686.jpg 1536w, https:\/\/morstar.vn\/wp-content\/uploads\/2024\/12\/DSC07903-scaled-e1735354368446-2048x914.jpg 2048w, https:\/\/morstar.vn\/wp-content\/uploads\/2024\/12\/DSC07903-scaled-e1735354368446-18x8.jpg 18w, https:\/\/morstar.vn\/wp-content\/uploads\/2024\/12\/DSC07903-scaled-e1735354368446-320x143.jpg 320w, https:\/\/morstar.vn\/wp-content\/uploads\/2024\/12\/DSC07903-scaled-e1735354368446-430x192.jpg 430w, https:\/\/morstar.vn\/wp-content\/uploads\/2024\/12\/DSC07903-scaled-e1735354368446-700x313.jpg 700w\" sizes=\"auto, (max-width: 640px) 100vw, 640px\" \/><\/p>\n<h2><strong>H\u01af\u1edaNG D\u1eaaN \u0110\u1eb6T H\u00c0NG:<\/strong><\/h2>\n<ul>\n<li>B\u1ea3ng \u0111\u01b0\u1ee3c cung c\u1ea5p ch\u1ec9 hi\u1ec3n th\u1ecb c\u00e1c s\u1ea3n ph\u1ea9m Ti\u00eau chu\u1ea9n c\u1ee7a ch\u00fang t\u00f4i.<\/li>\n<li>S\u1ea3n ph\u1ea9m ti\u00eau chu\u1ea9n d\u00e0nh cho ng\u01b0\u1eddi thu\u1eadn tay tr\u00e1i.<\/li>\n<li>Ch\u00fang t\u00f4i c\u00f3 quy\u1ec1n thay \u0111\u1ed5i S\u1ea3n ph\u1ea9m Ti\u00eau chu\u1ea9n c\u1ee7a m\u00ecnh m\u00e0 kh\u00f4ng c\u1ea7n th\u00f4ng b\u00e1o \u0111\u1ec3 c\u1ea3i thi\u1ec7n Ch\u1ea5t l\u01b0\u1ee3ng v\u00e0 Hi\u1ec7u su\u1ea5t.<\/li>\n<li>S\u1ea3n ph\u1ea9m \u0110\u1eb7t h\u00e0ng \u0111\u1eb7c bi\u1ec7t c\u00f3 s\u1eb5n theo y\u00eau c\u1ea7u. Vui l\u00f2ng cung c\u1ea5p y\u00eau c\u1ea7u c\u1ee7a b\u1ea1n, ch\u1eb3ng h\u1ea1n nh\u01b0 lo\u1ea1i v\u1eadt li\u1ec7u, h\u01b0\u1edbng xo\u1eafn \u1ed1c, chi\u1ec1u d\u00e0i, l\u1ef1c k\u1eb9p, RST, v.v.<\/li>\n<\/ul>","protected":false},"excerpt":{"rendered":"<p><span style=\"color: #3366ff\">B\u1ed9 gi\u1ea3m ch\u1ea5n rung xo\u1eafn \u1ed1c <\/span>gi\u1ea3m rung \u0111\u1ed9ng gi\u00f3 (rung \u0111\u1ed9ng t\u1ea7n s\u1ed1 cao, bi\u00ean \u0111\u1ed9 th\u1ea5p do gi\u00f3 ngang th\u1ed5i qua \u0111\u01b0\u1eddng d\u00e2y. N\u00f3 \u0111\u01b0\u1ee3c thi\u1ebft k\u1ebf \u0111\u1ec3 s\u1eed d\u1ee5ng tr\u00ean OPGW v\u00e0 c\u00e1c d\u00e2y d\u1eabn c\u00f3 \u0111\u01b0\u1eddng k\u00ednh ngo\u00e0i nh\u1ecf h\u01a1n 0,75\u2033.<\/p>","protected":false},"featured_media":31234,"comment_status":"open","ping_status":"closed","template":"","meta":{"inline_featured_image":false},"product_brand":[],"product_cat":[86,277,251],"product_tag":[],"class_list":{"0":"post-31231","1":"product","2":"type-product","3":"status-publish","4":"has-post-thumbnail","6":"product_cat-industrial-electric","7":"product_cat-manufacturing-products","8":"product_cat-plastic-tie","10":"first","11":"instock","12":"shipping-taxable","13":"product-type-simple"},"_links":{"self":[{"href":"https:\/\/morstar.vn\/vi\/wp-json\/wp\/v2\/product\/31231","targetHints":{"allow":["GET"]}}],"collection":[{"href":"https:\/\/morstar.vn\/vi\/wp-json\/wp\/v2\/product"}],"about":[{"href":"https:\/\/morstar.vn\/vi\/wp-json\/wp\/v2\/types\/product"}],"replies":[{"embeddable":true,"href":"https:\/\/morstar.vn\/vi\/wp-json\/wp\/v2\/comments?post=31231"}],"wp:featuredmedia":[{"embeddable":true,"href":"https:\/\/morstar.vn\/vi\/wp-json\/wp\/v2\/media\/31234"}],"wp:attachment":[{"href":"https:\/\/morstar.vn\/vi\/wp-json\/wp\/v2\/media?parent=31231"}],"wp:term":[{"taxonomy":"product_brand","embeddable":true,"href":"https:\/\/morstar.vn\/vi\/wp-json\/wp\/v2\/product_brand?post=31231"},{"taxonomy":"product_cat","embeddable":true,"href":"https:\/\/morstar.vn\/vi\/wp-json\/wp\/v2\/product_cat?post=31231"},{"taxonomy":"product_tag","embeddable":true,"href":"https:\/\/morstar.vn\/vi\/wp-json\/wp\/v2\/product_tag?post=31231"}],"curies":[{"name":"wp","href":"https:\/\/api.w.org\/{rel}","templated":true}]}}