{"id":31168,"date":"2024-12-23T06:58:06","date_gmt":"2024-12-23T06:58:06","guid":{"rendered":"https:\/\/morstar.vn\/?post_type=product&#038;p=31168"},"modified":"2025-06-11T10:23:44","modified_gmt":"2025-06-11T10:23:44","slug":"semi-conductive-plastic-line-tie","status":"publish","type":"product","link":"https:\/\/morstar.vn\/vi\/san-pham\/semi-conductive-plastic-line-tie\/","title":{"rendered":"Gi\u00e1p bu\u1ed9c \u0111\u1ea7u s\u1ee9 b\u1eb1ng d\u00e2y d\u1eabn"},"content":{"rendered":"<p><img loading=\"lazy\" decoding=\"async\" class=\"wp-image-31169 aligncenter\" src=\"https:\/\/morstar.vn\/wp-content\/uploads\/2024\/12\/Semi-line-640x641.png\" alt=\"\" width=\"539\" height=\"540\" srcset=\"https:\/\/morstar.vn\/wp-content\/uploads\/2024\/12\/Semi-line-640x640.png 640w, https:\/\/morstar.vn\/wp-content\/uploads\/2024\/12\/Semi-line-160x160.png 160w, https:\/\/morstar.vn\/wp-content\/uploads\/2024\/12\/Semi-line-12x12.png 12w, https:\/\/morstar.vn\/wp-content\/uploads\/2024\/12\/Semi-line-320x320.png 320w, https:\/\/morstar.vn\/wp-content\/uploads\/2024\/12\/Semi-line-430x431.png 430w, https:\/\/morstar.vn\/wp-content\/uploads\/2024\/12\/Semi-line-700x701.png 700w, https:\/\/morstar.vn\/wp-content\/uploads\/2024\/12\/Semi-line-100x100.png 100w, https:\/\/morstar.vn\/wp-content\/uploads\/2024\/12\/Semi-line.png 747w\" sizes=\"auto, (max-width: 539px) 100vw, 539px\" \/> <img loading=\"lazy\" decoding=\"async\" class=\"wp-image-31170 aligncenter\" src=\"https:\/\/morstar.vn\/wp-content\/uploads\/2024\/12\/sm2-640x640.png\" alt=\"\" width=\"499\" height=\"499\" srcset=\"https:\/\/morstar.vn\/wp-content\/uploads\/2024\/12\/sm2-640x640.png 640w, https:\/\/morstar.vn\/wp-content\/uploads\/2024\/12\/sm2-160x160.png 160w, https:\/\/morstar.vn\/wp-content\/uploads\/2024\/12\/sm2-12x12.png 12w, https:\/\/morstar.vn\/wp-content\/uploads\/2024\/12\/sm2-320x320.png 320w, https:\/\/morstar.vn\/wp-content\/uploads\/2024\/12\/sm2-430x430.png 430w, https:\/\/morstar.vn\/wp-content\/uploads\/2024\/12\/sm2-700x700.png 700w, https:\/\/morstar.vn\/wp-content\/uploads\/2024\/12\/sm2-100x100.png 100w, https:\/\/morstar.vn\/wp-content\/uploads\/2024\/12\/sm2.png 706w\" sizes=\"auto, (max-width: 499px) 100vw, 499px\" \/> <img loading=\"lazy\" decoding=\"async\" class=\"wp-image-31171 aligncenter\" src=\"https:\/\/morstar.vn\/wp-content\/uploads\/2024\/12\/sm-640x314.png\" alt=\"\" width=\"508\" height=\"249\" srcset=\"https:\/\/morstar.vn\/wp-content\/uploads\/2024\/12\/sm-640x314.png 640w, https:\/\/morstar.vn\/wp-content\/uploads\/2024\/12\/sm-768x377.png 768w, https:\/\/morstar.vn\/wp-content\/uploads\/2024\/12\/sm-18x9.png 18w, https:\/\/morstar.vn\/wp-content\/uploads\/2024\/12\/sm-320x157.png 320w, https:\/\/morstar.vn\/wp-content\/uploads\/2024\/12\/sm-430x211.png 430w, https:\/\/morstar.vn\/wp-content\/uploads\/2024\/12\/sm-700x344.png 700w, https:\/\/morstar.vn\/wp-content\/uploads\/2024\/12\/sm.png 912w\" sizes=\"auto, (max-width: 508px) 100vw, 508px\" \/><\/p>\n<table style=\"height: 531px\" width=\"1210\">\n<tbody>\n<tr>\n<td rowspan=\"2\" width=\"142\">\n<p style=\"text-align: center\"><strong>Morstar #<\/strong><\/p>\n<\/td>\n<td style=\"text-align: center\" colspan=\"2\" width=\"284\"><strong>Ph\u1ea1m vi \u0111\u01b0\u1eddng k\u00ednh (mm)<\/strong><\/td>\n<td style=\"text-align: center\" rowspan=\"2\" width=\"142\"><strong>M\u00e0u s\u1eafc<\/strong><\/td>\n<td style=\"text-align: center\" rowspan=\"2\" width=\"142\"><strong>\u0110\u01b0\u1eddng k\u00ednh d\u00e2y (mm)<\/strong><\/td>\n<\/tr>\n<tr>\n<td style=\"text-align: center\" width=\"142\"><strong>T\u1ed1i thi\u1ec3u<\/strong><\/td>\n<td width=\"142\">\n<p style=\"text-align: center\"><strong>T\u1ed1i \u0111a<\/strong><\/p>\n<\/td>\n<\/tr>\n<tr>\n<td width=\"142\">SCLT-1013<\/td>\n<td width=\"142\">10.19<\/td>\n<td width=\"142\">13.72<\/td>\n<td width=\"142\">M\u00e0u n\u00e2u<\/td>\n<td width=\"142\">11.5<\/td>\n<\/tr>\n<tr>\n<td width=\"142\">SCLT-1318<\/td>\n<td width=\"142\">13.74<\/td>\n<td width=\"142\">18.54<\/td>\n<td width=\"142\">M\u00e0u cam<\/td>\n<td width=\"142\">11.5<\/td>\n<\/tr>\n<tr>\n<td width=\"142\">SCLT-1823<\/td>\n<td width=\"142\">18.57<\/td>\n<td width=\"142\">23.37<\/td>\n<td width=\"142\">M\u00e0u t\u00edm<\/td>\n<td width=\"142\">11.5<\/td>\n<\/tr>\n<tr>\n<td width=\"142\">SCLT-2327<\/td>\n<td width=\"142\">23.4<\/td>\n<td width=\"142\">27.94<\/td>\n<td width=\"142\">M\u00e0u \u0111\u1ecf<\/td>\n<td width=\"142\">11.5<\/td>\n<\/tr>\n<tr>\n<td width=\"142\">SCLT-2731<\/td>\n<td width=\"142\">27.97<\/td>\n<td width=\"142\">31.50 (33.02)<\/td>\n<td width=\"142\">M\u00e0u v\u00e0ng<\/td>\n<td width=\"142\">11.5<\/td>\n<\/tr>\n<tr>\n<td width=\"142\">SCLT-3135<\/td>\n<td width=\"142\">31.52<\/td>\n<td width=\"142\">35.61 (37.03)<\/td>\n<td width=\"142\">M\u00e0u xanh da tr\u1eddi<\/td>\n<td width=\"142\">11.5<\/td>\n<\/tr>\n<\/tbody>\n<\/table>\n<p><strong style=\"font-size: 2.5em;letter-spacing: -0.03em\">H\u01af\u1edaNG D\u1eaaN \u0110\u1eb6T H\u00c0NG:<\/strong><\/p>\n<ul>\n<li>B\u1ea3ng \u0111\u01b0\u1ee3c cung c\u1ea5p ch\u1ec9 hi\u1ec3n th\u1ecb c\u00e1c s\u1ea3n ph\u1ea9m Ti\u00eau chu\u1ea9n c\u1ee7a ch\u00fang t\u00f4i.<\/li>\n<li>Ch\u00fang t\u00f4i c\u00f3 quy\u1ec1n thay \u0111\u1ed5i S\u1ea3n ph\u1ea9m Ti\u00eau chu\u1ea9n c\u1ee7a m\u00ecnh m\u00e0 kh\u00f4ng c\u1ea7n th\u00f4ng b\u00e1o \u0111\u1ec3 c\u1ea3i thi\u1ec7n Ch\u1ea5t l\u01b0\u1ee3ng v\u00e0 Hi\u1ec7u su\u1ea5t.<\/li>\n<li>C\u00f3 th\u1ec3 \u0111\u1eb7t h\u00e0ng \u0111\u1eb7c bi\u1ec7t theo y\u00eau c\u1ea7u. Vui l\u00f2ng cung c\u1ea5p y\u00eau c\u1ea7u c\u1ee7a b\u1ea1n, ch\u1eb3ng h\u1ea1n nh\u01b0 lo\u1ea1i v\u1eadt li\u1ec7u, m\u00e0u s\u1eafc, h\u01b0\u1edbng xo\u1eafn \u1ed1c, chi\u1ec1u d\u00e0i, v.v.<\/li>\n<\/ul>","protected":false},"excerpt":{"rendered":"<p><strong>\u0110\u01af\u1ee2C S\u1eec D\u1ee4NG TR\u00caN: C\u00c1P C\u00d3 V\u1ece B\u1eccC<\/strong><\/p>\n<p>D\u00e2y bu\u1ed9c \u0111\u1ea7u b\u1eb1ng nh\u1ef1a b\u00e1n d\u1eabn v\u00e0 d\u00e2y bu\u1ed9c c\u1ed5 b\u1eb1ng nh\u1ef1a b\u00e1n d\u1eabn \u0111\u01b0\u1ee3c s\u1eed d\u1ee5ng v\u1edbi ch\u1ea5t c\u00e1ch \u0111i\u1ec7n ki\u1ec3u ch\u1ed1t ho\u1eb7c ki\u1ec3u tr\u1ee5.<br \/>\nC\u1ea7n cung c\u1ea5p th\u00f4ng tin chi ti\u1ebft v\u1ec1 c\u00e1ch \u0111i\u1ec7n v\u00e0 c\u00e1p tr\u01b0\u1edbc khi b\u00e1o gi\u00e1 v\u00e0 \u0111\u1eb7t h\u00e0ng.<\/p>","protected":false},"featured_media":31169,"comment_status":"open","ping_status":"closed","template":"","meta":{"inline_featured_image":false},"product_brand":[],"product_cat":[86,277,251],"product_tag":[],"class_list":{"0":"post-31168","1":"product","2":"type-product","3":"status-publish","4":"has-post-thumbnail","6":"product_cat-industrial-electric","7":"product_cat-manufacturing-products","8":"product_cat-plastic-tie","10":"first","11":"instock","12":"shipping-taxable","13":"product-type-simple"},"_links":{"self":[{"href":"https:\/\/morstar.vn\/vi\/wp-json\/wp\/v2\/product\/31168","targetHints":{"allow":["GET"]}}],"collection":[{"href":"https:\/\/morstar.vn\/vi\/wp-json\/wp\/v2\/product"}],"about":[{"href":"https:\/\/morstar.vn\/vi\/wp-json\/wp\/v2\/types\/product"}],"replies":[{"embeddable":true,"href":"https:\/\/morstar.vn\/vi\/wp-json\/wp\/v2\/comments?post=31168"}],"wp:featuredmedia":[{"embeddable":true,"href":"https:\/\/morstar.vn\/vi\/wp-json\/wp\/v2\/media\/31169"}],"wp:attachment":[{"href":"https:\/\/morstar.vn\/vi\/wp-json\/wp\/v2\/media?parent=31168"}],"wp:term":[{"taxonomy":"product_brand","embeddable":true,"href":"https:\/\/morstar.vn\/vi\/wp-json\/wp\/v2\/product_brand?post=31168"},{"taxonomy":"product_cat","embeddable":true,"href":"https:\/\/morstar.vn\/vi\/wp-json\/wp\/v2\/product_cat?post=31168"},{"taxonomy":"product_tag","embeddable":true,"href":"https:\/\/morstar.vn\/vi\/wp-json\/wp\/v2\/product_tag?post=31168"}],"curies":[{"name":"wp","href":"https:\/\/api.w.org\/{rel}","templated":true}]}}