{"id":30971,"date":"2024-11-26T02:07:17","date_gmt":"2024-11-26T02:07:17","guid":{"rendered":"https:\/\/morstar.vn\/?post_type=product&#038;p=30971"},"modified":"2025-06-11T10:25:50","modified_gmt":"2025-06-11T10:25:50","slug":"thimble-clevis","status":"publish","type":"product","link":"https:\/\/morstar.vn\/vi\/san-pham\/thimble-clevis\/","title":{"rendered":"Y\u1ebfm c\u00e1p"},"content":{"rendered":"<p>Y\u1ebfm c\u00e1p \u0111\u01b0\u1ee3c s\u1eed d\u1ee5ng nh\u01b0 ph\u1ee5 ki\u1ec7n giao di\u1ec7n \u0111\u1ec3 k\u1ebft n\u1ed1i tay c\u1ea7m v\u1edbi b\u1ed9 c\u00e1ch \u0111i\u1ec7n \u0111\u1ea7u cu\u1ed1i ho\u1eb7c ch\u1ed1t ch\u1eef U. Y\u1ebfm c\u00e1p c\u00f3 thi\u1ebft k\u1ebf \u0111\u1ed9c \u0111\u00e1o \u0111\u01b0\u1ee3c s\u1eed d\u1ee5ng r\u1ed9ng r\u00e3i tr\u00ean c\u00e1c \u0111\u01b0\u1eddng d\u00e2y c\u1ed9t, \u0111\u01b0\u1eddng d\u00e2y tr\u00ean kh\u00f4ng v\u00e0 \u0111\u01b0\u1eddng d\u00e2y th\u00e1p truy\u1ec1n t\u1ea3i.<\/p>\n<p>Y\u1ebfm c\u00e1p l\u00e0m b\u1eb1ng gang \u0111\u00fac m\u1ea1 k\u1ebdm nh\u00fang n\u00f3ng ho\u1eb7c th\u00e9p \u0111\u1ecbnh h\u00ecnh v\u1edbi nhi\u1ec1u lo\u1ea1i c\u1ea5u tr\u00fac. Y\u1ebfm c\u00e1p \u0111\u01b0\u1ee3c thi\u1ebft k\u1ebf v\u1edbi \u0111\u01b0\u1eddng vi\u1ec1n b\u00ean trong tr\u01a1n tru \u0111\u1ec3 t\u1ea1o g\u00e1nh n\u1eb7ng cho s\u1ef1 t\u1eadp trung \u1ee9ng su\u1ea5t tr\u00ean v\u00f2ng k\u1eb9p. B\u1ed9 ho\u00e0n ch\u1ec9nh bao g\u1ed3m th\u00e2n thimble \u0111\u00fac v\u00e0 bu l\u00f4ng &amp; \u0111ai \u1ed1c. Bu l\u00f4ng d\u00f9ng \u0111\u1ec3 kh\u00f3a ch\u1ed1t ch\u1eef U v\u00e0 \u1ed5 bi khi ho\u00e0n t\u1ea5t l\u1eafp \u0111\u1eb7t.<\/p>\n<p>\u0110\u1ec3 \u00e1p d\u1ee5ng c\u00e1c nh\u1ecbp kh\u00e1c nhau c\u1ee7a th\u00e1p ho\u1eb7c c\u1ed9t, c\u00f3 c\u00e1c ch\u1ed1t thimble 40kn, 70kn, 120kn v\u00e0 160kn \u0111\u1ec3 l\u1eafp r\u00e1p v\u1edbi k\u1eb9p c\u0103ng \u0111\u01b0\u1ee3c t\u1ea1o s\u1eb5n. N\u1ebfu c\u1ea5u tr\u00fac y\u1ebfm c\u00e1p hi\u1ec7n t\u1ea1i kh\u00f4ng ph\u1ea3i l\u00e0 th\u1ee9 b\u1ea1n mu\u1ed1n, MORSTAR c\u00f3 th\u1ec3 l\u00e0m y\u1ebfm c\u00e1p theo b\u1ea3n v\u1ebd ho\u1eb7c th\u00f4ng s\u1ed1 k\u1ef9 thu\u1eadt c\u1ee7a b\u1ea1n.<\/p>\n<p><img loading=\"lazy\" decoding=\"async\" class=\"alignnone wp-image-30973\" src=\"https:\/\/morstar.vn\/wp-content\/uploads\/2024\/11\/2-1-640x680.jpg\" alt=\"\" width=\"600\" height=\"638\" srcset=\"https:\/\/morstar.vn\/wp-content\/uploads\/2024\/11\/2-1-640x680.jpg 640w, https:\/\/morstar.vn\/wp-content\/uploads\/2024\/11\/2-1-1280x1361.jpg 1280w, https:\/\/morstar.vn\/wp-content\/uploads\/2024\/11\/2-1-768x816.jpg 768w, https:\/\/morstar.vn\/wp-content\/uploads\/2024\/11\/2-1-1445x1536.jpg 1445w, https:\/\/morstar.vn\/wp-content\/uploads\/2024\/11\/2-1-11x12.jpg 11w, https:\/\/morstar.vn\/wp-content\/uploads\/2024\/11\/2-1-320x340.jpg 320w, https:\/\/morstar.vn\/wp-content\/uploads\/2024\/11\/2-1-430x457.jpg 430w, https:\/\/morstar.vn\/wp-content\/uploads\/2024\/11\/2-1-700x744.jpg 700w, https:\/\/morstar.vn\/wp-content\/uploads\/2024\/11\/2-1.jpg 1824w\" sizes=\"auto, (max-width: 600px) 100vw, 600px\" \/> <img loading=\"lazy\" decoding=\"async\" class=\"alignnone wp-image-30974\" src=\"https:\/\/morstar.vn\/wp-content\/uploads\/2024\/11\/3-1-640x853.jpg\" alt=\"\" width=\"477\" height=\"635\" srcset=\"https:\/\/morstar.vn\/wp-content\/uploads\/2024\/11\/3-1-640x853.jpg 640w, https:\/\/morstar.vn\/wp-content\/uploads\/2024\/11\/3-1-1280x1707.jpg 1280w, https:\/\/morstar.vn\/wp-content\/uploads\/2024\/11\/3-1-768x1024.jpg 768w, https:\/\/morstar.vn\/wp-content\/uploads\/2024\/11\/3-1-1152x1536.jpg 1152w, https:\/\/morstar.vn\/wp-content\/uploads\/2024\/11\/3-1-1536x2048.jpg 1536w, https:\/\/morstar.vn\/wp-content\/uploads\/2024\/11\/3-1-9x12.jpg 9w, https:\/\/morstar.vn\/wp-content\/uploads\/2024\/11\/3-1-320x427.jpg 320w, https:\/\/morstar.vn\/wp-content\/uploads\/2024\/11\/3-1-430x573.jpg 430w, https:\/\/morstar.vn\/wp-content\/uploads\/2024\/11\/3-1-700x933.jpg 700w, https:\/\/morstar.vn\/wp-content\/uploads\/2024\/11\/3-1.jpg 1920w\" sizes=\"auto, (max-width: 477px) 100vw, 477px\" \/><\/p>","protected":false},"excerpt":{"rendered":"<p>S\u1ea3n ph\u1ea9m d\u00e2y \u0111\u1ecbnh h\u00ecnh \u2013 Ch\u1ed1t thimble l\u00e0 ph\u1ee5 ki\u1ec7n ph\u1ea7n c\u1ee9ng \u0111\u01b0\u1eddng d\u00e2y c\u1ef1c k\u1ef3 quan tr\u1ecdng cho t\u1ea5t c\u1ea3 c\u00e1c nhu c\u1ea7u v\u1ec1 \u0111\u01b0\u1eddng d\u00e2y c\u1ed9t, \u0111\u01b0\u1eddng d\u00e2y th\u00e1p truy\u1ec1n t\u1ea3i v\u00e0 \u0111\u01b0\u1eddng d\u00e2y tr\u00ean kh\u00f4ng c\u1ee7a b\u1ea1n.<\/p>","protected":false},"featured_media":30972,"comment_status":"open","ping_status":"closed","template":"","meta":{"inline_featured_image":false},"product_brand":[],"product_cat":[277,368],"product_tag":[],"class_list":{"0":"post-30971","1":"product","2":"type-product","3":"status-publish","4":"has-post-thumbnail","6":"product_cat-manufacturing-products","7":"product_cat-metal-fitting","9":"first","10":"instock","11":"shipping-taxable","12":"product-type-simple"},"_links":{"self":[{"href":"https:\/\/morstar.vn\/vi\/wp-json\/wp\/v2\/product\/30971","targetHints":{"allow":["GET"]}}],"collection":[{"href":"https:\/\/morstar.vn\/vi\/wp-json\/wp\/v2\/product"}],"about":[{"href":"https:\/\/morstar.vn\/vi\/wp-json\/wp\/v2\/types\/product"}],"replies":[{"embeddable":true,"href":"https:\/\/morstar.vn\/vi\/wp-json\/wp\/v2\/comments?post=30971"}],"wp:featuredmedia":[{"embeddable":true,"href":"https:\/\/morstar.vn\/vi\/wp-json\/wp\/v2\/media\/30972"}],"wp:attachment":[{"href":"https:\/\/morstar.vn\/vi\/wp-json\/wp\/v2\/media?parent=30971"}],"wp:term":[{"taxonomy":"product_brand","embeddable":true,"href":"https:\/\/morstar.vn\/vi\/wp-json\/wp\/v2\/product_brand?post=30971"},{"taxonomy":"product_cat","embeddable":true,"href":"https:\/\/morstar.vn\/vi\/wp-json\/wp\/v2\/product_cat?post=30971"},{"taxonomy":"product_tag","embeddable":true,"href":"https:\/\/morstar.vn\/vi\/wp-json\/wp\/v2\/product_tag?post=30971"}],"curies":[{"name":"wp","href":"https:\/\/api.w.org\/{rel}","templated":true}]}}