{"id":30965,"date":"2024-11-26T01:52:28","date_gmt":"2024-11-26T01:52:28","guid":{"rendered":"https:\/\/morstar.vn\/?post_type=product&#038;p=30965"},"modified":"2025-06-11T10:26:42","modified_gmt":"2025-06-11T10:26:42","slug":"ws-type-socket-clevis","status":"publish","type":"product","link":"https:\/\/morstar.vn\/vi\/san-pham\/ws-type-socket-clevis\/","title":{"rendered":"M\u1eafc n\u1ed1i \u0111\u01a1n"},"content":{"rendered":"<p><img loading=\"lazy\" decoding=\"async\" class=\"alignnone size-full wp-image-30966\" src=\"https:\/\/morstar.vn\/wp-content\/uploads\/2024\/11\/WS-7-DRAWING.png\" alt=\"\" width=\"500\" height=\"389\" srcset=\"https:\/\/morstar.vn\/wp-content\/uploads\/2024\/11\/WS-7-DRAWING.png 500w, https:\/\/morstar.vn\/wp-content\/uploads\/2024\/11\/WS-7-DRAWING-15x12.png 15w, https:\/\/morstar.vn\/wp-content\/uploads\/2024\/11\/WS-7-DRAWING-320x249.png 320w, https:\/\/morstar.vn\/wp-content\/uploads\/2024\/11\/WS-7-DRAWING-430x335.png 430w\" sizes=\"auto, (max-width: 500px) 100vw, 500px\" \/><\/p>\n<p><img loading=\"lazy\" decoding=\"async\" class=\"alignnone wp-image-30968\" src=\"https:\/\/morstar.vn\/wp-content\/uploads\/2024\/11\/7-1-640x853.jpg\" alt=\"\" width=\"404\" height=\"538\" srcset=\"https:\/\/morstar.vn\/wp-content\/uploads\/2024\/11\/7-1-640x853.jpg 640w, https:\/\/morstar.vn\/wp-content\/uploads\/2024\/11\/7-1-1280x1707.jpg 1280w, https:\/\/morstar.vn\/wp-content\/uploads\/2024\/11\/7-1-768x1024.jpg 768w, https:\/\/morstar.vn\/wp-content\/uploads\/2024\/11\/7-1-1152x1536.jpg 1152w, https:\/\/morstar.vn\/wp-content\/uploads\/2024\/11\/7-1-1536x2048.jpg 1536w, https:\/\/morstar.vn\/wp-content\/uploads\/2024\/11\/7-1-9x12.jpg 9w, https:\/\/morstar.vn\/wp-content\/uploads\/2024\/11\/7-1-320x427.jpg 320w, https:\/\/morstar.vn\/wp-content\/uploads\/2024\/11\/7-1-430x573.jpg 430w, https:\/\/morstar.vn\/wp-content\/uploads\/2024\/11\/7-1-700x933.jpg 700w, https:\/\/morstar.vn\/wp-content\/uploads\/2024\/11\/7-1.jpg 1920w\" sizes=\"auto, (max-width: 404px) 100vw, 404px\" \/> <img loading=\"lazy\" decoding=\"async\" class=\"alignnone wp-image-30969\" src=\"https:\/\/morstar.vn\/wp-content\/uploads\/2024\/11\/6-1-640x853.jpg\" alt=\"\" width=\"382\" height=\"509\" srcset=\"https:\/\/morstar.vn\/wp-content\/uploads\/2024\/11\/6-1-640x853.jpg 640w, https:\/\/morstar.vn\/wp-content\/uploads\/2024\/11\/6-1-1280x1707.jpg 1280w, https:\/\/morstar.vn\/wp-content\/uploads\/2024\/11\/6-1-768x1024.jpg 768w, https:\/\/morstar.vn\/wp-content\/uploads\/2024\/11\/6-1-1152x1536.jpg 1152w, https:\/\/morstar.vn\/wp-content\/uploads\/2024\/11\/6-1-1536x2048.jpg 1536w, https:\/\/morstar.vn\/wp-content\/uploads\/2024\/11\/6-1-9x12.jpg 9w, https:\/\/morstar.vn\/wp-content\/uploads\/2024\/11\/6-1-320x427.jpg 320w, https:\/\/morstar.vn\/wp-content\/uploads\/2024\/11\/6-1-430x573.jpg 430w, https:\/\/morstar.vn\/wp-content\/uploads\/2024\/11\/6-1-700x933.jpg 700w, https:\/\/morstar.vn\/wp-content\/uploads\/2024\/11\/6-1.jpg 1920w\" sizes=\"auto, (max-width: 382px) 100vw, 382px\" \/><\/p>","protected":false},"excerpt":{"rendered":"<p><span style=\"color: #000000\">M\u1eafc n\u1ed1i \u0111\u01a1n \u0111\u01b0\u1ee3c s\u1eed d\u1ee5ng \u0111\u1ec3 g\u1eafn c\u00e1c s\u1ee9 bi v\u00e0 \u1ed5 c\u1eafm v\u00e0o c\u00e1c ph\u1ea7n c\u1ee9ng li\u00ean quan kh\u00e1c tr\u00ean \u0111\u01b0\u1eddng d\u00e2y truy\u1ec1n t\u1ea3i \u0111i\u1ec7n tr\u00ean kh\u00f4ng ho\u1eb7c tr\u1ea1m bi\u1ebfn \u00e1p.<\/span><\/p>\n<ul>\n<li><span style=\"color: #000000\">\u0110\u01b0\u1ee3c l\u00e0m b\u1eb1ng s\u1eaft d\u1ec5 u\u1ed1n ho\u1eb7c th\u00e9p \u0111\u00fac v\u00e0 m\u1ea1 k\u1ebdm nh\u00fang n\u00f3ng.<\/span><\/li>\n<li><span style=\"color: #000000\">Ch\u1ed1t ch\u1ebb l\u00e0m b\u1eb1ng th\u00e9p kh\u00f4ng g\u1ec9.<\/span><\/li>\n<li><span style=\"color: #000000\">K\u1eb9p an to\u00e0n l\u00e0m b\u1eb1ng \u0111\u1ed3ng ho\u1eb7c th\u00e9p kh\u00f4ng g\u1ec9.<\/span><\/li>\n<li><span style=\"color: #000000\">C\u00e1c b\u1ed9 ph\u1eadn kh\u00e1c \u0111\u01b0\u1ee3c l\u00e0m b\u1eb1ng th\u00e9p m\u1ea1 k\u1ebdm nh\u00fang n\u00f3ng.<\/span><\/li>\n<\/ul>","protected":false},"featured_media":30968,"comment_status":"open","ping_status":"closed","template":"","meta":{"inline_featured_image":false},"product_brand":[],"product_cat":[277,368],"product_tag":[],"class_list":{"0":"post-30965","1":"product","2":"type-product","3":"status-publish","4":"has-post-thumbnail","6":"product_cat-manufacturing-products","7":"product_cat-metal-fitting","9":"first","10":"instock","11":"shipping-taxable","12":"product-type-simple"},"_links":{"self":[{"href":"https:\/\/morstar.vn\/vi\/wp-json\/wp\/v2\/product\/30965","targetHints":{"allow":["GET"]}}],"collection":[{"href":"https:\/\/morstar.vn\/vi\/wp-json\/wp\/v2\/product"}],"about":[{"href":"https:\/\/morstar.vn\/vi\/wp-json\/wp\/v2\/types\/product"}],"replies":[{"embeddable":true,"href":"https:\/\/morstar.vn\/vi\/wp-json\/wp\/v2\/comments?post=30965"}],"wp:featuredmedia":[{"embeddable":true,"href":"https:\/\/morstar.vn\/vi\/wp-json\/wp\/v2\/media\/30968"}],"wp:attachment":[{"href":"https:\/\/morstar.vn\/vi\/wp-json\/wp\/v2\/media?parent=30965"}],"wp:term":[{"taxonomy":"product_brand","embeddable":true,"href":"https:\/\/morstar.vn\/vi\/wp-json\/wp\/v2\/product_brand?post=30965"},{"taxonomy":"product_cat","embeddable":true,"href":"https:\/\/morstar.vn\/vi\/wp-json\/wp\/v2\/product_cat?post=30965"},{"taxonomy":"product_tag","embeddable":true,"href":"https:\/\/morstar.vn\/vi\/wp-json\/wp\/v2\/product_tag?post=30965"}],"curies":[{"name":"wp","href":"https:\/\/api.w.org\/{rel}","templated":true}]}}