{"id":30400,"date":"2024-10-30T09:27:52","date_gmt":"2024-10-30T09:27:52","guid":{"rendered":"https:\/\/morstar.vn\/?post_type=product&#038;p=30400"},"modified":"2025-06-09T00:35:42","modified_gmt":"2025-06-09T00:35:42","slug":"laser-cutting-machine","status":"publish","type":"product","link":"https:\/\/morstar.vn\/vi\/san-pham\/laser-cutting-machine\/","title":{"rendered":"M\u00e1y c\u1eaft Lazer"},"content":{"rendered":"<p><strong>Application Scenarios:<\/strong><\/p>\n<p><img loading=\"lazy\" decoding=\"async\" class=\"alignnone size-medium wp-image-30402\" src=\"https:\/\/morstar.vn\/wp-content\/uploads\/2024\/10\/Screenshot-2024-10-30-162241-640x252.png\" alt=\"\" width=\"640\" height=\"252\" srcset=\"https:\/\/morstar.vn\/wp-content\/uploads\/2024\/10\/Screenshot-2024-10-30-162241-640x252.png 640w, https:\/\/morstar.vn\/wp-content\/uploads\/2024\/10\/Screenshot-2024-10-30-162241-1280x503.png 1280w, https:\/\/morstar.vn\/wp-content\/uploads\/2024\/10\/Screenshot-2024-10-30-162241-768x302.png 768w, https:\/\/morstar.vn\/wp-content\/uploads\/2024\/10\/Screenshot-2024-10-30-162241-18x7.png 18w, https:\/\/morstar.vn\/wp-content\/uploads\/2024\/10\/Screenshot-2024-10-30-162241-320x126.png 320w, https:\/\/morstar.vn\/wp-content\/uploads\/2024\/10\/Screenshot-2024-10-30-162241-430x169.png 430w, https:\/\/morstar.vn\/wp-content\/uploads\/2024\/10\/Screenshot-2024-10-30-162241-700x275.png 700w, https:\/\/morstar.vn\/wp-content\/uploads\/2024\/10\/Screenshot-2024-10-30-162241.png 1379w\" sizes=\"auto, (max-width: 640px) 100vw, 640px\" \/> <img loading=\"lazy\" decoding=\"async\" class=\"alignnone size-medium wp-image-30403\" src=\"https:\/\/morstar.vn\/wp-content\/uploads\/2024\/10\/Screenshot-2024-10-30-162632-640x236.png\" alt=\"\" width=\"640\" height=\"236\" srcset=\"https:\/\/morstar.vn\/wp-content\/uploads\/2024\/10\/Screenshot-2024-10-30-162632-640x236.png 640w, https:\/\/morstar.vn\/wp-content\/uploads\/2024\/10\/Screenshot-2024-10-30-162632-1280x472.png 1280w, https:\/\/morstar.vn\/wp-content\/uploads\/2024\/10\/Screenshot-2024-10-30-162632-768x283.png 768w, https:\/\/morstar.vn\/wp-content\/uploads\/2024\/10\/Screenshot-2024-10-30-162632-18x7.png 18w, https:\/\/morstar.vn\/wp-content\/uploads\/2024\/10\/Screenshot-2024-10-30-162632-320x118.png 320w, https:\/\/morstar.vn\/wp-content\/uploads\/2024\/10\/Screenshot-2024-10-30-162632-430x159.png 430w, https:\/\/morstar.vn\/wp-content\/uploads\/2024\/10\/Screenshot-2024-10-30-162632-700x258.png 700w, https:\/\/morstar.vn\/wp-content\/uploads\/2024\/10\/Screenshot-2024-10-30-162632.png 1429w\" sizes=\"auto, (max-width: 640px) 100vw, 640px\" \/><\/p>\n<p><strong>Product Introduction:<\/strong><\/p>\n<p><img loading=\"lazy\" decoding=\"async\" class=\"alignnone size-medium wp-image-30404\" src=\"https:\/\/morstar.vn\/wp-content\/uploads\/2024\/10\/Screenshot-2024-10-31-080527-640x489.png\" alt=\"\" width=\"640\" height=\"489\" srcset=\"https:\/\/morstar.vn\/wp-content\/uploads\/2024\/10\/Screenshot-2024-10-31-080527-640x489.png 640w, https:\/\/morstar.vn\/wp-content\/uploads\/2024\/10\/Screenshot-2024-10-31-080527-768x586.png 768w, https:\/\/morstar.vn\/wp-content\/uploads\/2024\/10\/Screenshot-2024-10-31-080527-16x12.png 16w, https:\/\/morstar.vn\/wp-content\/uploads\/2024\/10\/Screenshot-2024-10-31-080527-320x244.png 320w, https:\/\/morstar.vn\/wp-content\/uploads\/2024\/10\/Screenshot-2024-10-31-080527-430x328.png 430w, https:\/\/morstar.vn\/wp-content\/uploads\/2024\/10\/Screenshot-2024-10-31-080527-700x534.png 700w, https:\/\/morstar.vn\/wp-content\/uploads\/2024\/10\/Screenshot-2024-10-31-080527.png 892w\" sizes=\"auto, (max-width: 640px) 100vw, 640px\" \/><\/p>\n<div class=\"real3dflipbook\" id=\"76_69d200b6d0a9f\" style=\"position:absolute;\" data-flipbook-options=\"{&quot;pages&quot;:[],&quot;pdfUrl&quot;:&quot;&quot;,&quot;printPdfUrl&quot;:&quot;&quot;,&quot;tableOfContent&quot;:[],&quot;id&quot;:&quot;76&quot;,&quot;bookId&quot;:&quot;&quot;,&quot;date&quot;:&quot;&quot;,&quot;lightboxThumbnailUrl&quot;:&quot;&quot;,&quot;mode&quot;:&quot;normal&quot;,&quot;viewMode&quot;:&quot;webgl&quot;,&quot;pageTextureSize&quot;:&quot;2048&quot;,&quot;pageTextureSizeSmall&quot;:&quot;1500&quot;,&quot;pageTextureSizeMobile&quot;:&quot;&quot;,&quot;pageTextureSizeMobileSmall&quot;:&quot;1024&quot;,&quot;minPixelRatio&quot;:&quot;1&quot;,&quot;pdfTextLayer&quot;:&quot;true&quot;,&quot;zoomMin&quot;:&quot;0.9&quot;,&quot;zoomStep&quot;:&quot;2&quot;,&quot;zoomSize&quot;:&quot;&quot;,&quot;zoomReset&quot;:&quot;true&quot;,&quot;doubleClickZoom&quot;:&quot;true&quot;,&quot;pageDrag&quot;:&quot;true&quot;,&quot;singlePageMode&quot;:&quot;false&quot;,&quot;pageFlipDuration&quot;:&quot;1&quot;,&quot;sound&quot;:&quot;true&quot;,&quot;startPage&quot;:&quot;1&quot;,&quot;pageNumberOffset&quot;:&quot;0&quot;,&quot;deeplinking&quot;:{&quot;enabled&quot;:&quot;false&quot;,&quot;prefix&quot;:&quot;&quot;},&quot;responsiveView&quot;:&quot;true&quot;,&quot;responsiveViewTreshold&quot;:&quot;768&quot;,&quot;responsiveViewRatio&quot;:&quot;1&quot;,&quot;cover&quot;:&quot;true&quot;,&quot;backCover&quot;:&quot;true&quot;,&quot;height&quot;:&quot;400&quot;,&quot;responsiveHeight&quot;:&quot;true&quot;,&quot;containerRatio&quot;:&quot;&quot;,&quot;thumbnailsOnStart&quot;:&quot;false&quot;,&quot;contentOnStart&quot;:&quot;false&quot;,&quot;searchOnStart&quot;:&quot;&quot;,&quot;tableOfContentCloseOnClick&quot;:&quot;true&quot;,&quot;thumbsCloseOnClick&quot;:&quot;true&quot;,&quot;autoplayOnStart&quot;:&quot;false&quot;,&quot;autoplayInterval&quot;:&quot;3000&quot;,&quot;autoplayLoop&quot;:&quot;true&quot;,&quot;autoplayStartPage&quot;:&quot;1&quot;,&quot;rightToLeft&quot;:&quot;false&quot;,&quot;pageWidth&quot;:&quot;&quot;,&quot;pageHeight&quot;:&quot;&quot;,&quot;thumbSize&quot;:&quot;130&quot;,&quot;logoImg&quot;:&quot;&quot;,&quot;logoUrl&quot;:&quot;https:\\\/\\\/morstar.vn&quot;,&quot;logoUrlTarget&quot;:&quot;_blank&quot;,&quot;logoCSS&quot;:&quot;position:absolute;left:0;top:0;&quot;,&quot;menuSelector&quot;:&quot;&quot;,&quot;zIndex&quot;:&quot;auto&quot;,&quot;preloaderText&quot;:&quot;&quot;,&quot;googleAnalyticsTrackingCode&quot;:&quot;&quot;,&quot;pdfBrowserViewerIfIE&quot;:&quot;false&quot;,&quot;modeMobile&quot;:&quot;&quot;,&quot;viewModeMobile&quot;:&quot;&quot;,&quot;aspectMobile&quot;:&quot;&quot;,&quot;aspectRatioMobile&quot;:&quot;0.71&quot;,&quot;singlePageModeIfMobile&quot;:&quot;false&quot;,&quot;logoHideOnMobile&quot;:&quot;false&quot;,&quot;mobile&quot;:{&quot;thumbnailsOnStart&quot;:&quot;false&quot;,&quot;contentOnStart&quot;:&quot;false&quot;},&quot;lightboxCssClass&quot;:&quot;&quot;,&quot;lightboxLink&quot;:&quot;&quot;,&quot;lightboxLinkNewWindow&quot;:&quot;true&quot;,&quot;lightboxBackground&quot;:&quot;rgb(81, 85, 88)&quot;,&quot;lightboxBackgroundPattern&quot;:&quot;&quot;,&quot;lightboxBackgroundImage&quot;:&quot;&quot;,&quot;lightboxContainerCSS&quot;:&quot;display:inline-block;padding:10px;&quot;,&quot;lightboxThumbnailHeight&quot;:&quot;300&quot;,&quot;lightboxThumbnailUrlCSS&quot;:&quot;display:block;&quot;,&quot;lightboxThumbnailInfo&quot;:&quot;true&quot;,&quot;lightboxThumbnailInfoText&quot;:&quot;Click to read more...&quot;,&quot;lightboxThumbnailInfoCSS&quot;:&quot;top: 0;  width: 100%; height: 100%; font-size: 16px; color: #000; background: rgba(255,255,255,.8);&quot;,&quot;showTitle&quot;:&quot;true&quot;,&quot;showDate&quot;:&quot;false&quot;,&quot;hideThumbnail&quot;:&quot;false&quot;,&quot;lightboxText&quot;:&quot;&quot;,&quot;lightboxTextCSS&quot;:&quot;display:block;&quot;,&quot;lightboxTextPosition&quot;:&quot;top&quot;,&quot;lightBoxOpened&quot;:&quot;false&quot;,&quot;lightBoxFullscreen&quot;:&quot;false&quot;,&quot;lightboxCloseOnClick&quot;:&quot;false&quot;,&quot;lightboxStartPage&quot;:&quot;&quot;,&quot;lightboxMarginV&quot;:&quot;0&quot;,&quot;lightboxMarginH&quot;:&quot;0&quot;,&quot;lights&quot;:&quot;true&quot;,&quot;lightPositionX&quot;:&quot;0&quot;,&quot;lightPositionY&quot;:&quot;150&quot;,&quot;lightPositionZ&quot;:&quot;1400&quot;,&quot;lightIntensity&quot;:&quot;0.6&quot;,&quot;shadows&quot;:&quot;true&quot;,&quot;shadowMapSize&quot;:&quot;2048&quot;,&quot;shadowOpacity&quot;:&quot;0.2&quot;,&quot;shadowDistance&quot;:&quot;15&quot;,&quot;pageHardness&quot;:&quot;2&quot;,&quot;coverHardness&quot;:&quot;2&quot;,&quot;pageRoughness&quot;:&quot;1&quot;,&quot;pageMetalness&quot;:&quot;0&quot;,&quot;pageSegmentsW&quot;:&quot;6&quot;,&quot;pageSegmentsH&quot;:&quot;1&quot;,&quot;pageMiddleShadowSize&quot;:&quot;2&quot;,&quot;pageMiddleShadowColorL&quot;:&quot;#999999&quot;,&quot;pageMiddleShadowColorR&quot;:&quot;#777777&quot;,&quot;antialias&quot;:&quot;false&quot;,&quot;pan&quot;:&quot;0&quot;,&quot;tilt&quot;:&quot;0&quot;,&quot;rotateCameraOnMouseDrag&quot;:&quot;true&quot;,&quot;panMax&quot;:&quot;20&quot;,&quot;panMin&quot;:&quot;-20&quot;,&quot;tiltMax&quot;:&quot;0&quot;,&quot;tiltMin&quot;:&quot;0&quot;,&quot;currentPage&quot;:{&quot;enabled&quot;:&quot;true&quot;,&quot;title&quot;:&quot;Current page&quot;,&quot;hAlign&quot;:&quot;left&quot;,&quot;vAlign&quot;:&quot;top&quot;},&quot;btnAutoplay&quot;:{&quot;enabled&quot;:&quot;true&quot;,&quot;title&quot;:&quot;Autoplay&quot;},&quot;btnNext&quot;:{&quot;enabled&quot;:&quot;true&quot;,&quot;title&quot;:&quot;Next Page&quot;},&quot;btnLast&quot;:{&quot;enabled&quot;:&quot;false&quot;,&quot;title&quot;:&quot;Last Page&quot;},&quot;btnPrev&quot;:{&quot;enabled&quot;:&quot;true&quot;,&quot;title&quot;:&quot;Previous Page&quot;},&quot;btnFirst&quot;:{&quot;enabled&quot;:&quot;false&quot;,&quot;title&quot;:&quot;First Page&quot;},&quot;btnZoomIn&quot;:{&quot;enabled&quot;:&quot;true&quot;,&quot;title&quot;:&quot;Zoom in&quot;},&quot;btnZoomOut&quot;:{&quot;enabled&quot;:&quot;true&quot;,&quot;title&quot;:&quot;Zoom out&quot;},&quot;btnToc&quot;:{&quot;enabled&quot;:&quot;true&quot;,&quot;title&quot;:&quot;Table of Contents&quot;},&quot;btnThumbs&quot;:{&quot;enabled&quot;:&quot;true&quot;,&quot;title&quot;:&quot;Pages&quot;},&quot;btnShare&quot;:{&quot;enabled&quot;:&quot;true&quot;,&quot;title&quot;:&quot;Share&quot;},&quot;btnNotes&quot;:{&quot;enabled&quot;:&quot;false&quot;,&quot;title&quot;:&quot;Notes&quot;},&quot;btnDownloadPages&quot;:{&quot;enabled&quot;:&quot;false&quot;,&quot;url&quot;:&quot;&quot;,&quot;title&quot;:&quot;Download pages&quot;},&quot;btnDownloadPdf&quot;:{&quot;enabled&quot;:&quot;true&quot;,&quot;url&quot;:&quot;&quot;,&quot;title&quot;:&quot;Download PDF&quot;,&quot;forceDownload&quot;:&quot;true&quot;,&quot;openInNewWindow&quot;:&quot;true&quot;},&quot;btnSound&quot;:{&quot;enabled&quot;:&quot;true&quot;,&quot;title&quot;:&quot;Sound&quot;},&quot;btnExpand&quot;:{&quot;enabled&quot;:&quot;true&quot;,&quot;title&quot;:&quot;Toggle fullscreen&quot;},&quot;btnSelect&quot;:{&quot;enabled&quot;:&quot;true&quot;,&quot;title&quot;:&quot;Select tool&quot;},&quot;btnSearch&quot;:{&quot;enabled&quot;:&quot;false&quot;,&quot;title&quot;:&quot;Search&quot;},&quot;search&quot;:{&quot;enabled&quot;:&quot;false&quot;,&quot;title&quot;:&quot;Search&quot;},&quot;btnBookmark&quot;:{&quot;enabled&quot;:&quot;false&quot;,&quot;title&quot;:&quot;Bookmark&quot;},&quot;btnPrint&quot;:{&quot;enabled&quot;:&quot;true&quot;,&quot;title&quot;:&quot;Print&quot;},&quot;btnTools&quot;:{&quot;enabled&quot;:&quot;true&quot;,&quot;title&quot;:&quot;Tools&quot;},&quot;btnClose&quot;:{&quot;enabled&quot;:&quot;true&quot;,&quot;title&quot;:&quot;Close&quot;},&quot;whatsapp&quot;:{&quot;enabled&quot;:&quot;true&quot;},&quot;twitter&quot;:{&quot;enabled&quot;:&quot;true&quot;},&quot;facebook&quot;:{&quot;enabled&quot;:&quot;true&quot;},&quot;pinterest&quot;:{&quot;enabled&quot;:&quot;true&quot;},&quot;email&quot;:{&quot;enabled&quot;:&quot;true&quot;},&quot;linkedin&quot;:{&quot;enabled&quot;:&quot;true&quot;},&quot;digg&quot;:{&quot;enabled&quot;:&quot;false&quot;},&quot;reddit&quot;:{&quot;enabled&quot;:&quot;false&quot;},&quot;shareUrl&quot;:&quot;&quot;,&quot;shareTitle&quot;:&quot;&quot;,&quot;shareImage&quot;:&quot;&quot;,&quot;layout&quot;:&quot;1&quot;,&quot;icons&quot;:&quot;FontAwesome&quot;,&quot;skin&quot;:&quot;light&quot;,&quot;useFontAwesome5&quot;:&quot;true&quot;,&quot;sideNavigationButtons&quot;:&quot;true&quot;,&quot;menuNavigationButtons&quot;:&quot;false&quot;,&quot;backgroundColor&quot;:&quot;rgb(81, 85, 88)&quot;,&quot;backgroundPattern&quot;:&quot;&quot;,&quot;backgroundImage&quot;:&quot;&quot;,&quot;backgroundTransparent&quot;:&quot;false&quot;,&quot;menuBackground&quot;:&quot;&quot;,&quot;menuShadow&quot;:&quot;&quot;,&quot;menuMargin&quot;:&quot;0&quot;,&quot;menuPadding&quot;:&quot;0&quot;,&quot;menuOverBook&quot;:&quot;false&quot;,&quot;menuFloating&quot;:&quot;false&quot;,&quot;menuTransparent&quot;:&quot;false&quot;,&quot;menu2Background&quot;:&quot;&quot;,&quot;menu2Shadow&quot;:&quot;&quot;,&quot;menu2Margin&quot;:&quot;0&quot;,&quot;menu2Padding&quot;:&quot;0&quot;,&quot;menu2OverBook&quot;:&quot;true&quot;,&quot;menu2Floating&quot;:&quot;false&quot;,&quot;menu2Transparent&quot;:&quot;true&quot;,&quot;skinColor&quot;:&quot;&quot;,&quot;skinBackground&quot;:&quot;&quot;,&quot;hideMenu&quot;:&quot;false&quot;,&quot;menuAlignHorizontal&quot;:&quot;center&quot;,&quot;btnColor&quot;:&quot;&quot;,&quot;btnColorHover&quot;:&quot;&quot;,&quot;btnBackground&quot;:&quot;none&quot;,&quot;btnRadius&quot;:&quot;0&quot;,&quot;btnMargin&quot;:&quot;0&quot;,&quot;btnSize&quot;:&quot;18&quot;,&quot;btnPaddingV&quot;:&quot;10&quot;,&quot;btnPaddingH&quot;:&quot;10&quot;,&quot;btnShadow&quot;:&quot;&quot;,&quot;btnTextShadow&quot;:&quot;&quot;,&quot;btnBorder&quot;:&quot;&quot;,&quot;sideBtnColor&quot;:&quot;#fff&quot;,&quot;sideBtnColorHover&quot;:&quot;#fff&quot;,&quot;sideBtnBackground&quot;:&quot;rgba(0,0,0,.3)&quot;,&quot;sideBtnBackgroundHover&quot;:&quot;&quot;,&quot;sideBtnRadius&quot;:&quot;0&quot;,&quot;sideBtnMargin&quot;:&quot;0&quot;,&quot;sideBtnSize&quot;:&quot;25&quot;,&quot;sideBtnPaddingV&quot;:&quot;10&quot;,&quot;sideBtnPaddingH&quot;:&quot;10&quot;,&quot;sideBtnShadow&quot;:&quot;&quot;,&quot;sideBtnTextShadow&quot;:&quot;&quot;,&quot;sideBtnBorder&quot;:&quot;&quot;,&quot;closeBtnColorHover&quot;:&quot;#FFF&quot;,&quot;closeBtnBackground&quot;:&quot;rgba(0,0,0,.4)&quot;,&quot;closeBtnRadius&quot;:&quot;0&quot;,&quot;closeBtnMargin&quot;:&quot;0&quot;,&quot;closeBtnSize&quot;:&quot;20&quot;,&quot;closeBtnPadding&quot;:&quot;5&quot;,&quot;closeBtnTextShadow&quot;:&quot;&quot;,&quot;closeBtnBorder&quot;:&quot;&quot;,&quot;floatingBtnColor&quot;:&quot;&quot;,&quot;floatingBtnColorHover&quot;:&quot;&quot;,&quot;floatingBtnBackground&quot;:&quot;&quot;,&quot;floatingBtnBackgroundHover&quot;:&quot;&quot;,&quot;floatingBtnRadius&quot;:&quot;&quot;,&quot;floatingBtnMargin&quot;:&quot;&quot;,&quot;floatingBtnSize&quot;:&quot;&quot;,&quot;floatingBtnPadding&quot;:&quot;&quot;,&quot;floatingBtnShadow&quot;:&quot;&quot;,&quot;floatingBtnTextShadow&quot;:&quot;&quot;,&quot;floatingBtnBorder&quot;:&quot;&quot;,&quot;currentPageMarginV&quot;:&quot;5&quot;,&quot;currentPageMarginH&quot;:&quot;5&quot;,&quot;arrowsAlwaysEnabledForNavigation&quot;:&quot;true&quot;,&quot;arrowsDisabledNotFullscreen&quot;:&quot;true&quot;,&quot;touchSwipeEnabled&quot;:&quot;true&quot;,&quot;rightClickEnabled&quot;:&quot;true&quot;,&quot;linkColor&quot;:&quot;rgba(0, 0, 0, 0)&quot;,&quot;linkColorHover&quot;:&quot;rgba(255, 255, 0, 1)&quot;,&quot;linkOpacity&quot;:&quot;0.4&quot;,&quot;linkTarget&quot;:&quot;_blank&quot;,&quot;pdfAutoLinks&quot;:&quot;false&quot;,&quot;strings&quot;:{&quot;print&quot;:&quot;Print&quot;,&quot;printLeftPage&quot;:&quot;Print left page&quot;,&quot;printRightPage&quot;:&quot;Print right page&quot;,&quot;printCurrentPage&quot;:&quot;Print current page&quot;,&quot;printAllPages&quot;:&quot;Print all pages&quot;,&quot;download&quot;:&quot;Download&quot;,&quot;downloadLeftPage&quot;:&quot;Download left page&quot;,&quot;downloadRightPage&quot;:&quot;Download right page&quot;,&quot;downloadCurrentPage&quot;:&quot;Download current page&quot;,&quot;downloadAllPages&quot;:&quot;Download all pages&quot;,&quot;bookmarks&quot;:&quot;Bookmarks&quot;,&quot;bookmarkLeftPage&quot;:&quot;Bookmark left page&quot;,&quot;bookmarkRightPage&quot;:&quot;Bookmark right page&quot;,&quot;bookmarkCurrentPage&quot;:&quot;Bookmark current page&quot;,&quot;search&quot;:&quot;Search&quot;,&quot;findInDocument&quot;:&quot;Find in document&quot;,&quot;pagesFoundContaining&quot;:&quot;pages found containing&quot;,&quot;noMatches&quot;:&quot;No matches&quot;,&quot;matchesFound&quot;:&quot;matches found&quot;,&quot;page&quot;:&quot;Page&quot;,&quot;matches&quot;:&quot;matches&quot;,&quot;thumbnails&quot;:&quot;Thumbnails&quot;,&quot;tableOfContent&quot;:&quot;Table of Contents&quot;,&quot;share&quot;:&quot;Share&quot;,&quot;pressEscToClose&quot;:&quot;Press ESC to close&quot;,&quot;password&quot;:&quot;Password&quot;,&quot;addNote&quot;:&quot;Add note&quot;,&quot;typeInYourNote&quot;:&quot;Type in your note...&quot;},&quot;access&quot;:&quot;full&quot;,&quot;backgroundMusic&quot;:&quot;&quot;,&quot;cornerCurl&quot;:&quot;false&quot;,&quot;pdfTools&quot;:{&quot;pageHeight&quot;:1500,&quot;thumbHeight&quot;:200,&quot;quality&quot;:0.8,&quot;textLayer&quot;:&quot;true&quot;,&quot;autoConvert&quot;:&quot;true&quot;},&quot;slug&quot;:&quot;&quot;,&quot;convertPDFLinks&quot;:&quot;true&quot;,&quot;convertPDFLinksWithClass&quot;:&quot;&quot;,&quot;convertPDFLinksWithoutClass&quot;:&quot;&quot;,&quot;overridePDFEmbedder&quot;:&quot;true&quot;,&quot;overrideDflip&quot;:&quot;true&quot;,&quot;overrideWonderPDFEmbed&quot;:&quot;true&quot;,&quot;override3DFlipBook&quot;:&quot;true&quot;,&quot;overridePDFjsViewer&quot;:&quot;true&quot;,&quot;resumeReading&quot;:&quot;true&quot;,&quot;previewPages&quot;:&quot;&quot;,&quot;previewMode&quot;:&quot;[object Object]&quot;,&quot;sideMenuOverBook&quot;:&quot;true&quot;,&quot;sideMenuOverMenu&quot;:&quot;true&quot;,&quot;sideMenuOverMenu2&quot;:&quot;true&quot;,&quot;manageFlipbooks&quot;:&quot;Author&quot;,&quot;rootFolder&quot;:&quot;https:\\\/\\\/morstar.vn\\\/wp-content\\\/plugins\\\/real3d-flipbook\\\/&quot;,&quot;version&quot;:&quot;4.1&quot;,&quot;uniqueId&quot;:&quot;76_69d200b6d0a9f&quot;,&quot;notes&quot;:[],&quot;s&quot;:&quot;AAAAAAAA&quot;}\"><\/div>","protected":false},"excerpt":{"rendered":"<p>Tia laser n\u0103ng l\u01b0\u1ee3ng cao \u0111\u01b0\u1ee3c s\u1eed d\u1ee5ng \u0111\u1ec3 h\u00f2a tan ngay l\u1eadp t\u1ee9c c\u00e1c v\u1eadt th\u1ec3 l\u1ea1 v\u01b0\u1edbng v\u00e0o \u0111\u01b0\u1eddng d\u00e2y \u0111i\u1ec7n cao th\u1ebf m\u00e0 kh\u00f4ng l\u00e0m h\u1ecfng \u0111\u01b0\u1eddng d\u00e2y truy\u1ec1n t\u1ea3i. Khi ph\u00e1t hi\u1ec7n c\u00f3 v\u1eadt th\u1ec3 l\u1ea1 treo tr\u00ean d\u00e2y ti\u1ebfp \u0111\u1ecba \u1ea3nh h\u01b0\u1edfng \u0111\u1ebfn ho\u1ea1t \u0111\u1ed9ng an to\u00e0n, ng\u01b0\u1eddi v\u1eadn h\u00e0nh ng\u1eafm m\u1ee5c ti\u00eau th\u00f4ng qua m\u1ed9t \u0111i\u1ec3m ng\u1eafm tr\u00ean m\u1eb7t \u0111\u1ea5t, \u0111i\u1ec1u khi\u1ec3n thi\u1ebft b\u1ecb laser \u0111\u1ec3 ph\u00e1t ra tia laser. Qua v\u00e0i gi\u00e2y \u0111\u1ed1t ch\u00e1y v\u00e0 tan ch\u1ea3y, v\u1eadt th\u1ec3 l\u1ea1 d\u1ea1ng s\u1ee3i nh\u1ef1a s\u1ebd tan ch\u1ea3y v\u00e0 tia laser s\u1ebd t\u1eaft, do \u0111\u00f3 ho\u00e0n t\u1ea5t to\u00e0n b\u1ed9 qu\u00e1 tr\u00ecnh x\u1eed l\u00fd v\u1eadt th\u1ec3 l\u1ea1 b\u1eb1ng \u0111i\u1ec7n.<\/p>","protected":false},"featured_media":30401,"comment_status":"open","ping_status":"closed","template":"","meta":{"inline_featured_image":false},"product_brand":[],"product_cat":[278],"product_tag":[],"class_list":{"0":"post-30400","1":"product","2":"type-product","3":"status-publish","4":"has-post-thumbnail","6":"product_cat-distributed-products","8":"first","9":"instock","10":"shipping-taxable","11":"product-type-simple"},"_links":{"self":[{"href":"https:\/\/morstar.vn\/vi\/wp-json\/wp\/v2\/product\/30400","targetHints":{"allow":["GET"]}}],"collection":[{"href":"https:\/\/morstar.vn\/vi\/wp-json\/wp\/v2\/product"}],"about":[{"href":"https:\/\/morstar.vn\/vi\/wp-json\/wp\/v2\/types\/product"}],"replies":[{"embeddable":true,"href":"https:\/\/morstar.vn\/vi\/wp-json\/wp\/v2\/comments?post=30400"}],"wp:featuredmedia":[{"embeddable":true,"href":"https:\/\/morstar.vn\/vi\/wp-json\/wp\/v2\/media\/30401"}],"wp:attachment":[{"href":"https:\/\/morstar.vn\/vi\/wp-json\/wp\/v2\/media?parent=30400"}],"wp:term":[{"taxonomy":"product_brand","embeddable":true,"href":"https:\/\/morstar.vn\/vi\/wp-json\/wp\/v2\/product_brand?post=30400"},{"taxonomy":"product_cat","embeddable":true,"href":"https:\/\/morstar.vn\/vi\/wp-json\/wp\/v2\/product_cat?post=30400"},{"taxonomy":"product_tag","embeddable":true,"href":"https:\/\/morstar.vn\/vi\/wp-json\/wp\/v2\/product_tag?post=30400"}],"curies":[{"name":"wp","href":"https:\/\/api.w.org\/{rel}","templated":true}]}}