{"id":30340,"date":"2024-10-30T03:50:45","date_gmt":"2024-10-30T03:50:45","guid":{"rendered":"https:\/\/morstar.vn\/?post_type=product&#038;p=30340"},"modified":"2025-06-11T10:16:09","modified_gmt":"2025-06-11T10:16:09","slug":"chima-metal","status":"publish","type":"product","link":"https:\/\/morstar.vn\/vi\/san-pham\/chima-metal\/","title":{"rendered":"Thanh nh\u00f4m m\u1ea1 \u0111\u1ed3ng"},"content":{"rendered":"<p>T\u1ea5m nh\u00f4m b\u1ecdc \u0111\u1ed3ng \u0111\u01b0\u1ee3c s\u1ea3n xu\u1ea5t tr\u00ean c\u01a1 s\u1edf c\u00e1n \u0111\u00fac nh\u00f4m hi\u1ec7n c\u00f3 v\u00e0 l\u00e0 s\u1ea3n ph\u1ea9m \u0111\u1ea7u ti\u00ean thu\u1ed9c lo\u1ea1i n\u00e0y \u1edf c\u1ea3 trong v\u00e0 ngo\u00e0i n\u01b0\u1edbc. S\u1ea3n ph\u1ea9m \u00e1p d\u1ee5ng c\u00f4ng ngh\u1ec7 c\u00e1n \u0111\u00fac r\u1eafn-l\u1ecfng \u0111\u1ed9c \u0111\u00e1o. Trong qu\u00e1 tr\u00ecnh chuy\u1ec3n \u0111\u1ed5i nh\u00f4m l\u1ecfng t\u1eeb pha l\u1ecfng sang pha r\u1eafn, m\u1ed9t t\u1ea5m \u0111\u1ed3ng r\u1eafn \u0111\u01b0\u1ee3c \u0111\u01b0a v\u00e0o \u0111\u1ed3ng th\u1eddi v\u00e0 c\u00e1n \u1edf nhi\u1ec7t \u0111\u1ed9 v\u00e0 \u00e1p su\u1ea5t cao, cho ph\u00e9p c\u00e1c nguy\u00ean t\u1eed t\u1ea1i giao di\u1ec7n c\u1ee7a hai kim lo\u1ea1i th\u00e2m nh\u1eadp v\u00e0 k\u1ebft tinh v\u1edbi nhau, t\u1ea1o th\u00e0nh m\u1ed9t t\u1ea5m nh\u00f4m b\u1ecdc \u0111\u1ed3ng \u0111\u1ed9c \u0111\u00e1o. So v\u1edbi c\u00e1c t\u1ea5m nh\u00f4m composite \u0111\u1ed3ng-nh\u00f4m \u0111\u01b0\u1ee3c s\u1ea3n xu\u1ea5t b\u1eb1ng ph\u01b0\u01a1ng ph\u00e1p k\u00e9o \u0111\u00f9n, h\u00e0n v\u00e0 b\u1ecdc n\u1ed5 truy\u1ec1n th\u1ed1ng, s\u1ea3n ph\u1ea9m n\u00e0y mang \u0111\u1ebfn s\u1ef1 n\u00e2ng c\u1ea5p mang t\u00ednh c\u00e1ch m\u1ea1ng v\u1ec1 \u0111\u1ed9 b\u1ec1n b\u00f3c, kh\u1ea3 n\u0103ng d\u1eabn d\u00f2ng, \u0111\u1ed9 d\u1eabn \u0111i\u1ec7n, \u0111\u1ed9 b\u1ec1n k\u00e9o v\u00e0 \u0111\u1ed9 b\u1ec1n c\u1eaft. S\u1ea3n ph\u1ea9m c\u00f3 th\u1ec3 gi\u1ea3m chi ph\u00ed ti\u00eau th\u1ee5 \u0111\u1ed3ng nguy\u00ean ch\u1ea5t cho ng\u01b0\u1eddi d\u00f9ng h\u01a1n 40% v\u00e0 \u0111\u01b0\u1ee3c s\u1eed d\u1ee5ng r\u1ed9ng r\u00e3i trong k\u1ef9 thu\u1eadt \u0111i\u1ec7n, \u0111i\u1ec7n t\u1eed, quang \u0111i\u1ec7n, l\u01b0u tr\u1eef n\u0103ng l\u01b0\u1ee3ng, qu\u00e2n s\u1ef1, t\u00e0u th\u1ee7y, v\u1eadn t\u1ea3i \u0111\u01b0\u1eddng s\u1eaft, x\u00e2y d\u1ef1ng, v.v. N\u00f3 \u0111\u00f3ng vai tr\u00f2 quan tr\u1ecdng trong vi\u1ec7c c\u1ea3i thi\u1ec7n t\u00ecnh tr\u1ea1ng nh\u00f4m d\u01b0 th\u1eeba v\u00e0 \u0111\u1ed3ng khan hi\u1ebfm c\u1ee7a Trung Qu\u1ed1c, th\u00fac \u0111\u1ea9y n\u1ec1n kinh t\u1ebf \u201ccarbon k\u00e9p\u201d c\u1ee7a \u0111\u1ea5t n\u01b0\u1edbc v\u00e0 chi\u1ebfn l\u01b0\u1ee3c qu\u1ed1c gia v\u1ec1 d\u1ef1 tr\u1eef t\u00e0i nguy\u00ean khan hi\u1ebfm.<\/p>\n<p><img loading=\"lazy\" decoding=\"async\" class=\"alignnone wp-image-30467\" src=\"https:\/\/morstar.vn\/wp-content\/uploads\/2024\/10\/Screenshot-2024-11-01-110824.png\" alt=\"\" width=\"633\" height=\"583\" srcset=\"https:\/\/morstar.vn\/wp-content\/uploads\/2024\/10\/Screenshot-2024-11-01-110824.png 583w, https:\/\/morstar.vn\/wp-content\/uploads\/2024\/10\/Screenshot-2024-11-01-110824-13x12.png 13w, https:\/\/morstar.vn\/wp-content\/uploads\/2024\/10\/Screenshot-2024-11-01-110824-320x295.png 320w, https:\/\/morstar.vn\/wp-content\/uploads\/2024\/10\/Screenshot-2024-11-01-110824-430x396.png 430w\" sizes=\"auto, (max-width: 633px) 100vw, 633px\" \/><\/p>\n<p><img loading=\"lazy\" decoding=\"async\" class=\"alignnone size-medium wp-image-30342\" src=\"https:\/\/morstar.vn\/wp-content\/uploads\/2024\/10\/Screenshot-2024-10-30-104910-640x470.png\" alt=\"\" width=\"640\" height=\"470\" srcset=\"https:\/\/morstar.vn\/wp-content\/uploads\/2024\/10\/Screenshot-2024-10-30-104910-640x470.png 640w, https:\/\/morstar.vn\/wp-content\/uploads\/2024\/10\/Screenshot-2024-10-30-104910-768x564.png 768w, https:\/\/morstar.vn\/wp-content\/uploads\/2024\/10\/Screenshot-2024-10-30-104910-16x12.png 16w, https:\/\/morstar.vn\/wp-content\/uploads\/2024\/10\/Screenshot-2024-10-30-104910-320x235.png 320w, https:\/\/morstar.vn\/wp-content\/uploads\/2024\/10\/Screenshot-2024-10-30-104910-430x316.png 430w, https:\/\/morstar.vn\/wp-content\/uploads\/2024\/10\/Screenshot-2024-10-30-104910-700x514.png 700w, https:\/\/morstar.vn\/wp-content\/uploads\/2024\/10\/Screenshot-2024-10-30-104910.png 832w\" sizes=\"auto, (max-width: 640px) 100vw, 640px\" \/><\/p>\n<div class=\"real3dflipbook\" id=\"79_69cffb66bc313\" style=\"position:absolute;\" data-flipbook-options=\"{&quot;pages&quot;:[{&quot;thumb&quot;:&quot;data:image\\\/gif;base64,R0lGODlhAQABAAAAACH5BAEKAAEALAAAAAABAAEAAAICTAEAOw==&quot;},{&quot;thumb&quot;:&quot;data:image\\\/gif;base64,R0lGODlhAQABAAAAACH5BAEKAAEALAAAAAABAAEAAAICTAEAOw==&quot;},{&quot;thumb&quot;:&quot;data:image\\\/gif;base64,R0lGODlhAQABAAAAACH5BAEKAAEALAAAAAABAAEAAAICTAEAOw==&quot;},{&quot;thumb&quot;:&quot;data:image\\\/gif;base64,R0lGODlhAQABAAAAACH5BAEKAAEALAAAAAABAAEAAAICTAEAOw==&quot;},{&quot;thumb&quot;:&quot;data:image\\\/gif;base64,R0lGODlhAQABAAAAACH5BAEKAAEALAAAAAABAAEAAAICTAEAOw==&quot;},{&quot;thumb&quot;:&quot;data:image\\\/gif;base64,R0lGODlhAQABAAAAACH5BAEKAAEALAAAAAABAAEAAAICTAEAOw==&quot;},{&quot;thumb&quot;:&quot;data:image\\\/gif;base64,R0lGODlhAQABAAAAACH5BAEKAAEALAAAAAABAAEAAAICTAEAOw==&quot;},{&quot;thumb&quot;:&quot;data:image\\\/gif;base64,R0lGODlhAQABAAAAACH5BAEKAAEALAAAAAABAAEAAAICTAEAOw==&quot;},{&quot;thumb&quot;:&quot;data:image\\\/gif;base64,R0lGODlhAQABAAAAACH5BAEKAAEALAAAAAABAAEAAAICTAEAOw==&quot;}],&quot;pdfUrl&quot;:&quot;https:\\\/\\\/morstar.vn\\\/wp-content\\\/uploads\\\/2024\\\/10\\\/Product-Information.cm_.pdf&quot;,&quot;printPdfUrl&quot;:&quot;&quot;,&quot;tableOfContent&quot;:[],&quot;id&quot;:&quot;79&quot;,&quot;bookId&quot;:&quot;79&quot;,&quot;date&quot;:&quot;&quot;,&quot;lightboxThumbnailUrl&quot;:&quot;https:\\\/\\\/morstar.vn\\\/wp-content\\\/uploads\\\/real3d-flipbook\\\/flipbook_79\\\/thumb.jpg?1732007203764&quot;,&quot;mode&quot;:&quot;normal&quot;,&quot;viewMode&quot;:&quot;webgl&quot;,&quot;pageTextureSize&quot;:&quot;2048&quot;,&quot;pageTextureSizeSmall&quot;:&quot;1500&quot;,&quot;pageTextureSizeMobile&quot;:&quot;&quot;,&quot;pageTextureSizeMobileSmall&quot;:&quot;1024&quot;,&quot;minPixelRatio&quot;:&quot;1&quot;,&quot;pdfTextLayer&quot;:&quot;true&quot;,&quot;zoomMin&quot;:&quot;0.9&quot;,&quot;zoomStep&quot;:&quot;2&quot;,&quot;zoomSize&quot;:&quot;&quot;,&quot;zoomReset&quot;:&quot;true&quot;,&quot;doubleClickZoom&quot;:&quot;true&quot;,&quot;pageDrag&quot;:&quot;true&quot;,&quot;singlePageMode&quot;:&quot;false&quot;,&quot;pageFlipDuration&quot;:&quot;1&quot;,&quot;sound&quot;:&quot;true&quot;,&quot;startPage&quot;:&quot;1&quot;,&quot;pageNumberOffset&quot;:&quot;0&quot;,&quot;deeplinking&quot;:{&quot;enabled&quot;:&quot;false&quot;,&quot;prefix&quot;:&quot;&quot;},&quot;responsiveView&quot;:&quot;true&quot;,&quot;responsiveViewTreshold&quot;:&quot;768&quot;,&quot;responsiveViewRatio&quot;:&quot;1&quot;,&quot;cover&quot;:&quot;true&quot;,&quot;backCover&quot;:&quot;true&quot;,&quot;height&quot;:&quot;400&quot;,&quot;responsiveHeight&quot;:&quot;true&quot;,&quot;containerRatio&quot;:&quot;&quot;,&quot;thumbnailsOnStart&quot;:&quot;false&quot;,&quot;contentOnStart&quot;:&quot;false&quot;,&quot;searchOnStart&quot;:&quot;&quot;,&quot;tableOfContentCloseOnClick&quot;:&quot;true&quot;,&quot;thumbsCloseOnClick&quot;:&quot;true&quot;,&quot;autoplayOnStart&quot;:&quot;false&quot;,&quot;autoplayInterval&quot;:&quot;3000&quot;,&quot;autoplayLoop&quot;:&quot;true&quot;,&quot;autoplayStartPage&quot;:&quot;1&quot;,&quot;rightToLeft&quot;:&quot;false&quot;,&quot;pageWidth&quot;:&quot;&quot;,&quot;pageHeight&quot;:&quot;&quot;,&quot;thumbSize&quot;:&quot;130&quot;,&quot;logoImg&quot;:&quot;&quot;,&quot;logoUrl&quot;:&quot;https:\\\/\\\/morstar.vn&quot;,&quot;logoUrlTarget&quot;:&quot;_blank&quot;,&quot;logoCSS&quot;:&quot;position:absolute;left:0;top:0;&quot;,&quot;menuSelector&quot;:&quot;&quot;,&quot;zIndex&quot;:&quot;auto&quot;,&quot;preloaderText&quot;:&quot;&quot;,&quot;googleAnalyticsTrackingCode&quot;:&quot;&quot;,&quot;pdfBrowserViewerIfIE&quot;:&quot;false&quot;,&quot;modeMobile&quot;:&quot;&quot;,&quot;viewModeMobile&quot;:&quot;&quot;,&quot;aspectMobile&quot;:&quot;&quot;,&quot;aspectRatioMobile&quot;:&quot;0.71&quot;,&quot;singlePageModeIfMobile&quot;:&quot;false&quot;,&quot;logoHideOnMobile&quot;:&quot;false&quot;,&quot;mobile&quot;:{&quot;thumbnailsOnStart&quot;:&quot;false&quot;,&quot;contentOnStart&quot;:&quot;false&quot;},&quot;lightboxCssClass&quot;:&quot;&quot;,&quot;lightboxLink&quot;:&quot;&quot;,&quot;lightboxLinkNewWindow&quot;:&quot;true&quot;,&quot;lightboxBackground&quot;:&quot;rgb(81, 85, 88)&quot;,&quot;lightboxBackgroundPattern&quot;:&quot;&quot;,&quot;lightboxBackgroundImage&quot;:&quot;&quot;,&quot;lightboxContainerCSS&quot;:&quot;display:inline-block;padding:10px;&quot;,&quot;lightboxThumbnailHeight&quot;:&quot;300&quot;,&quot;lightboxThumbnailUrlCSS&quot;:&quot;display:block;&quot;,&quot;lightboxThumbnailInfo&quot;:&quot;true&quot;,&quot;lightboxThumbnailInfoText&quot;:&quot;Click to read more...&quot;,&quot;lightboxThumbnailInfoCSS&quot;:&quot;top: 0;  width: 100%; height: 100%; font-size: 16px; color: #000; background: rgba(255,255,255,.8);&quot;,&quot;showTitle&quot;:&quot;true&quot;,&quot;showDate&quot;:&quot;false&quot;,&quot;hideThumbnail&quot;:&quot;false&quot;,&quot;lightboxText&quot;:&quot;&quot;,&quot;lightboxTextCSS&quot;:&quot;display:block;&quot;,&quot;lightboxTextPosition&quot;:&quot;top&quot;,&quot;lightBoxOpened&quot;:&quot;false&quot;,&quot;lightBoxFullscreen&quot;:&quot;false&quot;,&quot;lightboxCloseOnClick&quot;:&quot;false&quot;,&quot;lightboxStartPage&quot;:&quot;&quot;,&quot;lightboxMarginV&quot;:&quot;0&quot;,&quot;lightboxMarginH&quot;:&quot;0&quot;,&quot;lights&quot;:&quot;true&quot;,&quot;lightPositionX&quot;:&quot;0&quot;,&quot;lightPositionY&quot;:&quot;150&quot;,&quot;lightPositionZ&quot;:&quot;1400&quot;,&quot;lightIntensity&quot;:&quot;0.6&quot;,&quot;shadows&quot;:&quot;true&quot;,&quot;shadowMapSize&quot;:&quot;2048&quot;,&quot;shadowOpacity&quot;:&quot;0.2&quot;,&quot;shadowDistance&quot;:&quot;15&quot;,&quot;pageHardness&quot;:&quot;2&quot;,&quot;coverHardness&quot;:&quot;2&quot;,&quot;pageRoughness&quot;:&quot;1&quot;,&quot;pageMetalness&quot;:&quot;0&quot;,&quot;pageSegmentsW&quot;:&quot;6&quot;,&quot;pageSegmentsH&quot;:&quot;1&quot;,&quot;pageMiddleShadowSize&quot;:&quot;2&quot;,&quot;pageMiddleShadowColorL&quot;:&quot;#999999&quot;,&quot;pageMiddleShadowColorR&quot;:&quot;#777777&quot;,&quot;antialias&quot;:&quot;false&quot;,&quot;pan&quot;:&quot;0&quot;,&quot;tilt&quot;:&quot;0&quot;,&quot;rotateCameraOnMouseDrag&quot;:&quot;true&quot;,&quot;panMax&quot;:&quot;20&quot;,&quot;panMin&quot;:&quot;-20&quot;,&quot;tiltMax&quot;:&quot;0&quot;,&quot;tiltMin&quot;:&quot;0&quot;,&quot;currentPage&quot;:{&quot;enabled&quot;:&quot;true&quot;,&quot;title&quot;:&quot;Current page&quot;,&quot;hAlign&quot;:&quot;left&quot;,&quot;vAlign&quot;:&quot;top&quot;},&quot;btnAutoplay&quot;:{&quot;enabled&quot;:&quot;true&quot;,&quot;title&quot;:&quot;Autoplay&quot;},&quot;btnNext&quot;:{&quot;enabled&quot;:&quot;true&quot;,&quot;title&quot;:&quot;Next Page&quot;},&quot;btnLast&quot;:{&quot;enabled&quot;:&quot;false&quot;,&quot;title&quot;:&quot;Last Page&quot;},&quot;btnPrev&quot;:{&quot;enabled&quot;:&quot;true&quot;,&quot;title&quot;:&quot;Previous Page&quot;},&quot;btnFirst&quot;:{&quot;enabled&quot;:&quot;false&quot;,&quot;title&quot;:&quot;First Page&quot;},&quot;btnZoomIn&quot;:{&quot;enabled&quot;:&quot;true&quot;,&quot;title&quot;:&quot;Zoom in&quot;},&quot;btnZoomOut&quot;:{&quot;enabled&quot;:&quot;true&quot;,&quot;title&quot;:&quot;Zoom out&quot;},&quot;btnToc&quot;:{&quot;enabled&quot;:&quot;true&quot;,&quot;title&quot;:&quot;Table of Contents&quot;},&quot;btnThumbs&quot;:{&quot;enabled&quot;:&quot;true&quot;,&quot;title&quot;:&quot;Pages&quot;},&quot;btnShare&quot;:{&quot;enabled&quot;:&quot;true&quot;,&quot;title&quot;:&quot;Share&quot;},&quot;btnNotes&quot;:{&quot;enabled&quot;:&quot;false&quot;,&quot;title&quot;:&quot;Notes&quot;},&quot;btnDownloadPages&quot;:{&quot;enabled&quot;:&quot;false&quot;,&quot;url&quot;:&quot;&quot;,&quot;title&quot;:&quot;Download pages&quot;},&quot;btnDownloadPdf&quot;:{&quot;enabled&quot;:&quot;true&quot;,&quot;url&quot;:&quot;&quot;,&quot;title&quot;:&quot;Download PDF&quot;,&quot;forceDownload&quot;:&quot;true&quot;,&quot;openInNewWindow&quot;:&quot;true&quot;},&quot;btnSound&quot;:{&quot;enabled&quot;:&quot;true&quot;,&quot;title&quot;:&quot;Sound&quot;},&quot;btnExpand&quot;:{&quot;enabled&quot;:&quot;true&quot;,&quot;title&quot;:&quot;Toggle fullscreen&quot;},&quot;btnSelect&quot;:{&quot;enabled&quot;:&quot;true&quot;,&quot;title&quot;:&quot;Select tool&quot;},&quot;btnSearch&quot;:{&quot;enabled&quot;:&quot;false&quot;,&quot;title&quot;:&quot;Search&quot;},&quot;search&quot;:{&quot;enabled&quot;:&quot;false&quot;,&quot;title&quot;:&quot;Search&quot;},&quot;btnBookmark&quot;:{&quot;enabled&quot;:&quot;false&quot;,&quot;title&quot;:&quot;Bookmark&quot;},&quot;btnPrint&quot;:{&quot;enabled&quot;:&quot;true&quot;,&quot;title&quot;:&quot;Print&quot;},&quot;btnTools&quot;:{&quot;enabled&quot;:&quot;true&quot;,&quot;title&quot;:&quot;Tools&quot;},&quot;btnClose&quot;:{&quot;enabled&quot;:&quot;true&quot;,&quot;title&quot;:&quot;Close&quot;},&quot;whatsapp&quot;:{&quot;enabled&quot;:&quot;true&quot;},&quot;twitter&quot;:{&quot;enabled&quot;:&quot;true&quot;},&quot;facebook&quot;:{&quot;enabled&quot;:&quot;true&quot;},&quot;pinterest&quot;:{&quot;enabled&quot;:&quot;true&quot;},&quot;email&quot;:{&quot;enabled&quot;:&quot;true&quot;},&quot;linkedin&quot;:{&quot;enabled&quot;:&quot;true&quot;},&quot;digg&quot;:{&quot;enabled&quot;:&quot;false&quot;},&quot;reddit&quot;:{&quot;enabled&quot;:&quot;false&quot;},&quot;shareUrl&quot;:&quot;&quot;,&quot;shareTitle&quot;:&quot;&quot;,&quot;shareImage&quot;:&quot;&quot;,&quot;layout&quot;:&quot;1&quot;,&quot;icons&quot;:&quot;FontAwesome&quot;,&quot;skin&quot;:&quot;light&quot;,&quot;useFontAwesome5&quot;:&quot;true&quot;,&quot;sideNavigationButtons&quot;:&quot;true&quot;,&quot;menuNavigationButtons&quot;:&quot;false&quot;,&quot;backgroundColor&quot;:&quot;rgb(81, 85, 88)&quot;,&quot;backgroundPattern&quot;:&quot;&quot;,&quot;backgroundImage&quot;:&quot;&quot;,&quot;backgroundTransparent&quot;:&quot;false&quot;,&quot;menuBackground&quot;:&quot;&quot;,&quot;menuShadow&quot;:&quot;&quot;,&quot;menuMargin&quot;:&quot;0&quot;,&quot;menuPadding&quot;:&quot;0&quot;,&quot;menuOverBook&quot;:&quot;false&quot;,&quot;menuFloating&quot;:&quot;false&quot;,&quot;menuTransparent&quot;:&quot;false&quot;,&quot;menu2Background&quot;:&quot;&quot;,&quot;menu2Shadow&quot;:&quot;&quot;,&quot;menu2Margin&quot;:&quot;0&quot;,&quot;menu2Padding&quot;:&quot;0&quot;,&quot;menu2OverBook&quot;:&quot;true&quot;,&quot;menu2Floating&quot;:&quot;false&quot;,&quot;menu2Transparent&quot;:&quot;true&quot;,&quot;skinColor&quot;:&quot;&quot;,&quot;skinBackground&quot;:&quot;&quot;,&quot;hideMenu&quot;:&quot;false&quot;,&quot;menuAlignHorizontal&quot;:&quot;center&quot;,&quot;btnColor&quot;:&quot;&quot;,&quot;btnColorHover&quot;:&quot;&quot;,&quot;btnBackground&quot;:&quot;none&quot;,&quot;btnRadius&quot;:&quot;0&quot;,&quot;btnMargin&quot;:&quot;0&quot;,&quot;btnSize&quot;:&quot;18&quot;,&quot;btnPaddingV&quot;:&quot;10&quot;,&quot;btnPaddingH&quot;:&quot;10&quot;,&quot;btnShadow&quot;:&quot;&quot;,&quot;btnTextShadow&quot;:&quot;&quot;,&quot;btnBorder&quot;:&quot;&quot;,&quot;sideBtnColor&quot;:&quot;#fff&quot;,&quot;sideBtnColorHover&quot;:&quot;#fff&quot;,&quot;sideBtnBackground&quot;:&quot;rgba(0,0,0,.3)&quot;,&quot;sideBtnBackgroundHover&quot;:&quot;&quot;,&quot;sideBtnRadius&quot;:&quot;0&quot;,&quot;sideBtnMargin&quot;:&quot;0&quot;,&quot;sideBtnSize&quot;:&quot;25&quot;,&quot;sideBtnPaddingV&quot;:&quot;10&quot;,&quot;sideBtnPaddingH&quot;:&quot;10&quot;,&quot;sideBtnShadow&quot;:&quot;&quot;,&quot;sideBtnTextShadow&quot;:&quot;&quot;,&quot;sideBtnBorder&quot;:&quot;&quot;,&quot;closeBtnColorHover&quot;:&quot;#FFF&quot;,&quot;closeBtnBackground&quot;:&quot;rgba(0,0,0,.4)&quot;,&quot;closeBtnRadius&quot;:&quot;0&quot;,&quot;closeBtnMargin&quot;:&quot;0&quot;,&quot;closeBtnSize&quot;:&quot;20&quot;,&quot;closeBtnPadding&quot;:&quot;5&quot;,&quot;closeBtnTextShadow&quot;:&quot;&quot;,&quot;closeBtnBorder&quot;:&quot;&quot;,&quot;floatingBtnColor&quot;:&quot;&quot;,&quot;floatingBtnColorHover&quot;:&quot;&quot;,&quot;floatingBtnBackground&quot;:&quot;&quot;,&quot;floatingBtnBackgroundHover&quot;:&quot;&quot;,&quot;floatingBtnRadius&quot;:&quot;&quot;,&quot;floatingBtnMargin&quot;:&quot;&quot;,&quot;floatingBtnSize&quot;:&quot;&quot;,&quot;floatingBtnPadding&quot;:&quot;&quot;,&quot;floatingBtnShadow&quot;:&quot;&quot;,&quot;floatingBtnTextShadow&quot;:&quot;&quot;,&quot;floatingBtnBorder&quot;:&quot;&quot;,&quot;currentPageMarginV&quot;:&quot;5&quot;,&quot;currentPageMarginH&quot;:&quot;5&quot;,&quot;arrowsAlwaysEnabledForNavigation&quot;:&quot;true&quot;,&quot;arrowsDisabledNotFullscreen&quot;:&quot;true&quot;,&quot;touchSwipeEnabled&quot;:&quot;true&quot;,&quot;rightClickEnabled&quot;:&quot;true&quot;,&quot;linkColor&quot;:&quot;rgba(0, 0, 0, 0)&quot;,&quot;linkColorHover&quot;:&quot;rgba(255, 255, 0, 1)&quot;,&quot;linkOpacity&quot;:&quot;0.4&quot;,&quot;linkTarget&quot;:&quot;_blank&quot;,&quot;pdfAutoLinks&quot;:&quot;false&quot;,&quot;strings&quot;:{&quot;print&quot;:&quot;Print&quot;,&quot;printLeftPage&quot;:&quot;Print left page&quot;,&quot;printRightPage&quot;:&quot;Print right page&quot;,&quot;printCurrentPage&quot;:&quot;Print current page&quot;,&quot;printAllPages&quot;:&quot;Print all pages&quot;,&quot;download&quot;:&quot;Download&quot;,&quot;downloadLeftPage&quot;:&quot;Download left page&quot;,&quot;downloadRightPage&quot;:&quot;Download right page&quot;,&quot;downloadCurrentPage&quot;:&quot;Download current page&quot;,&quot;downloadAllPages&quot;:&quot;Download all pages&quot;,&quot;bookmarks&quot;:&quot;Bookmarks&quot;,&quot;bookmarkLeftPage&quot;:&quot;Bookmark left page&quot;,&quot;bookmarkRightPage&quot;:&quot;Bookmark right page&quot;,&quot;bookmarkCurrentPage&quot;:&quot;Bookmark current page&quot;,&quot;search&quot;:&quot;Search&quot;,&quot;findInDocument&quot;:&quot;Find in document&quot;,&quot;pagesFoundContaining&quot;:&quot;pages found containing&quot;,&quot;noMatches&quot;:&quot;No matches&quot;,&quot;matchesFound&quot;:&quot;matches found&quot;,&quot;page&quot;:&quot;Page&quot;,&quot;matches&quot;:&quot;matches&quot;,&quot;thumbnails&quot;:&quot;Thumbnails&quot;,&quot;tableOfContent&quot;:&quot;Table of Contents&quot;,&quot;share&quot;:&quot;Share&quot;,&quot;pressEscToClose&quot;:&quot;Press ESC to close&quot;,&quot;password&quot;:&quot;Password&quot;,&quot;addNote&quot;:&quot;Add note&quot;,&quot;typeInYourNote&quot;:&quot;Type in your note...&quot;},&quot;access&quot;:&quot;full&quot;,&quot;backgroundMusic&quot;:&quot;&quot;,&quot;cornerCurl&quot;:&quot;false&quot;,&quot;pdfTools&quot;:{&quot;pageHeight&quot;:1500,&quot;thumbHeight&quot;:200,&quot;quality&quot;:0.8,&quot;textLayer&quot;:&quot;true&quot;,&quot;autoConvert&quot;:&quot;true&quot;},&quot;slug&quot;:&quot;&quot;,&quot;convertPDFLinks&quot;:&quot;true&quot;,&quot;convertPDFLinksWithClass&quot;:&quot;&quot;,&quot;convertPDFLinksWithoutClass&quot;:&quot;&quot;,&quot;overridePDFEmbedder&quot;:&quot;true&quot;,&quot;overrideDflip&quot;:&quot;true&quot;,&quot;overrideWonderPDFEmbed&quot;:&quot;true&quot;,&quot;override3DFlipBook&quot;:&quot;true&quot;,&quot;overridePDFjsViewer&quot;:&quot;true&quot;,&quot;resumeReading&quot;:&quot;true&quot;,&quot;previewPages&quot;:&quot;&quot;,&quot;previewMode&quot;:&quot;[object Object]&quot;,&quot;sideMenuOverBook&quot;:&quot;true&quot;,&quot;sideMenuOverMenu&quot;:&quot;true&quot;,&quot;sideMenuOverMenu2&quot;:&quot;true&quot;,&quot;manageFlipbooks&quot;:&quot;Author&quot;,&quot;name&quot;:&quot;Copper-Clad-Aluminium Bar&quot;,&quot;post_id&quot;:30877,&quot;rootFolder&quot;:&quot;https:\\\/\\\/morstar.vn\\\/wp-content\\\/plugins\\\/real3d-flipbook\\\/&quot;,&quot;version&quot;:&quot;4.1&quot;,&quot;uniqueId&quot;:&quot;79_69cffb66bc313&quot;,&quot;notes&quot;:[],&quot;s&quot;:&quot;AAAAAAAA&quot;}\"><\/div>","protected":false},"excerpt":{"rendered":"<p>Ch\u00fang t\u00f4i s\u1eed d\u1ee5ng c\u00f4ng ngh\u1ec7 t\u1ea1o h\u00ecnh composite \u0111\u00fac-l\u0103n \u0111\u1ed9c \u0111\u00e1o, \u0111\u1ed3ng th\u1eddi \u0111\u01b0a m\u1ed9t d\u1ea3i \u0111\u1ed3ng v\u00e0o nh\u00f4m l\u1ecfng trong qu\u00e1 tr\u00ecnh chuy\u1ec3n \u0111\u1ed5i t\u1eeb pha l\u1ecfng sang pha r\u1eafn. Th\u00f4ng qua qu\u00e1 tr\u00ecnh c\u00e1n \u1edf nhi\u1ec7t \u0111\u1ed9 v\u00e0 \u00e1p su\u1ea5t cao, c\u00e1c l\u1edbp nguy\u00ean t\u1eed c\u1ee7a hai kim lo\u1ea1i khu\u1ebfch t\u00e1n l\u1eabn nhau \u0111\u1ec3 t\u1ea1o th\u00e0nh li\u00ean k\u1ebft tinh th\u1ec3 t\u1ea1i giao di\u1ec7n. Sau \u0111\u00f3, v\u1eadt li\u1ec7u \u0111\u01b0\u1ee3c c\u00e1n ngu\u1ed9i v\u00e0 \u1ee7 \u0111\u1ec3 t\u1ea1o ra v\u1eadt li\u1ec7u composite \u0111\u1ed3ng-nh\u00f4m v\u1edbi quy tr\u00ecnh s\u1ea3n xu\u1ea5t \u0111\u1eb7c bi\u1ec7t.<\/p>","protected":false},"featured_media":30341,"comment_status":"open","ping_status":"closed","template":"","meta":{"inline_featured_image":false},"product_brand":[],"product_cat":[278],"product_tag":[],"class_list":{"0":"post-30340","1":"product","2":"type-product","3":"status-publish","4":"has-post-thumbnail","6":"product_cat-distributed-products","8":"first","9":"instock","10":"shipping-taxable","11":"product-type-simple"},"_links":{"self":[{"href":"https:\/\/morstar.vn\/vi\/wp-json\/wp\/v2\/product\/30340","targetHints":{"allow":["GET"]}}],"collection":[{"href":"https:\/\/morstar.vn\/vi\/wp-json\/wp\/v2\/product"}],"about":[{"href":"https:\/\/morstar.vn\/vi\/wp-json\/wp\/v2\/types\/product"}],"replies":[{"embeddable":true,"href":"https:\/\/morstar.vn\/vi\/wp-json\/wp\/v2\/comments?post=30340"}],"wp:featuredmedia":[{"embeddable":true,"href":"https:\/\/morstar.vn\/vi\/wp-json\/wp\/v2\/media\/30341"}],"wp:attachment":[{"href":"https:\/\/morstar.vn\/vi\/wp-json\/wp\/v2\/media?parent=30340"}],"wp:term":[{"taxonomy":"product_brand","embeddable":true,"href":"https:\/\/morstar.vn\/vi\/wp-json\/wp\/v2\/product_brand?post=30340"},{"taxonomy":"product_cat","embeddable":true,"href":"https:\/\/morstar.vn\/vi\/wp-json\/wp\/v2\/product_cat?post=30340"},{"taxonomy":"product_tag","embeddable":true,"href":"https:\/\/morstar.vn\/vi\/wp-json\/wp\/v2\/product_tag?post=30340"}],"curies":[{"name":"wp","href":"https:\/\/api.w.org\/{rel}","templated":true}]}}