{"id":29855,"date":"2024-09-11T15:35:13","date_gmt":"2024-09-11T15:35:13","guid":{"rendered":"https:\/\/morstar.vn\/?post_type=product&#038;p=29855"},"modified":"2025-06-11T10:17:04","modified_gmt":"2025-06-11T10:17:04","slug":"danh-gia-duong-day-tren-khong","status":"publish","type":"product","link":"https:\/\/morstar.vn\/vi\/san-pham\/danh-gia-duong-day-tren-khong\/","title":{"rendered":"\u0110\u00e1nh gi\u00e1 \u0111\u01b0\u1eddng d\u00e2y tr\u00ean kh\u00f4ng"},"content":{"rendered":"<p><img loading=\"lazy\" decoding=\"async\" class=\"alignnone wp-image-30485\" src=\"https:\/\/morstar.vn\/wp-content\/uploads\/2024\/09\/12-640x480.jpg\" alt=\"\" width=\"332\" height=\"249\" srcset=\"https:\/\/morstar.vn\/wp-content\/uploads\/2024\/09\/12-640x480.jpg 640w, https:\/\/morstar.vn\/wp-content\/uploads\/2024\/09\/12-1280x960.jpg 1280w, https:\/\/morstar.vn\/wp-content\/uploads\/2024\/09\/12-768x576.jpg 768w, https:\/\/morstar.vn\/wp-content\/uploads\/2024\/09\/12-16x12.jpg 16w, https:\/\/morstar.vn\/wp-content\/uploads\/2024\/09\/12-320x240.jpg 320w, https:\/\/morstar.vn\/wp-content\/uploads\/2024\/09\/12-430x323.jpg 430w, https:\/\/morstar.vn\/wp-content\/uploads\/2024\/09\/12-700x525.jpg 700w, https:\/\/morstar.vn\/wp-content\/uploads\/2024\/09\/12.jpg 1440w\" sizes=\"auto, (max-width: 332px) 100vw, 332px\" \/> <img loading=\"lazy\" decoding=\"async\" class=\"alignnone wp-image-30486\" src=\"https:\/\/morstar.vn\/wp-content\/uploads\/2024\/09\/11-640x480.jpg\" alt=\"\" width=\"331\" height=\"248\" srcset=\"https:\/\/morstar.vn\/wp-content\/uploads\/2024\/09\/11-640x480.jpg 640w, https:\/\/morstar.vn\/wp-content\/uploads\/2024\/09\/11-1280x960.jpg 1280w, https:\/\/morstar.vn\/wp-content\/uploads\/2024\/09\/11-768x576.jpg 768w, https:\/\/morstar.vn\/wp-content\/uploads\/2024\/09\/11-16x12.jpg 16w, https:\/\/morstar.vn\/wp-content\/uploads\/2024\/09\/11-320x240.jpg 320w, https:\/\/morstar.vn\/wp-content\/uploads\/2024\/09\/11-430x323.jpg 430w, https:\/\/morstar.vn\/wp-content\/uploads\/2024\/09\/11-700x525.jpg 700w, https:\/\/morstar.vn\/wp-content\/uploads\/2024\/09\/11.jpg 1440w\" sizes=\"auto, (max-width: 331px) 100vw, 331px\" \/> <img loading=\"lazy\" decoding=\"async\" class=\"alignnone wp-image-30487\" src=\"https:\/\/morstar.vn\/wp-content\/uploads\/2024\/09\/10-1-640x480.jpg\" alt=\"\" width=\"330\" height=\"247\" srcset=\"https:\/\/morstar.vn\/wp-content\/uploads\/2024\/09\/10-1-640x480.jpg 640w, https:\/\/morstar.vn\/wp-content\/uploads\/2024\/09\/10-1-1280x960.jpg 1280w, https:\/\/morstar.vn\/wp-content\/uploads\/2024\/09\/10-1-768x576.jpg 768w, https:\/\/morstar.vn\/wp-content\/uploads\/2024\/09\/10-1-16x12.jpg 16w, https:\/\/morstar.vn\/wp-content\/uploads\/2024\/09\/10-1-320x240.jpg 320w, https:\/\/morstar.vn\/wp-content\/uploads\/2024\/09\/10-1-430x323.jpg 430w, https:\/\/morstar.vn\/wp-content\/uploads\/2024\/09\/10-1-700x525.jpg 700w, https:\/\/morstar.vn\/wp-content\/uploads\/2024\/09\/10-1.jpg 1440w\" sizes=\"auto, (max-width: 330px) 100vw, 330px\" \/> <img loading=\"lazy\" decoding=\"async\" class=\"alignnone wp-image-30488\" src=\"https:\/\/morstar.vn\/wp-content\/uploads\/2024\/09\/13-640x480.jpg\" alt=\"\" width=\"364\" height=\"273\" srcset=\"https:\/\/morstar.vn\/wp-content\/uploads\/2024\/09\/13-640x480.jpg 640w, https:\/\/morstar.vn\/wp-content\/uploads\/2024\/09\/13-1280x960.jpg 1280w, https:\/\/morstar.vn\/wp-content\/uploads\/2024\/09\/13-768x576.jpg 768w, https:\/\/morstar.vn\/wp-content\/uploads\/2024\/09\/13-16x12.jpg 16w, https:\/\/morstar.vn\/wp-content\/uploads\/2024\/09\/13-320x240.jpg 320w, https:\/\/morstar.vn\/wp-content\/uploads\/2024\/09\/13-430x323.jpg 430w, https:\/\/morstar.vn\/wp-content\/uploads\/2024\/09\/13-700x525.jpg 700w, https:\/\/morstar.vn\/wp-content\/uploads\/2024\/09\/13.jpg 1440w\" sizes=\"auto, (max-width: 364px) 100vw, 364px\" \/> <img loading=\"lazy\" decoding=\"async\" class=\"alignnone wp-image-30489\" src=\"https:\/\/morstar.vn\/wp-content\/uploads\/2024\/09\/14-640x854.jpg\" alt=\"\" width=\"306\" height=\"408\" srcset=\"https:\/\/morstar.vn\/wp-content\/uploads\/2024\/09\/14-640x854.jpg 640w, https:\/\/morstar.vn\/wp-content\/uploads\/2024\/09\/14-768x1024.jpg 768w, https:\/\/morstar.vn\/wp-content\/uploads\/2024\/09\/14-1152x1536.jpg 1152w, https:\/\/morstar.vn\/wp-content\/uploads\/2024\/09\/14-9x12.jpg 9w, https:\/\/morstar.vn\/wp-content\/uploads\/2024\/09\/14-320x427.jpg 320w, https:\/\/morstar.vn\/wp-content\/uploads\/2024\/09\/14-430x573.jpg 430w, https:\/\/morstar.vn\/wp-content\/uploads\/2024\/09\/14-700x934.jpg 700w, https:\/\/morstar.vn\/wp-content\/uploads\/2024\/09\/14.jpg 1280w\" sizes=\"auto, (max-width: 306px) 100vw, 306px\" \/> <img loading=\"lazy\" decoding=\"async\" class=\"alignnone wp-image-30490\" src=\"https:\/\/morstar.vn\/wp-content\/uploads\/2024\/09\/15-640x854.jpg\" alt=\"\" width=\"308\" height=\"411\" srcset=\"https:\/\/morstar.vn\/wp-content\/uploads\/2024\/09\/15-640x854.jpg 640w, https:\/\/morstar.vn\/wp-content\/uploads\/2024\/09\/15-768x1024.jpg 768w, https:\/\/morstar.vn\/wp-content\/uploads\/2024\/09\/15-1152x1536.jpg 1152w, https:\/\/morstar.vn\/wp-content\/uploads\/2024\/09\/15-9x12.jpg 9w, https:\/\/morstar.vn\/wp-content\/uploads\/2024\/09\/15-320x427.jpg 320w, https:\/\/morstar.vn\/wp-content\/uploads\/2024\/09\/15-430x573.jpg 430w, https:\/\/morstar.vn\/wp-content\/uploads\/2024\/09\/15-700x934.jpg 700w, https:\/\/morstar.vn\/wp-content\/uploads\/2024\/09\/15.jpg 1280w\" sizes=\"auto, (max-width: 308px) 100vw, 308px\" \/> <img loading=\"lazy\" decoding=\"async\" class=\"alignnone wp-image-30491\" src=\"https:\/\/morstar.vn\/wp-content\/uploads\/2024\/09\/IMG_2209.JPG-640x853.jpg\" alt=\"\" width=\"288\" height=\"384\" srcset=\"https:\/\/morstar.vn\/wp-content\/uploads\/2024\/09\/IMG_2209.JPG-640x853.jpg 640w, https:\/\/morstar.vn\/wp-content\/uploads\/2024\/09\/IMG_2209.JPG-1280x1707.jpg 1280w, https:\/\/morstar.vn\/wp-content\/uploads\/2024\/09\/IMG_2209.JPG-768x1024.jpg 768w, https:\/\/morstar.vn\/wp-content\/uploads\/2024\/09\/IMG_2209.JPG-1152x1536.jpg 1152w, https:\/\/morstar.vn\/wp-content\/uploads\/2024\/09\/IMG_2209.JPG-1536x2048.jpg 1536w, https:\/\/morstar.vn\/wp-content\/uploads\/2024\/09\/IMG_2209.JPG-9x12.jpg 9w, https:\/\/morstar.vn\/wp-content\/uploads\/2024\/09\/IMG_2209.JPG-320x427.jpg 320w, https:\/\/morstar.vn\/wp-content\/uploads\/2024\/09\/IMG_2209.JPG-430x573.jpg 430w, https:\/\/morstar.vn\/wp-content\/uploads\/2024\/09\/IMG_2209.JPG-700x933.jpg 700w\" sizes=\"auto, (max-width: 288px) 100vw, 288px\" \/> <img loading=\"lazy\" decoding=\"async\" class=\"alignnone wp-image-30492\" src=\"https:\/\/morstar.vn\/wp-content\/uploads\/2024\/09\/IMG_2208.JPG-640x853.jpg\" alt=\"\" width=\"294\" height=\"392\" srcset=\"https:\/\/morstar.vn\/wp-content\/uploads\/2024\/09\/IMG_2208.JPG-640x853.jpg 640w, https:\/\/morstar.vn\/wp-content\/uploads\/2024\/09\/IMG_2208.JPG-1280x1707.jpg 1280w, https:\/\/morstar.vn\/wp-content\/uploads\/2024\/09\/IMG_2208.JPG-768x1024.jpg 768w, https:\/\/morstar.vn\/wp-content\/uploads\/2024\/09\/IMG_2208.JPG-1152x1536.jpg 1152w, https:\/\/morstar.vn\/wp-content\/uploads\/2024\/09\/IMG_2208.JPG-1536x2048.jpg 1536w, https:\/\/morstar.vn\/wp-content\/uploads\/2024\/09\/IMG_2208.JPG-9x12.jpg 9w, https:\/\/morstar.vn\/wp-content\/uploads\/2024\/09\/IMG_2208.JPG-320x427.jpg 320w, https:\/\/morstar.vn\/wp-content\/uploads\/2024\/09\/IMG_2208.JPG-430x573.jpg 430w, https:\/\/morstar.vn\/wp-content\/uploads\/2024\/09\/IMG_2208.JPG-700x933.jpg 700w\" sizes=\"auto, (max-width: 294px) 100vw, 294px\" \/><img loading=\"lazy\" decoding=\"async\" class=\"alignnone wp-image-30494\" src=\"https:\/\/morstar.vn\/wp-content\/uploads\/2024\/09\/16-640x480.jpg\" alt=\"\" width=\"405\" height=\"304\" srcset=\"https:\/\/morstar.vn\/wp-content\/uploads\/2024\/09\/16-640x480.jpg 640w, https:\/\/morstar.vn\/wp-content\/uploads\/2024\/09\/16-1280x960.jpg 1280w, https:\/\/morstar.vn\/wp-content\/uploads\/2024\/09\/16-768x576.jpg 768w, https:\/\/morstar.vn\/wp-content\/uploads\/2024\/09\/16-1536x1152.jpg 1536w, https:\/\/morstar.vn\/wp-content\/uploads\/2024\/09\/16-16x12.jpg 16w, https:\/\/morstar.vn\/wp-content\/uploads\/2024\/09\/16-320x240.jpg 320w, https:\/\/morstar.vn\/wp-content\/uploads\/2024\/09\/16-430x322.jpg 430w, https:\/\/morstar.vn\/wp-content\/uploads\/2024\/09\/16-700x525.jpg 700w, https:\/\/morstar.vn\/wp-content\/uploads\/2024\/09\/16.jpg 1702w\" sizes=\"auto, (max-width: 405px) 100vw, 405px\" \/><\/p>","protected":false},"excerpt":{"rendered":"","protected":false},"featured_media":30475,"comment_status":"open","ping_status":"closed","template":"","meta":{"inline_featured_image":false},"product_brand":[],"product_cat":[274],"product_tag":[],"class_list":{"0":"post-29855","1":"product","2":"type-product","3":"status-publish","4":"has-post-thumbnail","6":"product_cat-services","8":"first","9":"instock","10":"shipping-taxable","11":"product-type-simple"},"_links":{"self":[{"href":"https:\/\/morstar.vn\/vi\/wp-json\/wp\/v2\/product\/29855","targetHints":{"allow":["GET"]}}],"collection":[{"href":"https:\/\/morstar.vn\/vi\/wp-json\/wp\/v2\/product"}],"about":[{"href":"https:\/\/morstar.vn\/vi\/wp-json\/wp\/v2\/types\/product"}],"replies":[{"embeddable":true,"href":"https:\/\/morstar.vn\/vi\/wp-json\/wp\/v2\/comments?post=29855"}],"wp:featuredmedia":[{"embeddable":true,"href":"https:\/\/morstar.vn\/vi\/wp-json\/wp\/v2\/media\/30475"}],"wp:attachment":[{"href":"https:\/\/morstar.vn\/vi\/wp-json\/wp\/v2\/media?parent=29855"}],"wp:term":[{"taxonomy":"product_brand","embeddable":true,"href":"https:\/\/morstar.vn\/vi\/wp-json\/wp\/v2\/product_brand?post=29855"},{"taxonomy":"product_cat","embeddable":true,"href":"https:\/\/morstar.vn\/vi\/wp-json\/wp\/v2\/product_cat?post=29855"},{"taxonomy":"product_tag","embeddable":true,"href":"https:\/\/morstar.vn\/vi\/wp-json\/wp\/v2\/product_tag?post=29855"}],"curies":[{"name":"wp","href":"https:\/\/api.w.org\/{rel}","templated":true}]}}