{"id":29025,"date":"2024-08-23T16:28:39","date_gmt":"2024-08-23T16:28:39","guid":{"rendered":"https:\/\/morstar.vn\/?post_type=product&#038;p=29025"},"modified":"2025-06-11T10:15:41","modified_gmt":"2025-06-11T10:15:41","slug":"ca-vat-nhua-moi","status":"publish","type":"product","link":"https:\/\/morstar.vn\/vi\/san-pham\/ca-vat-nhua-moi\/","title":{"rendered":"Gi\u00e1p b\u1ea3o v\u1ec7 chim"},"content":{"rendered":"<p><strong>\u0110\u1eb7c tr\u01b0ng:<\/strong><br \/>\n\u2013 Nh\u1eb9, ti\u1ebft ki\u1ec7m v\u00e0 d\u1ec5 d\u00e0ng s\u1eed d\u1ee5ng b\u1eb1ng tay ho\u1eb7c que n\u00f3ng<br \/>\n\u2013 L\u1ef1c k\u1eb9p t\u00edch c\u1ef1c ng\u0103n kh\u00f4ng cho s\u1ea3n ph\u1ea9m di chuy\u1ec3n d\u1ecdc theo nh\u1ecbp<br \/>\n\u2013 Tu\u1ed5i th\u1ecd s\u1eed d\u1ee5ng l\u00e2u d\u00e0i m\u00e0 kh\u00f4ng l\u00e0m suy gi\u1ea3m t\u00ednh ch\u1ea5t v\u1eadt li\u1ec7u<br \/>\n\u2013 S\u1ee9c c\u1ea3n gi\u00f3 t\u1ed1i thi\u1ec3u<br \/>\n\u2013 \u0110\u01b0\u1ee3c s\u1ea3n xu\u1ea5t t\u1eeb \u200b\u200bnh\u1ef1a PVC ch\u1ecbu l\u1ef1c m\u00e0u x\u00e1m ho\u1eb7c v\u00e0ng c\u00f3 kh\u1ea3 n\u0103ng ch\u1ed1ng tia UV ho\u1eb7c h\u1ee3p kim nh\u00f4m cho c\u00e1c y\u00eau c\u1ea7u v\u1ec1 nhi\u1ec7t \u0111\u1ed9 cao<br \/>\n\u2013 \u0110\u1ed1i v\u1edbi \u0111i\u1ec7n \u00e1p l\u00ean \u0111\u1ebfn 230 kV. Li\u00ean h\u1ec7 PLP cho c\u00e1c \u1ee9ng d\u1ee5ng 345 kV.<br \/>\n\u2013 \u0110\u00e1p \u1ee9ng c\u00e1c y\u00eau c\u1ea7u v\u1ec1 kh\u1ea3 n\u0103ng ch\u1ed1ng ch\u00e1y UL 94 V-0<br \/>\n\u2013 Phi\u00ean b\u1ea3n l\u1eafp \u0111\u1eb7t b\u1eb1ng r\u00f4-b\u1ed1t c\u00f3 s\u1eb5n cho BFD b\u1eb1ng nh\u1ef1a<\/p>\n<p><img loading=\"lazy\" decoding=\"async\" class=\"alignnone wp-image-30932\" src=\"https:\/\/morstar.vn\/wp-content\/uploads\/2024\/08\/BL-640x853.jpg\" alt=\"\" width=\"587\" height=\"782\" srcset=\"https:\/\/morstar.vn\/wp-content\/uploads\/2024\/08\/BL-640x853.jpg 640w, https:\/\/morstar.vn\/wp-content\/uploads\/2024\/08\/BL-1280x1707.jpg 1280w, https:\/\/morstar.vn\/wp-content\/uploads\/2024\/08\/BL-768x1024.jpg 768w, https:\/\/morstar.vn\/wp-content\/uploads\/2024\/08\/BL-1152x1536.jpg 1152w, https:\/\/morstar.vn\/wp-content\/uploads\/2024\/08\/BL-1536x2048.jpg 1536w, https:\/\/morstar.vn\/wp-content\/uploads\/2024\/08\/BL-9x12.jpg 9w, https:\/\/morstar.vn\/wp-content\/uploads\/2024\/08\/BL-320x427.jpg 320w, https:\/\/morstar.vn\/wp-content\/uploads\/2024\/08\/BL-430x573.jpg 430w, https:\/\/morstar.vn\/wp-content\/uploads\/2024\/08\/BL-700x933.jpg 700w, https:\/\/morstar.vn\/wp-content\/uploads\/2024\/08\/BL.jpg 1920w\" sizes=\"auto, (max-width: 587px) 100vw, 587px\" \/> <img loading=\"lazy\" decoding=\"async\" class=\"alignnone wp-image-30933\" src=\"https:\/\/morstar.vn\/wp-content\/uploads\/2024\/08\/BL2-640x853.jpg\" alt=\"\" width=\"589\" height=\"785\" srcset=\"https:\/\/morstar.vn\/wp-content\/uploads\/2024\/08\/BL2-640x853.jpg 640w, https:\/\/morstar.vn\/wp-content\/uploads\/2024\/08\/BL2-1280x1707.jpg 1280w, https:\/\/morstar.vn\/wp-content\/uploads\/2024\/08\/BL2-768x1024.jpg 768w, https:\/\/morstar.vn\/wp-content\/uploads\/2024\/08\/BL2-1152x1536.jpg 1152w, https:\/\/morstar.vn\/wp-content\/uploads\/2024\/08\/BL2-1536x2048.jpg 1536w, https:\/\/morstar.vn\/wp-content\/uploads\/2024\/08\/BL2-9x12.jpg 9w, https:\/\/morstar.vn\/wp-content\/uploads\/2024\/08\/BL2-320x427.jpg 320w, https:\/\/morstar.vn\/wp-content\/uploads\/2024\/08\/BL2-430x573.jpg 430w, https:\/\/morstar.vn\/wp-content\/uploads\/2024\/08\/BL2-700x933.jpg 700w, https:\/\/morstar.vn\/wp-content\/uploads\/2024\/08\/BL2.jpg 1920w\" sizes=\"auto, (max-width: 589px) 100vw, 589px\" \/><\/p>\n<p>&nbsp;<\/p>\n<table style=\"height: 1406px;\" width=\"1207\">\n<tbody>\n<tr>\n<td rowspan=\"2\" width=\"170\">S\u1ed1 danh m\u1ee5c<\/td>\n<td rowspan=\"2\" width=\"113\">M\u00e0u s\u1eafc<\/td>\n<td colspan=\"2\" width=\"284\">Ph\u1ea1m vi d\u00e2y d\u1eabn (mm)<\/td>\n<td rowspan=\"2\" width=\"142\">M\u00e3 m\u00e0u<\/td>\n<\/tr>\n<tr>\n<td width=\"142\">T\u1ed1i thi\u1ec3u<\/td>\n<td width=\"142\">T\u1ed1i \u0111a<\/td>\n<\/tr>\n<tr>\n<td width=\"170\">BFD-MS-3331<\/td>\n<td width=\"113\">M\u00e0u v\u00e0ng<\/td>\n<td rowspan=\"2\" width=\"142\">175 (4.4)<\/td>\n<td rowspan=\"2\" width=\"142\">249 (6.3)<\/td>\n<td rowspan=\"2\" width=\"142\">\u0110en<\/td>\n<\/tr>\n<tr>\n<td width=\"170\">BFD-MS-3346<\/td>\n<td width=\"113\">M\u00e0u x\u00e1m<\/td>\n<\/tr>\n<tr>\n<td width=\"170\">BFD-MS-3155<\/td>\n<td width=\"113\">M\u00e0u v\u00e0ng<\/td>\n<td rowspan=\"2\" width=\"142\">250 (6.4)<\/td>\n<td rowspan=\"2\" width=\"142\">349 (8.9)<\/td>\n<td rowspan=\"2\" width=\"142\">M\u00e0u xanh da tr\u1eddi<\/td>\n<\/tr>\n<tr>\n<td width=\"170\">BFD-MS-2921<\/td>\n<td width=\"113\">M\u00e0u x\u00e1m<\/td>\n<\/tr>\n<tr>\n<td width=\"170\">BFD-MS-3164<\/td>\n<td width=\"113\">M\u00e0u v\u00e0ng<\/td>\n<td rowspan=\"2\" width=\"142\">350 (8.9)<\/td>\n<td rowspan=\"2\" width=\"142\">449 (11.4)<\/td>\n<td rowspan=\"2\" width=\"142\">M\u00e0u n\u00e2u<\/td>\n<\/tr>\n<tr>\n<td width=\"170\">BFD-MS-3355<\/td>\n<td width=\"113\">M\u00e0u x\u00e1m<\/td>\n<\/tr>\n<tr>\n<td width=\"170\">BFD-MS-11135<\/td>\n<td width=\"113\">M\u00e0u v\u00e0ng<\/td>\n<td rowspan=\"2\" width=\"142\">350 (8.9)<\/td>\n<td rowspan=\"2\" width=\"142\">449 (11.4)<\/td>\n<td rowspan=\"2\" width=\"142\">M\u00e0u n\u00e2u<\/td>\n<\/tr>\n<tr>\n<td width=\"170\">BFD-MS-11060<\/td>\n<td width=\"113\">M\u00e0u x\u00e1m<\/td>\n<\/tr>\n<tr>\n<td width=\"170\">BFD-MS-3341<\/td>\n<td width=\"113\">M\u00e0u v\u00e0ng<\/td>\n<td rowspan=\"2\" width=\"142\">450 (11.4)<\/td>\n<td rowspan=\"2\" width=\"142\">599 (15.2)<\/td>\n<td rowspan=\"2\" width=\"142\">M\u00e0u xanh l\u00e1<\/td>\n<\/tr>\n<tr>\n<td width=\"170\">BFD-MS-3366<\/td>\n<td width=\"113\">M\u00e0u x\u00e1m<\/td>\n<\/tr>\n<tr>\n<td width=\"170\">BFD-MS-3344<\/td>\n<td width=\"113\">M\u00e0u v\u00e0ng<\/td>\n<td rowspan=\"2\" width=\"142\">600 (15.2)<\/td>\n<td rowspan=\"2\" width=\"142\">770 (19.6)<\/td>\n<td rowspan=\"2\" width=\"142\">M\u00e0u t\u00edm<\/td>\n<\/tr>\n<tr>\n<td width=\"170\">BFD-MS-3371<\/td>\n<td width=\"113\">M\u00e0u x\u00e1m<\/td>\n<\/tr>\n<tr>\n<td width=\"170\">BFD-MS-3345<\/td>\n<td width=\"113\">M\u00e0u v\u00e0ng<\/td>\n<td rowspan=\"2\" width=\"142\">771 (19.6)<\/td>\n<td rowspan=\"2\" width=\"142\">858 (21.8)<\/td>\n<td rowspan=\"2\" width=\"142\">M\u00e0u \u0111\u1ecf<\/td>\n<\/tr>\n<tr>\n<td width=\"170\">BFD-MS-3376<\/td>\n<td width=\"113\">M\u00e0u x\u00e1m<\/td>\n<\/tr>\n<tr>\n<td width=\"170\">BFD-MS-3405<\/td>\n<td width=\"113\">M\u00e0u v\u00e0ng<\/td>\n<td rowspan=\"2\" width=\"142\">859 (21.8)<\/td>\n<td rowspan=\"2\" width=\"142\">942 (23.9)<\/td>\n<td rowspan=\"2\" width=\"142\">M\u00e0u cam<\/td>\n<\/tr>\n<tr>\n<td width=\"170\">BFD-MS-11699<\/td>\n<td width=\"113\">M\u00e0u x\u00e1m<\/td>\n<\/tr>\n<tr>\n<td width=\"170\">BFD-MS-11111<\/td>\n<td width=\"113\">M\u00e0u v\u00e0ng<\/td>\n<td rowspan=\"2\" width=\"142\">971 (24.7)<\/td>\n<td rowspan=\"2\" width=\"142\">1.121 (28.5)<\/td>\n<td rowspan=\"2\" width=\"142\">H\u1ed3ng<\/td>\n<\/tr>\n<tr>\n<td width=\"170\">BFD-MS-12290<\/td>\n<td width=\"113\">M\u00e0u x\u00e1m<\/td>\n<\/tr>\n<\/tbody>\n<\/table>\n<p>&nbsp;<\/p>","protected":false},"excerpt":{"rendered":"<p>Gi\u00e1p b\u1ea3o v\u1ec7 chim (BFD) \u0111\u01b0\u1ee3c thi\u1ebft k\u1ebf \u0111\u1ec3 l\u00e0m cho c\u00e1c \u0111\u01b0\u1eddng d\u00e2y tr\u00ean kh\u00f4ng v\u00e0 c\u00e1c c\u1ea5u tr\u00fac c\u00f3 d\u00e2y neo c\u00f3 th\u1ec3 nh\u00ecn th\u1ea5y \u0111\u01b0\u1ee3c \u0111\u1ed1i v\u1edbi c\u00e1c lo\u00e0i chim v\u00e0 cung c\u1ea5p m\u1ed9t ph\u01b0\u01a1ng ti\u1ec7n kinh t\u1ebf \u0111\u1ec3 gi\u1ea3m nguy c\u01a1 cho c\u1ea3 \u0111\u01b0\u1eddng d\u00e2y v\u00e0 c\u00e1c lo\u00e0i chim. \u0110\u1ed1i v\u1edbi k\u1ebft c\u1ea5u \u0111i\u1ec7n \u00e1p th\u1ea5p v\u00e0 trung b\u00ecnh, BFD \u0111\u1ed1i v\u1edbi c\u00e1c d\u00e2y d\u1eabn pha (tr\u1ea7n ho\u1eb7c c\u00f3 v\u1ecf b\u1ecdc). \u0110\u1ed1i v\u1edbi \u0111i\u1ec7n \u00e1p cao, n\u00f3 th\u01b0\u1eddng \u0111\u01b0\u1ee3c s\u1eed d\u1ee5ng tr\u00ean d\u00e2y b\u1ea3o v\u1ec7 v\u00e0\/ho\u1eb7c c\u00e1p OPGW.<\/p>","protected":false},"featured_media":29026,"comment_status":"open","ping_status":"closed","template":"","meta":{"inline_featured_image":false},"product_brand":[],"product_cat":[86,277,251],"product_tag":[],"class_list":{"0":"post-29025","1":"product","2":"type-product","3":"status-publish","4":"has-post-thumbnail","6":"product_cat-industrial-electric","7":"product_cat-manufacturing-products","8":"product_cat-plastic-tie","10":"first","11":"instock","12":"shipping-taxable","13":"product-type-simple"},"_links":{"self":[{"href":"https:\/\/morstar.vn\/vi\/wp-json\/wp\/v2\/product\/29025","targetHints":{"allow":["GET"]}}],"collection":[{"href":"https:\/\/morstar.vn\/vi\/wp-json\/wp\/v2\/product"}],"about":[{"href":"https:\/\/morstar.vn\/vi\/wp-json\/wp\/v2\/types\/product"}],"replies":[{"embeddable":true,"href":"https:\/\/morstar.vn\/vi\/wp-json\/wp\/v2\/comments?post=29025"}],"wp:featuredmedia":[{"embeddable":true,"href":"https:\/\/morstar.vn\/vi\/wp-json\/wp\/v2\/media\/29026"}],"wp:attachment":[{"href":"https:\/\/morstar.vn\/vi\/wp-json\/wp\/v2\/media?parent=29025"}],"wp:term":[{"taxonomy":"product_brand","embeddable":true,"href":"https:\/\/morstar.vn\/vi\/wp-json\/wp\/v2\/product_brand?post=29025"},{"taxonomy":"product_cat","embeddable":true,"href":"https:\/\/morstar.vn\/vi\/wp-json\/wp\/v2\/product_cat?post=29025"},{"taxonomy":"product_tag","embeddable":true,"href":"https:\/\/morstar.vn\/vi\/wp-json\/wp\/v2\/product_tag?post=29025"}],"curies":[{"name":"wp","href":"https:\/\/api.w.org\/{rel}","templated":true}]}}