{"id":28417,"date":"2024-08-16T11:18:17","date_gmt":"2024-08-16T11:18:17","guid":{"rendered":"https:\/\/morstar.vn\/product\/hdpe-pin-insulator\/"},"modified":"2024-11-21T06:44:42","modified_gmt":"2024-11-21T06:44:42","slug":"cach-dien-chan-hdpe","status":"publish","type":"product","link":"https:\/\/morstar.vn\/vi\/san-pham\/cach-dien-chan-hdpe\/","title":{"rendered":"C\u00e1ch \u0111i\u1ec7n \u0111\u1ee9ng HDPE"},"content":{"rendered":"<p><strong><b>L\u1ee3i \u00edch<\/b><\/strong><\/p>\n<ul>\n<li>Ch\u1ea5t c\u00e1ch \u0111i\u1ec7n polymer ph\u00f9 h\u1ee3p v\u1edbi t\u00ednh ch\u1ea5t \u0111i\u1ec7n m\u00f4i c\u1ee7a l\u1edbp v\u1ecf b\u1ecdc d\u00e2y d\u1eabn.<\/li>\n<li>B\u1ec1 m\u1eb7t polyethylene k\u1ebft h\u1ee3p v\u1edbi thi\u1ebft k\u1ebf nhi\u1ec1u l\u1edbp v\u00e1y c\u00f3 \u0111\u01b0\u1eddng k\u00ednh v\u00e1y gi\u1ea3m d\u1ea7n v\u00e0 kho\u1ea3ng c\u00e1ch r\u00f2 r\u1ec9 d\u00e0i mang l\u1ea1i kh\u1ea3 n\u0103ng lo\u1ea1i b\u1ecf \u0111\u1ed9 \u1ea9m v\u00e0 ch\u1ea5t b\u1ea9n v\u01b0\u1ee3t tr\u1ed9i.<\/li>\n<li>\u0110\u01b0\u1ee3c \u1ed5n \u0111\u1ecbnh b\u1eb1ng tia UV \u0111\u1ec3 s\u1eed d\u1ee5ng l\u00e2u d\u00e0i.<\/li>\n<li>Kh\u1ea3 n\u0103ng ch\u1ed1ng va \u0111\u1eadp cao \u2013 \u0111\u01b0\u1ee3c thi\u1ebft k\u1ebf \u0111\u1ec3 gi\u1ea3m thi\u1ec3u kh\u1ea3 n\u0103ng v\u1ee1 v\u00e0 h\u01b0 h\u1ecfng do ph\u00e1 ho\u1ea1i\/b\u1eafn s\u00fang.<\/li>\n<li>Thi\u1ebft k\u1ebf nh\u1eb9 gi\u00fap gi\u1ea3m chi ph\u00ed v\u1eadn chuy\u1ec3n v\u00e0 y\u00eau c\u1ea7u x\u1eed l\u00fd c\u1ee7a th\u1ee3 l\u1eafp \u0111\u1eb7t \u0111\u01b0\u1eddng d\u00e2y.<\/li>\n<li>Thi\u1ebft k\u1ebf \u0111\u1ea7u d\u00e2y bu\u1ed9c tu\u00e2n th\u1ee7 ANSI gi\u00fap s\u1eed d\u1ee5ng d\u00e2y bu\u1ed9c \u0111\u01b0\u1ee3c \u0111\u1ecbnh h\u00ecnh s\u1eb5n t\u1ea1i nh\u00e0 m\u00e1y d\u1ec5 d\u00e0ng h\u01a1n, mang l\u1ea1i s\u1ef1 v\u1eeba v\u1eb7n v\u00e0 hi\u1ec7u su\u1ea5t v\u01b0\u1ee3t tr\u1ed9i.<\/li>\n<li>V\u1eadt li\u1ec7u polyetylen lo\u1ea1i b\u1ecf s\u1ef1 m\u00e0i m\u00f2n \u1edf giao di\u1ec7n ch\u1ea5t c\u00e1ch \u0111i\u1ec7n\/d\u1eabn \u0111i\u1ec7n.<\/li>\n<\/ul>\n<div style=\"text-align: center\"><img loading=\"lazy\" decoding=\"async\" class=\"alignleft\" src=\"https:\/\/morstar.vn\/wp-content\/uploads\/2024\/08\/hdpe-pin-insulator.jpg\" alt=\"C\u00c1CH \u0110I\u1ec6N CH\u00c2N HDPE\" width=\"472\" height=\"630\" \/><\/div>\n<p><img loading=\"lazy\" decoding=\"async\" class=\"alignnone size-medium wp-image-30926\" src=\"https:\/\/morstar.vn\/wp-content\/uploads\/2024\/08\/DSC07853-640x427.jpg\" alt=\"\" width=\"640\" height=\"427\" srcset=\"https:\/\/morstar.vn\/wp-content\/uploads\/2024\/08\/DSC07853-640x427.jpg 640w, https:\/\/morstar.vn\/wp-content\/uploads\/2024\/08\/DSC07853-1280x854.jpg 1280w, https:\/\/morstar.vn\/wp-content\/uploads\/2024\/08\/DSC07853-768x512.jpg 768w, https:\/\/morstar.vn\/wp-content\/uploads\/2024\/08\/DSC07853-1536x1025.jpg 1536w, https:\/\/morstar.vn\/wp-content\/uploads\/2024\/08\/DSC07853-2048x1366.jpg 2048w, https:\/\/morstar.vn\/wp-content\/uploads\/2024\/08\/DSC07853-18x12.jpg 18w, https:\/\/morstar.vn\/wp-content\/uploads\/2024\/08\/DSC07853-320x213.jpg 320w, https:\/\/morstar.vn\/wp-content\/uploads\/2024\/08\/DSC07853-430x287.jpg 430w, https:\/\/morstar.vn\/wp-content\/uploads\/2024\/08\/DSC07853-700x467.jpg 700w\" sizes=\"auto, (max-width: 640px) 100vw, 640px\" \/><\/p>","protected":false},"excerpt":{"rendered":"<p><strong>C\u00e1ch \u0111i\u1ec7n \u0111\u1ee9ng HDPE<\/strong><\/p>\n<p>S\u1ee9 c\u00e1ch \u0111i\u1ec7n d\u1ea1ng ch\u1ed1t \u0111\u01b0\u1ee3c s\u1eed d\u1ee5ng trong c\u00e1c \u0111\u01b0\u1eddng d\u00e2y ph\u00e2n ph\u1ed1i tr\u00ean cao s\u1eed d\u1ee5ng d\u00e2y d\u1eabn tr\u1ea7n ho\u1eb7c c\u00f3 v\u1ecf b\u1ecdc. Ch\u00fang \u0111\u1eb7c bi\u1ec7t ph\u00f9 h\u1ee3p \u0111\u1ec3 s\u1eed d\u1ee5ng v\u1edbi d\u00e2y d\u1eabn c\u00f3 v\u1ecf b\u1ecdc, c\u00e1p gi\u00e3n c\u00e1ch v\u00e0 d\u00e2y c\u00e2y nh\u01b0 m\u1ed9t gi\u1ea3i ph\u00e1p thay th\u1ebf \u0111i\u1ec7n t\u1ed1t h\u01a1n cho s\u1ee9 c\u00e1ch \u0111i\u1ec7n.<\/p>","protected":false},"featured_media":30925,"comment_status":"closed","ping_status":"closed","template":"","meta":{"inline_featured_image":false},"product_brand":[],"product_cat":[86,277],"product_tag":[],"class_list":{"0":"post-28417","1":"product","2":"type-product","3":"status-publish","4":"has-post-thumbnail","6":"product_cat-industrial-electric","7":"product_cat-manufacturing-products","9":"first","10":"instock","11":"product-type-simple"},"_links":{"self":[{"href":"https:\/\/morstar.vn\/vi\/wp-json\/wp\/v2\/product\/28417","targetHints":{"allow":["GET"]}}],"collection":[{"href":"https:\/\/morstar.vn\/vi\/wp-json\/wp\/v2\/product"}],"about":[{"href":"https:\/\/morstar.vn\/vi\/wp-json\/wp\/v2\/types\/product"}],"replies":[{"embeddable":true,"href":"https:\/\/morstar.vn\/vi\/wp-json\/wp\/v2\/comments?post=28417"}],"wp:featuredmedia":[{"embeddable":true,"href":"https:\/\/morstar.vn\/vi\/wp-json\/wp\/v2\/media\/30925"}],"wp:attachment":[{"href":"https:\/\/morstar.vn\/vi\/wp-json\/wp\/v2\/media?parent=28417"}],"wp:term":[{"taxonomy":"product_brand","embeddable":true,"href":"https:\/\/morstar.vn\/vi\/wp-json\/wp\/v2\/product_brand?post=28417"},{"taxonomy":"product_cat","embeddable":true,"href":"https:\/\/morstar.vn\/vi\/wp-json\/wp\/v2\/product_cat?post=28417"},{"taxonomy":"product_tag","embeddable":true,"href":"https:\/\/morstar.vn\/vi\/wp-json\/wp\/v2\/product_tag?post=28417"}],"curies":[{"name":"wp","href":"https:\/\/api.w.org\/{rel}","templated":true}]}}