{"id":28411,"date":"2024-08-16T11:18:17","date_gmt":"2024-08-16T11:18:17","guid":{"rendered":"https:\/\/morstar.vn\/product\/acsr-full-tension-splice\/"},"modified":"2024-12-10T07:09:49","modified_gmt":"2024-12-10T07:09:49","slug":"acsr-full-tension-splice","status":"publish","type":"product","link":"https:\/\/morstar.vn\/vi\/san-pham\/acsr-full-tension-splice\/","title":{"rendered":"Gi\u00e1p n\u1ed1i d\u00e2y ACSR"},"content":{"rendered":"<div style=\"text-align: center\"><img loading=\"lazy\" decoding=\"async\" src=\"https:\/\/morstar.vn\/wp-content\/uploads\/2024\/08\/fts-0910.jpg\" alt=\"FTS 0910\" width=\"800\" height=\"316\" \/><\/div>\n<p>&nbsp;<\/p>\n<div style=\"text-align: center\"><img loading=\"lazy\" decoding=\"async\" src=\"https:\/\/morstar.vn\/wp-content\/uploads\/2024\/08\/fts-09101.jpg\" alt=\"FTS 0910 1\" width=\"800\" height=\"123\" \/><\/div>\n<p>&nbsp;<\/p>\n<div style=\"text-align: center\"><img loading=\"lazy\" decoding=\"async\" src=\"https:\/\/morstar.vn\/wp-content\/uploads\/2024\/08\/img_7311.jpg\" alt=\"IMG 7311\" width=\"800\" height=\"293\" \/><\/div>\n<p>&nbsp;<\/p>\n<table border=\"1\" cellspacing=\"1\" cellpadding=\"1\" align=\"center\">\n<tbody>\n<tr>\n<td style=\"text-align: center;background-color: #003399\" colspan=\"1\" rowspan=\"2\"><span style=\"color: #ffffff\"><strong>Morstar #<\/strong><\/span><\/td>\n<td style=\"text-align: center;background-color: #003399\"><span style=\"color: #ffffff\"><strong>K\u00edch th\u01b0\u1edbc d\u00e2y d\u1eabn<\/strong><\/span><\/td>\n<td style=\"text-align: center;background-color: #003399\" colspan=\"3\" rowspan=\"1\"><span style=\"color: #ffffff\"><strong>Chi\u1ec1u d\u00e0i thanh ngo\u00e0i<\/strong><\/span><\/td>\n<td style=\"text-align: center;background-color: #003399\" colspan=\"3\" rowspan=\"1\"><span style=\"color: #ffffff\"><strong>M\u00e0u s\u1eafc<\/strong><\/span><\/td>\n<td style=\"text-align: center;background-color: #003399\" colspan=\"2\" rowspan=\"1\"><span style=\"color: #ffffff\"><strong>Ph\u00e1 v\u1ee1<\/strong><\/span><\/td>\n<\/tr>\n<tr>\n<td style=\"text-align: center;background-color: #003399\"><span style=\"color: #ffffff\"><strong>Inches<\/strong><\/span><\/td>\n<td style=\"text-align: center;background-color: #003399\"><span style=\"color: #ffffff\"><strong>mm<\/strong><\/span><\/td>\n<td style=\"text-align: center;background-color: #003399\"><span style=\"color: #ffffff\"><strong>Inches<\/strong><\/span><\/td>\n<td style=\"text-align: center;background-color: #003399\"><span style=\"color: #ffffff\"><strong>mm<\/strong><\/span><\/td>\n<td style=\"text-align: center;background-color: #003399\"><span style=\"color: #ffffff\"><strong>L\u00f5i<\/strong><\/span><\/td>\n<td style=\"text-align: center;background-color: #003399\"><span style=\"color: #ffffff\"><strong>Ch\u1ea5t \u0111\u1ed9n<\/strong><\/span><\/td>\n<td style=\"text-align: center;background-color: #003399\"><span style=\"color: #ffffff\"><strong>B\u00ean ngo\u00e0i<\/strong><\/span><\/td>\n<td style=\"text-align: center;background-color: #003399\"><span style=\"color: #ffffff\"><strong>Ib<\/strong><\/span><\/td>\n<td style=\"text-align: center;background-color: #003399\"><span style=\"color: #ffffff\"><strong>kN<\/strong><\/span><\/td>\n<\/tr>\n<tr>\n<td style=\"text-align: center\">FTS0635<\/td>\n<td style=\"text-align: center\">0.250<\/td>\n<td style=\"text-align: center\">6.350<\/td>\n<td style=\"text-align: center\">35<\/td>\n<td style=\"text-align: center\">889<\/td>\n<td style=\"text-align: center\">\u0110en<\/td>\n<td style=\"text-align: center\">N\/A<\/td>\n<td style=\"text-align: center\">M\u00e0u cam<\/td>\n<td style=\"text-align: center\">1.860<\/td>\n<td style=\"text-align: center\">8.28<\/td>\n<\/tr>\n<tr>\n<td style=\"text-align: center\">FTS0653<\/td>\n<td style=\"text-align: center\">0.257<\/td>\n<td style=\"text-align: center\">6.528<\/td>\n<td style=\"text-align: center\">35<\/td>\n<td style=\"text-align: center\">889<\/td>\n<td style=\"text-align: center\">\u0110en<\/td>\n<td style=\"text-align: center\">N\/A<\/td>\n<td style=\"text-align: center\">M\u00e0u cam<\/td>\n<td style=\"text-align: center\">2.360<\/td>\n<td style=\"text-align: center\">10.50<\/td>\n<\/tr>\n<tr>\n<td style=\"text-align: center\">FTS0803<\/td>\n<td style=\"text-align: center\">0.316<\/td>\n<td style=\"text-align: center\">8.026<\/td>\n<td style=\"text-align: center\">44<\/td>\n<td style=\"text-align: center\">1.118<\/td>\n<td style=\"text-align: center\">\u0110en<\/td>\n<td style=\"text-align: center\">N\/A<\/td>\n<td style=\"text-align: center\">M\u00e0u \u0111\u1ecf<\/td>\n<td style=\"text-align: center\">2.850<\/td>\n<td style=\"text-align: center\">12.68<\/td>\n<\/tr>\n<tr>\n<td style=\"text-align: center\">FTS0826<\/td>\n<td style=\"text-align: center\">0.325<\/td>\n<td style=\"text-align: center\">8.255<\/td>\n<td style=\"text-align: center\">45<\/td>\n<td style=\"text-align: center\">1.143<\/td>\n<td style=\"text-align: center\">\u0110en<\/td>\n<td style=\"text-align: center\">N\/A<\/td>\n<td style=\"text-align: center\">M\u00e0u \u0111\u1ecf<\/td>\n<td style=\"text-align: center\">3.460<\/td>\n<td style=\"text-align: center\">15.40<\/td>\n<\/tr>\n<tr>\n<td style=\"text-align: center\">FTS1011<\/td>\n<td style=\"text-align: center\">0.398<\/td>\n<td style=\"text-align: center\">10.109<\/td>\n<td style=\"text-align: center\">52<\/td>\n<td style=\"text-align: center\">1.321<\/td>\n<td style=\"text-align: center\">\u0110en<\/td>\n<td style=\"text-align: center\">\u0110en<\/td>\n<td style=\"text-align: center\">M\u00e0u v\u00e0ng<\/td>\n<td style=\"text-align: center\">4.380<\/td>\n<td style=\"text-align: center\">19.49<\/td>\n<\/tr>\n<tr>\n<td style=\"text-align: center\">FTS3135<\/td>\n<td style=\"text-align: center\">0.447<\/td>\n<td style=\"text-align: center\">11.354<\/td>\n<td style=\"text-align: center\">55<\/td>\n<td style=\"text-align: center\">1.397<\/td>\n<td style=\"text-align: center\">\u0110en<\/td>\n<td style=\"text-align: center\">\u0110en<\/td>\n<td style=\"text-align: center\">M\u00e0u xanh da tr\u1eddi<\/td>\n<td style=\"text-align: center\">5.310<\/td>\n<td style=\"text-align: center\">23.63<\/td>\n<\/tr>\n<tr>\n<td style=\"text-align: center\">FTS1275<\/td>\n<td style=\"text-align: center\">0.502<\/td>\n<td style=\"text-align: center\">12.751<\/td>\n<td style=\"text-align: center\">59<\/td>\n<td style=\"text-align: center\">1.499<\/td>\n<td style=\"text-align: center\">\u0110en<\/td>\n<td style=\"text-align: center\">\u0110en<\/td>\n<td style=\"text-align: center\">M\u00e0u cam<\/td>\n<td style=\"text-align: center\">6.620<\/td>\n<td style=\"text-align: center\">29.46<\/td>\n<\/tr>\n<tr>\n<td style=\"text-align: center\">FTS1430<\/td>\n<td style=\"text-align: center\">0.563<\/td>\n<td style=\"text-align: center\">14.300<\/td>\n<td style=\"text-align: center\">67<\/td>\n<td style=\"text-align: center\">1.702<\/td>\n<td style=\"text-align: center\">\u0110en<\/td>\n<td style=\"text-align: center\">\u0110en<\/td>\n<td style=\"text-align: center\">M\u00e0u \u0111\u1ecf<\/td>\n<td style=\"text-align: center\">8.350<\/td>\n<td style=\"text-align: center\">37.16<\/td>\n<\/tr>\n<tr>\n<td style=\"text-align: center\">FTS1171<\/td>\n<td style=\"text-align: center\">0.461<\/td>\n<td style=\"text-align: center\">11.709<\/td>\n<td style=\"text-align: center\">65<\/td>\n<td style=\"text-align: center\">1.651<\/td>\n<td style=\"text-align: center\">\u0110en<\/td>\n<td style=\"text-align: center\">N\/A<\/td>\n<td style=\"text-align: center\">M\u00e0u xanh da tr\u1eddi<\/td>\n<td style=\"text-align: center\">10.400<\/td>\n<td style=\"text-align: center\">46.28<\/td>\n<\/tr>\n<tr>\n<td style=\"text-align: center\">FTS1222<\/td>\n<td style=\"text-align: center\">0.481<\/td>\n<td style=\"text-align: center\">12.217<\/td>\n<td style=\"text-align: center\">69<\/td>\n<td style=\"text-align: center\">1.753<\/td>\n<td style=\"text-align: center\">\u0110en<\/td>\n<td style=\"text-align: center\">N\/A<\/td>\n<td style=\"text-align: center\">M\u00e0u xanh l\u00e1<\/td>\n<td style=\"text-align: center\">11.300<\/td>\n<td style=\"text-align: center\">50.28<\/td>\n<\/tr>\n<tr>\n<td style=\"text-align: center\">FTS1346<\/td>\n<td style=\"text-align: center\">0.530<\/td>\n<td style=\"text-align: center\">13.462<\/td>\n<td style=\"text-align: center\">75<\/td>\n<td style=\"text-align: center\">1.905<\/td>\n<td style=\"text-align: center\">\u0110en<\/td>\n<td style=\"text-align: center\">N\/A<\/td>\n<td style=\"text-align: center\">M\u00e0u t\u00edm<\/td>\n<td style=\"text-align: center\">13.600<\/td>\n<td style=\"text-align: center\">60.52<\/td>\n<\/tr>\n<\/tbody>\n<\/table>","protected":false},"excerpt":{"rendered":"<p><strong>Bao g\u1ed3m<\/strong><br \/>\n\u2013 L\u00f5i n\u1ed1i \u2013 Th\u00e9p m\u1ea1 k\u1ebdm<br \/>\n\u2013 C\u00f3 l\u1edbp ph\u1ee7 v\u00e0 c\u00f3 h\u1ea1t<br \/>\n\u2013 Thanh ph\u1ee5 \u2013 H\u1ee3p kim nh\u00f4m, Thanh \u0111\u01a1n ho\u1eb7c Thanh \u0111\u00e3 c\u1eaft, kh\u00f4ng c\u00f3 h\u1ea1t m\u00e0i (C\u00f3 th\u1ec3 kh\u00f4ng c\u1ea7n Thanh ph\u1ee5 cho c\u00e1c k\u00edch th\u01b0\u1edbc \u0111\u00e3 ch\u1ecdn)<br \/>\n\u2013 M\u1ed1i n\u1ed1i b\u00ean ngo\u00e0i: H\u1ee3p kim nh\u00f4m<br \/>\n\u2013 C\u00f3 g\u1eafn \u0111\u00e1 &amp; c\u00f3 h\u1ea1t<\/p>","protected":false},"featured_media":30510,"comment_status":"closed","ping_status":"closed","template":"","meta":{"inline_featured_image":false},"product_brand":[],"product_cat":[86,277,288],"product_tag":[],"class_list":{"0":"post-28411","1":"product","2":"type-product","3":"status-publish","4":"has-post-thumbnail","6":"product_cat-industrial-electric","7":"product_cat-manufacturing-products","8":"product_cat-metal-tie","10":"first","11":"instock","12":"product-type-simple"},"_links":{"self":[{"href":"https:\/\/morstar.vn\/vi\/wp-json\/wp\/v2\/product\/28411","targetHints":{"allow":["GET"]}}],"collection":[{"href":"https:\/\/morstar.vn\/vi\/wp-json\/wp\/v2\/product"}],"about":[{"href":"https:\/\/morstar.vn\/vi\/wp-json\/wp\/v2\/types\/product"}],"replies":[{"embeddable":true,"href":"https:\/\/morstar.vn\/vi\/wp-json\/wp\/v2\/comments?post=28411"}],"wp:featuredmedia":[{"embeddable":true,"href":"https:\/\/morstar.vn\/vi\/wp-json\/wp\/v2\/media\/30510"}],"wp:attachment":[{"href":"https:\/\/morstar.vn\/vi\/wp-json\/wp\/v2\/media?parent=28411"}],"wp:term":[{"taxonomy":"product_brand","embeddable":true,"href":"https:\/\/morstar.vn\/vi\/wp-json\/wp\/v2\/product_brand?post=28411"},{"taxonomy":"product_cat","embeddable":true,"href":"https:\/\/morstar.vn\/vi\/wp-json\/wp\/v2\/product_cat?post=28411"},{"taxonomy":"product_tag","embeddable":true,"href":"https:\/\/morstar.vn\/vi\/wp-json\/wp\/v2\/product_tag?post=28411"}],"curies":[{"name":"wp","href":"https:\/\/api.w.org\/{rel}","templated":true}]}}