{"id":28405,"date":"2024-08-16T11:18:17","date_gmt":"2024-08-16T11:18:17","guid":{"rendered":"https:\/\/morstar.vn\/product\/deadend-grip\/"},"modified":"2024-12-31T03:13:31","modified_gmt":"2024-12-31T03:13:31","slug":"tay-nam-chet","status":"publish","type":"product","link":"https:\/\/morstar.vn\/vi\/san-pham\/tay-nam-chet\/","title":{"rendered":"Deadend Grip &#8211; Preformed Products"},"content":{"rendered":"<table>\n<tbody>\n<tr>\n<td width=\"142\">&nbsp;<\/p>\n<p><strong>Morstar #<\/strong><\/td>\n<td width=\"198\">&nbsp;<\/p>\n<p><strong>Ph\u1ea1m vi d\u00e2y d\u1eabn (mm)<\/strong><\/td>\n<td width=\"145\">&nbsp;<\/p>\n<p><strong>Chi\u1ec1u d\u00e0i \u00e1p d\u1ee5ng (mm)<\/strong><\/td>\n<td width=\"121\">&nbsp;<\/p>\n<p><strong>C\u00e2n n\u1eb7ng (kg)<\/strong><\/td>\n<td width=\"188\">&nbsp;<\/p>\n<p><strong>M\u00e3 m\u00e0u<\/strong><\/td>\n<\/tr>\n<tr>\n<td width=\"142\">DE-0505<\/td>\n<td width=\"198\">5.17~5.79<\/td>\n<td width=\"145\">445<\/td>\n<td width=\"121\">0.08<\/td>\n<td width=\"188\"><\/td>\n<\/tr>\n<tr>\n<td width=\"142\">DE-0507<\/td>\n<td width=\"198\">5.60~7.34<\/td>\n<td width=\"145\">545<\/td>\n<td width=\"121\">0.1<\/td>\n<td width=\"188\">M\u00e0u v\u00e0ng<\/td>\n<\/tr>\n<tr>\n<td width=\"142\">DE-0708<\/td>\n<td width=\"198\">7.35~8.26<\/td>\n<td width=\"145\">620<\/td>\n<td width=\"121\">0.2<\/td>\n<td width=\"188\">M\u00e0u \u0111\u1ecf<\/td>\n<\/tr>\n<tr>\n<td width=\"142\">DE-0910<\/td>\n<td width=\"198\">9.5\u00a0~10<\/td>\n<td width=\"145\">700<\/td>\n<td width=\"121\">0.25<\/td>\n<td width=\"188\">M\u00e0u v\u00e0ng<\/td>\n<\/tr>\n<tr>\n<td width=\"142\">DE-1011<\/td>\n<td width=\"198\">11.2~11.7<\/td>\n<td width=\"145\">735<\/td>\n<td width=\"121\">0.4<\/td>\n<td width=\"188\">M\u00e0u n\u00e2u<\/td>\n<\/tr>\n<tr>\n<td width=\"142\">DE-1113<\/td>\n<td width=\"198\">11.69~13.11<\/td>\n<td width=\"145\">760<\/td>\n<td width=\"121\">0.5<\/td>\n<td width=\"188\"><\/td>\n<\/tr>\n<tr>\n<td width=\"142\">DE-1314<\/td>\n<td width=\"198\">13.4~13.8<\/td>\n<td width=\"145\">880<\/td>\n<td width=\"121\">0.6<\/td>\n<td width=\"188\">M\u00e0u \u0111\u1ecf<\/td>\n<\/tr>\n<tr>\n<td width=\"142\">DE-1416<\/td>\n<td width=\"198\">14.8~15.3<\/td>\n<td width=\"145\">935<\/td>\n<td width=\"121\">0.8<\/td>\n<td width=\"188\">M\u00e0u xanh da tr\u1eddi<\/td>\n<\/tr>\n<tr>\n<td width=\"142\">DE-1618<\/td>\n<td width=\"198\">16.5~17.2<\/td>\n<td width=\"145\">1015<\/td>\n<td width=\"121\">1.1<\/td>\n<td width=\"188\">Oange<\/td>\n<\/tr>\n<tr>\n<td width=\"142\">DE-1821<\/td>\n<td width=\"198\">18.8~19.6<\/td>\n<td width=\"145\">1200<\/td>\n<td width=\"121\">1.7<\/td>\n<td width=\"188\">\u0110en<\/td>\n<\/tr>\n<tr>\n<td width=\"142\">DE-2124<\/td>\n<td width=\"198\">21.5~22.1<\/td>\n<td width=\"145\">1300<\/td>\n<td width=\"121\">2.4<\/td>\n<td width=\"188\">M\u00e0u xanh l\u00e1<\/td>\n<\/tr>\n<tr>\n<td width=\"142\">DE-2427<\/td>\n<td width=\"198\">24.71~27.20<\/td>\n<td width=\"145\">1440<\/td>\n<td width=\"121\">3.0<\/td>\n<td width=\"188\">M\u00e0u n\u00e2u<\/td>\n<\/tr>\n<tr>\n<td width=\"142\">DE-2730<\/td>\n<td width=\"198\">27.21~30.78<\/td>\n<td width=\"145\">1660<\/td>\n<td width=\"121\">4.2<\/td>\n<td width=\"188\">M\u00e0u \u0111\u1ecf<\/td>\n<\/tr>\n<tr>\n<td width=\"142\">DE-3132<\/td>\n<td width=\"198\">31.25~32.84<\/td>\n<td width=\"145\">2160<\/td>\n<td width=\"121\">5.3<\/td>\n<td width=\"188\">M\u00e0u xanh l\u00e1<\/td>\n<\/tr>\n<tr>\n<td width=\"142\">DE-3234<\/td>\n<td width=\"198\">32.85~34.54<\/td>\n<td width=\"145\">2410<\/td>\n<td width=\"121\">6.5<\/td>\n<td width=\"188\">M\u00e0u cam<\/td>\n<\/tr>\n<tr>\n<td width=\"142\">DE-3436<\/td>\n<td width=\"198\">34.55~36.44<\/td>\n<td width=\"145\">2410<\/td>\n<td width=\"121\">6.8<\/td>\n<td width=\"188\">M\u00e0u xanh da tr\u1eddi<\/td>\n<\/tr>\n<\/tbody>\n<\/table>\n<h2><img loading=\"lazy\" decoding=\"async\" class=\"alignnone wp-image-30929\" src=\"https:\/\/morstar.vn\/wp-content\/uploads\/2024\/08\/DSC07926-640x959.jpg\" alt=\"\" width=\"432\" height=\"648\" srcset=\"https:\/\/morstar.vn\/wp-content\/uploads\/2024\/08\/DSC07926-640x959.jpg 640w, https:\/\/morstar.vn\/wp-content\/uploads\/2024\/08\/DSC07926-1280x1919.jpg 1280w, https:\/\/morstar.vn\/wp-content\/uploads\/2024\/08\/DSC07926-768x1151.jpg 768w, https:\/\/morstar.vn\/wp-content\/uploads\/2024\/08\/DSC07926-1025x1536.jpg 1025w, https:\/\/morstar.vn\/wp-content\/uploads\/2024\/08\/DSC07926-1366x2048.jpg 1366w, https:\/\/morstar.vn\/wp-content\/uploads\/2024\/08\/DSC07926-8x12.jpg 8w, https:\/\/morstar.vn\/wp-content\/uploads\/2024\/08\/DSC07926-320x480.jpg 320w, https:\/\/morstar.vn\/wp-content\/uploads\/2024\/08\/DSC07926-430x645.jpg 430w, https:\/\/morstar.vn\/wp-content\/uploads\/2024\/08\/DSC07926-700x1049.jpg 700w, https:\/\/morstar.vn\/wp-content\/uploads\/2024\/08\/DSC07926-scaled.jpg 1708w\" sizes=\"auto, (max-width: 432px) 100vw, 432px\" \/> <img loading=\"lazy\" decoding=\"async\" class=\"alignnone wp-image-30930\" src=\"https:\/\/morstar.vn\/wp-content\/uploads\/2024\/08\/DSC07922-640x959.jpg\" alt=\"\" width=\"433\" height=\"649\" srcset=\"https:\/\/morstar.vn\/wp-content\/uploads\/2024\/08\/DSC07922-640x959.jpg 640w, https:\/\/morstar.vn\/wp-content\/uploads\/2024\/08\/DSC07922-1280x1919.jpg 1280w, https:\/\/morstar.vn\/wp-content\/uploads\/2024\/08\/DSC07922-768x1151.jpg 768w, https:\/\/morstar.vn\/wp-content\/uploads\/2024\/08\/DSC07922-1025x1536.jpg 1025w, https:\/\/morstar.vn\/wp-content\/uploads\/2024\/08\/DSC07922-1366x2048.jpg 1366w, https:\/\/morstar.vn\/wp-content\/uploads\/2024\/08\/DSC07922-8x12.jpg 8w, https:\/\/morstar.vn\/wp-content\/uploads\/2024\/08\/DSC07922-320x480.jpg 320w, https:\/\/morstar.vn\/wp-content\/uploads\/2024\/08\/DSC07922-430x645.jpg 430w, https:\/\/morstar.vn\/wp-content\/uploads\/2024\/08\/DSC07922-700x1049.jpg 700w, https:\/\/morstar.vn\/wp-content\/uploads\/2024\/08\/DSC07922-scaled.jpg 1708w\" sizes=\"auto, (max-width: 433px) 100vw, 433px\" \/><\/h2>\n<p>&nbsp;<\/p>\n<h2><span style=\"color: #0000ff\"><strong>H\u01af\u1edaNG D\u1eaaN \u0110\u1eb6T H\u00c0NG:<\/strong><\/span><\/h2>\n<ul>\n<li>B\u1ea3ng \u0111\u01b0\u1ee3c cung c\u1ea5p ch\u1ec9 hi\u1ec3n th\u1ecb c\u00e1c s\u1ea3n ph\u1ea9m Ti\u00eau chu\u1ea9n c\u1ee7a ch\u00fang t\u00f4i.<\/li>\n<li>S\u1ea3n ph\u1ea9m \u0111\u1eb7t h\u00e0ng \u0111\u1eb7c bi\u1ec7t c\u00f3 s\u1eb5n theo y\u00eau c\u1ea7u. Sao Mai c\u00f3 th\u1ec3 cung c\u1ea5p cho b\u1ea1n s\u1ea3n ph\u1ea9m ch\u1ea5t l\u01b0\u1ee3ng \u0111\u01b0\u1ee3c thi\u1ebft k\u1ebf v\u00e0 s\u1ea3n xu\u1ea5t \u0111\u1ec3 \u0111\u00e1p \u1ee9ng nhu c\u1ea7u c\u1ee5 th\u1ec3 c\u1ee7a b\u1ea1n.<\/li>\n<li>Vui l\u00f2ng cung c\u1ea5p cho Sao Mai c\u00e1c th\u00f4ng tin chi ti\u1ebft v\u1ec1 y\u00eau c\u1ea7u c\u1ee7a b\u1ea1n bao g\u1ed3m lo\u1ea1i v\u1eadt li\u1ec7u, h\u01b0\u1edbng xo\u1eafn \u1ed1c, chi\u1ec1u d\u00e0i, l\u1ef1c k\u1eb9p, RTS, v.v.<\/li>\n<li>Sao Mai c\u00f3 quy\u1ec1n thay \u0111\u1ed5i th\u00f4ng s\u1ed1 k\u1ef9 thu\u1eadt ti\u00eau chu\u1ea9n c\u1ee7a s\u1ea3n ph\u1ea9m c\u00f3 ho\u1eb7c kh\u00f4ng c\u00f3 th\u00f4ng b\u00e1o.<\/li>\n<\/ul>","protected":false},"excerpt":{"rendered":"<p><span style=\"color: #0000ff\"><strong>\u0110\u01af\u1ee2C S\u1eec D\u1ee4NG TR\u00caN: ACSR, AAAC, AAC<\/strong><\/span><\/p>\n<p>S\u1ea3n ph\u1ea9m d\u00e2y \u0111\u1ecbnh h\u00ecnh \u2013 Gi\u00e1p n\u00edu d\u00e2y tr\u1ea7n c\u00f3 s\u1eb5n b\u1eb1ng D\u00e2y th\u00e9p b\u1ecdc nh\u00f4m ho\u1eb7c D\u00e2y th\u00e9p m\u1ea1 k\u1ebdm t\u00f9y theo y\u00eau c\u1ea7u c\u1ee7a b\u1ea1n. Th\u00e9p b\u1ecdc nh\u00f4m th\u01b0\u1eddng \u0111\u01b0\u1ee3c s\u1eed d\u1ee5ng tr\u00ean d\u00e2y d\u1eabn tr\u1ea7n b\u1eb1ng nh\u00f4m nh\u01b0 ACSR, AAAC v\u00e0 AAC v\u00e0 Th\u00e9p m\u1ea1 k\u1ebdm tr\u00ean d\u00e2y d\u1eabn c\u00f3 ph\u1ee7.<\/p>\n<p>&nbsp;<\/p>","protected":false},"featured_media":30982,"comment_status":"closed","ping_status":"closed","template":"","meta":{"inline_featured_image":false},"product_brand":[],"product_cat":[86,277,287],"product_tag":[],"class_list":{"0":"post-28405","1":"product","2":"type-product","3":"status-publish","4":"has-post-thumbnail","6":"product_cat-industrial-electric","7":"product_cat-manufacturing-products","8":"product_cat-helical-products","10":"first","11":"instock","12":"product-type-simple"},"_links":{"self":[{"href":"https:\/\/morstar.vn\/vi\/wp-json\/wp\/v2\/product\/28405","targetHints":{"allow":["GET"]}}],"collection":[{"href":"https:\/\/morstar.vn\/vi\/wp-json\/wp\/v2\/product"}],"about":[{"href":"https:\/\/morstar.vn\/vi\/wp-json\/wp\/v2\/types\/product"}],"replies":[{"embeddable":true,"href":"https:\/\/morstar.vn\/vi\/wp-json\/wp\/v2\/comments?post=28405"}],"wp:featuredmedia":[{"embeddable":true,"href":"https:\/\/morstar.vn\/vi\/wp-json\/wp\/v2\/media\/30982"}],"wp:attachment":[{"href":"https:\/\/morstar.vn\/vi\/wp-json\/wp\/v2\/media?parent=28405"}],"wp:term":[{"taxonomy":"product_brand","embeddable":true,"href":"https:\/\/morstar.vn\/vi\/wp-json\/wp\/v2\/product_brand?post=28405"},{"taxonomy":"product_cat","embeddable":true,"href":"https:\/\/morstar.vn\/vi\/wp-json\/wp\/v2\/product_cat?post=28405"},{"taxonomy":"product_tag","embeddable":true,"href":"https:\/\/morstar.vn\/vi\/wp-json\/wp\/v2\/product_tag?post=28405"}],"curies":[{"name":"wp","href":"https:\/\/api.w.org\/{rel}","templated":true}]}}