{"id":28402,"date":"2024-08-16T11:16:30","date_gmt":"2024-08-16T11:16:30","guid":{"rendered":"https:\/\/morstar.vn\/product\/adss-short-span-deadend\/"},"modified":"2024-12-31T03:46:28","modified_gmt":"2024-12-31T03:46:28","slug":"adss-khoang-thoi-gian-ngan-ngo-cut","status":"publish","type":"product","link":"https:\/\/morstar.vn\/vi\/san-pham\/adss-khoang-thoi-gian-ngan-ngo-cut\/","title":{"rendered":"Gi\u00e1p n\u00edu d\u00e2y ADSS kho\u1ea3ng c\u00e1ch ng\u1eafn"},"content":{"rendered":"<p>&nbsp;<\/p>\n<div style=\"text-align: center\"><img loading=\"lazy\" decoding=\"async\" src=\"https:\/\/morstar.vn\/wp-content\/uploads\/2024\/08\/adss-short-span-deadend-1.png\" alt=\"ADSS NG\u1eaeN H\u1ebeT 1\" width=\"900\" height=\"301\" \/><\/div>\n<p>&nbsp;<\/p>\n<div style=\"text-align: center\"><img loading=\"lazy\" decoding=\"async\" src=\"https:\/\/morstar.vn\/wp-content\/uploads\/2024\/08\/adss-short-span-deadend.jpg\" alt=\"Gi\u00e1p n\u00edu d\u00e2y ADSS kho\u1ea3ng c\u00e1ch ng\u1eafn\" width=\"700\" height=\"252\" \/><\/div>\n<p>&nbsp;<\/p>\n<div style=\"text-align: center\"><img loading=\"lazy\" decoding=\"async\" class=\"alignnone size-medium wp-image-30980\" src=\"https:\/\/morstar.vn\/wp-content\/uploads\/2024\/08\/adss-short-span_deadend-640x480.webp\" alt=\"\" width=\"640\" height=\"480\" srcset=\"https:\/\/morstar.vn\/wp-content\/uploads\/2024\/08\/adss-short-span_deadend-640x480.webp 640w, https:\/\/morstar.vn\/wp-content\/uploads\/2024\/08\/adss-short-span_deadend-1280x960.webp 1280w, https:\/\/morstar.vn\/wp-content\/uploads\/2024\/08\/adss-short-span_deadend-768x576.webp 768w, https:\/\/morstar.vn\/wp-content\/uploads\/2024\/08\/adss-short-span_deadend-16x12.webp 16w, https:\/\/morstar.vn\/wp-content\/uploads\/2024\/08\/adss-short-span_deadend-320x240.webp 320w, https:\/\/morstar.vn\/wp-content\/uploads\/2024\/08\/adss-short-span_deadend-430x323.webp 430w, https:\/\/morstar.vn\/wp-content\/uploads\/2024\/08\/adss-short-span_deadend-700x525.webp 700w, https:\/\/morstar.vn\/wp-content\/uploads\/2024\/08\/adss-short-span_deadend.webp 1500w\" sizes=\"auto, (max-width: 640px) 100vw, 640px\" \/><\/div>\n<p>&nbsp;<\/p>\n<table border=\"1\" width=\"648\" cellspacing=\"0\" cellpadding=\"0\" align=\"center\">\n<tbody>\n<tr>\n<td style=\"text-align: center\" rowspan=\"2\" width=\"81\" height=\"52\">Morstar #<\/td>\n<td style=\"text-align: center\" colspan=\"4\" width=\"324\">Ph\u1ea1m vi \u0111\u01b0\u1eddng k\u00ednh<\/td>\n<td style=\"text-align: center\" colspan=\"2\" width=\"162\">\u00a0Chi\u1ec1u d\u00e0i-L<\/td>\n<td style=\"text-align: center\" rowspan=\"2\" width=\"81\">M\u00e0u s\u1eafc<\/td>\n<\/tr>\n<tr>\n<td style=\"text-align: center\" width=\"81\" height=\"26\">T\u1ed1i thi\u1ec3u (inch)<\/td>\n<td style=\"text-align: center\" width=\"81\">T\u1ed1i \u0111a (inch)<\/td>\n<td style=\"text-align: center\" width=\"81\">T\u1ed1i thi\u1ec3u (mm)<\/td>\n<td style=\"text-align: center\" width=\"81\">T\u1ed1i \u0111a (mm)<\/td>\n<td style=\"text-align: center\" width=\"81\">inch<\/td>\n<td style=\"text-align: center\" width=\"81\">mm<\/td>\n<\/tr>\n<tr>\n<td style=\"text-align: center\" height=\"18\">ASDE0910<\/td>\n<td style=\"text-align: center\">0.375<\/td>\n<td style=\"text-align: center\">0.414<\/td>\n<td style=\"text-align: center\">9.5<\/td>\n<td style=\"text-align: center\">10.5<\/td>\n<td style=\"text-align: center\">30<\/td>\n<td style=\"text-align: center\">762<\/td>\n<td style=\"text-align: center\">M\u00e0u cam<\/td>\n<\/tr>\n<tr>\n<td style=\"text-align: center\" height=\"18\">ASDE1010<\/td>\n<td style=\"text-align: center\">0.409<\/td>\n<td style=\"text-align: center\">0.409<\/td>\n<td style=\"text-align: center\">10.4<\/td>\n<td style=\"text-align: center\">10.4<\/td>\n<td style=\"text-align: center\">30<\/td>\n<td style=\"text-align: center\">762<\/td>\n<td style=\"text-align: center\">M\u00e0u \u0111\u1ecf<\/td>\n<\/tr>\n<tr>\n<td style=\"text-align: center\" height=\"18\">ASDE1011<\/td>\n<td style=\"text-align: center\">0.429<\/td>\n<td style=\"text-align: center\">0.469<\/td>\n<td style=\"text-align: center\">10.9<\/td>\n<td style=\"text-align: center\">11.9<\/td>\n<td style=\"text-align: center\">30<\/td>\n<td style=\"text-align: center\">762<\/td>\n<td style=\"text-align: center\">M\u00e0u v\u00e0ng<\/td>\n<\/tr>\n<tr>\n<td style=\"text-align: center\" height=\"18\">ASDE1112<\/td>\n<td style=\"text-align: center\">0.460<\/td>\n<td style=\"text-align: center\">0.505<\/td>\n<td style=\"text-align: center\">11.7<\/td>\n<td style=\"text-align: center\">12.8<\/td>\n<td style=\"text-align: center\">33<\/td>\n<td style=\"text-align: center\">840<\/td>\n<td style=\"text-align: center\">M\u00e0u xanh l\u00e1<\/td>\n<\/tr>\n<tr>\n<td style=\"text-align: center\" height=\"18\">ASDE1212<\/td>\n<td style=\"text-align: center\">0.472<\/td>\n<td style=\"text-align: center\">0.504<\/td>\n<td style=\"text-align: center\">12.0<\/td>\n<td style=\"text-align: center\">12.8<\/td>\n<td style=\"text-align: center\">30<\/td>\n<td style=\"text-align: center\">762<\/td>\n<td style=\"text-align: center\">M\u00e0u xanh l\u00e1<\/td>\n<\/tr>\n<tr>\n<td style=\"text-align: center\" height=\"18\">ASDE1213<\/td>\n<td style=\"text-align: center\">0.508<\/td>\n<td style=\"text-align: center\">0.547<\/td>\n<td style=\"text-align: center\">12.9<\/td>\n<td style=\"text-align: center\">13.9<\/td>\n<td style=\"text-align: center\">30<\/td>\n<td style=\"text-align: center\">762<\/td>\n<td style=\"text-align: center\">\u0110en<\/td>\n<\/tr>\n<tr>\n<td style=\"text-align: center\" height=\"18\">ASDE1214<\/td>\n<td style=\"text-align: center\">0.506<\/td>\n<td style=\"text-align: center\">0.557<\/td>\n<td style=\"text-align: center\">12.9<\/td>\n<td style=\"text-align: center\">14.1<\/td>\n<td style=\"text-align: center\">37<\/td>\n<td style=\"text-align: center\">940<\/td>\n<td style=\"text-align: center\">H\u1ed3ng<\/td>\n<\/tr>\n<tr>\n<td style=\"text-align: center\" height=\"18\">ASDE1415<\/td>\n<td style=\"text-align: center\">0.558<\/td>\n<td style=\"text-align: center\">0.615<\/td>\n<td style=\"text-align: center\">14.2<\/td>\n<td style=\"text-align: center\">15.6<\/td>\n<td style=\"text-align: center\">42<\/td>\n<td style=\"text-align: center\">1067<\/td>\n<td style=\"text-align: center\">M\u00e0u v\u00e0ng<\/td>\n<\/tr>\n<tr>\n<td style=\"text-align: center\" height=\"18\">ASDE1516<\/td>\n<td style=\"text-align: center\">0.610<\/td>\n<td style=\"text-align: center\">0.650<\/td>\n<td style=\"text-align: center\">15.5<\/td>\n<td style=\"text-align: center\">16.5<\/td>\n<td style=\"text-align: center\">30<\/td>\n<td style=\"text-align: center\">762<\/td>\n<td style=\"text-align: center\">M\u00e0u xanh da tr\u1eddi<\/td>\n<\/tr>\n<tr>\n<td style=\"text-align: center\" height=\"18\">ASDE1517<\/td>\n<td style=\"text-align: center\">0.616<\/td>\n<td style=\"text-align: center\">0.680<\/td>\n<td style=\"text-align: center\">15.7<\/td>\n<td style=\"text-align: center\">17.3<\/td>\n<td style=\"text-align: center\">45<\/td>\n<td style=\"text-align: center\">1143<\/td>\n<td style=\"text-align: center\">M\u00e0u xanh da tr\u1eddi<\/td>\n<\/tr>\n<tr>\n<td style=\"text-align: center\" height=\"18\">ASDE1719<\/td>\n<td style=\"text-align: center\">0.681<\/td>\n<td style=\"text-align: center\">0.750<\/td>\n<td style=\"text-align: center\">17.4<\/td>\n<td style=\"text-align: center\">19.1<\/td>\n<td style=\"text-align: center\">49<\/td>\n<td style=\"text-align: center\">1245<\/td>\n<td style=\"text-align: center\">M\u00e0u n\u00e2u<\/td>\n<\/tr>\n<\/tbody>\n<\/table>\n<p>&nbsp;<\/p>\n<h2><strong>H\u01af\u1edaNG D\u1eaaN \u0110\u1eb6T H\u00c0NG:<\/strong><\/h2>\n<ul>\n<li>B\u1ea3ng \u0111\u01b0\u1ee3c cung c\u1ea5p ch\u1ec9 hi\u1ec3n th\u1ecb c\u00e1c s\u1ea3n ph\u1ea9m Ti\u00eau chu\u1ea9n c\u1ee7a ch\u00fang t\u00f4i.<\/li>\n<li>Ch\u00fang t\u00f4i c\u00f3 quy\u1ec1n thay \u0111\u1ed5i S\u1ea3n ph\u1ea9m Ti\u00eau chu\u1ea9n c\u1ee7a m\u00ecnh m\u00e0 kh\u00f4ng c\u1ea7n th\u00f4ng b\u00e1o \u0111\u1ec3 c\u1ea3i thi\u1ec7n Ch\u1ea5t l\u01b0\u1ee3ng v\u00e0 Hi\u1ec7u su\u1ea5t.<\/li>\n<li>S\u1ea3n ph\u1ea9m \u0110\u1eb7t h\u00e0ng \u0111\u1eb7c bi\u1ec7t c\u00f3 s\u1eb5n theo y\u00eau c\u1ea7u. Vui l\u00f2ng cung c\u1ea5p y\u00eau c\u1ea7u c\u1ee7a b\u1ea1n, ch\u1eb3ng h\u1ea1n nh\u01b0 lo\u1ea1i v\u1eadt li\u1ec7u, h\u01b0\u1edbng xo\u1eafn \u1ed1c, chi\u1ec1u d\u00e0i, l\u1ef1c k\u1eb9p, RST, v.v.<\/li>\n<\/ul>","protected":false},"excerpt":{"rendered":"<p>S\u1ea3n ph\u1ea9m d\u00e2y \u0111\u1ecbnh h\u00ecnh<\/p>\n<p><strong>M\u1ed6I B\u1ed8 BAO G\u1ed2M:<\/strong><\/p>\n<p>Tay c\u1ea7m cu\u1ed1i \u2013 Tay c\u1ea7m b\u1eb1ng th\u00e9p b\u1ecdc nh\u00f4m b\u00ean ph\u1ea3i c\u00f3 \u0111\u1ea7u thanh \u0111\u01b0\u1ee3c thi\u1ebft k\u1ebf \u0111\u1eb7c bi\u1ec7t \u0111\u1ec3 tr\u00e1nh l\u00e0m h\u1ecfng ADSS.<br \/>\nThimble Clevis (Optional) &#8211;\u00a0Galvanized Steel.<\/p>\n<p>&nbsp;<\/p>","protected":false},"featured_media":30980,"comment_status":"closed","ping_status":"closed","template":"","meta":{"inline_featured_image":false},"product_brand":[],"product_cat":[86,277,287],"product_tag":[],"class_list":{"0":"post-28402","1":"product","2":"type-product","3":"status-publish","4":"has-post-thumbnail","6":"product_cat-industrial-electric","7":"product_cat-manufacturing-products","8":"product_cat-helical-products","10":"first","11":"instock","12":"product-type-simple"},"_links":{"self":[{"href":"https:\/\/morstar.vn\/vi\/wp-json\/wp\/v2\/product\/28402","targetHints":{"allow":["GET"]}}],"collection":[{"href":"https:\/\/morstar.vn\/vi\/wp-json\/wp\/v2\/product"}],"about":[{"href":"https:\/\/morstar.vn\/vi\/wp-json\/wp\/v2\/types\/product"}],"replies":[{"embeddable":true,"href":"https:\/\/morstar.vn\/vi\/wp-json\/wp\/v2\/comments?post=28402"}],"wp:featuredmedia":[{"embeddable":true,"href":"https:\/\/morstar.vn\/vi\/wp-json\/wp\/v2\/media\/30980"}],"wp:attachment":[{"href":"https:\/\/morstar.vn\/vi\/wp-json\/wp\/v2\/media?parent=28402"}],"wp:term":[{"taxonomy":"product_brand","embeddable":true,"href":"https:\/\/morstar.vn\/vi\/wp-json\/wp\/v2\/product_brand?post=28402"},{"taxonomy":"product_cat","embeddable":true,"href":"https:\/\/morstar.vn\/vi\/wp-json\/wp\/v2\/product_cat?post=28402"},{"taxonomy":"product_tag","embeddable":true,"href":"https:\/\/morstar.vn\/vi\/wp-json\/wp\/v2\/product_tag?post=28402"}],"curies":[{"name":"wp","href":"https:\/\/api.w.org\/{rel}","templated":true}]}}