{"id":28397,"date":"2024-08-16T11:16:30","date_gmt":"2024-08-16T11:16:30","guid":{"rendered":"https:\/\/morstar.vn\/product\/coated-deadend\/"},"modified":"2024-12-10T07:19:07","modified_gmt":"2024-12-10T07:19:07","slug":"duong-cut-duoc-phu","status":"publish","type":"product","link":"https:\/\/morstar.vn\/vi\/san-pham\/duong-cut-duoc-phu\/","title":{"rendered":"Gi\u00e1p n\u00edu d\u00e2y b\u1ecdc"},"content":{"rendered":"<div style=\"text-align: center\"><img loading=\"lazy\" decoding=\"async\" src=\"https:\/\/morstar.vn\/wp-content\/uploads\/2024\/08\/coated-deadend-morstar.jpg\" alt=\"MORSTAR C\u1ed0T \u0110\u00c3 PH\u1ee6\" width=\"800\" height=\"316\" \/><\/div>\n<div style=\"text-align: center\"><img loading=\"lazy\" decoding=\"async\" src=\"https:\/\/morstar.vn\/wp-content\/uploads\/2024\/08\/img_1634.jpg\" alt=\"\u1ea2nh 1634\" width=\"800\" height=\"601\" \/><\/div>\n<table>\n<tbody>\n<tr>\n<td width=\"125\"><strong>M\u00e3 hi\u1ec7u s\u1ea3n ph\u1ea9m\u00a0 \u00a0 Catalog Number<\/strong><\/td>\n<td width=\"125\"><strong>\u0110\u01b0\u1eddng k\u00ednh d\u00e2y d\u1eabn\u00a0 Conductor Range<\/strong><\/td>\n<td width=\"125\"><strong>Chi\u1ec1u d\u00e0i \u00e1p d\u1ee5ng\u00a0 \u00a0 \u00a0Applied Length (mm)<\/strong><\/td>\n<td width=\"125\"><strong>Tr\u1ecdng l\u01b0\u1ee3ng\u00a0 \u00a0 \u00a0 \u00a0 \u00a0 \u00a0 \u00a0 \u00a0Weight (kg)<\/strong><\/td>\n<td width=\"125\"><strong>M\u00e3 m\u00e0u\u00a0 \u00a0 \u00a0 \u00a0 \u00a0 \u00a0 \u00a0 \u00a0 \u00a0 \u00a0 \u00a0 \u00a0 Color Code<\/strong><\/td>\n<\/tr>\n<tr>\n<td width=\"125\">IDE-0506<\/td>\n<td width=\"125\">5.80~6.53<\/td>\n<td width=\"125\">470<\/td>\n<td width=\"125\">0.1<\/td>\n<td width=\"125\">Cam (Orange)<\/td>\n<\/tr>\n<tr>\n<td width=\"125\">IDE-0607<\/td>\n<td width=\"125\">6.54~7.34<\/td>\n<td width=\"125\">545<\/td>\n<td width=\"125\">0.2<\/td>\n<td width=\"125\">V\u00e0ng (Yellow)<\/td>\n<\/tr>\n<tr>\n<td width=\"125\">IDE-0809<\/td>\n<td width=\"125\">8.27~9.24<\/td>\n<td width=\"125\">700<\/td>\n<td width=\"125\">0.2<\/td>\n<td width=\"125\">Xanh l\u00e1 (Green)<\/td>\n<\/tr>\n<tr>\n<td width=\"125\">IDE-0910<\/td>\n<td width=\"125\">9.25~10.38<\/td>\n<td width=\"125\">700<\/td>\n<td width=\"125\">0.25<\/td>\n<td width=\"125\">V\u00e0ng (Yellow)<\/td>\n<\/tr>\n<tr>\n<td width=\"125\">IDE-1011<\/td>\n<td width=\"125\">10.40~11.68<\/td>\n<td width=\"125\">735<\/td>\n<td width=\"125\">0.4<\/td>\n<td width=\"125\">Xanh d\u01b0\u01a1ng (Blue)<\/td>\n<\/tr>\n<tr>\n<td width=\"125\">IDE-1113<\/td>\n<td width=\"125\">11.68~13.10<\/td>\n<td width=\"125\">800<\/td>\n<td width=\"125\">0.5<\/td>\n<td width=\"125\">Cam (Orange)<\/td>\n<\/tr>\n<tr>\n<td width=\"125\">IDE-1314<\/td>\n<td width=\"125\">13.11~14.66<\/td>\n<td width=\"125\">870<\/td>\n<td width=\"125\">0.6<\/td>\n<td width=\"125\">T\u00edm (Purple)<\/td>\n<\/tr>\n<tr>\n<td width=\"125\">IDE-1416<\/td>\n<td width=\"125\">14.67~16.59<\/td>\n<td width=\"125\">900<\/td>\n<td width=\"125\">0.8<\/td>\n<td width=\"125\">Xanh d\u01b0\u01a1ng (Blue)<\/td>\n<\/tr>\n<tr>\n<td width=\"125\">IDE-1618<\/td>\n<td width=\"125\">16.60~18.77<\/td>\n<td width=\"125\">930<\/td>\n<td width=\"125\">1.1<\/td>\n<td width=\"125\">\u0110\u1ecf (Red)<\/td>\n<\/tr>\n<tr>\n<td width=\"125\">IDE-1922<\/td>\n<td width=\"125\">19.50~22.90<\/td>\n<td width=\"125\">1100<\/td>\n<td width=\"125\">1.5<\/td>\n<td width=\"125\">N\u00e2u (Brown)<\/td>\n<\/tr>\n<tr>\n<td width=\"125\">IDE-2023<\/td>\n<td width=\"125\">23.1~23.4<\/td>\n<td width=\"125\">1100<\/td>\n<td width=\"125\">2.0<\/td>\n<td width=\"125\">V\u00e0ng (Yellow)<\/td>\n<\/tr>\n<tr>\n<td width=\"125\">IDE-2225<\/td>\n<td width=\"125\">24.6~25.1<\/td>\n<td width=\"125\">1180<\/td>\n<td width=\"125\">2.2<\/td>\n<td width=\"125\">N\u00e2u (Brown)<\/td>\n<\/tr>\n<tr>\n<td width=\"125\">IDE-2427<\/td>\n<td width=\"125\">26.8~27.2<\/td>\n<td width=\"125\">1200<\/td>\n<td width=\"125\">2.2<\/td>\n<td width=\"125\">\u0110\u1ecf (Red)<\/td>\n<\/tr>\n<tr>\n<td width=\"125\">IDE-2628<\/td>\n<td width=\"125\">28.2~28.7<\/td>\n<td width=\"125\">1240<\/td>\n<td width=\"125\">2.8<\/td>\n<td width=\"125\">Xanh d\u01b0\u01a1ng (Blue)<\/td>\n<\/tr>\n<tr>\n<td width=\"125\">IDE-2730<\/td>\n<td width=\"125\">29.9~30.6<\/td>\n<td width=\"125\">1300<\/td>\n<td width=\"125\">2.8<\/td>\n<td width=\"125\">Cam (Orange)<\/td>\n<\/tr>\n<tr>\n<td width=\"125\">IDE-3033<\/td>\n<td width=\"125\">32.2~33.0<\/td>\n<td width=\"125\">1350<\/td>\n<td width=\"125\">2.8<\/td>\n<td width=\"125\">\u0110en (Black)<\/td>\n<\/tr>\n<tr>\n<td width=\"125\">IDE-3437<\/td>\n<td width=\"125\">34.9~35.5<\/td>\n<td width=\"125\">1390<\/td>\n<td width=\"125\">2.8<\/td>\n<td width=\"125\">Xanh l\u00e1 (Green)<\/td>\n<\/tr>\n<tr>\n<td width=\"125\">IDE-3439<\/td>\n<td width=\"125\">36.60~39.73<\/td>\n<td width=\"125\">1450<\/td>\n<td width=\"125\">2.8<\/td>\n<td width=\"125\">Xanh ng\u1ecdc<\/td>\n<\/tr>\n<\/tbody>\n<\/table>\n<h2><strong><span style=\"color: #0000ff\">H\u01af\u1edaNG D\u1eaaN \u0110\u1eb6T H\u00c0NG:<\/span><\/strong><\/h2>\n<ul>\n<li><img loading=\"lazy\" decoding=\"async\" src=\"UsersIT1AppDataLocalTempmsohtmlclip1\ufffd1clip_image001.gif\" alt=\"\" width=\"7\" height=\"7\" \/>B\u1ea3ng cung c\u1ea5p ch\u1ec9 hi\u1ec3n th\u1ecb c\u00e1c s\u1ea3n ph\u1ea9m Ti\u00eau chu\u1ea9n c\u1ee7a ch\u00fang t\u00f4i. C\u00e1c s\u1ea3n ph\u1ea9m Ti\u00eau chu\u1ea9n d\u00e0nh cho ng\u01b0\u1eddi n\u1eb1m b\u00ean ph\u1ea3i.<\/li>\n<li><img loading=\"lazy\" decoding=\"async\" src=\"UsersIT1AppDataLocalTempmsohtmlclip1\ufffd1clip_image003.gif\" alt=\"\" width=\"7\" height=\"7\" \/>Ch\u00fang t\u00f4i c\u00f3 quy\u1ec1n thay \u0111\u1ed5i S\u1ea3n ph\u1ea9m Ti\u00eau chu\u1ea9n c\u1ee7a m\u00ecnh m\u00e0 kh\u00f4ng c\u1ea7n th\u00f4ng b\u00e1o \u0111\u1ec3 c\u1ea3i thi\u1ec7n Ch\u1ea5t l\u01b0\u1ee3ng v\u00e0 Hi\u1ec7u su\u1ea5t.<\/li>\n<li><img loading=\"lazy\" decoding=\"async\" src=\"UsersIT1AppDataLocalTempmsohtmlclip1\ufffd1clip_image001.gif\" alt=\"\" width=\"7\" height=\"7\" \/>C\u00f3 th\u1ec3 \u0111\u1eb7t h\u00e0ng \u0111\u1eb7c bi\u1ec7t theo y\u00eau c\u1ea7u. Vui l\u00f2ng cung c\u1ea5p y\u00eau c\u1ea7u c\u1ee7a b\u1ea1n, ch\u1eb3ng h\u1ea1n nh\u01b0 lo\u1ea1i v\u1eadt li\u1ec7u, h\u01b0\u1edbng xo\u1eafn \u1ed1c, chi\u1ec1u d\u00e0i, k\u1eb9p, RTS, v.v.<\/li>\n<\/ul>","protected":false},"excerpt":{"rendered":"<p><span style=\"color: #0000ff\"><strong><span style=\"font-size: 14px\">\u0110\u01af\u1ee2C S\u1eec D\u1ee4NG TR\u00caN: C\u00c1P C\u00d3 V\u1ece B\u1eccC<\/span><\/strong><\/span><\/p>\n<p>Gi\u00e1p n\u00e9o d\u00e2y b\u1ecdc \u0111\u01b0\u1ee3c l\u00e0m b\u1eb1ng d\u00e2y h\u1ee3p kim nh\u00f4m v\u1edbi l\u1edbp ph\u1ee7 neoprene \u1edf c\u1ea3 hai ch\u00e2n \u0111\u1ec3 b\u1ea3o v\u1ec7 b\u1ec1 m\u1eb7t c\u00e1p c\u00f3 v\u1ecf b\u1ecdc. \u0110\u1ed9 b\u1ec1n gi\u1eef c\u1ee7a gi\u00e1p n\u00e9o d\u00e2y b\u1ecdc ph\u1ee5 thu\u1ed9c v\u00e0o s\u1ef1 k\u1ebft h\u1ee3p c\u1ee7a nhi\u1ec1u y\u1ebfu t\u1ed1 bao g\u1ed3m k\u00edch th\u01b0\u1edbc c\u1ee7a d\u00e2y d\u1eabn, v\u1eadt li\u1ec7u v\u1ecf b\u1ecdc, \u0111\u1ed9 d\u00e0y c\u1ee7a v\u1ecf b\u1ecdc, v.v.<\/p>\n<p>&nbsp;<\/p>","protected":false},"featured_media":30979,"comment_status":"closed","ping_status":"closed","template":"","meta":{"inline_featured_image":false},"product_brand":[],"product_cat":[86,277,287],"product_tag":[],"class_list":{"0":"post-28397","1":"product","2":"type-product","3":"status-publish","4":"has-post-thumbnail","6":"product_cat-industrial-electric","7":"product_cat-manufacturing-products","8":"product_cat-helical-products","10":"first","11":"instock","12":"product-type-simple"},"_links":{"self":[{"href":"https:\/\/morstar.vn\/vi\/wp-json\/wp\/v2\/product\/28397","targetHints":{"allow":["GET"]}}],"collection":[{"href":"https:\/\/morstar.vn\/vi\/wp-json\/wp\/v2\/product"}],"about":[{"href":"https:\/\/morstar.vn\/vi\/wp-json\/wp\/v2\/types\/product"}],"replies":[{"embeddable":true,"href":"https:\/\/morstar.vn\/vi\/wp-json\/wp\/v2\/comments?post=28397"}],"wp:featuredmedia":[{"embeddable":true,"href":"https:\/\/morstar.vn\/vi\/wp-json\/wp\/v2\/media\/30979"}],"wp:attachment":[{"href":"https:\/\/morstar.vn\/vi\/wp-json\/wp\/v2\/media?parent=28397"}],"wp:term":[{"taxonomy":"product_brand","embeddable":true,"href":"https:\/\/morstar.vn\/vi\/wp-json\/wp\/v2\/product_brand?post=28397"},{"taxonomy":"product_cat","embeddable":true,"href":"https:\/\/morstar.vn\/vi\/wp-json\/wp\/v2\/product_cat?post=28397"},{"taxonomy":"product_tag","embeddable":true,"href":"https:\/\/morstar.vn\/vi\/wp-json\/wp\/v2\/product_tag?post=28397"}],"curies":[{"name":"wp","href":"https:\/\/api.w.org\/{rel}","templated":true}]}}