{"id":28391,"date":"2024-08-16T11:16:30","date_gmt":"2024-08-16T11:16:30","guid":{"rendered":"https:\/\/morstar.vn\/product\/adss-deadend\/"},"modified":"2024-12-10T07:19:22","modified_gmt":"2024-12-10T07:19:22","slug":"adss-ngo-cut","status":"publish","type":"product","link":"https:\/\/morstar.vn\/vi\/san-pham\/adss-ngo-cut\/","title":{"rendered":"Gi\u00e1p n\u00edu ADSS"},"content":{"rendered":"<p>&nbsp;<\/p>\n<div style=\"text-align: center\"><img loading=\"lazy\" decoding=\"async\" src=\"https:\/\/morstar.vn\/wp-content\/uploads\/2024\/08\/adss-deadend-1.png\" alt=\"ADSS NG\u1eaeT 1\" width=\"900\" height=\"326\" \/><\/div>\n<table border=\"1\" width=\"486\" cellspacing=\"0\" cellpadding=\"0\" align=\"center\">\n<tbody>\n<tr>\n<td style=\"text-align: center\" rowspan=\"2\" width=\"81\" height=\"57\">Morstar #<\/td>\n<td style=\"text-align: center\" colspan=\"2\" width=\"162\">C\u00e1p<br \/>\nPh\u1ea1m vi OD<\/td>\n<td style=\"text-align: center\" colspan=\"2\" width=\"162\">T\u1ed5ng chi\u1ec1u d\u00e0i trong<\/td>\n<td style=\"text-align: center\" rowspan=\"2\" width=\"81\">M\u00e0u s\u1eafc<\/td>\n<\/tr>\n<tr>\n<td style=\"text-align: center\" width=\"81\" height=\"26\">inch<\/td>\n<td style=\"text-align: center\" width=\"81\">mm<\/td>\n<td style=\"text-align: center\" width=\"81\">inch<\/td>\n<td style=\"text-align: center\" width=\"81\">mm<\/td>\n<\/tr>\n<tr>\n<td style=\"text-align: center\" height=\"18\">ALT1010<\/td>\n<td style=\"text-align: center\">0.400-0.424<\/td>\n<td style=\"text-align: center\">10.1-10.7<\/td>\n<td style=\"text-align: center\">48<\/td>\n<td style=\"text-align: center\">1200<\/td>\n<td style=\"text-align: center\">\u0110en<\/td>\n<\/tr>\n<tr>\n<td style=\"text-align: center\" height=\"18\">ALT1011<\/td>\n<td style=\"text-align: center\">0.425-0.451<\/td>\n<td style=\"text-align: center\">10.7-11.4<\/td>\n<td style=\"text-align: center\">48<\/td>\n<td style=\"text-align: center\">1200<\/td>\n<td style=\"text-align: center\">M\u00e0u v\u00e0ng<\/td>\n<\/tr>\n<tr>\n<td style=\"text-align: center\" height=\"18\">ALT1112<\/td>\n<td style=\"text-align: center\">0.452-0.481<\/td>\n<td style=\"text-align: center\">11.4-12.2<\/td>\n<td style=\"text-align: center\">48<\/td>\n<td style=\"text-align: center\">1200<\/td>\n<td style=\"text-align: center\">M\u00e0u xanh l\u00e1<\/td>\n<\/tr>\n<tr>\n<td style=\"text-align: center\" height=\"18\">ALT1212<\/td>\n<td style=\"text-align: center\">0.482-0.510<\/td>\n<td style=\"text-align: center\">12.2-12.9<\/td>\n<td style=\"text-align: center\">48<\/td>\n<td style=\"text-align: center\">1200<\/td>\n<td style=\"text-align: center\">M\u00e0u cam<\/td>\n<\/tr>\n<tr>\n<td style=\"text-align: center\" height=\"18\">ALT1213<\/td>\n<td style=\"text-align: center\">0.511-0.542<\/td>\n<td style=\"text-align: center\">12.9-13.7<\/td>\n<td style=\"text-align: center\">48<\/td>\n<td style=\"text-align: center\">1200<\/td>\n<td style=\"text-align: center\">M\u00e0u xanh da tr\u1eddi<\/td>\n<\/tr>\n<tr>\n<td style=\"text-align: center\" height=\"18\">ALT1314<\/td>\n<td style=\"text-align: center\">0.543-0.577<\/td>\n<td style=\"text-align: center\">13.7-14.6<\/td>\n<td style=\"text-align: center\">48<\/td>\n<td style=\"text-align: center\">1200<\/td>\n<td style=\"text-align: center\">Tr\u1eafng<\/td>\n<\/tr>\n<tr>\n<td style=\"text-align: center\" height=\"18\">ALT1415<\/td>\n<td style=\"text-align: center\">0.578-0.613<\/td>\n<td style=\"text-align: center\">14.6-15.5<\/td>\n<td style=\"text-align: center\">48<\/td>\n<td style=\"text-align: center\">1200<\/td>\n<td style=\"text-align: center\">M\u00e0u \u0111\u1ecf<\/td>\n<\/tr>\n<tr>\n<td style=\"text-align: center\" height=\"18\">ALT1516<\/td>\n<td style=\"text-align: center\">0.614-0.651<\/td>\n<td style=\"text-align: center\">15.5-16.5<\/td>\n<td style=\"text-align: center\">48<\/td>\n<td style=\"text-align: center\">1200<\/td>\n<td style=\"text-align: center\">\u0110en<\/td>\n<\/tr>\n<tr>\n<td style=\"text-align: center\" height=\"18\">ALT1617<\/td>\n<td style=\"text-align: center\">0.652-0.692<\/td>\n<td style=\"text-align: center\">16.6-17.5<\/td>\n<td style=\"text-align: center\">48<\/td>\n<td style=\"text-align: center\">1200<\/td>\n<td style=\"text-align: center\">M\u00e0u v\u00e0ng<\/td>\n<\/tr>\n<tr>\n<td style=\"text-align: center\" height=\"18\">ALT1718<\/td>\n<td style=\"text-align: center\">0.693-.0737<\/td>\n<td style=\"text-align: center\">17.5-18.7<\/td>\n<td style=\"text-align: center\">48<\/td>\n<td style=\"text-align: center\">1200<\/td>\n<td style=\"text-align: center\">M\u00e0u xanh l\u00e1<\/td>\n<\/tr>\n<tr>\n<td style=\"text-align: center\" height=\"18\">ALT1819<\/td>\n<td style=\"text-align: center\">0.738-0.784<\/td>\n<td style=\"text-align: center\">18.7-19.9<\/td>\n<td style=\"text-align: center\">48<\/td>\n<td style=\"text-align: center\">1200<\/td>\n<td style=\"text-align: center\">M\u00e0u cam<\/td>\n<\/tr>\n<tr>\n<td style=\"text-align: center\" height=\"18\">ALT1921<\/td>\n<td style=\"text-align: center\">0.785-0.834<\/td>\n<td style=\"text-align: center\">19.9-21.1<\/td>\n<td style=\"text-align: center\">48<\/td>\n<td style=\"text-align: center\">1200<\/td>\n<td style=\"text-align: center\">M\u00e0u xanh da tr\u1eddi<\/td>\n<\/tr>\n<tr>\n<td style=\"text-align: center\" height=\"18\">ALT2121<\/td>\n<td style=\"text-align: center\">0.835-0.889<\/td>\n<td style=\"text-align: center\">21.2-21.5<\/td>\n<td style=\"text-align: center\">48<\/td>\n<td style=\"text-align: center\">1200<\/td>\n<td style=\"text-align: center\">Tr\u1eafng<\/td>\n<\/tr>\n<tr>\n<td style=\"text-align: center\" height=\"18\">ALT2224<\/td>\n<td style=\"text-align: center\">0.890-0.845<\/td>\n<td style=\"text-align: center\">22.6-24.0<\/td>\n<td style=\"text-align: center\">48<\/td>\n<td style=\"text-align: center\">1200<\/td>\n<td style=\"text-align: center\">M\u00e0u \u0111\u1ecf<\/td>\n<\/tr>\n<tr>\n<td style=\"text-align: center\" height=\"18\">ALT2425<\/td>\n<td style=\"text-align: center\">0.946-1.007<\/td>\n<td style=\"text-align: center\">24.0-25.5<\/td>\n<td style=\"text-align: center\">48<\/td>\n<td style=\"text-align: center\">1200<\/td>\n<td style=\"text-align: center\">\u0110en<\/td>\n<\/tr>\n<tr>\n<td style=\"text-align: center\" height=\"18\">ALT2527<\/td>\n<td style=\"text-align: center\">1.008-1.073<\/td>\n<td style=\"text-align: center\">25.6-27.2<\/td>\n<td style=\"text-align: center\">60<\/td>\n<td style=\"text-align: center\">1500<\/td>\n<td style=\"text-align: center\">M\u00e0u v\u00e0ng<\/td>\n<\/tr>\n<tr>\n<td style=\"text-align: center\" height=\"18\">ALT2728<\/td>\n<td style=\"text-align: center\">1.074-1.140<\/td>\n<td style=\"text-align: center\">27.2-28.9<\/td>\n<td style=\"text-align: center\">60<\/td>\n<td style=\"text-align: center\">1500<\/td>\n<td style=\"text-align: center\">M\u00e0u xanh l\u00e1<\/td>\n<\/tr>\n<tr>\n<td style=\"text-align: center\" height=\"18\">ALT2830<\/td>\n<td style=\"text-align: center\">1.141-1.212<\/td>\n<td style=\"text-align: center\">28.9-30.7<\/td>\n<td style=\"text-align: center\">60<\/td>\n<td style=\"text-align: center\">1500<\/td>\n<td style=\"text-align: center\">M\u00e0u cam<\/td>\n<\/tr>\n<tr>\n<td style=\"text-align: center\" height=\"18\">ALT3032<\/td>\n<td style=\"text-align: center\">1.213-1.288<\/td>\n<td style=\"text-align: center\">30.8-32.5<\/td>\n<td style=\"text-align: center\">60<\/td>\n<td style=\"text-align: center\">1500<\/td>\n<td style=\"text-align: center\">M\u00e0u xanh da tr\u1eddi<\/td>\n<\/tr>\n<\/tbody>\n<\/table>\n<div style=\"text-align: center\">L\u01b0u \u00fd: Thimble Clevis kh\u00f4ng \u0111\u01b0\u1ee3c bao g\u1ed3m v\u00e0 c\u1ea7n ph\u1ea3i \u0111\u1eb7t h\u00e0ng ri\u00eang<\/div>\n<p>&nbsp;<\/p>\n<table border=\"1\" width=\"486\" cellspacing=\"0\" cellpadding=\"0\" align=\"center\">\n<tbody>\n<tr>\n<td style=\"text-align: center\" rowspan=\"2\" width=\"81\" height=\"58\">Morstar #<\/td>\n<td style=\"text-align: center\" colspan=\"2\" width=\"162\">C\u00e1p<br \/>\nPh\u1ea1m vi OD<\/td>\n<td style=\"text-align: center\" colspan=\"2\" width=\"162\">T\u1ed5ng chi\u1ec1u d\u00e0i trong<\/td>\n<td style=\"text-align: center\" rowspan=\"2\" width=\"81\">M\u00e0u s\u1eafc<\/td>\n<\/tr>\n<tr>\n<td style=\"text-align: center\" width=\"81\" height=\"26\">(inch)<\/td>\n<td style=\"text-align: center\" width=\"81\">(mm)<\/td>\n<td style=\"text-align: center\" width=\"81\">inch<\/td>\n<td style=\"text-align: center\" width=\"81\">mm<\/td>\n<\/tr>\n<tr>\n<td style=\"text-align: center\" height=\"18\">AMT1213<\/td>\n<td style=\"text-align: center\">0.511-0.542<\/td>\n<td style=\"text-align: center\">12.9-13.7<\/td>\n<td style=\"text-align: center\">85<\/td>\n<td style=\"text-align: center\">2200<\/td>\n<td style=\"text-align: center\">M\u00e0u xanh da tr\u1eddi<\/td>\n<\/tr>\n<tr>\n<td style=\"text-align: center\" height=\"18\">AMT1314<\/td>\n<td style=\"text-align: center\">0.543-0.577<\/td>\n<td style=\"text-align: center\">13.7-14.6<\/td>\n<td style=\"text-align: center\">85<\/td>\n<td style=\"text-align: center\">2200<\/td>\n<td style=\"text-align: center\">Tr\u1eafng<\/td>\n<\/tr>\n<tr>\n<td style=\"text-align: center\" height=\"18\">AMT1415<\/td>\n<td style=\"text-align: center\">0.578-0.613<\/td>\n<td style=\"text-align: center\">14.6-15.5<\/td>\n<td style=\"text-align: center\">85<\/td>\n<td style=\"text-align: center\">2200<\/td>\n<td style=\"text-align: center\">M\u00e0u \u0111\u1ecf<\/td>\n<\/tr>\n<tr>\n<td style=\"text-align: center\" height=\"18\">AMT1516<\/td>\n<td style=\"text-align: center\">0.614-0.651<\/td>\n<td style=\"text-align: center\">15.5-16.5<\/td>\n<td style=\"text-align: center\">85<\/td>\n<td style=\"text-align: center\">2200<\/td>\n<td style=\"text-align: center\">\u0110en<\/td>\n<\/tr>\n<tr>\n<td style=\"text-align: center\" height=\"18\">AMT1617<\/td>\n<td style=\"text-align: center\">0.652-0.692<\/td>\n<td style=\"text-align: center\">16.5-17.5<\/td>\n<td style=\"text-align: center\">85<\/td>\n<td style=\"text-align: center\">2200<\/td>\n<td style=\"text-align: center\">M\u00e0u v\u00e0ng<\/td>\n<\/tr>\n<tr>\n<td style=\"text-align: center\" height=\"18\">AMT1718<\/td>\n<td style=\"text-align: center\">0.693-0.737<\/td>\n<td style=\"text-align: center\">17.6-18.7<\/td>\n<td style=\"text-align: center\">85<\/td>\n<td style=\"text-align: center\">2200<\/td>\n<td style=\"text-align: center\">M\u00e0u xanh l\u00e1<\/td>\n<\/tr>\n<tr>\n<td style=\"text-align: center\" height=\"18\">AMT1819<\/td>\n<td style=\"text-align: center\">0.738-0.784<\/td>\n<td style=\"text-align: center\">18.7-19.9<\/td>\n<td style=\"text-align: center\">85<\/td>\n<td style=\"text-align: center\">2200<\/td>\n<td style=\"text-align: center\">M\u00e0u cam<\/td>\n<\/tr>\n<tr>\n<td style=\"text-align: center\" height=\"18\">AMT1921<\/td>\n<td style=\"text-align: center\">0.785-0.834<\/td>\n<td style=\"text-align: center\">19.9-21.1<\/td>\n<td style=\"text-align: center\">90<\/td>\n<td style=\"text-align: center\">2300<\/td>\n<td style=\"text-align: center\">M\u00e0u xanh da tr\u1eddi<\/td>\n<\/tr>\n<tr>\n<td style=\"text-align: center\" height=\"18\">AMT2122<\/td>\n<td style=\"text-align: center\">0.835-0.889<\/td>\n<td style=\"text-align: center\">21.2-22.5<\/td>\n<td style=\"text-align: center\">90<\/td>\n<td style=\"text-align: center\">2300<\/td>\n<td style=\"text-align: center\">Tr\u1eafng<\/td>\n<\/tr>\n<tr>\n<td style=\"text-align: center\" height=\"18\">AMT2224<\/td>\n<td style=\"text-align: center\">0.890-0.945<\/td>\n<td style=\"text-align: center\">22.6-24.0<\/td>\n<td style=\"text-align: center\">95<\/td>\n<td style=\"text-align: center\">2400<\/td>\n<td style=\"text-align: center\">M\u00e0u \u0111\u1ecf<\/td>\n<\/tr>\n<tr>\n<td style=\"text-align: center\" height=\"18\">AMT2425<\/td>\n<td style=\"text-align: center\">0.946-1.007<\/td>\n<td style=\"text-align: center\">24.0-25.5<\/td>\n<td style=\"text-align: center\">95<\/td>\n<td style=\"text-align: center\">2400<\/td>\n<td style=\"text-align: center\">\u0110en<\/td>\n<\/tr>\n<tr>\n<td style=\"text-align: center\" height=\"18\">AMT2527<\/td>\n<td style=\"text-align: center\">1.008-1.073<\/td>\n<td style=\"text-align: center\">25.6-27.2<\/td>\n<td style=\"text-align: center\">97<\/td>\n<td style=\"text-align: center\">2500<\/td>\n<td style=\"text-align: center\">M\u00e0u t\u00edm<\/td>\n<\/tr>\n<tr>\n<td style=\"text-align: center\" height=\"18\">AMT2728<\/td>\n<td style=\"text-align: center\">1.074-1.140<\/td>\n<td style=\"text-align: center\">27.2-28.9<\/td>\n<td style=\"text-align: center\">100<\/td>\n<td style=\"text-align: center\">2500<\/td>\n<td style=\"text-align: center\">H\u1ed3ng<\/td>\n<\/tr>\n<tr>\n<td style=\"text-align: center\" height=\"18\">AMT2830<\/td>\n<td style=\"text-align: center\">1.141-1.212<\/td>\n<td style=\"text-align: center\">28.9-30.7<\/td>\n<td style=\"text-align: center\">103<\/td>\n<td style=\"text-align: center\">2600<\/td>\n<td style=\"text-align: center\">M\u00e0u n\u00e2u<\/td>\n<\/tr>\n<tr>\n<td style=\"text-align: center\" height=\"18\">AMT3032<\/td>\n<td style=\"text-align: center\">1.213-1.288<\/td>\n<td style=\"text-align: center\">30.8-32.5<\/td>\n<td style=\"text-align: center\">105<\/td>\n<td style=\"text-align: center\">2700<\/td>\n<td style=\"text-align: center\">M\u00e0u cam<\/td>\n<\/tr>\n<\/tbody>\n<\/table>\n<div style=\"text-align: center\">L\u01b0u \u00fd: Thimble Clevis kh\u00f4ng \u0111\u01b0\u1ee3c bao g\u1ed3m v\u00e0 c\u1ea7n ph\u1ea3i \u0111\u1eb7t h\u00e0ng ri\u00eang<\/div>\n<h2><strong>H\u01af\u1edaNG D\u1eaaN \u0110\u1eb6T H\u00c0NG:<\/strong><\/h2>\n<ul>\n<li>B\u1ea3ng \u0111\u01b0\u1ee3c cung c\u1ea5p ch\u1ec9 hi\u1ec3n th\u1ecb c\u00e1c s\u1ea3n ph\u1ea9m Ti\u00eau chu\u1ea9n c\u1ee7a ch\u00fang t\u00f4i.<\/li>\n<li>S\u1ea3n ph\u1ea9m ti\u00eau chu\u1ea9n d\u00e0nh cho ng\u01b0\u1eddi thu\u1eadn tay tr\u00e1i.<\/li>\n<li>Ch\u00fang t\u00f4i c\u00f3 quy\u1ec1n thay \u0111\u1ed5i S\u1ea3n ph\u1ea9m Ti\u00eau chu\u1ea9n c\u1ee7a m\u00ecnh m\u00e0 kh\u00f4ng c\u1ea7n th\u00f4ng b\u00e1o \u0111\u1ec3 c\u1ea3i thi\u1ec7n Ch\u1ea5t l\u01b0\u1ee3ng v\u00e0 Hi\u1ec7u su\u1ea5t.<\/li>\n<li>S\u1ea3n ph\u1ea9m \u0110\u1eb7t h\u00e0ng \u0111\u1eb7c bi\u1ec7t c\u00f3 s\u1eb5n theo y\u00eau c\u1ea7u. Vui l\u00f2ng cung c\u1ea5p y\u00eau c\u1ea7u c\u1ee7a b\u1ea1n, ch\u1eb3ng h\u1ea1n nh\u01b0 lo\u1ea1i v\u1eadt li\u1ec7u, h\u01b0\u1edbng xo\u1eafn \u1ed1c, chi\u1ec1u d\u00e0i, l\u1ef1c k\u1eb9p, RST, v.v.<\/li>\n<\/ul>","protected":false},"excerpt":{"rendered":"<p><strong>M\u1ed6I B\u1ed8 BAO G\u1ed2M:<\/strong><\/p>\n<p>Tay c\u1ea7m Deadend \u2013 Th\u00e9p b\u1ecdc nh\u00f4m (tay ph\u1ea3i)<br \/>\nThanh gia c\u1ed1 b\u00ean trong - Th\u00e9p b\u1ecdc nh\u00f4m (b\u00ean tr\u00e1i)<br \/>\nCh\u1ed1t thimble (T\u00f9y ch\u1ecdn) \u2013 Th\u00e9p m\u1ea1 k\u1ebdm.<\/p>\n<p>&nbsp;<\/p>","protected":false},"featured_media":31049,"comment_status":"closed","ping_status":"closed","template":"","meta":{"inline_featured_image":false},"product_brand":[],"product_cat":[86,277,287],"product_tag":[],"class_list":{"0":"post-28391","1":"product","2":"type-product","3":"status-publish","4":"has-post-thumbnail","6":"product_cat-industrial-electric","7":"product_cat-manufacturing-products","8":"product_cat-helical-products","10":"first","11":"instock","12":"product-type-simple"},"_links":{"self":[{"href":"https:\/\/morstar.vn\/vi\/wp-json\/wp\/v2\/product\/28391","targetHints":{"allow":["GET"]}}],"collection":[{"href":"https:\/\/morstar.vn\/vi\/wp-json\/wp\/v2\/product"}],"about":[{"href":"https:\/\/morstar.vn\/vi\/wp-json\/wp\/v2\/types\/product"}],"replies":[{"embeddable":true,"href":"https:\/\/morstar.vn\/vi\/wp-json\/wp\/v2\/comments?post=28391"}],"wp:featuredmedia":[{"embeddable":true,"href":"https:\/\/morstar.vn\/vi\/wp-json\/wp\/v2\/media\/31049"}],"wp:attachment":[{"href":"https:\/\/morstar.vn\/vi\/wp-json\/wp\/v2\/media?parent=28391"}],"wp:term":[{"taxonomy":"product_brand","embeddable":true,"href":"https:\/\/morstar.vn\/vi\/wp-json\/wp\/v2\/product_brand?post=28391"},{"taxonomy":"product_cat","embeddable":true,"href":"https:\/\/morstar.vn\/vi\/wp-json\/wp\/v2\/product_cat?post=28391"},{"taxonomy":"product_tag","embeddable":true,"href":"https:\/\/morstar.vn\/vi\/wp-json\/wp\/v2\/product_tag?post=28391"}],"curies":[{"name":"wp","href":"https:\/\/api.w.org\/{rel}","templated":true}]}}