{"id":28385,"date":"2024-08-16T11:16:30","date_gmt":"2024-08-16T11:16:30","guid":{"rendered":"https:\/\/morstar.vn\/product\/guy-deadend\/"},"modified":"2024-12-10T07:16:26","modified_gmt":"2024-12-10T07:16:26","slug":"anh-chang-ngo-cut","status":"publish","type":"product","link":"https:\/\/morstar.vn\/vi\/san-pham\/anh-chang-ngo-cut\/","title":{"rendered":"Gi\u00e1p n\u00edu c\u00e1p th\u00e9p tr\u1ea7n"},"content":{"rendered":"<div style=\"text-align: center\"><img loading=\"lazy\" decoding=\"async\" src=\"https:\/\/morstar.vn\/wp-content\/uploads\/2024\/08\/guy-deadend.jpg\" alt=\"anh ch\u00e0ng ng\u00f5 c\u1ee5t\" width=\"700\" height=\"467\" \/><\/div>\n<p>&nbsp;<\/p>\n<table>\n<tbody>\n<tr>\n<td rowspan=\"2\" width=\"101\">Morstar #<\/td>\n<td colspan=\"2\" width=\"202\">Ph\u1ea1m vi d\u1eabn mm<\/td>\n<td rowspan=\"2\" width=\"101\">Chi\u1ec1u d\u00e0i \u00e1p d\u1ee5ng mm<\/td>\n<td rowspan=\"2\" width=\"101\">\u0110\u01a1n v\u1ecb m\u1ed7i th\u00f9ng carton<\/td>\n<td rowspan=\"2\" width=\"101\">C\u00e2n n\u1eb7ng Kg<\/td>\n<td rowspan=\"2\" width=\"101\">M\u00e3 m\u00e0u<\/td>\n<\/tr>\n<tr>\n<td width=\"101\">T\u1ed1i thi\u1ec3u<\/td>\n<td width=\"101\">T\u1ed1i \u0111a<\/td>\n<\/tr>\n<tr>\n<td width=\"101\">SGG- 0689<\/td>\n<td width=\"101\">6.55<\/td>\n<td width=\"101\">6.89<\/td>\n<td width=\"101\">635<\/td>\n<td width=\"101\">50<\/td>\n<td width=\"101\">0.2<\/td>\n<td width=\"101\">M\u00e0u v\u00e0ng<\/td>\n<\/tr>\n<tr>\n<td width=\"101\">SGG- 0709<\/td>\n<td width=\"101\">7.00<\/td>\n<td width=\"101\">9.00<\/td>\n<td width=\"101\">710<\/td>\n<td width=\"101\">50<\/td>\n<td width=\"101\">0.3<\/td>\n<td width=\"101\">\u0110en<\/td>\n<\/tr>\n<tr>\n<td width=\"101\">SGG- 0810<\/td>\n<td width=\"101\">8.50<\/td>\n<td width=\"101\">10.50<\/td>\n<td width=\"101\">900<\/td>\n<td width=\"101\">30<\/td>\n<td width=\"101\">0.5<\/td>\n<td width=\"101\">M\u00e0u cam<\/td>\n<\/tr>\n<tr>\n<td width=\"101\">SGG- 0910<\/td>\n<td width=\"101\">10.30<\/td>\n<td width=\"101\">10.50<\/td>\n<td width=\"101\">1015<\/td>\n<td width=\"101\">30<\/td>\n<td width=\"101\">0.8<\/td>\n<td width=\"101\">M\u00e0u xanh l\u00e1<\/td>\n<\/tr>\n<tr>\n<td width=\"101\">SGG- 1254<\/td>\n<td width=\"101\">11.85<\/td>\n<td width=\"101\">12.54<\/td>\n<td width=\"101\">1335<\/td>\n<td width=\"101\">20<\/td>\n<td width=\"101\">1.7<\/td>\n<td width=\"101\">M\u00e0u cam<\/td>\n<\/tr>\n<tr>\n<td width=\"101\">SGG- 1310<\/td>\n<td width=\"101\">12.55<\/td>\n<td width=\"101\">13.10<\/td>\n<td width=\"101\">1335<\/td>\n<td width=\"101\">20<\/td>\n<td width=\"101\">1.7<\/td>\n<td width=\"101\">M\u00e0u v\u00e0ng<\/td>\n<\/tr>\n<tr>\n<td width=\"101\">SGG- 1397<\/td>\n<td width=\"101\">13.11<\/td>\n<td width=\"101\">13.97<\/td>\n<td width=\"101\">1460<\/td>\n<td width=\"101\">10<\/td>\n<td width=\"101\">2.2<\/td>\n<td width=\"101\">M\u00e0u xanh da tr\u1eddi<\/td>\n<\/tr>\n<\/tbody>\n<\/table>\n<h2><span style=\"color: #0000ff\"><strong>H\u01af\u1edaNG D\u1eaaN \u0110\u1eb6T H\u00c0NG:<\/strong><\/span><\/h2>\n<ul>\n<li><img loading=\"lazy\" decoding=\"async\" src=\"UsersIT1AppDataLocalTempmsohtmlclip1\ufffd1clip_image001.gif\" alt=\"\" width=\"8\" height=\"7\" \/>B\u1ea3ng cung c\u1ea5p ch\u1ec9 hi\u1ec3n th\u1ecb c\u00e1c s\u1ea3n ph\u1ea9m Ti\u00eau chu\u1ea9n c\u1ee7a ch\u00fang t\u00f4i. C\u00e1c s\u1ea3n ph\u1ea9m Ti\u00eau chu\u1ea9n d\u00e0nh cho ng\u01b0\u1eddi ch\u1ec9 huy b\u00ean ph\u1ea3i.<\/li>\n<li><img loading=\"lazy\" decoding=\"async\" src=\"UsersIT1AppDataLocalTempmsohtmlclip1\ufffd1clip_image001.gif\" alt=\"\" width=\"8\" height=\"7\" \/>Ch\u00fang t\u00f4i c\u00f3 quy\u1ec1n thay \u0111\u1ed5i S\u1ea3n ph\u1ea9m Ti\u00eau chu\u1ea9n c\u1ee7a m\u00ecnh m\u00e0 kh\u00f4ng c\u1ea7n th\u00f4ng b\u00e1o \u0111\u1ec3 c\u1ea3i thi\u1ec7n Ch\u1ea5t l\u01b0\u1ee3ng v\u00e0 Hi\u1ec7u su\u1ea5t.<\/li>\n<li><img loading=\"lazy\" decoding=\"async\" src=\"UsersIT1AppDataLocalTempmsohtmlclip1\ufffd1clip_image003.gif\" alt=\"\" width=\"8\" height=\"7\" \/>C\u00f3 th\u1ec3 \u0111\u1eb7t h\u00e0ng \u0111\u1eb7c bi\u1ec7t theo y\u00eau c\u1ea7u. Vui l\u00f2ng cung c\u1ea5p y\u00eau c\u1ea7u c\u1ee7a b\u1ea1n, ch\u1eb3ng h\u1ea1n nh\u01b0 lo\u1ea1i v\u1eadt li\u1ec7u, h\u01b0\u1edbng xo\u1eafn \u1ed1c, chi\u1ec1u d\u00e0i, k\u1eb9p, RTS, v.v.<\/li>\n<\/ul>","protected":false},"excerpt":{"rendered":"<h6><strong><span style=\"color: #0000ff\"><span style=\"font-size: 14px\">\u0110\u01af\u1ee2C S\u1eec D\u1ee4NG TR\u00caN: D\u00c2Y C\u00c1NH V\u00c0 C\u00c1C LO\u1ea0I D\u00c2Y C\u00d3 \u0110\u1ed8 B\u1ec0N CAO KH\u00c1C NHAU<\/span><\/span><\/strong><\/h6>\n<p>Gi\u00e1p n\u00e9o c\u00e1p th\u00e9p tr\u1ea7n \u0111\u01b0\u1ee3c thi\u1ebft k\u1ebf \u0111\u1ec3 s\u1eed d\u1ee5ng tr\u00ean c\u00e1c c\u1ed9t g\u1ed7 \u0111\u01a1n li\u00ean quan \u0111\u1ebfn k\u1ebft c\u1ea5u ph\u00e2n ph\u1ed1i. Ch\u00fang \u0111\u01b0\u1ee3c l\u00e0m b\u1eb1ng c\u00f9ng v\u1eadt li\u1ec7u v\u1edbi v\u1eadt li\u1ec7u m\u00e0 ch\u00fang \u0111\u01b0\u1ee3c \u00e1p d\u1ee5ng<\/p>\n<p>\u2022 \u0110\u01b0\u1ee3c \u0111\u00e1nh gi\u00e1 \u1edf m\u1ee9c 100% \u0111\u1ed9 b\u1ec1n \u0111\u1ee9t \u0111\u01b0\u1ee3c c\u00f4ng b\u1ed1 c\u1ee7a s\u1ee3i.<br \/>\n\u2022 Ch\u1ec9 s\u1eed d\u1ee5ng m\u1ed9t l\u1ea7n nh\u01b0ng c\u00f3 th\u1ec3 c\u00e0i \u0111\u1eb7t l\u1ea1i hai l\u1ea7n trong v\u00f2ng 90 ng\u00e0y.<\/p>","protected":false},"featured_media":30981,"comment_status":"closed","ping_status":"closed","template":"","meta":{"inline_featured_image":false},"product_brand":[],"product_cat":[277,287],"product_tag":[],"class_list":{"0":"post-28385","1":"product","2":"type-product","3":"status-publish","4":"has-post-thumbnail","6":"product_cat-manufacturing-products","7":"product_cat-helical-products","9":"first","10":"instock","11":"product-type-simple"},"_links":{"self":[{"href":"https:\/\/morstar.vn\/vi\/wp-json\/wp\/v2\/product\/28385","targetHints":{"allow":["GET"]}}],"collection":[{"href":"https:\/\/morstar.vn\/vi\/wp-json\/wp\/v2\/product"}],"about":[{"href":"https:\/\/morstar.vn\/vi\/wp-json\/wp\/v2\/types\/product"}],"replies":[{"embeddable":true,"href":"https:\/\/morstar.vn\/vi\/wp-json\/wp\/v2\/comments?post=28385"}],"wp:featuredmedia":[{"embeddable":true,"href":"https:\/\/morstar.vn\/vi\/wp-json\/wp\/v2\/media\/30981"}],"wp:attachment":[{"href":"https:\/\/morstar.vn\/vi\/wp-json\/wp\/v2\/media?parent=28385"}],"wp:term":[{"taxonomy":"product_brand","embeddable":true,"href":"https:\/\/morstar.vn\/vi\/wp-json\/wp\/v2\/product_brand?post=28385"},{"taxonomy":"product_cat","embeddable":true,"href":"https:\/\/morstar.vn\/vi\/wp-json\/wp\/v2\/product_cat?post=28385"},{"taxonomy":"product_tag","embeddable":true,"href":"https:\/\/morstar.vn\/vi\/wp-json\/wp\/v2\/product_tag?post=28385"}],"curies":[{"name":"wp","href":"https:\/\/api.w.org\/{rel}","templated":true}]}}