{"id":28382,"date":"2024-08-16T11:16:30","date_gmt":"2024-08-16T11:16:30","guid":{"rendered":"https:\/\/morstar.vn\/product\/metal-double-side-tie\/"},"modified":"2024-12-10T07:12:59","modified_gmt":"2024-12-10T07:12:59","slug":"ca-vat-kim-loai-hai-mat","status":"publish","type":"product","link":"https:\/\/morstar.vn\/vi\/san-pham\/ca-vat-kim-loai-hai-mat\/","title":{"rendered":"Gi\u00e1p bu\u1ed9c c\u1ed5 \u0111\u00f4i b\u1eb1ng kim lo\u1ea1i"},"content":{"rendered":"<p>&nbsp;<\/p>\n<table border=\"1\" width=\"648\" cellspacing=\"0\" cellpadding=\"0\" align=\"center\">\n<tbody>\n<tr>\n<td style=\"text-align: center;background-color: #003399\" rowspan=\"2\" width=\"81\" height=\"52\"><span style=\"color: #ffffff\">Morstar #<\/span><\/td>\n<td style=\"text-align: center;background-color: #003399\" colspan=\"4\" width=\"324\"><span style=\"color: #ffffff\">Ph\u1ea1m vi \u0111\u01b0\u1eddng k\u00ednh<\/span><\/td>\n<td style=\"text-align: center;background-color: #003399\" colspan=\"2\" width=\"162\"><span style=\"color: #ffffff\">Chi\u1ec1u d\u00e0i<\/span><\/td>\n<td style=\"text-align: center;background-color: #003399\" rowspan=\"2\" width=\"81\"><span style=\"color: #ffffff\">M\u00e0u s\u1eafc<\/span><\/td>\n<\/tr>\n<tr>\n<td style=\"text-align: center;background-color: #003399\" width=\"81\" height=\"26\"><span style=\"color: #ffffff\">\u00a0T\u1ed1i thi\u1ec3u trong\u00a0<\/span><\/td>\n<td style=\"text-align: center;background-color: #003399\" width=\"81\"><span style=\"color: #ffffff\">\u00a0T\u1ed1i \u0111a trong\u00a0<\/span><\/td>\n<td style=\"text-align: center;background-color: #003399\" width=\"81\"><span style=\"color: #ffffff\">T\u1ed1i thi\u1ec3u mm<\/span><\/td>\n<td style=\"text-align: center;background-color: #003399\" width=\"81\"><span style=\"color: #ffffff\">T\u1ed1i \u0111a mm<\/span><\/td>\n<td style=\"text-align: center;background-color: #003399\" width=\"81\"><span style=\"color: #ffffff\">inch<\/span><\/td>\n<td style=\"text-align: center;background-color: #003399\" width=\"81\"><span style=\"color: #ffffff\">mm<\/span><\/td>\n<\/tr>\n<tr>\n<td style=\"text-align: center\" height=\"18\">MSTD0607<\/td>\n<td style=\"text-align: center\">0.245<\/td>\n<td style=\"text-align: center\">0.277<\/td>\n<td style=\"text-align: center\">6.22<\/td>\n<td style=\"text-align: center\">7.04<\/td>\n<td style=\"text-align: center\">16<\/td>\n<td style=\"text-align: center\">406<\/td>\n<td style=\"text-align: center\">M\u00e0u cam<\/td>\n<\/tr>\n<tr>\n<td style=\"text-align: center\" height=\"18\">MSTD0708<\/td>\n<td style=\"text-align: center\">0.278<\/td>\n<td style=\"text-align: center\">0.315<\/td>\n<td style=\"text-align: center\">7.06<\/td>\n<td style=\"text-align: center\">8.00<\/td>\n<td style=\"text-align: center\">16<\/td>\n<td style=\"text-align: center\">406<\/td>\n<td style=\"text-align: center\">M\u00e0u t\u00edm<\/td>\n<\/tr>\n<tr>\n<td style=\"text-align: center\" height=\"18\">MSTD0809<\/td>\n<td style=\"text-align: center\">0.316<\/td>\n<td style=\"text-align: center\">0.357<\/td>\n<td style=\"text-align: center\">8.03<\/td>\n<td style=\"text-align: center\">9.07<\/td>\n<td style=\"text-align: center\">17<\/td>\n<td style=\"text-align: center\">432<\/td>\n<td style=\"text-align: center\">M\u00e0u \u0111\u1ecf<\/td>\n<\/tr>\n<tr>\n<td style=\"text-align: center\" height=\"18\">MSTD0910<\/td>\n<td style=\"text-align: center\">0.358<\/td>\n<td style=\"text-align: center\">0.405<\/td>\n<td style=\"text-align: center\">9.09<\/td>\n<td style=\"text-align: center\">10.29<\/td>\n<td style=\"text-align: center\">16<\/td>\n<td style=\"text-align: center\">406<\/td>\n<td style=\"text-align: center\">M\u00e0u v\u00e0ng<\/td>\n<\/tr>\n<tr>\n<td style=\"text-align: center\" height=\"18\">MSTD1011<\/td>\n<td style=\"text-align: center\">0.406<\/td>\n<td style=\"text-align: center\">0.459<\/td>\n<td style=\"text-align: center\">10.31<\/td>\n<td style=\"text-align: center\">11.66<\/td>\n<td style=\"text-align: center\">18<\/td>\n<td style=\"text-align: center\">457<\/td>\n<td style=\"text-align: center\">M\u00e0u xanh da tr\u1eddi<\/td>\n<\/tr>\n<tr>\n<td style=\"text-align: center\" height=\"18\">MSTD1113<\/td>\n<td style=\"text-align: center\">0.46<\/td>\n<td style=\"text-align: center\">0.52<\/td>\n<td style=\"text-align: center\">11.68<\/td>\n<td style=\"text-align: center\">13.21<\/td>\n<td style=\"text-align: center\">19<\/td>\n<td style=\"text-align: center\">483<\/td>\n<td style=\"text-align: center\">M\u00e0u cam<\/td>\n<\/tr>\n<tr>\n<td style=\"text-align: center\" height=\"18\">MSTD1314<\/td>\n<td style=\"text-align: center\">0.521<\/td>\n<td style=\"text-align: center\">0.588<\/td>\n<td style=\"text-align: center\">13.23<\/td>\n<td style=\"text-align: center\">14.94<\/td>\n<td style=\"text-align: center\">19<\/td>\n<td style=\"text-align: center\">483<\/td>\n<td style=\"text-align: center\">M\u00e0u \u0111\u1ecf<\/td>\n<\/tr>\n<tr>\n<td style=\"text-align: center\" height=\"18\">MSTD1516<\/td>\n<td style=\"text-align: center\">0.589<\/td>\n<td style=\"text-align: center\">0.665<\/td>\n<td style=\"text-align: center\">14.96<\/td>\n<td style=\"text-align: center\">16.89<\/td>\n<td style=\"text-align: center\">20<\/td>\n<td style=\"text-align: center\">508<\/td>\n<td style=\"text-align: center\">M\u00e0u t\u00edm<\/td>\n<\/tr>\n<tr>\n<td style=\"text-align: center\" height=\"18\">MSTD1619<\/td>\n<td style=\"text-align: center\">0.666<\/td>\n<td style=\"text-align: center\">0.755<\/td>\n<td style=\"text-align: center\">16.92<\/td>\n<td style=\"text-align: center\">19.18<\/td>\n<td style=\"text-align: center\">20<\/td>\n<td style=\"text-align: center\">508<\/td>\n<td style=\"text-align: center\">M\u00e0u n\u00e2u<\/td>\n<\/tr>\n<tr>\n<td style=\"text-align: center\" height=\"18\">MSTD1921<\/td>\n<td style=\"text-align: center\">0.756<\/td>\n<td style=\"text-align: center\">0.855<\/td>\n<td style=\"text-align: center\">19.20<\/td>\n<td style=\"text-align: center\">21.72<\/td>\n<td style=\"text-align: center\">20<\/td>\n<td style=\"text-align: center\">508<\/td>\n<td style=\"text-align: center\">M\u00e0u \u0111\u1ecf<\/td>\n<\/tr>\n<tr>\n<td style=\"text-align: center\" height=\"18\">MSTD2124<\/td>\n<td style=\"text-align: center\">0.856<\/td>\n<td style=\"text-align: center\">0.968<\/td>\n<td style=\"text-align: center\">21.74<\/td>\n<td style=\"text-align: center\">24.59<\/td>\n<td style=\"text-align: center\">22<\/td>\n<td style=\"text-align: center\">559<\/td>\n<td style=\"text-align: center\">M\u00e0u xanh da tr\u1eddi<\/td>\n<\/tr>\n<tr>\n<td style=\"text-align: center\" height=\"18\">MSTD2427<\/td>\n<td style=\"text-align: center\">0.969<\/td>\n<td style=\"text-align: center\">1.096<\/td>\n<td style=\"text-align: center\">24.61<\/td>\n<td style=\"text-align: center\">27.84<\/td>\n<td style=\"text-align: center\">24<\/td>\n<td style=\"text-align: center\">610<\/td>\n<td style=\"text-align: center\">M\u00e0u xanh l\u00e1<\/td>\n<\/tr>\n<tr>\n<td style=\"text-align: center\" height=\"18\">MSTD2731<\/td>\n<td style=\"text-align: center\">1.097<\/td>\n<td style=\"text-align: center\">1.24<\/td>\n<td style=\"text-align: center\">27.86<\/td>\n<td style=\"text-align: center\">31.50<\/td>\n<td style=\"text-align: center\">24<\/td>\n<td style=\"text-align: center\">610<\/td>\n<td style=\"text-align: center\">M\u00e0u v\u00e0ng<\/td>\n<\/tr>\n<\/tbody>\n<\/table>\n<p>&nbsp;<\/p>\n<h2><span style=\"color: #0000ff\"><strong>H\u01af\u1edaNG D\u1eaaN \u0110\u1eb6T H\u00c0NG:<\/strong><\/span><\/h2>\n<ul>\n<li><img loading=\"lazy\" decoding=\"async\" src=\"UsersIT1AppDataLocalTempmsohtmlclip1\ufffd1clip_image001.gif\" alt=\"\" width=\"8\" height=\"7\" \/>B\u1ea3ng cung c\u1ea5p ch\u1ec9 hi\u1ec3n th\u1ecb c\u00e1c s\u1ea3n ph\u1ea9m Ti\u00eau chu\u1ea9n c\u1ee7a ch\u00fang t\u00f4i. C\u00e1c s\u1ea3n ph\u1ea9m Ti\u00eau chu\u1ea9n d\u00e0nh cho ng\u01b0\u1eddi n\u1eb1m b\u00ean ph\u1ea3i.<\/li>\n<li><img loading=\"lazy\" decoding=\"async\" src=\"UsersIT1AppDataLocalTempmsohtmlclip1\ufffd1clip_image001.gif\" alt=\"\" width=\"8\" height=\"7\" \/>Ch\u00fang t\u00f4i c\u00f3 quy\u1ec1n thay \u0111\u1ed5i S\u1ea3n ph\u1ea9m Ti\u00eau chu\u1ea9n c\u1ee7a m\u00ecnh m\u00e0 kh\u00f4ng c\u1ea7n th\u00f4ng b\u00e1o \u0111\u1ec3 c\u1ea3i thi\u1ec7n Ch\u1ea5t l\u01b0\u1ee3ng v\u00e0 Hi\u1ec7u su\u1ea5t.<\/li>\n<li><img loading=\"lazy\" decoding=\"async\" src=\"UsersIT1AppDataLocalTempmsohtmlclip1\ufffd1clip_image003.gif\" alt=\"\" width=\"8\" height=\"7\" \/>C\u00f3 th\u1ec3 \u0111\u1eb7t h\u00e0ng \u0111\u1eb7c bi\u1ec7t theo y\u00eau c\u1ea7u. Vui l\u00f2ng cung c\u1ea5p y\u00eau c\u1ea7u c\u1ee7a b\u1ea1n, ch\u1eb3ng h\u1ea1n nh\u01b0 lo\u1ea1i v\u1eadt li\u1ec7u, h\u01b0\u1edbng xo\u1eafn \u1ed1c, chi\u1ec1u d\u00e0i, k\u1eb9p, RTS, v.v.<\/li>\n<\/ul>","protected":false},"excerpt":{"rendered":"<p><b><span style=\"color: #0000ff\">\u0110\u01af\u1ee2C S\u1eec D\u1ee4NG TR\u00caN: ACSR, AAAC, AAC<\/span><\/b><\/p>\n<p>T\u1ea5t c\u1ea3 c\u00e1c d\u00e2y bu\u1ed9c h\u1ed7 tr\u1ee3 \u0111\u00f4i \u0111\u1ec1u \u0111\u01b0\u1ee3c l\u00e0m b\u1eb1ng th\u00e9p b\u1ecdc nh\u00f4m v\u00e0 c\u00f3 hai d\u00e2y bu\u1ed9c trong m\u1ed7i b\u1ed9 k\u00e8m theo \u1ed1ng b\u1ea3o v\u1ec7.<\/p>\n<p>C\u1ea7n c\u00f3 th\u00f4ng tin chi ti\u1ebft k\u1ef9 thu\u1eadt v\u1ec1 d\u00e2y d\u1eabn v\u00e0 ch\u1ea5t c\u00e1ch \u0111i\u1ec7n tr\u01b0\u1edbc khi b\u00e1o gi\u00e1 v\u00e0 \u0111\u1eb7t h\u00e0ng.<\/p>\n<p>&nbsp;<\/p>","protected":false},"featured_media":31046,"comment_status":"closed","ping_status":"closed","template":"","meta":{"inline_featured_image":false},"product_brand":[],"product_cat":[86,277,288],"product_tag":[],"class_list":{"0":"post-28382","1":"product","2":"type-product","3":"status-publish","4":"has-post-thumbnail","6":"product_cat-industrial-electric","7":"product_cat-manufacturing-products","8":"product_cat-metal-tie","10":"first","11":"instock","12":"product-type-simple"},"_links":{"self":[{"href":"https:\/\/morstar.vn\/vi\/wp-json\/wp\/v2\/product\/28382","targetHints":{"allow":["GET"]}}],"collection":[{"href":"https:\/\/morstar.vn\/vi\/wp-json\/wp\/v2\/product"}],"about":[{"href":"https:\/\/morstar.vn\/vi\/wp-json\/wp\/v2\/types\/product"}],"replies":[{"embeddable":true,"href":"https:\/\/morstar.vn\/vi\/wp-json\/wp\/v2\/comments?post=28382"}],"wp:featuredmedia":[{"embeddable":true,"href":"https:\/\/morstar.vn\/vi\/wp-json\/wp\/v2\/media\/31046"}],"wp:attachment":[{"href":"https:\/\/morstar.vn\/vi\/wp-json\/wp\/v2\/media?parent=28382"}],"wp:term":[{"taxonomy":"product_brand","embeddable":true,"href":"https:\/\/morstar.vn\/vi\/wp-json\/wp\/v2\/product_brand?post=28382"},{"taxonomy":"product_cat","embeddable":true,"href":"https:\/\/morstar.vn\/vi\/wp-json\/wp\/v2\/product_cat?post=28382"},{"taxonomy":"product_tag","embeddable":true,"href":"https:\/\/morstar.vn\/vi\/wp-json\/wp\/v2\/product_tag?post=28382"}],"curies":[{"name":"wp","href":"https:\/\/api.w.org\/{rel}","templated":true}]}}