{"id":28379,"date":"2024-08-16T11:16:30","date_gmt":"2024-08-16T11:16:30","guid":{"rendered":"https:\/\/morstar.vn\/product\/distribution-ties\/"},"modified":"2024-12-10T07:11:12","modified_gmt":"2024-12-10T07:11:12","slug":"distribution-ties","status":"publish","type":"product","link":"https:\/\/morstar.vn\/vi\/san-pham\/distribution-ties\/","title":{"rendered":"Gi\u00e1p bu\u1ed9c \u0111\u1ea7u s\u1ee9 kim lo\u1ea1i"},"content":{"rendered":"<table border=\"1\" width=\"648\" cellspacing=\"0\" cellpadding=\"0\" align=\"center\">\n<tbody>\n<tr>\n<td style=\"text-align: center\" rowspan=\"2\" width=\"81\" height=\"52\">Morstar #<\/td>\n<td style=\"text-align: center\" colspan=\"4\" width=\"324\">Ph\u1ea1m vi \u0111\u01b0\u1eddng k\u00ednh<\/td>\n<td style=\"text-align: center\" colspan=\"2\" width=\"162\">Chi\u1ec1u d\u00e0i<\/td>\n<td style=\"text-align: center\" rowspan=\"2\" width=\"81\">M\u00e0u s\u1eafc<\/td>\n<\/tr>\n<tr>\n<td style=\"text-align: center\" width=\"81\" height=\"26\">\u00a0T\u1ed1i thi\u1ec3u trong<\/td>\n<td style=\"text-align: center\" width=\"81\">\u00a0T\u1ed1i \u0111a trong<\/td>\n<td style=\"text-align: center\" width=\"81\">T\u1ed1i thi\u1ec3u mm<\/td>\n<td style=\"text-align: center\" width=\"81\">T\u1ed1i \u0111a mm<\/td>\n<td style=\"text-align: center\" width=\"81\">inch<\/td>\n<td style=\"text-align: center\" width=\"81\">mm<\/td>\n<\/tr>\n<tr>\n<td style=\"text-align: center\" height=\"18\">MTT0405<\/td>\n<td style=\"text-align: center\">0.190<\/td>\n<td style=\"text-align: center\">0.215<\/td>\n<td style=\"text-align: center\">4.83<\/td>\n<td style=\"text-align: center\">5.46<\/td>\n<td style=\"text-align: center\">24<\/td>\n<td style=\"text-align: center\">610<\/td>\n<td style=\"text-align: center\">M\u00e0u xanh da tr\u1eddi<\/td>\n<\/tr>\n<tr>\n<td style=\"text-align: center\" height=\"18\">MTT0506<\/td>\n<td style=\"text-align: center\">0.216<\/td>\n<td style=\"text-align: center\">0.244<\/td>\n<td style=\"text-align: center\">5.49<\/td>\n<td style=\"text-align: center\">6.20<\/td>\n<td style=\"text-align: center\">25<\/td>\n<td style=\"text-align: center\">635<\/td>\n<td style=\"text-align: center\">M\u00e0u n\u00e2u<\/td>\n<\/tr>\n<tr>\n<td style=\"text-align: center\" height=\"18\">MTT0607<\/td>\n<td style=\"text-align: center\">0.245<\/td>\n<td style=\"text-align: center\">0.277<\/td>\n<td style=\"text-align: center\">6.22<\/td>\n<td style=\"text-align: center\">7.04<\/td>\n<td style=\"text-align: center\">26<\/td>\n<td style=\"text-align: center\">660<\/td>\n<td style=\"text-align: center\">M\u00e0u cam<\/td>\n<\/tr>\n<tr>\n<td style=\"text-align: center\" height=\"18\">MTT0708<\/td>\n<td style=\"text-align: center\">0.278<\/td>\n<td style=\"text-align: center\">0.315<\/td>\n<td style=\"text-align: center\">7.06<\/td>\n<td style=\"text-align: center\">8.00<\/td>\n<td style=\"text-align: center\">26<\/td>\n<td style=\"text-align: center\">660<\/td>\n<td style=\"text-align: center\">M\u00e0u t\u00edm<\/td>\n<\/tr>\n<tr>\n<td style=\"text-align: center\" height=\"18\">MTT0809<\/td>\n<td style=\"text-align: center\">0.316<\/td>\n<td style=\"text-align: center\">0.357<\/td>\n<td style=\"text-align: center\">8.03<\/td>\n<td style=\"text-align: center\">9.07<\/td>\n<td style=\"text-align: center\">28<\/td>\n<td style=\"text-align: center\">711<\/td>\n<td style=\"text-align: center\">M\u00e0u \u0111\u1ecf<\/td>\n<\/tr>\n<tr>\n<td style=\"text-align: center\" height=\"18\">MTT0910<\/td>\n<td style=\"text-align: center\">0.358<\/td>\n<td style=\"text-align: center\">0.405<\/td>\n<td style=\"text-align: center\">9.09<\/td>\n<td style=\"text-align: center\">10.29<\/td>\n<td style=\"text-align: center\">30<\/td>\n<td style=\"text-align: center\">762<\/td>\n<td style=\"text-align: center\">M\u00e0u v\u00e0ng<\/td>\n<\/tr>\n<tr>\n<td style=\"text-align: center\" height=\"18\">MTT1011<\/td>\n<td style=\"text-align: center\">0.406<\/td>\n<td style=\"text-align: center\">0.459<\/td>\n<td style=\"text-align: center\">10.31<\/td>\n<td style=\"text-align: center\">11.66<\/td>\n<td style=\"text-align: center\">25<\/td>\n<td style=\"text-align: center\">635<\/td>\n<td style=\"text-align: center\">M\u00e0u xanh da tr\u1eddi<\/td>\n<\/tr>\n<tr>\n<td style=\"text-align: center\" height=\"18\">MTT1113<\/td>\n<td style=\"text-align: center\">0.460<\/td>\n<td style=\"text-align: center\">0.520<\/td>\n<td style=\"text-align: center\">11.68<\/td>\n<td style=\"text-align: center\">13.21<\/td>\n<td style=\"text-align: center\">25<\/td>\n<td style=\"text-align: center\">635<\/td>\n<td style=\"text-align: center\">M\u00e0u cam<\/td>\n<\/tr>\n<tr>\n<td style=\"text-align: center\" height=\"18\">MTT1314<\/td>\n<td style=\"text-align: center\">0.521<\/td>\n<td style=\"text-align: center\">0.588<\/td>\n<td style=\"text-align: center\">13.23<\/td>\n<td style=\"text-align: center\">14.94<\/td>\n<td style=\"text-align: center\">28<\/td>\n<td style=\"text-align: center\">711<\/td>\n<td style=\"text-align: center\">M\u00e0u \u0111\u1ecf<\/td>\n<\/tr>\n<tr>\n<td style=\"text-align: center\" height=\"18\">MTT1516<\/td>\n<td style=\"text-align: center\">0.589<\/td>\n<td style=\"text-align: center\">0.665<\/td>\n<td style=\"text-align: center\">14.96<\/td>\n<td style=\"text-align: center\">16.89<\/td>\n<td style=\"text-align: center\">30<\/td>\n<td style=\"text-align: center\">762<\/td>\n<td style=\"text-align: center\">M\u00e0u t\u00edm<\/td>\n<\/tr>\n<tr>\n<td style=\"text-align: center\" height=\"18\">MTT1619<\/td>\n<td style=\"text-align: center\">0.666<\/td>\n<td style=\"text-align: center\">0.755<\/td>\n<td style=\"text-align: center\">16.92<\/td>\n<td style=\"text-align: center\">19.18<\/td>\n<td style=\"text-align: center\">31<\/td>\n<td style=\"text-align: center\">787<\/td>\n<td style=\"text-align: center\">M\u00e0u n\u00e2u<\/td>\n<\/tr>\n<tr>\n<td style=\"text-align: center\" height=\"18\">MTT1921<\/td>\n<td style=\"text-align: center\">0.756<\/td>\n<td style=\"text-align: center\">0.855<\/td>\n<td style=\"text-align: center\">19.20<\/td>\n<td style=\"text-align: center\">21.72<\/td>\n<td style=\"text-align: center\">32<\/td>\n<td style=\"text-align: center\">813<\/td>\n<td style=\"text-align: center\">M\u00e0u \u0111\u1ecf<\/td>\n<\/tr>\n<tr>\n<td style=\"text-align: center\" height=\"18\">MTT2124<\/td>\n<td style=\"text-align: center\">0.856<\/td>\n<td style=\"text-align: center\">0.968<\/td>\n<td style=\"text-align: center\">21.74<\/td>\n<td style=\"text-align: center\">24.59<\/td>\n<td style=\"text-align: center\">34<\/td>\n<td style=\"text-align: center\">864<\/td>\n<td style=\"text-align: center\">M\u00e0u xanh da tr\u1eddi<\/td>\n<\/tr>\n<tr>\n<td style=\"text-align: center\" height=\"18\">MTT2427<\/td>\n<td style=\"text-align: center\">0.969<\/td>\n<td style=\"text-align: center\">1.096<\/td>\n<td style=\"text-align: center\">24.61<\/td>\n<td style=\"text-align: center\">27.84<\/td>\n<td style=\"text-align: center\">37<\/td>\n<td style=\"text-align: center\">940<\/td>\n<td style=\"text-align: center\">M\u00e0u xanh l\u00e1<\/td>\n<\/tr>\n<tr>\n<td style=\"text-align: center\" height=\"18\">MTT2731<\/td>\n<td style=\"text-align: center\">1.097<\/td>\n<td style=\"text-align: center\">1.240<\/td>\n<td style=\"text-align: center\">27.86<\/td>\n<td style=\"text-align: center\">31.50<\/td>\n<td style=\"text-align: center\">40<\/td>\n<td style=\"text-align: center\">1016<\/td>\n<td style=\"text-align: center\">M\u00e0u v\u00e0ng<\/td>\n<\/tr>\n<tr>\n<td style=\"text-align: center\" height=\"18\">MTT3135<\/td>\n<td style=\"text-align: center\">1.241<\/td>\n<td style=\"text-align: center\">1.403<\/td>\n<td style=\"text-align: center\">31.52<\/td>\n<td style=\"text-align: center\">35.64<\/td>\n<td style=\"text-align: center\">42<\/td>\n<td style=\"text-align: center\">1067<\/td>\n<td style=\"text-align: center\">M\u00e0u cam<\/td>\n<\/tr>\n<\/tbody>\n<\/table>\n<p>&nbsp;<\/p>\n<h2>H\u01af\u1edaNG D\u1eaaN \u0110\u1eb6T H\u00c0NG:<\/h2>\n<ul>\n<li><img loading=\"lazy\" decoding=\"async\" src=\"UsersIT1AppDataLocalTempmsohtmlclip11clip_image001.gif\" alt=\"\" width=\"8\" height=\"7\" \/>B\u1ea3ng \u0111\u01b0\u1ee3c cung c\u1ea5p ch\u1ec9 hi\u1ec3n th\u1ecb c\u00e1c S\u1ea3n ph\u1ea9m Ti\u00eau chu\u1ea9n c\u1ee7a ch\u00fang t\u00f4i.<\/li>\n<li><img loading=\"lazy\" decoding=\"async\" src=\"UsersIT1AppDataLocalTempmsohtmlclip11clip_image001.gif\" alt=\"\" width=\"8\" height=\"7\" \/>Ch\u00fang t\u00f4i c\u00f3 quy\u1ec1n thay \u0111\u1ed5i S\u1ea3n ph\u1ea9m Ti\u00eau chu\u1ea9n c\u1ee7a m\u00ecnh m\u00e0 kh\u00f4ng c\u1ea7n th\u00f4ng b\u00e1o \u0111\u1ec3 c\u1ea3i thi\u1ec7n Ch\u1ea5t l\u01b0\u1ee3ng v\u00e0 Hi\u1ec7u su\u1ea5t.<\/li>\n<li><img loading=\"lazy\" decoding=\"async\" src=\"UsersIT1AppDataLocalTempmsohtmlclip11clip_image002.gif\" alt=\"\" width=\"8\" height=\"7\" \/>C\u00f3 th\u1ec3 \u0111\u1eb7t h\u00e0ng \u0111\u1eb7c bi\u1ec7t theo y\u00eau c\u1ea7u. Vui l\u00f2ng cung c\u1ea5p y\u00eau c\u1ea7u c\u1ee7a b\u1ea1n, ch\u1eb3ng h\u1ea1n nh\u01b0 lo\u1ea1i v\u1eadt li\u1ec7u, h\u01b0\u1edbng xo\u1eafn \u1ed1c, chi\u1ec1u d\u00e0i, k\u1eb9p, RTS, v.v.<\/li>\n<\/ul>","protected":false},"excerpt":{"rendered":"<p><strong>\u0110\u01af\u1ee2C S\u1eec D\u1ee4NG TR\u00caN: ACSR, AAAC, AAC<\/strong><\/p>\n<p><img loading=\"lazy\" decoding=\"async\" src=\"UsersIT1AppDataLocalTempmsohtmlclip11clip_image001.gif\" alt=\"\" width=\"7\" height=\"7\" \/>\u00a0 \u00a0 \u00a0D\u00e2y ph\u00e2n ph\u1ed1i \u0111\u01b0\u1ee3c l\u00e0m b\u1eb1ng th\u00e9p b\u1ecdc nh\u00f4m, s\u1eed d\u1ee5ng \u1ed1ng neoprene l\u00e0m l\u1edbp \u0111\u1ec7m \u0111\u1ec3 b\u1ea3o v\u1ec7 c\u00e1p v\u00e0 l\u1edbp c\u00e1ch \u0111i\u1ec7n.<br \/>\n<img loading=\"lazy\" decoding=\"async\" src=\"UsersIT1AppDataLocalTempmsohtmlclip11clip_image002.gif\" alt=\"\" width=\"7\" height=\"7\" \/>\u00a0 \u00a0 \u00a0\u0110\u01b0\u1eddng k\u00ednh c\u1ed5 c\u1ee7a s\u1ee9 l\u00e0 b\u1eaft bu\u1ed9c tr\u01b0\u1edbc khi c\u00f3 th\u1ec3 b\u00e1o gi\u00e1 ho\u1eb7c \u0111\u1eb7t h\u00e0ng.<br \/>\n\u0110\u1ed1i v\u1edbi d\u00e2y ph\u00e2n ph\u1ed1i \u0111\u01b0\u1ee3c s\u1eed d\u1ee5ng tr\u00ean thanh gi\u00e1p, ph\u1ea3i cung c\u1ea5p th\u00f4ng s\u1ed1 k\u1ef9 thu\u1eadt c\u1ee7a d\u00e2y d\u1eabn thanh gi\u00e1p.<\/p>\n<p>&nbsp;<\/p>","protected":false},"featured_media":31045,"comment_status":"closed","ping_status":"closed","template":"","meta":{"inline_featured_image":false},"product_brand":[],"product_cat":[86,277,287],"product_tag":[],"class_list":{"0":"post-28379","1":"product","2":"type-product","3":"status-publish","4":"has-post-thumbnail","6":"product_cat-industrial-electric","7":"product_cat-manufacturing-products","8":"product_cat-helical-products","10":"first","11":"instock","12":"product-type-simple"},"_links":{"self":[{"href":"https:\/\/morstar.vn\/vi\/wp-json\/wp\/v2\/product\/28379","targetHints":{"allow":["GET"]}}],"collection":[{"href":"https:\/\/morstar.vn\/vi\/wp-json\/wp\/v2\/product"}],"about":[{"href":"https:\/\/morstar.vn\/vi\/wp-json\/wp\/v2\/types\/product"}],"replies":[{"embeddable":true,"href":"https:\/\/morstar.vn\/vi\/wp-json\/wp\/v2\/comments?post=28379"}],"wp:featuredmedia":[{"embeddable":true,"href":"https:\/\/morstar.vn\/vi\/wp-json\/wp\/v2\/media\/31045"}],"wp:attachment":[{"href":"https:\/\/morstar.vn\/vi\/wp-json\/wp\/v2\/media?parent=28379"}],"wp:term":[{"taxonomy":"product_brand","embeddable":true,"href":"https:\/\/morstar.vn\/vi\/wp-json\/wp\/v2\/product_brand?post=28379"},{"taxonomy":"product_cat","embeddable":true,"href":"https:\/\/morstar.vn\/vi\/wp-json\/wp\/v2\/product_cat?post=28379"},{"taxonomy":"product_tag","embeddable":true,"href":"https:\/\/morstar.vn\/vi\/wp-json\/wp\/v2\/product_tag?post=28379"}],"curies":[{"name":"wp","href":"https:\/\/api.w.org\/{rel}","templated":true}]}}