{"id":28376,"date":"2024-08-16T11:16:30","date_gmt":"2024-08-16T11:16:30","guid":{"rendered":"https:\/\/morstar.vn\/product\/ipc-clamp\/"},"modified":"2024-12-31T03:33:23","modified_gmt":"2024-12-31T03:33:23","slug":"kep-ipc-2","status":"publish","type":"product","link":"https:\/\/morstar.vn\/vi\/san-pham\/kep-ipc-2\/","title":{"rendered":"K\u1eb9p IPC"},"content":{"rendered":"<p><strong>1. \u1ee8ng d\u1ee5ng:<\/strong><br \/>\n+ \u1ee8ng d\u1ee5ng \u0111\u1ec3 k\u1ebft n\u1ed1i t\u1eeb \u0111\u01b0\u1eddng d\u00e2y ch\u00ednh \u2013 t\u1edbi \u2013 \u0111\u01b0\u1eddng d\u00e2y ch\u00ednh, \u0111\u01b0\u1eddng d\u00e2y ch\u00ednh \u2013 t\u1edbi \u2013 d\u00e2y th\u1ee9 c\u1ea5p, l\u1edbp k\u1ebft n\u1ed1i<br \/>\n+ Ph\u1ea1m vi: d\u00e2y ch\u00ednh t\u1eeb 4-380 mm\u00b2, d\u00e2y ph\u1ee5 (nh\u00e1nh) t\u1eeb 1,5 \u0111\u1ebfn 380 mm2<br \/>\n+ Connection\u00a0 Al (Cu) to Al (Cu), or Cu (Al) to Al (Cu).<\/p>\n<p><strong>2. T\u00ednh n\u0103ng v\u00e0 l\u1ee3i \u00edch:<\/strong><br \/>\n+ D\u1ec5 d\u00e0ng l\u1eafp \u0111\u1eb7t, kh\u00f4ng c\u1ea7n th\u00e1o l\u1edbp c\u00e1p ra<\/p>\n<p>+ K\u1ebft n\u1ed1i, kh\u00f4ng l\u00e0m h\u1ecfng d\u00e2y<\/p>\n<p>+ Ki\u1ec3m so\u00e1t l\u1ef1c \u0111\u1ea7u v\u1eb7n v\u00e0o bu l\u00f4ng<\/p>\n<p>+ Ch\u1ed1ng n\u01b0\u1edbc, ch\u1ecbu \u0111\u01b0\u1ee3c th\u1eddi ti\u1ebft thay \u0111\u1ed5i, ch\u1ed1ng \u0103n m\u00f2n<\/p>\n<p>+ Nhi\u1ec7t \u0111\u1ed9 ho\u1ea1t \u0111\u1ed9ng: -50oC \u0111\u1ebfn + 50oC<\/p>\n<p>+ Nhi\u1ec7t \u0111\u1ed9 l\u1eafp \u0111\u1eb7t: -20 oC \u0111\u1ebfn 50 oC<\/p>\n<div style=\"text-align: center\"><img loading=\"lazy\" decoding=\"async\" src=\"https:\/\/morstar.vn\/wp-content\/uploads\/2024\/08\/kep-ipc1-1.jpg\" alt=\"KEP IPC1\" width=\"700\" height=\"337\" \/><\/div>\n<p>&nbsp;<\/p>\n<div style=\"text-align: center\"><img loading=\"lazy\" decoding=\"async\" src=\"https:\/\/morstar.vn\/wp-content\/uploads\/2024\/08\/kepi-ipc-120-120.jpg\" alt=\"kepi ipc 120 120\" width=\"700\" height=\"623\" \/><\/div>\n<p>&nbsp;<\/p>\n<div style=\"text-align: center\"><img loading=\"lazy\" decoding=\"async\" src=\"https:\/\/morstar.vn\/wp-content\/uploads\/2024\/08\/kepi-ipc-120-120b.jpg\" alt=\"kepi ipc 120 120B\" width=\"700\" height=\"623\" \/><\/div>\n<p><strong>3. Kh\u00e1ch h\u00e0ng l\u1ef1a ch\u1ecdn s\u1ea3n ph\u1ea9m theo th\u00f4ng tin chi ti\u1ebft b\u00ean d\u01b0\u1edbi:\u00a0\u00a0\u00a0<\/strong><\/p>\n<table border=\"1\" cellspacing=\"1\" cellpadding=\"1\" align=\"center\">\n<tbody>\n<tr>\n<td style=\"text-align: center;background-color: #003399\" colspan=\"1\" rowspan=\"2\"><span style=\"color: #ffffff\"><strong>M\u00c3 S\u1ea2N PH\u1ea8M<\/strong><\/span><\/td>\n<td style=\"text-align: center;background-color: #003399\"><span style=\"color: #ffffff\"><strong>D\u00d2NG CH\u00cdNH<\/strong><\/span><\/td>\n<td style=\"text-align: center;background-color: #003399\"><span style=\"color: #ffffff\"><strong>CHI NH\u00c1NH<\/strong><\/span><\/td>\n<td style=\"text-align: center;background-color: #003399\"><span style=\"color: #ffffff\"><strong>D\u00d2NG \u0110I\u1ec6N DANH NGH\u0128A<\/strong><\/span><\/td>\n<td style=\"text-align: center;background-color: #003399\" colspan=\"2\" rowspan=\"1\"><span style=\"color: #ffffff\"><strong>BU L\u00d4NG\/M\u00d4 MEN XO\u1eaeN<\/strong><\/span><\/td>\n<\/tr>\n<tr>\n<td style=\"text-align: center;background-color: #003399\"><span style=\"color: #ffffff\"><strong>PH\u1ea6N (mm<sup>2<\/sup>)<\/strong><\/span><\/td>\n<td style=\"text-align: center;background-color: #003399\"><span style=\"color: #ffffff\"><strong>PH\u1ea6N (mm<sup>2<\/sup>)<\/strong><\/span><\/td>\n<td style=\"text-align: center;background-color: #003399\"><span style=\"color: #ffffff\"><strong>(M\u1ed8T)<\/strong><\/span><\/td>\n<td style=\"text-align: center;background-color: #003399\"><span style=\"color: #ffffff\"><strong>S\u1ed0 L\u01af\u1ee2NG<\/strong><\/span><\/td>\n<td style=\"text-align: center;background-color: #003399\"><span style=\"color: #ffffff\"><strong>H(Nm)<\/strong><\/span><\/td>\n<\/tr>\n<tr>\n<td style=\"text-align: center\">MPC6\/6<\/td>\n<td style=\"text-align: center\">0.75-6<\/td>\n<td style=\"text-align: center\">0.75-6<\/td>\n<td style=\"text-align: center\">41<\/td>\n<td style=\"text-align: center\">1xM6<\/td>\n<td style=\"text-align: center\">H13(9Nm)<\/td>\n<\/tr>\n<tr>\n<td style=\"text-align: center\">MPC35\/4<\/td>\n<td style=\"text-align: center\">(2.0) 4-35<\/td>\n<td style=\"text-align: center\">1.5-10<\/td>\n<td style=\"text-align: center\">86<\/td>\n<td style=\"text-align: center\">1xM8<\/td>\n<td style=\"text-align: center\">H13(9Nm)<\/td>\n<\/tr>\n<tr>\n<td style=\"text-align: center\">MPC25\/25<\/td>\n<td style=\"text-align: center\">(2.0) 6-25<\/td>\n<td style=\"text-align: center\">(2.0) 4-25<\/td>\n<td style=\"text-align: center\">110<\/td>\n<td style=\"text-align: center\">1xM8<\/td>\n<td style=\"text-align: center\">H13(9Nm)<\/td>\n<\/tr>\n<tr>\n<td style=\"text-align: center\">MPC50\/35<\/td>\n<td style=\"text-align: center\">(2.0) 6-50<\/td>\n<td style=\"text-align: center\">(2.0) 6-35<\/td>\n<td style=\"text-align: center\">200<\/td>\n<td style=\"text-align: center\">1xM8<\/td>\n<td style=\"text-align: center\">H13(9Nm)<\/td>\n<\/tr>\n<tr>\n<td style=\"text-align: center\">MPC95\/35<\/td>\n<td style=\"text-align: center\">25-95<\/td>\n<td style=\"text-align: center\">(2.0) 6-35<\/td>\n<td style=\"text-align: center\">200<\/td>\n<td style=\"text-align: center\">1xM8<\/td>\n<td style=\"text-align: center\">H13(14Nm)<\/td>\n<\/tr>\n<tr>\n<td style=\"text-align: center\">MPC95\/95<\/td>\n<td style=\"text-align: center\">25-95<\/td>\n<td style=\"text-align: center\">25-95<\/td>\n<td style=\"text-align: center\">377<\/td>\n<td style=\"text-align: center\">1xM8<\/td>\n<td style=\"text-align: center\">H13(18Nm)<\/td>\n<\/tr>\n<tr>\n<td style=\"text-align: center\">MPC95\/95B<\/td>\n<td style=\"text-align: center\">25-95<\/td>\n<td style=\"text-align: center\">25-95<\/td>\n<td style=\"text-align: center\">377<\/td>\n<td style=\"text-align: center\">2xM8<\/td>\n<td style=\"text-align: center\">H13(14Nm)<\/td>\n<\/tr>\n<\/tbody>\n<\/table>\n<p>L\u01b0u \u00fd: \u0110\u1ec3 bi\u1ebft th\u00eam th\u00f4ng tin v\u1ec1 c\u00e1c s\u1ea3n ph\u1ea9m c\u00f3 \u0111i\u1ec7n \u00e1p tr\u00ean 10kv, vui l\u00f2ng li\u00ean h\u1ec7 v\u1edbi ch\u00fang t\u00f4i!<\/p>","protected":false},"excerpt":{"rendered":"<p>K\u1eb9p IPC c\u1ee7a C\u00f4ng Ty C\u1ed5 Ph\u1ea7n \u0110i\u1ec7n Sao Mai \u0111\u01b0\u1ee3c thi\u1ebft k\u1ebf ph\u00f9 h\u1ee3p v\u1edbi t\u1ea5t c\u1ea3 c\u00e1c lo\u1ea1i c\u00e1p c\u00e1ch \u0111i\u1ec7n c\u00f3 \u0111i\u1ec7n \u00e1p th\u1ea5p (1KV) \u0111\u1ebfn \u0111i\u1ec7n \u00e1p trung b\u00ecnh (10KV), n\u01a1i \u0111\u1ea5u n\u1ed1i v\u1edbi nh\u00e1nh v\u00e0 l\u01b0\u1edbi chi\u1ebfu s\u00e1ng.<br \/>\nC\u00e1p c\u00e1ch \u0111i\u1ec7n \u0111\u00e3 \u0111\u01b0\u1ee3c th\u1eed nghi\u1ec7m theo ti\u00eau chu\u1ea9n NFC 33-020 v\u00e0 \u0111\u01b0\u1ee3c ch\u1ea5p thu\u1eadn s\u1eed d\u1ee5ng cho c\u00e1c c\u00f4ng ty \u0111i\u1ec7n l\u1ef1c ph\u00e2n ph\u1ed1i tr\u00ean to\u00e0n qu\u1ed1c.<br \/>\nChi ti\u1ebft s\u1ea3n ph\u1ea9m<\/p>","protected":false},"featured_media":28378,"comment_status":"closed","ping_status":"closed","template":"","meta":{"inline_featured_image":false},"product_brand":[],"product_cat":[86,269,277],"product_tag":[],"class_list":{"0":"post-28376","1":"product","2":"type-product","3":"status-publish","4":"has-post-thumbnail","6":"product_cat-industrial-electric","7":"product_cat-insulation-piercing-connector-ipc","8":"product_cat-manufacturing-products","10":"first","11":"instock","12":"product-type-simple"},"_links":{"self":[{"href":"https:\/\/morstar.vn\/vi\/wp-json\/wp\/v2\/product\/28376","targetHints":{"allow":["GET"]}}],"collection":[{"href":"https:\/\/morstar.vn\/vi\/wp-json\/wp\/v2\/product"}],"about":[{"href":"https:\/\/morstar.vn\/vi\/wp-json\/wp\/v2\/types\/product"}],"replies":[{"embeddable":true,"href":"https:\/\/morstar.vn\/vi\/wp-json\/wp\/v2\/comments?post=28376"}],"wp:featuredmedia":[{"embeddable":true,"href":"https:\/\/morstar.vn\/vi\/wp-json\/wp\/v2\/media\/28378"}],"wp:attachment":[{"href":"https:\/\/morstar.vn\/vi\/wp-json\/wp\/v2\/media?parent=28376"}],"wp:term":[{"taxonomy":"product_brand","embeddable":true,"href":"https:\/\/morstar.vn\/vi\/wp-json\/wp\/v2\/product_brand?post=28376"},{"taxonomy":"product_cat","embeddable":true,"href":"https:\/\/morstar.vn\/vi\/wp-json\/wp\/v2\/product_cat?post=28376"},{"taxonomy":"product_tag","embeddable":true,"href":"https:\/\/morstar.vn\/vi\/wp-json\/wp\/v2\/product_tag?post=28376"}],"curies":[{"name":"wp","href":"https:\/\/api.w.org\/{rel}","templated":true}]}}