{"id":28370,"date":"2024-08-16T11:16:30","date_gmt":"2024-08-16T11:16:30","guid":{"rendered":"https:\/\/morstar.vn\/product\/armor-rods\/"},"modified":"2024-12-31T03:34:06","modified_gmt":"2024-12-31T03:34:06","slug":"thanh-giap","status":"publish","type":"product","link":"https:\/\/morstar.vn\/vi\/san-pham\/thanh-giap\/","title":{"rendered":"Armod rod &#8211; Preformed Products"},"content":{"rendered":"<p>&nbsp;<\/p>\n<div style=\"text-align: center\"><\/div>\n<div><img loading=\"lazy\" decoding=\"async\" class=\"alignnone wp-image-30507\" src=\"https:\/\/morstar.vn\/wp-content\/uploads\/2024\/08\/Armor-640x480.jpg\" alt=\"\" width=\"483\" height=\"362\" srcset=\"https:\/\/morstar.vn\/wp-content\/uploads\/2024\/08\/Armor-640x480.jpg 640w, https:\/\/morstar.vn\/wp-content\/uploads\/2024\/08\/Armor-768x576.jpg 768w, https:\/\/morstar.vn\/wp-content\/uploads\/2024\/08\/Armor-16x12.jpg 16w, https:\/\/morstar.vn\/wp-content\/uploads\/2024\/08\/Armor-320x240.jpg 320w, https:\/\/morstar.vn\/wp-content\/uploads\/2024\/08\/Armor-430x323.jpg 430w, https:\/\/morstar.vn\/wp-content\/uploads\/2024\/08\/Armor-700x525.jpg 700w, https:\/\/morstar.vn\/wp-content\/uploads\/2024\/08\/Armor.jpg 800w\" sizes=\"auto, (max-width: 483px) 100vw, 483px\" \/><\/div>\n<div><img loading=\"lazy\" decoding=\"async\" class=\"alignnone wp-image-30508\" src=\"https:\/\/morstar.vn\/wp-content\/uploads\/2024\/08\/ar.jpg\" alt=\"\" width=\"497\" height=\"149\" srcset=\"https:\/\/morstar.vn\/wp-content\/uploads\/2024\/08\/ar.jpg 600w, https:\/\/morstar.vn\/wp-content\/uploads\/2024\/08\/ar-18x5.jpg 18w, https:\/\/morstar.vn\/wp-content\/uploads\/2024\/08\/ar-320x96.jpg 320w, https:\/\/morstar.vn\/wp-content\/uploads\/2024\/08\/ar-430x129.jpg 430w\" sizes=\"auto, (max-width: 497px) 100vw, 497px\" \/><\/div>\n<p>&nbsp;<\/p>\n<p>&nbsp;<\/p>\n<table>\n<tbody>\n<tr>\n<td width=\"118\">Morstar #<\/td>\n<td colspan=\"2\" width=\"208\">Ph\u1ea1m vi d\u1eabn \u0111i\u1ec7n<\/td>\n<td width=\"146\">Chi\u1ec1u d\u00e0i \u00e1p d\u1ee5ng<\/td>\n<td width=\"118\">C\u00e2n n\u1eb7ng (kg)<\/td>\n<td width=\"118\">M\u00e3 m\u00e0u<\/td>\n<\/tr>\n<tr>\n<td width=\"118\">AAR-0831<\/td>\n<td width=\"105\">8.03<\/td>\n<td width=\"103\">8.31<\/td>\n<td width=\"146\">1110<\/td>\n<td width=\"118\">0.3<\/td>\n<td width=\"118\">M\u00e0u \u0111\u1ecf<\/td>\n<\/tr>\n<tr>\n<td width=\"118\">AAR-0930<\/td>\n<td width=\"105\">8.81<\/td>\n<td width=\"103\">9.30<\/td>\n<td width=\"146\">1210<\/td>\n<td width=\"118\">0.4<\/td>\n<td width=\"118\">M\u00e0u xanh l\u00e1<\/td>\n<\/tr>\n<tr>\n<td width=\"118\">AAR-0988<\/td>\n<td width=\"105\">9.31<\/td>\n<td width=\"103\">9.88<\/td>\n<td width=\"146\">1270<\/td>\n<td width=\"118\">0.4<\/td>\n<td width=\"118\">\u0110en<\/td>\n<\/tr>\n<tr>\n<td width=\"118\">AAR-1051<\/td>\n<td width=\"105\">9.89<\/td>\n<td width=\"103\">10.51<\/td>\n<td width=\"146\">1300<\/td>\n<td width=\"118\">0.4<\/td>\n<td width=\"118\">M\u00e0u v\u00e0ng<\/td>\n<\/tr>\n<tr>\n<td width=\"118\">AAR-1107<\/td>\n<td width=\"105\">10.52<\/td>\n<td width=\"103\">11.07<\/td>\n<td width=\"146\">1320<\/td>\n<td width=\"118\">0.4<\/td>\n<td width=\"118\">M\u00e0u n\u00e2u<\/td>\n<\/tr>\n<tr>\n<td width=\"118\">AAR-1176<\/td>\n<td width=\"105\">11.10<\/td>\n<td width=\"103\">11.76<\/td>\n<td width=\"146\">1370<\/td>\n<td width=\"118\">0.6<\/td>\n<td width=\"118\">M\u00e0u xanh da tr\u1eddi<\/td>\n<\/tr>\n<tr>\n<td width=\"118\">AAR-1323<\/td>\n<td width=\"105\">12.47<\/td>\n<td width=\"103\">13.23<\/td>\n<td width=\"146\">1370<\/td>\n<td width=\"118\">0.6<\/td>\n<td width=\"118\">M\u00e0u xanh l\u00e1<\/td>\n<\/tr>\n<tr>\n<td width=\"118\">AAR-1400<\/td>\n<td width=\"105\">13.24<\/td>\n<td width=\"103\">14.00<\/td>\n<td width=\"146\">1470<\/td>\n<td width=\"118\">0.7<\/td>\n<td width=\"118\">\u0110en<\/td>\n<\/tr>\n<tr>\n<td width=\"118\">AAR-1486<\/td>\n<td width=\"105\">14.01<\/td>\n<td width=\"103\">14.86<\/td>\n<td width=\"146\">1520<\/td>\n<td width=\"118\">0.8<\/td>\n<td width=\"118\">M\u00e0u \u0111\u1ecf<\/td>\n<\/tr>\n<tr>\n<td width=\"118\">AAR-1539<\/td>\n<td width=\"105\">14.87<\/td>\n<td width=\"103\">15.39<\/td>\n<td width=\"146\">1580<\/td>\n<td width=\"118\">0.9<\/td>\n<td width=\"118\">\u0110en<\/td>\n<\/tr>\n<tr>\n<td width=\"118\">AAR-1600<\/td>\n<td width=\"105\">15.40<\/td>\n<td width=\"103\">16.00<\/td>\n<td width=\"146\">1630<\/td>\n<td width=\"118\">1<\/td>\n<td width=\"118\">M\u00e0u t\u00edm<\/td>\n<\/tr>\n<tr>\n<td width=\"118\">AAR-1725<\/td>\n<td width=\"105\">16.65<\/td>\n<td width=\"103\">17.25<\/td>\n<td width=\"146\">1680<\/td>\n<td width=\"118\">1.1<\/td>\n<td width=\"118\">M\u00e0u n\u00e2u<\/td>\n<\/tr>\n<tr>\n<td width=\"118\">AAR-1786<\/td>\n<td width=\"105\">17.26<\/td>\n<td width=\"103\">17.86<\/td>\n<td width=\"146\">1730<\/td>\n<td width=\"118\">1.3<\/td>\n<td width=\"118\">M\u00e0u xanh da tr\u1eddi<\/td>\n<\/tr>\n<tr>\n<td width=\"118\">AAR-1880<\/td>\n<td width=\"105\">17.87<\/td>\n<td width=\"103\">18.80<\/td>\n<td width=\"146\">1830<\/td>\n<td width=\"118\">1.5<\/td>\n<td width=\"118\">M\u00e0u xanh l\u00e1<\/td>\n<\/tr>\n<tr>\n<td width=\"118\">AAR-1986<\/td>\n<td width=\"105\">18.81<\/td>\n<td width=\"103\">19.86<\/td>\n<td width=\"146\">1830<\/td>\n<td width=\"118\">1.5<\/td>\n<td width=\"118\">M\u00e0u cam<\/td>\n<\/tr>\n<tr>\n<td width=\"118\">AAR-2068<\/td>\n<td width=\"105\">19.87<\/td>\n<td width=\"103\">20.68<\/td>\n<td width=\"146\">1930<\/td>\n<td width=\"118\">2<\/td>\n<td width=\"118\">M\u00e0u t\u00edm<\/td>\n<\/tr>\n<tr>\n<td width=\"118\">AAR-2146<\/td>\n<td width=\"105\">20.69<\/td>\n<td width=\"103\">21.46<\/td>\n<td width=\"146\">1930<\/td>\n<td width=\"118\">2<\/td>\n<td width=\"118\">M\u00e0u \u0111\u1ecf<\/td>\n<\/tr>\n<tr>\n<td width=\"118\">AAR-2304<\/td>\n<td width=\"105\">21.47<\/td>\n<td width=\"103\">23.04<\/td>\n<td width=\"146\">1980<\/td>\n<td width=\"118\">2.2<\/td>\n<td width=\"118\">M\u00e0u xanh da tr\u1eddi<\/td>\n<\/tr>\n<tr>\n<td width=\"118\">AAR-2360<\/td>\n<td width=\"105\">23.05<\/td>\n<td width=\"103\">23.60<\/td>\n<td width=\"146\">2030<\/td>\n<td width=\"118\">2.5<\/td>\n<td width=\"118\">M\u00e0u xanh l\u00e1<\/td>\n<\/tr>\n<tr>\n<td width=\"118\">AAR-2479<\/td>\n<td width=\"105\">23.61<\/td>\n<td width=\"103\">24.79<\/td>\n<td width=\"146\">2230<\/td>\n<td width=\"118\">2.5<\/td>\n<td width=\"118\">Tr\u1eafng<\/td>\n<\/tr>\n<tr>\n<td width=\"118\">AAR-2581<\/td>\n<td width=\"105\">24.80<\/td>\n<td width=\"103\">25.81<\/td>\n<td width=\"146\">2340<\/td>\n<td width=\"118\">2.5<\/td>\n<td width=\"118\">M\u00e0u v\u00e0ng<\/td>\n<\/tr>\n<tr>\n<td width=\"118\">AAR-2629<\/td>\n<td width=\"105\">25.82<\/td>\n<td width=\"103\">26.29<\/td>\n<td width=\"146\">2380<\/td>\n<td width=\"118\">4<\/td>\n<td width=\"118\">M\u00e0u n\u00e2u<\/td>\n<\/tr>\n<tr>\n<td width=\"118\">AAR-2703<\/td>\n<td width=\"105\">26.30<\/td>\n<td width=\"103\">27.03<\/td>\n<td width=\"146\">2430<\/td>\n<td width=\"118\">4.2<\/td>\n<td width=\"118\">M\u00e0u xanh da tr\u1eddi<\/td>\n<\/tr>\n<tr>\n<td width=\"118\">AAR-2789<\/td>\n<td width=\"105\">27.40<\/td>\n<td width=\"103\">27.89<\/td>\n<td width=\"146\">2430<\/td>\n<td width=\"118\">4.2<\/td>\n<td width=\"118\">M\u00e0u xanh l\u00e1<\/td>\n<\/tr>\n<tr>\n<td width=\"118\">AAR-2893<\/td>\n<td width=\"105\">27.90<\/td>\n<td width=\"103\">28.93<\/td>\n<td width=\"146\">2540<\/td>\n<td width=\"118\">4.7<\/td>\n<td width=\"118\">M\u00e0u cam<\/td>\n<\/tr>\n<tr>\n<td width=\"118\">AAR-2949<\/td>\n<td width=\"105\">28.94<\/td>\n<td width=\"103\">29.49<\/td>\n<td width=\"146\">2540<\/td>\n<td width=\"118\">4.8<\/td>\n<td width=\"118\">M\u00e0u t\u00edm<\/td>\n<\/tr>\n<tr>\n<td width=\"118\">AAR-3068<\/td>\n<td width=\"105\">29.50<\/td>\n<td width=\"103\">30.68<\/td>\n<td width=\"146\">2540<\/td>\n<td width=\"118\">5.2<\/td>\n<td width=\"118\">M\u00e0u \u0111\u1ecf<\/td>\n<\/tr>\n<tr>\n<td width=\"118\">AAR-3223<\/td>\n<td width=\"105\">30.69<\/td>\n<td width=\"103\">32.23<\/td>\n<td width=\"146\">2540<\/td>\n<td width=\"118\">5.8<\/td>\n<td width=\"118\">\u0110en<\/td>\n<\/tr>\n<tr>\n<td width=\"118\">AAR-3371<\/td>\n<td width=\"105\">32.24<\/td>\n<td width=\"103\">33.71<\/td>\n<td width=\"146\">2540<\/td>\n<td width=\"118\">5.9<\/td>\n<td width=\"118\">Tr\u1eafng<\/td>\n<\/tr>\n<tr>\n<td width=\"118\">AAR-3531<\/td>\n<td width=\"105\">33.72<\/td>\n<td width=\"103\">35.31<\/td>\n<td width=\"146\">2540<\/td>\n<td width=\"118\">6.2<\/td>\n<td width=\"118\">M\u00e0u v\u00e0ng<\/td>\n<\/tr>\n<\/tbody>\n<\/table>","protected":false},"excerpt":{"rendered":"<p>Gi\u00e1p b\u1ecdc c\u00f3 ba lo\u1ea1i v\u1eadt li\u1ec7u: H\u1ee3p kim nh\u00f4m \u2013 Th\u00e9p b\u1ecdc nh\u00f4m v\u00e0 M\u1ea1 k\u1ebdm<br \/>\nTh\u00e9p.<\/p>\n<p>D\u1ef1a tr\u00ean nhu c\u1ea7u c\u1ee7a b\u1ea1n, ch\u00fang t\u00f4i s\u1ebd cung c\u1ea5p h\u1ed7 tr\u1ee3 \u0111\u01a1n ho\u1eb7c \u0111\u00f4i.<\/p>\n<p>\u0110\u1ed1i v\u1edbi nhu c\u1ea7u s\u1eed d\u1ee5ng \u0111i\u1ec7n \u00e1p cao, ch\u00fang t\u00f4i c\u00f3 th\u1ec3 cung c\u1ea5p \u0111\u1ea7u EHV theo y\u00eau c\u1ea7u c\u1ee7a b\u1ea1n \u0111\u1ec3 \u0111\u00e1p \u1ee9ng th\u1eddi \u0111i\u1ec3m b\u1eaft \u0111\u1ea7u c\u00f3 corona.<\/p>\n<p>&nbsp;<\/p>","protected":false},"featured_media":30506,"comment_status":"closed","ping_status":"closed","template":"","meta":{"inline_featured_image":false},"product_brand":[],"product_cat":[86,277,287],"product_tag":[],"class_list":{"0":"post-28370","1":"product","2":"type-product","3":"status-publish","4":"has-post-thumbnail","6":"product_cat-industrial-electric","7":"product_cat-manufacturing-products","8":"product_cat-helical-products","10":"first","11":"instock","12":"product-type-simple"},"_links":{"self":[{"href":"https:\/\/morstar.vn\/vi\/wp-json\/wp\/v2\/product\/28370","targetHints":{"allow":["GET"]}}],"collection":[{"href":"https:\/\/morstar.vn\/vi\/wp-json\/wp\/v2\/product"}],"about":[{"href":"https:\/\/morstar.vn\/vi\/wp-json\/wp\/v2\/types\/product"}],"replies":[{"embeddable":true,"href":"https:\/\/morstar.vn\/vi\/wp-json\/wp\/v2\/comments?post=28370"}],"wp:featuredmedia":[{"embeddable":true,"href":"https:\/\/morstar.vn\/vi\/wp-json\/wp\/v2\/media\/30506"}],"wp:attachment":[{"href":"https:\/\/morstar.vn\/vi\/wp-json\/wp\/v2\/media?parent=28370"}],"wp:term":[{"taxonomy":"product_brand","embeddable":true,"href":"https:\/\/morstar.vn\/vi\/wp-json\/wp\/v2\/product_brand?post=28370"},{"taxonomy":"product_cat","embeddable":true,"href":"https:\/\/morstar.vn\/vi\/wp-json\/wp\/v2\/product_cat?post=28370"},{"taxonomy":"product_tag","embeddable":true,"href":"https:\/\/morstar.vn\/vi\/wp-json\/wp\/v2\/product_tag?post=28370"}],"curies":[{"name":"wp","href":"https:\/\/api.w.org\/{rel}","templated":true}]}}