{"id":28367,"date":"2024-08-16T11:16:30","date_gmt":"2024-08-16T11:16:30","guid":{"rendered":"https:\/\/morstar.vn\/product\/opgw-ground-wire\/"},"modified":"2024-12-10T07:26:53","modified_gmt":"2024-12-10T07:26:53","slug":"opgw-ground-wire","status":"publish","type":"product","link":"https:\/\/morstar.vn\/vi\/san-pham\/opgw-ground-wire\/","title":{"rendered":"D\u00e2y n\u1ed1i \u0111\u1ea5t OPGW"},"content":{"rendered":"<p>&nbsp;<\/p>\n<div style=\"text-align: center\"><img loading=\"lazy\" decoding=\"async\" src=\"https:\/\/morstar.vn\/wp-content\/uploads\/2024\/08\/opgw-ground-wire-1.png\" alt=\"OPGW GROUND WIRE 1\" width=\"900\" height=\"135\" \/><\/div>\n<p>&nbsp;<\/p>\n<table border=\"1\" width=\"567\" cellspacing=\"0\" cellpadding=\"0\" align=\"center\">\n<tbody>\n<tr>\n<td style=\"text-align: center\" rowspan=\"2\" width=\"81\" height=\"51\">Morstar #<\/td>\n<td style=\"text-align: center\" colspan=\"4\" width=\"324\">Ph\u1ea1m vi \u0111\u01b0\u1eddng k\u00ednh<\/td>\n<td style=\"text-align: center\" rowspan=\"2\" width=\"81\">T\u1ed5ng th\u1ec3 d\u00e2y<br \/>\nChi\u1ec1u d\u00e0i<\/td>\n<td style=\"text-align: center\" rowspan=\"2\" width=\"81\">M\u00e3 m\u00e0u<\/td>\n<\/tr>\n<tr>\n<td style=\"text-align: center\" width=\"81\" height=\"21\">T\u1ed1i thi\u1ec3u (inch)<\/td>\n<td style=\"text-align: center\" width=\"81\">T\u1ed1i \u0111a (inch)<\/td>\n<td style=\"text-align: center\" width=\"81\">T\u1ed1i thi\u1ec3u (mm)<\/td>\n<td style=\"text-align: center\" width=\"81\">T\u1ed1i \u0111a (mm)<\/td>\n<\/tr>\n<tr>\n<td style=\"text-align: center\" height=\"19\">OGW0909<\/td>\n<td style=\"text-align: center\">0.358<\/td>\n<td style=\"text-align: center\">0.374<\/td>\n<td style=\"text-align: center\">9.1<\/td>\n<td style=\"text-align: center\">9.5<\/td>\n<td style=\"text-align: center\">24<\/td>\n<td style=\"text-align: center\">M\u00e0u xanh da tr\u1eddi<\/td>\n<\/tr>\n<tr>\n<td style=\"text-align: center\" height=\"19\">OGW1001<\/td>\n<td style=\"text-align: center\">0.375<\/td>\n<td style=\"text-align: center\">0.391<\/td>\n<td style=\"text-align: center\">9.5<\/td>\n<td style=\"text-align: center\">9.9<\/td>\n<td style=\"text-align: center\">24<\/td>\n<td style=\"text-align: center\">H\u1ed3ng<\/td>\n<\/tr>\n<tr>\n<td style=\"text-align: center\" height=\"19\">OGW1010<\/td>\n<td style=\"text-align: center\">0.392<\/td>\n<td style=\"text-align: center\">0.410<\/td>\n<td style=\"text-align: center\">10.0<\/td>\n<td style=\"text-align: center\">10.3<\/td>\n<td style=\"text-align: center\">24<\/td>\n<td style=\"text-align: center\">H\u1ed3ng<\/td>\n<\/tr>\n<tr>\n<td style=\"text-align: center\" height=\"26\">OGW1001<\/td>\n<td style=\"text-align: center\">0.041<\/td>\n<td style=\"text-align: center\">0.425<\/td>\n<td style=\"text-align: center\">10.4<\/td>\n<td style=\"text-align: center\">10.7<\/td>\n<td style=\"text-align: center\">26<\/td>\n<td style=\"text-align: center\">Tr\u1eafng<\/td>\n<\/tr>\n<tr>\n<td style=\"text-align: center\" height=\"26\">OGW1011<\/td>\n<td style=\"text-align: center\">0.426<\/td>\n<td style=\"text-align: center\">0.443<\/td>\n<td style=\"text-align: center\">10.8<\/td>\n<td style=\"text-align: center\">11.2<\/td>\n<td style=\"text-align: center\">26<\/td>\n<td style=\"text-align: center\">Tr\u1eafng<\/td>\n<\/tr>\n<tr>\n<td style=\"text-align: center\" height=\"18\">OGW1111<\/td>\n<td style=\"text-align: center\">0.444<\/td>\n<td style=\"text-align: center\">0.460<\/td>\n<td style=\"text-align: center\">11.3<\/td>\n<td style=\"text-align: center\">11.6<\/td>\n<td style=\"text-align: center\">27<\/td>\n<td style=\"text-align: center\">M\u00e0u n\u00e2u<\/td>\n<\/tr>\n<tr>\n<td style=\"text-align: center\" height=\"18\">OGW1112<\/td>\n<td style=\"text-align: center\">0.461<\/td>\n<td style=\"text-align: center\">0.477<\/td>\n<td style=\"text-align: center\">11.7<\/td>\n<td style=\"text-align: center\">12.0<\/td>\n<td style=\"text-align: center\">27<\/td>\n<td style=\"text-align: center\">M\u00e0u n\u00e2u<\/td>\n<\/tr>\n<tr>\n<td style=\"text-align: center\" height=\"18\">OGW1212<\/td>\n<td style=\"text-align: center\">0.478<\/td>\n<td style=\"text-align: center\">0.494<\/td>\n<td style=\"text-align: center\">12.1<\/td>\n<td style=\"text-align: center\">12.5<\/td>\n<td style=\"text-align: center\">29<\/td>\n<td style=\"text-align: center\">M\u00e0u t\u00edm<\/td>\n<\/tr>\n<tr>\n<td style=\"text-align: center\" height=\"18\">OGW1201<\/td>\n<td style=\"text-align: center\">0.495<\/td>\n<td style=\"text-align: center\">0.511<\/td>\n<td style=\"text-align: center\">12.6<\/td>\n<td style=\"text-align: center\">12.9<\/td>\n<td style=\"text-align: center\">29<\/td>\n<td style=\"text-align: center\">M\u00e0u t\u00edm<\/td>\n<\/tr>\n<tr>\n<td style=\"text-align: center\" height=\"18\">OGW1313<\/td>\n<td style=\"text-align: center\">0.513<\/td>\n<td style=\"text-align: center\">0.528<\/td>\n<td style=\"text-align: center\">13.0<\/td>\n<td style=\"text-align: center\">13.3<\/td>\n<td style=\"text-align: center\">31<\/td>\n<td style=\"text-align: center\">M\u00e0u v\u00e0ng<\/td>\n<\/tr>\n<tr>\n<td style=\"text-align: center\" height=\"18\">OGW1301<\/td>\n<td style=\"text-align: center\">0.529<\/td>\n<td style=\"text-align: center\">0.545<\/td>\n<td style=\"text-align: center\">13.4<\/td>\n<td style=\"text-align: center\">13.8<\/td>\n<td style=\"text-align: center\">31<\/td>\n<td style=\"text-align: center\">M\u00e0u v\u00e0ng<\/td>\n<\/tr>\n<tr>\n<td style=\"text-align: center\" height=\"18\">OGW1314<\/td>\n<td style=\"text-align: center\">0.546<\/td>\n<td style=\"text-align: center\">0.562<\/td>\n<td style=\"text-align: center\">13.9<\/td>\n<td style=\"text-align: center\">14.2<\/td>\n<td style=\"text-align: center\">32<\/td>\n<td style=\"text-align: center\">M\u00e0u xanh da tr\u1eddi<\/td>\n<\/tr>\n<tr>\n<td style=\"text-align: center\" height=\"18\">OGW1414<\/td>\n<td style=\"text-align: center\">0.563<\/td>\n<td style=\"text-align: center\">0.579<\/td>\n<td style=\"text-align: center\">14.3<\/td>\n<td style=\"text-align: center\">14.6<\/td>\n<td style=\"text-align: center\">32<\/td>\n<td style=\"text-align: center\">M\u00e0u xanh da tr\u1eddi<\/td>\n<\/tr>\n<tr>\n<td style=\"text-align: center\" height=\"18\">OGW1415<\/td>\n<td style=\"text-align: center\">0.580<\/td>\n<td style=\"text-align: center\">0.596<\/td>\n<td style=\"text-align: center\">14.7<\/td>\n<td style=\"text-align: center\">15.1<\/td>\n<td style=\"text-align: center\">34<\/td>\n<td style=\"text-align: center\">M\u00e0u cam<\/td>\n<\/tr>\n<tr>\n<td style=\"text-align: center\" height=\"18\">OGW1515<\/td>\n<td style=\"text-align: center\">0.597<\/td>\n<td style=\"text-align: center\">0.613<\/td>\n<td style=\"text-align: center\">15.2<\/td>\n<td style=\"text-align: center\">15.5<\/td>\n<td style=\"text-align: center\">34<\/td>\n<td style=\"text-align: center\">M\u00e0u cam<\/td>\n<\/tr>\n<tr>\n<td style=\"text-align: center\" height=\"20\">OGW1516<\/td>\n<td style=\"text-align: center\">0.614<\/td>\n<td style=\"text-align: center\">0.630<\/td>\n<td style=\"text-align: center\">15.6<\/td>\n<td style=\"text-align: center\">15.9<\/td>\n<td style=\"text-align: center\">36<\/td>\n<td style=\"text-align: center\">M\u00e0u \u0111\u1ecf<\/td>\n<\/tr>\n<tr>\n<td style=\"text-align: center\" height=\"20\">OGW1616<\/td>\n<td style=\"text-align: center\">0.631<\/td>\n<td style=\"text-align: center\">0.647<\/td>\n<td style=\"text-align: center\">16.0<\/td>\n<td style=\"text-align: center\">16.4<\/td>\n<td style=\"text-align: center\">36<\/td>\n<td style=\"text-align: center\">M\u00e0u \u0111\u1ecf<\/td>\n<\/tr>\n<tr>\n<td style=\"text-align: center\" height=\"20\">OGW1617<\/td>\n<td style=\"text-align: center\">0.648<\/td>\n<td style=\"text-align: center\">0.664<\/td>\n<td style=\"text-align: center\">16.5<\/td>\n<td style=\"text-align: center\">16.9<\/td>\n<td style=\"text-align: center\">38<\/td>\n<td style=\"text-align: center\">\u0110en<\/td>\n<\/tr>\n<tr>\n<td style=\"text-align: center\" height=\"20\">OGW1717<\/td>\n<td style=\"text-align: center\">0.665<\/td>\n<td style=\"text-align: center\">0.681<\/td>\n<td style=\"text-align: center\">17.0<\/td>\n<td style=\"text-align: center\">17.2<\/td>\n<td style=\"text-align: center\">38<\/td>\n<td style=\"text-align: center\">\u0110en<\/td>\n<\/tr>\n<tr>\n<td style=\"text-align: center\" height=\"20\">OGW1701<\/td>\n<td style=\"text-align: center\">0.682<\/td>\n<td style=\"text-align: center\">0.698<\/td>\n<td style=\"text-align: center\">17.3<\/td>\n<td style=\"text-align: center\">17.7<\/td>\n<td style=\"text-align: center\">40<\/td>\n<td style=\"text-align: center\">M\u00e0u xanh l\u00e1<\/td>\n<\/tr>\n<tr>\n<td style=\"text-align: center\" height=\"21\">OGW1718<\/td>\n<td style=\"text-align: center\">0.699<\/td>\n<td style=\"text-align: center\">0.715<\/td>\n<td style=\"text-align: center\">17.8<\/td>\n<td style=\"text-align: center\">18.0<\/td>\n<td style=\"text-align: center\">40<\/td>\n<td style=\"text-align: center\">M\u00e0u xanh l\u00e1<\/td>\n<\/tr>\n<tr>\n<td style=\"text-align: center\" height=\"26\">OGW1818<\/td>\n<td style=\"text-align: center\">0.716<\/td>\n<td style=\"text-align: center\">0.732<\/td>\n<td style=\"text-align: center\">18.1<\/td>\n<td style=\"text-align: center\">18.5<\/td>\n<td style=\"text-align: center\">41<\/td>\n<td style=\"text-align: center\">M\u00e0u n\u00e2u<\/td>\n<\/tr>\n<tr>\n<td style=\"text-align: center\" height=\"26\">OGW18101<\/td>\n<td style=\"text-align: center\">0.733<\/td>\n<td style=\"text-align: center\">0.749<\/td>\n<td style=\"text-align: center\">18.6<\/td>\n<td style=\"text-align: center\">18.9<\/td>\n<td style=\"text-align: center\">41<\/td>\n<td style=\"text-align: center\">M\u00e0u n\u00e2u<\/td>\n<\/tr>\n<tr>\n<td style=\"text-align: center\" height=\"18\">OGW1919<\/td>\n<td style=\"text-align: center\">0.750<\/td>\n<td style=\"text-align: center\">0.766<\/td>\n<td style=\"text-align: center\">19.0<\/td>\n<td style=\"text-align: center\">19.4<\/td>\n<td style=\"text-align: center\">59<\/td>\n<td style=\"text-align: center\">M\u00e0u t\u00edm<\/td>\n<\/tr>\n<tr>\n<td style=\"text-align: center\" height=\"18\">OGW1901<\/td>\n<td style=\"text-align: center\">0.767<\/td>\n<td style=\"text-align: center\">0.783<\/td>\n<td style=\"text-align: center\">19.5<\/td>\n<td style=\"text-align: center\">19.8<\/td>\n<td style=\"text-align: center\">59<\/td>\n<td style=\"text-align: center\">M\u00e0u t\u00edm<\/td>\n<\/tr>\n<tr>\n<td style=\"text-align: center\" height=\"18\">OGW1920<\/td>\n<td style=\"text-align: center\">0.784<\/td>\n<td style=\"text-align: center\">0.800<\/td>\n<td style=\"text-align: center\">19.9<\/td>\n<td style=\"text-align: center\">20.2<\/td>\n<td style=\"text-align: center\">64<\/td>\n<td style=\"text-align: center\">M\u00e0u v\u00e0ng<\/td>\n<\/tr>\n<tr>\n<td style=\"text-align: center\" height=\"18\">OGW2020<\/td>\n<td style=\"text-align: center\">0.801<\/td>\n<td style=\"text-align: center\">0.817<\/td>\n<td style=\"text-align: center\">20.3<\/td>\n<td style=\"text-align: center\">20.7<\/td>\n<td style=\"text-align: center\">64<\/td>\n<td style=\"text-align: center\">M\u00e0u v\u00e0ng<\/td>\n<\/tr>\n<tr>\n<td style=\"text-align: center\" height=\"18\">OGW2021<\/td>\n<td style=\"text-align: center\">0.818<\/td>\n<td style=\"text-align: center\">0.834<\/td>\n<td style=\"text-align: center\">20.8<\/td>\n<td style=\"text-align: center\">21.1<\/td>\n<td style=\"text-align: center\">66<\/td>\n<td style=\"text-align: center\">M\u00e0u xanh da tr\u1eddi<\/td>\n<\/tr>\n<tr>\n<td style=\"text-align: center\" height=\"18\">OGW2121<\/td>\n<td style=\"text-align: center\">0.835<\/td>\n<td style=\"text-align: center\">0.851<\/td>\n<td style=\"text-align: center\">21.2<\/td>\n<td style=\"text-align: center\">21.5<\/td>\n<td style=\"text-align: center\">66<\/td>\n<td style=\"text-align: center\">M\u00e0u xanh da tr\u1eddi<\/td>\n<\/tr>\n<tr>\n<td style=\"text-align: center\" height=\"18\">OGW2122<\/td>\n<td style=\"text-align: center\">0.852<\/td>\n<td style=\"text-align: center\">0.868<\/td>\n<td style=\"text-align: center\">21.6<\/td>\n<td style=\"text-align: center\">22.0<\/td>\n<td style=\"text-align: center\">70<\/td>\n<td style=\"text-align: center\">M\u00e0u cam<\/td>\n<\/tr>\n<tr>\n<td style=\"text-align: center\" height=\"18\">OGW2222<\/td>\n<td style=\"text-align: center\">0.869<\/td>\n<td style=\"text-align: center\">0.885<\/td>\n<td style=\"text-align: center\">22.1<\/td>\n<td style=\"text-align: center\">22.4<\/td>\n<td style=\"text-align: center\">70<\/td>\n<td style=\"text-align: center\">M\u00e0u cam<\/td>\n<\/tr>\n<tr>\n<td style=\"text-align: center\" height=\"18\">OGW2201<\/td>\n<td style=\"text-align: center\">0.886<\/td>\n<td style=\"text-align: center\">0.902<\/td>\n<td style=\"text-align: center\">22.5<\/td>\n<td style=\"text-align: center\">22.8<\/td>\n<td style=\"text-align: center\">72<\/td>\n<td style=\"text-align: center\">M\u00e0u \u0111\u1ecf<\/td>\n<\/tr>\n<tr>\n<td style=\"text-align: center\" height=\"18\">OGW2223<\/td>\n<td style=\"text-align: center\">0.903<\/td>\n<td style=\"text-align: center\">0.919<\/td>\n<td style=\"text-align: center\">22.9<\/td>\n<td style=\"text-align: center\">23.2<\/td>\n<td style=\"text-align: center\">72<\/td>\n<td style=\"text-align: center\">M\u00e0u \u0111\u1ecf<\/td>\n<\/tr>\n<tr>\n<td style=\"text-align: center\" height=\"18\">OGW2323<\/td>\n<td style=\"text-align: center\">0.920<\/td>\n<td style=\"text-align: center\">0.936<\/td>\n<td style=\"text-align: center\">23.3<\/td>\n<td style=\"text-align: center\">23.8<\/td>\n<td style=\"text-align: center\">74<\/td>\n<td style=\"text-align: center\">\u0110en<\/td>\n<\/tr>\n<\/tbody>\n<\/table>\n<h2><strong>H\u01af\u1edaNG D\u1eaaN \u0110\u1eb6T H\u00c0NG:<\/strong><\/h2>\n<ul>\n<li>B\u1ea3ng \u0111\u01b0\u1ee3c cung c\u1ea5p ch\u1ec9 hi\u1ec3n th\u1ecb c\u00e1c s\u1ea3n ph\u1ea9m Ti\u00eau chu\u1ea9n c\u1ee7a ch\u00fang t\u00f4i.<\/li>\n<li>Ch\u00fang t\u00f4i c\u00f3 quy\u1ec1n thay \u0111\u1ed5i S\u1ea3n ph\u1ea9m Ti\u00eau chu\u1ea9n c\u1ee7a m\u00ecnh m\u00e0 kh\u00f4ng c\u1ea7n th\u00f4ng b\u00e1o \u0111\u1ec3 c\u1ea3i thi\u1ec7n Ch\u1ea5t l\u01b0\u1ee3ng v\u00e0 Hi\u1ec7u su\u1ea5t.<\/li>\n<li>S\u1ea3n ph\u1ea9m \u0111\u1eb7t h\u00e0ng \u0111\u1eb7c bi\u1ec7t c\u00f3 s\u1eb5n theo y\u00eau c\u1ea7u. Sao Mai c\u00f3 th\u1ec3 cung c\u1ea5p cho b\u1ea1n s\u1ea3n ph\u1ea9m ch\u1ea5t l\u01b0\u1ee3ng \u0111\u01b0\u1ee3c thi\u1ebft k\u1ebf v\u00e0 s\u1ea3n xu\u1ea5t \u0111\u1ec3 \u0111\u00e1p \u1ee9ng nhu c\u1ea7u c\u1ee5 th\u1ec3 c\u1ee7a b\u1ea1n.<\/li>\n<\/ul>","protected":false},"excerpt":{"rendered":"<p><strong>D\u00e2y n\u1ed1i \u0111\u1ea5t:<\/strong><\/p>\n<p>D\u00e2y n\u1ed1i \u0111\u1ea5t OPGW c\u00f3 th\u1ec3 \u0111\u01b0\u1ee3c y\u00eau c\u1ea7u v\u1edbi gi\u00e1p c\u0103ng d\u00e2y OPGW. D\u00e2y n\u1ed1i \u0111\u1ea5t ti\u00eau chu\u1ea9n c\u1ee7a ch\u00fang t\u00f4i \u0111\u01b0\u1ee3c l\u00e0m b\u1eb1ng d\u00e2y nh\u00f4m xo\u1eafn. \u200b\u200bK\u00edch th\u01b0\u1edbc, chi\u1ec1u d\u00e0i v\u00e0 v\u1eadt li\u1ec7u t\u00f9y ch\u1ec9nh c\u00f3 s\u1eb5n theo y\u00eau c\u1ea7u.<\/p>\n<p>&nbsp;<\/p>","protected":false},"featured_media":31047,"comment_status":"closed","ping_status":"closed","template":"","meta":{"inline_featured_image":false},"product_brand":[],"product_cat":[277,287],"product_tag":[],"class_list":{"0":"post-28367","1":"product","2":"type-product","3":"status-publish","4":"has-post-thumbnail","6":"product_cat-manufacturing-products","7":"product_cat-helical-products","9":"first","10":"instock","11":"product-type-simple"},"_links":{"self":[{"href":"https:\/\/morstar.vn\/vi\/wp-json\/wp\/v2\/product\/28367","targetHints":{"allow":["GET"]}}],"collection":[{"href":"https:\/\/morstar.vn\/vi\/wp-json\/wp\/v2\/product"}],"about":[{"href":"https:\/\/morstar.vn\/vi\/wp-json\/wp\/v2\/types\/product"}],"replies":[{"embeddable":true,"href":"https:\/\/morstar.vn\/vi\/wp-json\/wp\/v2\/comments?post=28367"}],"wp:featuredmedia":[{"embeddable":true,"href":"https:\/\/morstar.vn\/vi\/wp-json\/wp\/v2\/media\/31047"}],"wp:attachment":[{"href":"https:\/\/morstar.vn\/vi\/wp-json\/wp\/v2\/media?parent=28367"}],"wp:term":[{"taxonomy":"product_brand","embeddable":true,"href":"https:\/\/morstar.vn\/vi\/wp-json\/wp\/v2\/product_brand?post=28367"},{"taxonomy":"product_cat","embeddable":true,"href":"https:\/\/morstar.vn\/vi\/wp-json\/wp\/v2\/product_cat?post=28367"},{"taxonomy":"product_tag","embeddable":true,"href":"https:\/\/morstar.vn\/vi\/wp-json\/wp\/v2\/product_tag?post=28367"}],"curies":[{"name":"wp","href":"https:\/\/api.w.org\/{rel}","templated":true}]}}