{"id":28364,"date":"2024-08-16T11:16:30","date_gmt":"2024-08-16T11:16:30","guid":{"rendered":"https:\/\/morstar.vn\/product\/opgw-deadend\/"},"modified":"2024-12-31T03:47:39","modified_gmt":"2024-12-31T03:47:39","slug":"ngo-cut-opgw","status":"publish","type":"product","link":"https:\/\/morstar.vn\/vi\/san-pham\/ngo-cut-opgw\/","title":{"rendered":"Gi\u00e1p c\u0103ng d\u00e2y OPGW"},"content":{"rendered":"<p>&nbsp;<\/p>\n<div style=\"text-align: center\"><img loading=\"lazy\" decoding=\"async\" src=\"https:\/\/morstar.vn\/wp-content\/uploads\/2024\/08\/opgw-deadend-1.png\" alt=\"OPGW B\u1ebe T\u1eaeC 1\" width=\"900\" height=\"371\" \/><\/div>\n<p>&nbsp;<\/p>\n<table border=\"1\" width=\"648\" cellspacing=\"0\" cellpadding=\"0\" align=\"center\">\n<tbody>\n<tr>\n<td style=\"text-align: center\" rowspan=\"2\" width=\"81\" height=\"43\">S\u1ed1 hi\u1ec7u m\u1eabu<\/td>\n<td style=\"text-align: center\" colspan=\"4\" width=\"324\">Ph\u1ea1m vi \u0111\u01b0\u1eddng k\u00ednh<\/td>\n<td style=\"text-align: center\" rowspan=\"2\" width=\"81\">M\u00e0u s\u1eafc<\/td>\n<td style=\"text-align: center\" width=\"81\">L1<\/td>\n<td style=\"text-align: center\" width=\"81\">L2<\/td>\n<\/tr>\n<tr>\n<td style=\"text-align: center\" width=\"81\" height=\"22\">T\u1ed1i thi\u1ec3u (in)<\/td>\n<td style=\"text-align: center\" width=\"81\">T\u1ed1i \u0111a (in)<\/td>\n<td style=\"text-align: center\" width=\"81\">T\u1ed1i thi\u1ec3u (mm)<\/td>\n<td style=\"text-align: center\" width=\"81\">T\u1ed1i \u0111a (mm)<\/td>\n<td style=\"text-align: center\" width=\"81\">\u00a0inch (mm)<\/td>\n<td style=\"text-align: center\" width=\"81\">trong (mm)<\/td>\n<\/tr>\n<tr>\n<td style=\"text-align: center\" height=\"20\">ODE0910<\/td>\n<td style=\"text-align: center\">0.355<\/td>\n<td style=\"text-align: center\">0.399<\/td>\n<td style=\"text-align: center\">9.0<\/td>\n<td style=\"text-align: center\">10.1<\/td>\n<td style=\"text-align: center\">M\u00e0u xanh da tr\u1eddi<\/td>\n<td style=\"text-align: center\">44(1,120)<\/td>\n<td style=\"text-align: center\">34(863)<\/td>\n<\/tr>\n<tr>\n<td style=\"text-align: center\" height=\"20\">ODE1011<\/td>\n<td style=\"text-align: center\">0.400<\/td>\n<td style=\"text-align: center\">0.449<\/td>\n<td style=\"text-align: center\">10.2<\/td>\n<td style=\"text-align: center\">11.4<\/td>\n<td style=\"text-align: center\">M\u00e0u xanh da tr\u1eddi<\/td>\n<td style=\"text-align: center\">49(1,240)<\/td>\n<td style=\"text-align: center\">36(914)<\/td>\n<\/tr>\n<tr>\n<td style=\"text-align: center\" height=\"20\">ODE1112<\/td>\n<td style=\"text-align: center\">0.450<\/td>\n<td style=\"text-align: center\">0.504<\/td>\n<td style=\"text-align: center\">11.5<\/td>\n<td style=\"text-align: center\">12.8<\/td>\n<td style=\"text-align: center\">M\u00e0u \u0111\u1ecf<\/td>\n<td style=\"text-align: center\">54(1,370)<\/td>\n<td style=\"text-align: center\">39(990)<\/td>\n<\/tr>\n<tr>\n<td style=\"text-align: center\" height=\"20\">ODE1214<\/td>\n<td style=\"text-align: center\">0.505<\/td>\n<td style=\"text-align: center\">0.555<\/td>\n<td style=\"text-align: center\">12.9<\/td>\n<td style=\"text-align: center\">14.1<\/td>\n<td style=\"text-align: center\">M\u00e0u cam<\/td>\n<td style=\"text-align: center\">58(1,470)<\/td>\n<td style=\"text-align: center\">42(1,066)<\/td>\n<\/tr>\n<tr>\n<td style=\"text-align: center\" height=\"20\">ODE1415<\/td>\n<td style=\"text-align: center\">0.556<\/td>\n<td style=\"text-align: center\">0.610<\/td>\n<td style=\"text-align: center\">14.2<\/td>\n<td style=\"text-align: center\">15.5<\/td>\n<td style=\"text-align: center\">\u0110en<\/td>\n<td style=\"text-align: center\">63(1,600)<\/td>\n<td style=\"text-align: center\">45(1,143)<\/td>\n<\/tr>\n<tr>\n<td style=\"text-align: center\" height=\"20\">ODE1517<\/td>\n<td style=\"text-align: center\">0.611<\/td>\n<td style=\"text-align: center\">0.680<\/td>\n<td style=\"text-align: center\">15.6<\/td>\n<td style=\"text-align: center\">17.2<\/td>\n<td style=\"text-align: center\">M\u00e0u xanh l\u00e1<\/td>\n<td style=\"text-align: center\">68(1,730)<\/td>\n<td style=\"text-align: center\">49(1,244)<\/td>\n<\/tr>\n<tr>\n<td style=\"text-align: center\" height=\"20\">ODE1719<\/td>\n<td style=\"text-align: center\">0.681<\/td>\n<td style=\"text-align: center\">0.755<\/td>\n<td style=\"text-align: center\">17.3<\/td>\n<td style=\"text-align: center\">19.1<\/td>\n<td style=\"text-align: center\">H\u1ed3ng<\/td>\n<td style=\"text-align: center\">85(2,160)<\/td>\n<td style=\"text-align: center\">64(1,625)<\/td>\n<\/tr>\n<tr>\n<td style=\"text-align: center\" height=\"20\">ODE1921<\/td>\n<td style=\"text-align: center\">0.756<\/td>\n<td style=\"text-align: center\">0.830<\/td>\n<td style=\"text-align: center\">19.2<\/td>\n<td style=\"text-align: center\">21.1<\/td>\n<td style=\"text-align: center\">M\u00e0u v\u00e0ng<\/td>\n<td style=\"text-align: center\">91(2,310)<\/td>\n<td style=\"text-align: center\">68(1727)<\/td>\n<\/tr>\n<tr>\n<td style=\"text-align: center\" height=\"20\">ODE2123<\/td>\n<td style=\"text-align: center\">0.831<\/td>\n<td style=\"text-align: center\">0.925<\/td>\n<td style=\"text-align: center\">21.2<\/td>\n<td style=\"text-align: center\">23.5<\/td>\n<td style=\"text-align: center\">M\u00e0u n\u00e2u<\/td>\n<td style=\"text-align: center\">98(2,490)<\/td>\n<td style=\"text-align: center\">73(1,854)<\/td>\n<\/tr>\n<tr>\n<td style=\"text-align: center\" height=\"21\">ODE2326<\/td>\n<td style=\"text-align: center\">0.926<\/td>\n<td style=\"text-align: center\">1.030<\/td>\n<td style=\"text-align: center\">23.6<\/td>\n<td style=\"text-align: center\">26.2<\/td>\n<td style=\"text-align: center\">M\u00e0u t\u00edm<\/td>\n<td style=\"text-align: center\">107(2,720)<\/td>\n<td style=\"text-align: center\">79(2,006)<\/td>\n<\/tr>\n<\/tbody>\n<\/table>\n<p>&nbsp;<\/p>\n<h2><strong>H\u01af\u1edaNG D\u1eaaN \u0110\u1eb6T H\u00c0NG:<\/strong><\/h2>\n<ul>\n<li>B\u1ea3ng \u0111\u01b0\u1ee3c cung c\u1ea5p ch\u1ec9 hi\u1ec3n th\u1ecb c\u00e1c s\u1ea3n ph\u1ea9m Ti\u00eau chu\u1ea9n c\u1ee7a ch\u00fang t\u00f4i.<\/li>\n<li>S\u1ea3n ph\u1ea9m ti\u00eau chu\u1ea9n d\u00e0nh cho ng\u01b0\u1eddi \u0111i\u1ec1u khi\u1ec3n d\u00e2y b\u00ean ph\u1ea3i.<\/li>\n<li>Special Order product is available upon request. \u00a0Morstar can furnish you with a quality product designed and manufactured to meet your specific needs.<\/li>\n<li>Vui l\u00f2ng cung c\u1ea5p cho Sao Mai c\u00e1c th\u00f4ng tin chi ti\u1ebft v\u1ec1 y\u00eau c\u1ea7u c\u1ee7a b\u1ea1n bao g\u1ed3m lo\u1ea1i v\u1eadt li\u1ec7u, h\u01b0\u1edbng xo\u1eafn \u1ed1c, chi\u1ec1u d\u00e0i, l\u1ef1c k\u1eb9p, RTS, v.v.<\/li>\n<li>Sao Mai c\u00f3 quy\u1ec1n thay \u0111\u1ed5i th\u00f4ng s\u1ed1 k\u1ef9 thu\u1eadt ti\u00eau chu\u1ea9n c\u1ee7a s\u1ea3n ph\u1ea9m c\u00f3 ho\u1eb7c kh\u00f4ng c\u00f3 th\u00f4ng b\u00e1o.<\/li>\n<\/ul>","protected":false},"excerpt":{"rendered":"<p><img loading=\"lazy\" decoding=\"async\" src=\"UsersIT1AppDataLocalTempmsohtmlclip11clip_image001.gif\" alt=\"\" width=\"7\" height=\"8\" \/>S\u1ea3n ph\u1ea9m d\u00e2y \u0111\u1ecbnh h\u00ecnh<br \/>\n<strong>M\u1ed6I B\u1ed8 BAO G\u1ed2M:<\/strong><\/p>\n<p>Tay c\u1ea7m Deadend \u2013 Th\u00e9p b\u1ecdc nh\u00f4m (tay tr\u00e1i).<br \/>\nThanh gia c\u1ed1 b\u00ean trong \u2013 Th\u00e9p b\u1ecdc nh\u00f4m (b\u00ean ph\u1ea3i).<br \/>\nK\u00ecm b\u1ea5m \u1ed1ng \u2013 Th\u00e9p m\u1ea1 k\u1ebdm.<br \/>\nExtension\u00a0\u00a0 Link\u00a0\u00a0\u00a0 (Optional):\u00a0 Supplied according to your requirement.<br \/>\nAnchor\u00a0\u00a0\u00a0 Shackle\u00a0\u00a0\u00a0 (Optional): Supplied according to your requirement (details below).<br \/>\nD\u00e2y n\u1ed1i \u0111\u1ea5t (T\u00f9y ch\u1ecdn): \u0110\u01b0\u1ee3c cung c\u1ea5p theo y\u00eau c\u1ea7u c\u1ee7a b\u1ea1n (chi ti\u1ebft b\u00ean d\u01b0\u1edbi).<\/p>\n<p>&nbsp;<\/p>","protected":false},"featured_media":31048,"comment_status":"closed","ping_status":"closed","template":"","meta":{"inline_featured_image":false},"product_brand":[],"product_cat":[277,287],"product_tag":[],"class_list":{"0":"post-28364","1":"product","2":"type-product","3":"status-publish","4":"has-post-thumbnail","6":"product_cat-manufacturing-products","7":"product_cat-helical-products","9":"first","10":"instock","11":"product-type-simple"},"_links":{"self":[{"href":"https:\/\/morstar.vn\/vi\/wp-json\/wp\/v2\/product\/28364","targetHints":{"allow":["GET"]}}],"collection":[{"href":"https:\/\/morstar.vn\/vi\/wp-json\/wp\/v2\/product"}],"about":[{"href":"https:\/\/morstar.vn\/vi\/wp-json\/wp\/v2\/types\/product"}],"replies":[{"embeddable":true,"href":"https:\/\/morstar.vn\/vi\/wp-json\/wp\/v2\/comments?post=28364"}],"wp:featuredmedia":[{"embeddable":true,"href":"https:\/\/morstar.vn\/vi\/wp-json\/wp\/v2\/media\/31048"}],"wp:attachment":[{"href":"https:\/\/morstar.vn\/vi\/wp-json\/wp\/v2\/media?parent=28364"}],"wp:term":[{"taxonomy":"product_brand","embeddable":true,"href":"https:\/\/morstar.vn\/vi\/wp-json\/wp\/v2\/product_brand?post=28364"},{"taxonomy":"product_cat","embeddable":true,"href":"https:\/\/morstar.vn\/vi\/wp-json\/wp\/v2\/product_cat?post=28364"},{"taxonomy":"product_tag","embeddable":true,"href":"https:\/\/morstar.vn\/vi\/wp-json\/wp\/v2\/product_tag?post=28364"}],"curies":[{"name":"wp","href":"https:\/\/api.w.org\/{rel}","templated":true}]}}