{"id":28358,"date":"2024-08-16T11:16:30","date_gmt":"2024-08-16T11:16:30","guid":{"rendered":"https:\/\/morstar.vn\/product\/hotline-clamp\/"},"modified":"2024-12-24T02:42:53","modified_gmt":"2024-12-24T02:42:53","slug":"kep-duong-day-nong","status":"publish","type":"product","link":"https:\/\/morstar.vn\/vi\/san-pham\/kep-duong-day-nong\/","title":{"rendered":"B\u1ed9 d\u00e2y ti\u1ebfp \u0111\u1ecba cho d\u00e2y b\u1ecdc"},"content":{"rendered":"<div style=\"text-align: center\"><img loading=\"lazy\" decoding=\"async\" src=\"https:\/\/morstar.vn\/wp-content\/uploads\/2024\/08\/hotline-clamp-option.jpg\" alt=\"t\u00f9y ch\u1ecdn k\u1eb9p \u0111\u01b0\u1eddng d\u00e2y n\u00f3ng\" width=\"800\" height=\"270\" \/><\/div>\n<p>&nbsp;<\/p>\n<div style=\"text-align: center\"><img loading=\"lazy\" decoding=\"async\" src=\"https:\/\/morstar.vn\/wp-content\/uploads\/2024\/08\/kep-ghim-day-boc-nhanh-1.jpg\" alt=\"k\u1eb9p ghim d\u00e2y boc nh\u00e1nh 1\" width=\"400\" height=\"622\" \/><\/div>\n<p>&nbsp;<\/p>\n<div style=\"text-align: center\"><img loading=\"lazy\" decoding=\"async\" src=\"https:\/\/morstar.vn\/wp-content\/uploads\/2024\/08\/kep-ghim-day-boc-tiep-dat-2.jpg\" alt=\"k\u00e9o ghim d\u00e2y boc tiep ?at 2\" width=\"400\" height=\"563\" \/><\/div>\n<p>B\u1ed9 d\u00e2y ti\u1ebfp \u0111\u1ecba cho d\u00e2y b\u1ecdc <b>\u0110\u1eb6C \u0110I\u1ec2M<\/b><\/p>\n<div style=\"text-align: center\"><img loading=\"lazy\" decoding=\"async\" src=\"https:\/\/morstar.vn\/wp-content\/uploads\/2024\/08\/aluminum-clamp-for-bare-cable.jpg\" alt=\"k\u1eb9p nh\u00f4m cho c\u00e1p tr\u1ea7n\" width=\"900\" height=\"1272\" \/><\/div>\n<p>&nbsp;<\/p>\n<div style=\"text-align: center\"><img loading=\"lazy\" decoding=\"async\" src=\"https:\/\/morstar.vn\/wp-content\/uploads\/2024\/08\/aluminum-clamp-for-bare-cable-armor-rods.jpg\" alt=\"k\u1eb9p nh\u00f4m cho thanh c\u00e1p b\u1ecdc th\u00e9p tr\u1ea7n\" width=\"900\" height=\"1272\" \/><\/div>\n<p>&nbsp;<\/p>\n<div style=\"text-align: center\"><img loading=\"lazy\" decoding=\"async\" src=\"https:\/\/morstar.vn\/wp-content\/uploads\/2024\/08\/hotline-clamp_1.jpg\" alt=\"B\u1ed9 d\u00e2y ti\u1ebfp \u0111\u1ecba cho d\u00e2y b\u1ecdc\" width=\"800\" height=\"600\" \/><\/div>","protected":false},"excerpt":{"rendered":"<p><strong>B\u1ed9 d\u00e2y ti\u1ebfp \u0111\u1ecba cho d\u00e2y b\u1ecdc<\/strong>\u00a0l\u00e0 ph\u1ee5 ki\u1ec7n k\u1ebft n\u1ed1i. N\u00f3 t\u1ea1o ra m\u1ed9t \u0111i\u1ec3m n\u1ed5i cho h\u1ec7 th\u1ed1ng n\u1ed1i \u0111\u1ea5t ho\u1eb7c m\u1ed9t \u0111i\u1ec3m ph\u00e2n nh\u00e1nh truy\u1ec1n t\u1ea3i \u0111\u1ebfn m\u1ea1ng l\u01b0\u1edbi ph\u00e2n ph\u1ed1i.<\/p>\n<p>&nbsp;<\/p>\n<p>C\u00f3 vai tr\u00f2 quan tr\u1ecdng \u0111\u1ea3m b\u1ea3o d\u00f2ng \u0111i\u1ec7n \u0111\u01b0\u1ee3c l\u01b0u th\u00f4ng li\u00ean t\u1ee5c, tr\u00e1nh s\u1ef1 c\u1ed1 ph\u00f3ng \u0111i\u1ec7n v\u00e0 t\u00e1c \u0111\u1ed9ng c\u1ee7a m\u00f4i tr\u01b0\u1eddng b\u00ean ngo\u00e0i.<\/p>\n<p>&nbsp;<\/p>\n<p>&nbsp;<\/p>","protected":false},"featured_media":28360,"comment_status":"closed","ping_status":"closed","template":"","meta":{"inline_featured_image":false},"product_brand":[],"product_cat":[278,86],"product_tag":[],"class_list":{"0":"post-28358","1":"product","2":"type-product","3":"status-publish","4":"has-post-thumbnail","6":"product_cat-distributed-products","7":"product_cat-industrial-electric","9":"first","10":"instock","11":"product-type-simple"},"_links":{"self":[{"href":"https:\/\/morstar.vn\/vi\/wp-json\/wp\/v2\/product\/28358","targetHints":{"allow":["GET"]}}],"collection":[{"href":"https:\/\/morstar.vn\/vi\/wp-json\/wp\/v2\/product"}],"about":[{"href":"https:\/\/morstar.vn\/vi\/wp-json\/wp\/v2\/types\/product"}],"replies":[{"embeddable":true,"href":"https:\/\/morstar.vn\/vi\/wp-json\/wp\/v2\/comments?post=28358"}],"wp:featuredmedia":[{"embeddable":true,"href":"https:\/\/morstar.vn\/vi\/wp-json\/wp\/v2\/media\/28360"}],"wp:attachment":[{"href":"https:\/\/morstar.vn\/vi\/wp-json\/wp\/v2\/media?parent=28358"}],"wp:term":[{"taxonomy":"product_brand","embeddable":true,"href":"https:\/\/morstar.vn\/vi\/wp-json\/wp\/v2\/product_brand?post=28358"},{"taxonomy":"product_cat","embeddable":true,"href":"https:\/\/morstar.vn\/vi\/wp-json\/wp\/v2\/product_cat?post=28358"},{"taxonomy":"product_tag","embeddable":true,"href":"https:\/\/morstar.vn\/vi\/wp-json\/wp\/v2\/product_tag?post=28358"}],"curies":[{"name":"wp","href":"https:\/\/api.w.org\/{rel}","templated":true}]}}