{"id":28355,"date":"2024-08-16T11:16:30","date_gmt":"2024-08-16T11:16:30","guid":{"rendered":"https:\/\/morstar.vn\/product\/morstarcutout-fuselinks\/"},"modified":"2024-12-10T07:27:16","modified_gmt":"2024-12-10T07:27:16","slug":"cau-chi-morstarcutout","status":"publish","type":"product","link":"https:\/\/morstar.vn\/vi\/san-pham\/cau-chi-morstarcutout\/","title":{"rendered":"D\u00e2y ch\u00ec"},"content":{"rendered":"<p>&nbsp;<\/p>\n<div style=\"text-align: center\"><img loading=\"lazy\" decoding=\"async\" src=\"https:\/\/morstar.vn\/wp-content\/uploads\/2024\/08\/fuse-link-yellow-color.jpg\" alt=\"c\u1ea7u ch\u00ec li\u00ean k\u1ebft m\u00e0u v\u00e0ng\" width=\"700\" height=\"258\" \/><\/div>\n<div style=\"text-align: center\"><img loading=\"lazy\" decoding=\"async\" src=\"https:\/\/morstar.vn\/wp-content\/uploads\/2024\/08\/fuselink-composite.jpg\" alt=\"c\u1ea7u ch\u00ec composite\" width=\"800\" height=\"600\" \/><\/div>\n<div style=\"text-align: center\"><img loading=\"lazy\" decoding=\"async\" src=\"https:\/\/morstar.vn\/wp-content\/uploads\/2024\/08\/fuse-link.jpg\" alt=\"c\u1ea7u ch\u00ec li\u00ean k\u1ebft\" width=\"400\" height=\"288\" \/><\/div>\n<div style=\"text-align: center\"><img loading=\"lazy\" decoding=\"async\" src=\"https:\/\/morstar.vn\/wp-content\/uploads\/2024\/08\/fuselink_1.jpg\" alt=\"C\u1ea7u ch\u00ec li\u00ean k\u1ebft\" width=\"800\" height=\"402\" \/><\/div>\n<div style=\"text-align: center\"><img loading=\"lazy\" decoding=\"async\" src=\"https:\/\/morstar.vn\/wp-content\/uploads\/2024\/08\/fulink-120a.jpg\" alt=\"fulink 120A\" width=\"1000\" height=\"518\" \/><\/div>\n<div style=\"text-align: center\"><img loading=\"lazy\" decoding=\"async\" class=\"alignnone wp-image-30499\" src=\"https:\/\/morstar.vn\/wp-content\/uploads\/2024\/08\/DSC07864-640x427.jpg\" alt=\"\" width=\"659\" height=\"440\" srcset=\"https:\/\/morstar.vn\/wp-content\/uploads\/2024\/08\/DSC07864-640x427.jpg 640w, https:\/\/morstar.vn\/wp-content\/uploads\/2024\/08\/DSC07864-1280x854.jpg 1280w, https:\/\/morstar.vn\/wp-content\/uploads\/2024\/08\/DSC07864-768x512.jpg 768w, https:\/\/morstar.vn\/wp-content\/uploads\/2024\/08\/DSC07864-1536x1025.jpg 1536w, https:\/\/morstar.vn\/wp-content\/uploads\/2024\/08\/DSC07864-2048x1366.jpg 2048w, https:\/\/morstar.vn\/wp-content\/uploads\/2024\/08\/DSC07864-18x12.jpg 18w, https:\/\/morstar.vn\/wp-content\/uploads\/2024\/08\/DSC07864-320x213.jpg 320w, https:\/\/morstar.vn\/wp-content\/uploads\/2024\/08\/DSC07864-430x287.jpg 430w, https:\/\/morstar.vn\/wp-content\/uploads\/2024\/08\/DSC07864-700x467.jpg 700w\" sizes=\"auto, (max-width: 659px) 100vw, 659px\" \/><\/div>\n<p><b>GI\u1edaI THI\u1ec6U S\u1ea2N PH\u1ea8M\u00a0<\/b><\/p>\n<p>Lo\u1ea1i d\u00e2y ch\u00ec li\u00ean k\u1ebft thu\u1ed9c lo\u1ea1i d\u00e2y ch\u00ec \u201cK\u201d v\u00e0 \u201cT\u201d, c\u00f3 lo\u1ea1i chung, lo\u1ea1i ph\u1ed5 bi\u1ebfn v\u00e0 lo\u1ea1i v\u00edt theo ti\u00eau chu\u1ea9n IEC-282. Ch\u00eca kh\u00f3a ph\u00f9 h\u1ee3p v\u1edbi d\u00e2y ch\u00ec th\u1ea3 r\u01a1i c\u00f3 \u0111i\u1ec7n \u00e1p \u0111\u1ecbnh m\u1ee9c 11-36 KV.<br \/>\n+ D\u00e2y ch\u00ec \u0111\u01b0\u1ee3c thi\u1ebft k\u1ebf \u0111\u1ec3 ch\u1ecbu \u0111\u01b0\u1ee3c 150% d\u00f2ng \u0111i\u1ec7n \u0111\u1ecbnh m\u1ee9c m\u00e0 kh\u00f4ng l\u00e0m h\u1ecfng d\u00e2y ch\u00ec ho\u1eb7c ph\u1ea7n c\u1eaft m\u00e0 d\u00e2y ch\u00ec \u0111\u01b0\u1ee3c l\u1eafp \u0111\u1eb7t.<br \/>\n+ Kh\u1ea3 n\u0103ng n\u00e0y d\u00e0nh cho c\u00e1c t\u00ecnh hu\u1ed1ng t\u1ea3i \u0111\u1eb7c bi\u1ec7t, ch\u1eb3ng h\u1ea1n nh\u01b0 qu\u00e1 t\u1ea3i trong th\u1eddi gian ng\u1eafn v\u00e0 t\u1ea3i l\u1ea1nh. N\u00f3 c\u00f3 hai lo\u1ea1i, d\u00e2y ch\u00ec lo\u1ea1i K v\u00e0 d\u00e2y ch\u00ec lo\u1ea1i T, C\u00e1c \u0111\u1eb7c t\u00ednh nhanh c\u1ee7a d\u00e2y ch\u00ec lo\u1ea1i K l\u00e0 cung c\u1ea5p d\u00e2y ch\u00ec \u0111\u00e1p \u1ee9ng c\u00e1c s\u01a1 \u0111\u1ed3 ph\u1ed1i h\u1ee3p hi\u1ec7n c\u00f3. D\u00e2y ch\u00ec lo\u1ea1i T cung c\u1ea5p \u0111\u1eb7c t\u00ednh th\u1eddi gian-d\u00f2ng \u0111i\u1ec7n ch\u1eadm h\u01a1n so v\u1edbi d\u00e2y ch\u00ec lo\u1ea1i K. D\u00e2y ch\u00ec lo\u1ea1i T ph\u1ed1i h\u1ee3p \u0111\u1eb7c bi\u1ec7t t\u1ed1t v\u1edbi c\u00e1c m\u1ea1ch d\u1ea7u t\u1ef1 \u0111\u1ed9ng \u0111\u00f3ng l\u1ea1i.<br \/>\n+ V\u1eadt li\u1ec7u s\u1eed d\u1ee5ng c\u1ee7a li\u00ean k\u1ebft lo\u1ea1i K<br \/>\n\u2013 Ph\u1ea7n d\u1ec5 n\u00f3ng ch\u1ea3y c\u1ee7a c\u00e1c li\u00ean k\u1ebft lo\u1ea1i K t\u1eeb 1 \u0111\u1ebfn 3 ampe bao g\u1ed3m m\u1ed9t d\u00e2y c\u0103ng c\u1ea7u ch\u00ec b\u1eb1ng th\u00e9p kh\u00f4ng g\u1ec9; d\u00e2y c\u0103ng th\u00e9p kh\u00f4ng g\u1ec9 t\u1eeb 6 \u0111\u1ebfn 10 ampe v\u00e0 m\u1ed9t d\u00e2y c\u1ea7u ch\u00ec h\u1ee3p kim \u0111\u1ed3ng; d\u00e2y c\u0103ng th\u00e9p kh\u00f4ng g\u1ec9 t\u1eeb 12 \u0111\u1ebfn 100 ampe v\u00e0 m\u1ed9t d\u00e2y c\u1ea7u ch\u00ec b\u1ea1c-\u0111\u1ed3ng; d\u00e2y ch\u00ec b\u1ea1c-\u0111\u1ed3ng 140 v\u00e0 200 ampe \u0111\u1ee7 l\u1edbn \u0111\u1ec3 v\u1eeba l\u00e0m d\u00e2y c\u0103ng v\u1eeba l\u00e0m d\u00e2y d\u00e2y ch\u00ec.<br \/>\n+ C\u00e1c ph\u1ea7n t\u1eed d\u00e2y ch\u00ec c\u1ee7a li\u00ean k\u1ebft d\u00e2y ch\u00ec lo\u1ea1i T<br \/>\nC\u00e1c li\u00ean k\u1ebft d\u00e2y ch\u00ec lo\u1ea1i T t\u1eeb 1 \u0111\u1ebfn 3 ampe s\u1eed d\u1ee5ng m\u1ed9t ph\u1ea7n d\u00e2y ch\u00ec bao g\u1ed3m m\u1ed9t d\u00e2y th\u00e9p kh\u00f4ng g\u1ec9 \u0111\u00f3ng vai tr\u00f2 v\u1eeba l\u00e0 d\u00e2y c\u0103ng v\u1eeba l\u00e0 d\u00e2y ch\u00ec; t\u1eeb 6 \u0111\u1ebfn 100 ampe, m\u1ed9t d\u00e2y c\u0103ng b\u1eb1ng th\u00e9p kh\u00f4ng g\u1ec9 v\u00e0 m\u1ed9t d\u00e2y ch\u00ec thi\u1ebfc nguy\u00ean ch\u1ea5t song song. C\u00e1c li\u00ean k\u1ebft T 140 v\u00e0 200 ampe c\u00f3 m\u1ed9t ph\u1ea7n t\u1eed \u0111\u1ed3ng \u0111\u01b0\u1ee3c u\u1ed1n c\u01a1 h\u1ecdc \u1edf m\u1ed9t \u0111\u1ea7u, h\u00e0n \u1edf \u0111\u1ea7u kia. Khi qu\u00e1 t\u1ea3i ho\u1eb7c l\u1ed7i th\u1ea5p, ch\u1ea5t h\u00e0n tr\u1edf th\u00e0nh ch\u1ea5t l\u1ecfng v\u00e0 li\u00ean k\u1ebft t\u00e1ch ra; khi d\u00f2ng \u0111i\u1ec7n l\u1ed7i cao h\u01a1n, li\u00ean k\u1ebft t\u00e1ch ra khi d\u00e2y \u0111\u1ed3ng n\u00f3ng ch\u1ea3y.<\/p>\n<p>&nbsp;<\/p>\n<div style=\"text-align: center\"><img loading=\"lazy\" decoding=\"async\" src=\"https:\/\/morstar.vn\/wp-content\/uploads\/2024\/08\/fuse-link_1.jpg\" alt=\"LI\u00caN K\u1ebeT C\u1ea6U CH\u00cc\" width=\"604\" height=\"301\" \/><\/div>\n<p><strong>\u0110\u1eb6C TR\u01afNG<\/strong><br \/>\n<strong>- M\u1ed8T\u00a0<\/strong>N\u00fat c\u00f3 th\u1ec3 th\u00e1o r\u1eddi \u2013 Cho ph\u00e9p s\u1eed d\u1ee5ng d\u00e2y ch\u00ec \u1edf t\u1ea5t c\u1ea3 c\u00e1c l\u1ed7 c\u1eaft h\u1edf v\u00e0 k\u00edn, bao g\u1ed3m c\u1ea3 c\u00e1c l\u1ed7 c\u1eaft c\u00f3 thanh n\u1ed1i h\u1ed3 quang. Lo\u1ea1i d\u00e2y ch\u00ec, k\u00edch th\u01b0\u1edbc ampe v\u00e0 ng\u00e0y s\u1ea3n xu\u1ea5t \u0111\u01b0\u1ee3c \u0111\u00e1nh d\u1ea5u \u1edf chu vi c\u1ee7a \u0111\u1ea7u n\u1ed1i v\u00edt.<br \/>\n<strong>\u2013 B\u00a0<\/strong>Thanh c\u1ea7u ch\u00ec: h\u1ee3p kim eutectic c\u00f3 th\u1ec3 n\u1ea5u ch\u1ea3y \u1edf nhi\u1ec7t \u0111\u1ed9 th\u1ea5p \u0111\u1ec3 tr\u00e1nh ch\u00e1y \u1ed1ng d\u1eadp h\u1ed3 quang.<br \/>\n<strong>- C\u00a0<\/strong>D\u00e2y ch\u1ecbu l\u1ef1c c\u00f3 \u0111\u1ed9 b\u1ec1n cao, c\u00f3 th\u1ec3 ch\u1ecbu \u0111\u01b0\u1ee3c l\u1ef1c k\u00e9o t\u1eeb d\u00e2y ch\u00ec c\u1eaft v\u00e0 l\u1ef1c k\u00e9o b\u00ean ngo\u00e0i.<br \/>\n<strong>\u2013 D\u00a0<\/strong>\u0110\u1ea7u k\u1ebft n\u1ed1i \u0111\u01b0\u1ee3c \u00e9p ch\u1eb7t \u0111\u1ea3m b\u1ea3o k\u1ebft n\u1ed1i c\u00e1c b\u1ed9 ph\u1eadn ch\u1eafc ch\u1eafn v\u00e0 kh\u00f4ng d\u1ec5 b\u1ecb h\u01b0 h\u1ecfng.<br \/>\n<strong>\u2013 E\u00a0<\/strong>\u0110o\u1ea1n c\u00e1p \u0111\u01b0\u1ee3c \u00e9p ch\u1eb7t gi\u00fap ng\u0103n ch\u1eb7n t\u00ecnh tr\u1ea1ng c\u00e1c s\u1ee3i c\u00e1p b\u1ecb bung ra, \u0111\u1ea3m b\u1ea3o c\u00e1p c\u00f3 th\u1ec3 r\u00fat ra kh\u1ecfi \u1ed1ng m\u1ed9t c\u00e1ch tr\u01a1n tru trong qu\u00e1 tr\u00ecnh l\u00e0m n\u00f3ng ch\u1ea3y d\u00e2y ch\u00ec.<br \/>\n<strong>\u2013 F\u00a0<\/strong>C\u00e1p \u0111\u1ed3ng xo\u1eafn thi\u1ebfc, ch\u1ed1ng \u0103n m\u00f2n, \u0111\u01b0\u1eddng k\u00ednh c\u00e1p c\u00f3 th\u1ec3 ch\u1ed1ng l\u1ea1i hi\u1ec7n t\u01b0\u1ee3ng corona.<br \/>\n<strong>\u2013 G\u00a0<\/strong>\u1ed0ng d\u1eadp h\u1ed3 quang ph\u1ee5 tr\u1ee3, c\u1ea3i thi\u1ec7n kh\u1ea3 n\u0103ng ng\u1eaft d\u00f2ng \u0111i\u1ec7n l\u1ed7i th\u1ea5p v\u00e0 c\u00f3 kh\u1ea3 n\u0103ng \u0111\u1eb7c bi\u1ec7t ng\u1eaft l\u1ed7i to\u00e0n d\u1ea3i. \u0110\u01b0\u1ee3c \u0111\u00e1nh d\u1ea5u tr\u00ean chi\u1ec1u d\u00e0i c\u1ee7a \u1ed1ng \u0111\u1ec3 h\u1ed7 tr\u1ee3 nh\u1eadn d\u1ea1ng<br \/>\nd\u1ea5y ch\u00ec lo\u1ea1i K ho\u1eb7c T<br \/>\n<strong>\u2013 H<\/strong> V\u00f2ng \u0111\u1ec7m c\u1ed1 \u0111\u1ecbnh \u2013 S\u1ebd kh\u00f4ng r\u01a1i ra tr\u01b0\u1edbc ho\u1eb7c trong khi l\u1eafp \u0111\u1eb7t. (C\u00f3 th\u1ec3 th\u00e1o ra \u0111\u1ec3 s\u1eed d\u1ee5ng \u1edf n\u01a1i c\u1ea7n n\u00fat 1\/2\u2033 ho\u1eb7c kh\u00f4ng c\u1ea7n n\u00fat.)<\/p>\n<p><b>\u0110\u1eb6C \u0110I\u1ec2M V\u00c0 K\u00cdCH TH\u01af\u1edaC<\/b><\/p>\n<table border=\"1\" cellspacing=\"1\" cellpadding=\"1\" align=\"center\">\n<tbody>\n<tr>\n<td style=\"text-align: center;background-color: #003399\" colspan=\"1\" rowspan=\"2\"><span style=\"color: #ffffff\"><strong>D\u00f2ng \u0111i\u1ec7n \u0111\u1ecbnh m\u1ee9c Am<\/strong><\/span><\/td>\n<td style=\"text-align: center;background-color: #003399\" colspan=\"7\" rowspan=\"1\"><span style=\"color: #ffffff\"><strong>K\u00edch th\u01b0\u1edbc (mm)<\/strong><\/span><\/td>\n<td style=\"background-color: #003399\" colspan=\"1\" rowspan=\"2\">\n<div style=\"clear: both;text-align: center\"><span style=\"color: #ffffff\"><strong>S\u1ed1 l\u01b0\u1ee3ng<\/strong><\/span><\/div>\n<div style=\"text-align: center\"><span style=\"color: #ffffff\"><strong>\/th\u00f9ng c\u00e1c t\u00f4ng<\/strong><\/span><\/div>\n<\/td>\n<\/tr>\n<tr>\n<td style=\"text-align: center;background-color: #003399\"><span style=\"color: #ffffff\"><strong>B1(mm)<\/strong><\/span><\/td>\n<td style=\"text-align: center;background-color: #003399\"><span style=\"color: #ffffff\"><strong>B2(mm)<\/strong><\/span><\/td>\n<td style=\"text-align: center;background-color: #003399\"><span style=\"color: #ffffff\"><strong>B3(mm)<\/strong><\/span><\/td>\n<td style=\"text-align: center;background-color: #003399\"><span style=\"color: #ffffff\"><strong>B4(mm)<\/strong><\/span><\/td>\n<td style=\"text-align: center;background-color: #003399\"><span style=\"color: #ffffff\"><strong>Chi\u1ec1u d\u00e0i(mm)<\/strong><\/span><\/td>\n<td style=\"text-align: center;background-color: #003399\"><span style=\"color: #ffffff\"><strong>M(mm)<\/strong><\/span><\/td>\n<td style=\"text-align: center;background-color: #003399\"><span style=\"color: #ffffff\"><strong>N(mm)<\/strong><\/span><\/td>\n<\/tr>\n<tr>\n<td style=\"text-align: center\">1~25<\/td>\n<td style=\"text-align: center\">12,5\u00b10,2<\/td>\n<td style=\"text-align: center\">19\u00b10,3<\/td>\n<td style=\"text-align: center\">6.5<\/td>\n<td style=\"text-align: center\">2.0<\/td>\n<td style=\"text-align: center\">580<\/td>\n<td style=\"text-align: center\">2.0<\/td>\n<td style=\"text-align: center\">120<\/td>\n<td style=\"text-align: center\">500<\/td>\n<\/tr>\n<tr>\n<td style=\"text-align: center\">30~40<\/td>\n<td style=\"text-align: center\">12,5\u00b10,2<\/td>\n<td style=\"text-align: center\">19\u00b10,3<\/td>\n<td style=\"text-align: center\">8.0<\/td>\n<td style=\"text-align: center\">3.0<\/td>\n<td style=\"text-align: center\">580<\/td>\n<td style=\"text-align: center\">2.0<\/td>\n<td style=\"text-align: center\">120<\/td>\n<td style=\"text-align: center\">500<\/td>\n<\/tr>\n<tr>\n<td style=\"text-align: center\">50~100<\/td>\n<td style=\"text-align: center\">19\u00b10,3<\/td>\n<td style=\"text-align: center\">(Kh\u00f4ng \u00e1p d\u1ee5ng)<\/td>\n<td style=\"text-align: center\">9.8<\/td>\n<td style=\"text-align: center\">5.0<\/td>\n<td style=\"text-align: center\">580<\/td>\n<td style=\"text-align: center\">4.0<\/td>\n<td style=\"text-align: center\">140<\/td>\n<td style=\"text-align: center\">250<\/td>\n<\/tr>\n<tr>\n<td style=\"text-align: center\">110~200<\/td>\n<td style=\"text-align: center\">19\u00b10,3<\/td>\n<td style=\"text-align: center\">(Kh\u00f4ng \u00e1p d\u1ee5ng)<\/td>\n<td style=\"text-align: center\">12.0<\/td>\n<td style=\"text-align: center\">7.0<\/td>\n<td style=\"text-align: center\">580<\/td>\n<td style=\"text-align: center\">4.0<\/td>\n<td style=\"text-align: center\">140<\/td>\n<td style=\"text-align: center\">150<\/td>\n<\/tr>\n<\/tbody>\n<\/table>\n<p><strong>BI\u1ec2U \u0110\u1ed2 T\u1ef6 L\u1ec6 T\u1ed0C \u0110\u1ed8 N\u00d3NG CH\u1ea2Y SO S\u00c1NH<\/strong><br \/>\nThi\u1ebft b\u1ecb \u0111i\u1ec7n nh\u01b0 m\u00e1y bi\u1ebfn \u00e1p, c\u00f4ng t\u1eafc, r\u01a1le v\u00e0 d\u00e2y d\u1eabn ti\u1ebfp x\u00fac v\u1edbi nhi\u1ec1u m\u1ee9c d\u00f2ng \u0111i\u1ec7n kh\u00e1c nhau trong qu\u00e1 tr\u00ecnh ho\u1ea1t \u0111\u1ed9ng b\u00ecnh th\u01b0\u1eddng. Nh\u00ecn chung, c\u00e1c thi\u1ebft b\u1ecb \u0111i\u1ec7n c\u00f3 th\u1ec3 ch\u1ecbu \u0111\u01b0\u1ee3c d\u00f2ng \u0111i\u1ec7n cao trong th\u1eddi gian ng\u1eafn v\u00e0 d\u00f2ng \u0111i\u1ec7n th\u1ea5p trong th\u1eddi gian d\u00e0i h\u01a1n m\u00e0 kh\u00f4ng b\u1ecb h\u01b0 h\u1ecfng do nhi\u1ec7t ho\u1eb7c c\u01a1 h\u1ecdc. Kh\u1ea3 n\u0103ng ch\u1ecbu \u0111\u01b0\u1ee3c nhi\u1ec1u m\u1ee9c d\u00f2ng \u0111i\u1ec7n kh\u00e1c nhau trong nhi\u1ec1u kho\u1ea3ng th\u1eddi gian kh\u00e1c nhau \u0111\u01b0\u1ee3c g\u1ecdi l\u00e0 \u0111\u1eb7c t\u00ednh th\u1eddi gian-d\u00f2ng \u0111i\u1ec7n. Vi\u1ec7c ph\u1ed1i h\u1ee3p c\u00e1c h\u1ec7 th\u1ed1ng \u0111i\u1ec7n li\u00ean quan \u0111\u1ebfn vi\u1ec7c l\u1ef1a ch\u1ecdn c\u00e1c li\u00ean k\u1ebft d\u00e2y ch\u00ec \u0111\u1ec3 b\u1ea3o v\u1ec7 thi\u1ebft b\u1ecb c\u00f3 nhi\u1ec1u \u0111\u1eb7c t\u00ednh th\u1eddi gian-d\u00f2ng \u0111i\u1ec7n kh\u00e1c nhau trong khi ph\u1ed1i h\u1ee3p v\u1edbi c\u00e1c d\u00e2y ch\u00ec \u0111\u00f3ng l\u1ea1i, m\u00e1y c\u1eaft m\u1ea1ch, ph\u00e2n \u0111o\u1ea1n, r\u01a1le v\u00e0 c\u00e1c d\u00e2y ch\u00ec kh\u00e1c. Sao Mai cung c\u1ea5p hai lo\u1ea1i li\u00ean k\u1ebft d\u00e2y ch\u00ec v\u1edbi nhi\u1ec1u \u0111\u1eb7c t\u00ednh th\u1eddi gian-d\u00f2ng \u0111i\u1ec7n (tham kh\u1ea3o B\u1ea3ng 1). T\u1ef7 s\u1ed1 t\u1ed1c \u0111\u1ed9 c\u1ee7a t\u1ea5t c\u1ea3 c\u00e1c k\u00edch c\u1ee1 li\u00ean k\u1ebft c\u1ea7u ch\u00ec 100 A tr\u1edf xu\u1ed1ng l\u00e0 t\u1ef7 s\u1ed1 gi\u1eefa d\u00f2ng \u0111i\u1ec7n l\u00e0m n\u00f3ng ch\u1ea3y c\u1ea7u ch\u00ec trong 0,1 gi\u00e2y v\u1edbi d\u00f2ng \u0111i\u1ec7n l\u00e0m n\u00f3ng ch\u1ea3y d\u00e2y ch\u00ec trong 300 gi\u00e2y. T\u1ef7 s\u1ed1 c\u00e0ng cao th\u00ec t\u1ed1c \u0111\u1ed9 n\u00f3ng ch\u1ea3y c\u00e0ng ch\u1eadm. \u0110\u1ed1i v\u1edbi d\u00e2y ch\u00ec c\u00f3 \u0111\u1ecbnh m\u1ee9c tr\u00ean 100 A, t\u1ef7 s\u1ed1 t\u1ed1c \u0111\u1ed9 l\u00e0 gi\u1eefa d\u00f2ng \u0111i\u1ec7n n\u00f3ng ch\u1ea3y \u1edf 0,1 gi\u00e2y v\u00e0 600 gi\u00e2y.<br \/>\nB\u1ea3ng 1. T\u1ef7 l\u1ec7 t\u1ed1c \u0111\u1ed9 Ph\u1ea7n t\u1eed thi\u1ebfc (c\u00e1c ph\u1ea7n t\u1eed) Ch\u1eadm T K\u00fd hi\u1ec7u ph\u1ea7n t\u1eed k\u00e9p Nhanh Trung b\u00ecnh Ch\u1eadm R\u1ea5t ch\u1eadm Si\u00eau ch\u1eadm Lo\u1ea1i K, T T\u1ef7 l\u1ec7 t\u1ed1c \u0111\u1ed9 6-8 10-13<\/p>\n<table border=\"1\" cellspacing=\"1\" cellpadding=\"1\" align=\"center\">\n<tbody>\n<tr>\n<td style=\"text-align: center;background-color: #003399\"><span style=\"color: #ffffff\"><strong>Ch\u1ec9 \u0111\u1ecbnh<\/strong><\/span><\/td>\n<td style=\"text-align: center;background-color: #003399\"><span style=\"color: #ffffff\"><strong>Nhanh<\/strong><\/span><\/td>\n<td style=\"text-align: center;background-color: #003399\"><span style=\"color: #ffffff\"><strong>Ch\u1eadm<\/strong><\/span><\/td>\n<td style=\"text-align: center;background-color: #003399\"><span style=\"color: #ffffff\"><strong>S\u1ef1 mi\u00eau t\u1ea3<\/strong><\/span><\/td>\n<td style=\"text-align: center;background-color: #003399\"><span style=\"color: #ffffff\"><strong>\u0110\u01af\u1edcNG CONG \u0110\u1eb6C \u0110I\u1ec2M D\u00d2NG TH\u1edcI GIAN V\u00c0 (TCC)<\/strong><\/span><\/td>\n<\/tr>\n<tr>\n<td style=\"text-align: center\">Ki\u1ec3u<\/td>\n<td style=\"text-align: center\">K<\/td>\n<td style=\"text-align: center\">T<\/td>\n<td style=\"text-align: center\">Lo\u1ea1i K (m\u00e0u \u1ed1ng n\u00e2u) C\u00e1c li\u00ean k\u1ebft d\u00e2y ch\u00ec lo\u1ea1i K \u0111\u00e3 \u0111\u01b0\u1ee3c th\u1eed nghi\u1ec7m theo c\u00e1c y\u00eau c\u1ea7u ti\u00eau chu\u1ea9n IEEE Std C37.42\u2122 \u0111\u1ed1i v\u1edbi d\u00e2y ch\u00ec \u201cnhanh\u201d. T\u1ef7 s\u1ed1 t\u1ed1c \u0111\u1ed9 danh ngh\u0129a c\u1ee7a c\u00e1c li\u00ean k\u1ebft d\u00e2y ch\u00ec lo\u1ea1i K l\u00e0 7. C\u00e1c li\u00ean k\u1ebft d\u00e2y ch\u00ec lo\u1ea1i K r\u1ea5t ph\u00f9 h\u1ee3p khi c\u1ea7n c\u00e1c \u0111\u1eb7c t\u00ednh th\u1eddi gian-d\u00f2ng \u0111i\u1ec7n \u201cnhanh\u201d nh\u01b0 \u0111\u1ec3 b\u1ea3o v\u1ec7 t\u1ee5 \u0111i\u1ec7n.<\/td>\n<td colspan=\"1\" rowspan=\"2\">\n<div style=\"text-align: center\"><img loading=\"lazy\" decoding=\"async\" src=\"https:\/\/morstar.vn\/wp-content\/uploads\/2024\/08\/duong-cong-dac-tuyen.jpg\" alt=\"duong cong dac tuyen\" width=\"257\" height=\"493\" \/><\/div>\n<\/td>\n<\/tr>\n<tr>\n<td style=\"text-align: center\">T\u1ef7 l\u1ec7 t\u1ed1c \u0111\u1ed9<\/td>\n<td style=\"text-align: center\">6-8<\/td>\n<td style=\"text-align: center\">10-13<\/td>\n<td style=\"text-align: center\">Li\u00ean k\u1ebft d\u00e2y ch\u00ec lo\u1ea1i T \u0111\u00e3 \u0111\u01b0\u1ee3c th\u1eed nghi\u1ec7m theo c\u00e1c y\u00eau c\u1ea7u ti\u00eau chu\u1ea9n IEEE Std C37.42\u2122 \u0111\u1ed1i v\u1edbi li\u00ean k\u1ebft d\u00e2y ch\u00ec \u201cch\u1eadm\u201d. T\u1ef7 l\u1ec7 t\u1ed1c \u0111\u1ed9 danh ngh\u0129a c\u1ee7a li\u00ean k\u1ebft d\u00e2y ch\u00ec lo\u1ea1i T l\u00e0 12. Li\u00ean k\u1ebft d\u00e2y ch\u00ec lo\u1ea1i T cung c\u1ea5p c\u00e1c \u0111\u1eb7c t\u00ednh d\u00f2ng \u0111i\u1ec7n th\u1eddi gian ch\u1eadm h\u01a1n so v\u1edbi lo\u1ea1i K v\u00e0 ph\u1ed1i h\u1ee3p t\u1ed1t v\u1edbi r\u01a1le v\u00e0 m\u00e1y \u0111\u00f3ng l\u1ea1i.<\/td>\n<\/tr>\n<\/tbody>\n<\/table>\n<p><b>TH\u00d4NG TIN \u0110\u1eb6T H\u00c0NG D\u00c2Y CH\u00cc<\/b><\/p>\n<p>&nbsp;<\/p>\n<table border=\"1\" cellspacing=\"1\" cellpadding=\"1\" align=\"center\">\n<tbody>\n<tr>\n<td style=\"text-align: center;background-color: #003399\" colspan=\"5\"><span style=\"color: #ffffff\"><strong>X\u1ebfp h\u1ea1ng chi\u1ec1u d\u00e0i t\u1ed5ng th\u1ec3 23 inch\/580mm,<\/strong><\/span><\/td>\n<\/tr>\n<tr>\n<td style=\"text-align: center;background-color: #003399\" colspan=\"1\" rowspan=\"2\"><span style=\"color: #ffffff\"><strong>X\u1ebfp h\u1ea1ng,<br \/>\nAmpe<\/strong><\/span><\/td>\n<td style=\"text-align: center;background-color: #003399\" colspan=\"1\" rowspan=\"2\"><span style=\"color: #ffffff\"><strong>X\u1ebfp h\u1ea1ng,<br \/>\nAmpe<\/strong><\/span><\/td>\n<td style=\"text-align: center;background-color: #003399\"><span style=\"color: #ffffff\"><strong>T\u1ed1c \u0111\u1ed9 Morstar \u201cK\u201d<br \/>\n(TCC s\u1ed1 165-6)<\/strong><\/span><\/td>\n<td style=\"text-align: center;background-color: #003399\" colspan=\"1\" rowspan=\"2\"><span style=\"color: #ffffff\"><strong>X\u1ebfp h\u1ea1ng,<br \/>\nAmpe<\/strong><\/span><\/td>\n<td style=\"text-align: center;background-color: #003399\" colspan=\"1\"><span style=\"color: #ffffff\"><strong>T\u1ed1c \u0111\u1ed9 Morstar \u201cT\u201d<br \/>\n(TCC s\u1ed1 170-6)<\/strong><\/span><\/td>\n<\/tr>\n<tr>\n<td style=\"text-align: center;background-color: #003399\"><span style=\"color: #ffffff\"><strong>S\u1ed1 hi\u1ec7u danh m\u1ee5c*<\/strong><\/span><\/td>\n<td style=\"text-align: center;background-color: #003399\" colspan=\"1\"><span style=\"color: #ffffff\"><strong>S\u1ed1 hi\u1ec7u danh m\u1ee5c*<\/strong><\/span><\/td>\n<\/tr>\n<tr>\n<td style=\"text-align: center\">1<\/td>\n<td style=\"text-align: center\">1K<\/td>\n<td style=\"text-align: center\">65101<\/td>\n<td style=\"text-align: center\">1T<\/td>\n<td style=\"text-align: center\">65201<\/td>\n<\/tr>\n<tr>\n<td style=\"text-align: center\">2<\/td>\n<td style=\"text-align: center\">2K<\/td>\n<td style=\"text-align: center\">65102<\/td>\n<td style=\"text-align: center\">2T<\/td>\n<td style=\"text-align: center\">65202<\/td>\n<\/tr>\n<tr>\n<td style=\"text-align: center\">3<\/td>\n<td style=\"text-align: center\">3K<\/td>\n<td style=\"text-align: center\">64103<\/td>\n<td style=\"text-align: center\">3T<\/td>\n<td style=\"text-align: center\">64203<\/td>\n<\/tr>\n<tr>\n<td style=\"text-align: center\">5<\/td>\n<td style=\"text-align: center\">\u00a05K<\/td>\n<td style=\"text-align: center\">\u00a065105<\/td>\n<td style=\"text-align: center\">\u00a05T<\/td>\n<td style=\"text-align: center\">\u00a065205<\/td>\n<\/tr>\n<tr>\n<td style=\"text-align: center\">6<\/td>\n<td style=\"text-align: center\">6K<\/td>\n<td style=\"text-align: center\">65106<\/td>\n<td style=\"text-align: center\">6T<\/td>\n<td style=\"text-align: center\">65206<\/td>\n<\/tr>\n<tr>\n<td style=\"text-align: center\">8<\/td>\n<td style=\"text-align: center\">8K<\/td>\n<td style=\"text-align: center\">65108<\/td>\n<td style=\"text-align: center\">8T<\/td>\n<td style=\"text-align: center\">65208<\/td>\n<\/tr>\n<tr>\n<td style=\"text-align: center\">10<\/td>\n<td style=\"text-align: center\">10K<\/td>\n<td style=\"text-align: center\">65110<\/td>\n<td style=\"text-align: center\">10T<\/td>\n<td style=\"text-align: center\">65210<\/td>\n<\/tr>\n<tr>\n<td style=\"text-align: center\">12<\/td>\n<td style=\"text-align: center\">12K<\/td>\n<td style=\"text-align: center\">65112<\/td>\n<td style=\"text-align: center\">12T<\/td>\n<td style=\"text-align: center\">65212<\/td>\n<\/tr>\n<tr>\n<td style=\"text-align: center\">15<\/td>\n<td style=\"text-align: center\">15K<\/td>\n<td style=\"text-align: center\">65115<\/td>\n<td style=\"text-align: center\">15T<\/td>\n<td style=\"text-align: center\">65215<\/td>\n<\/tr>\n<tr>\n<td style=\"text-align: center\">20<\/td>\n<td style=\"text-align: center\">20K<\/td>\n<td style=\"text-align: center\">65120<\/td>\n<td style=\"text-align: center\">20T<\/td>\n<td style=\"text-align: center\">65220<\/td>\n<\/tr>\n<tr>\n<td style=\"text-align: center\">25<\/td>\n<td style=\"text-align: center\">25K<\/td>\n<td style=\"text-align: center\">65125<\/td>\n<td style=\"text-align: center\">25T<\/td>\n<td style=\"text-align: center\">65225<\/td>\n<\/tr>\n<tr>\n<td style=\"text-align: center\">30<\/td>\n<td style=\"text-align: center\">30K<\/td>\n<td style=\"text-align: center\">80130<\/td>\n<td style=\"text-align: center\">30T<\/td>\n<td style=\"text-align: center\">80230<\/td>\n<\/tr>\n<tr>\n<td style=\"text-align: center\">40<\/td>\n<td style=\"text-align: center\">40K<\/td>\n<td style=\"text-align: center\">80140<\/td>\n<td style=\"text-align: center\">40T<\/td>\n<td style=\"text-align: center\">80240<\/td>\n<\/tr>\n<tr>\n<td style=\"text-align: center\">50<\/td>\n<td style=\"text-align: center\">50K<\/td>\n<td style=\"text-align: center\">98150<\/td>\n<td style=\"text-align: center\">50T<\/td>\n<td style=\"text-align: center\">98250<\/td>\n<\/tr>\n<tr>\n<td style=\"text-align: center\">65<\/td>\n<td style=\"text-align: center\">65K<\/td>\n<td style=\"text-align: center\">98165<\/td>\n<td style=\"text-align: center\">65T<\/td>\n<td style=\"text-align: center\">98265<\/td>\n<\/tr>\n<tr>\n<td style=\"text-align: center\">80<\/td>\n<td style=\"text-align: center\">80K<\/td>\n<td style=\"text-align: center\">98180<\/td>\n<td style=\"text-align: center\">80T<\/td>\n<td style=\"text-align: center\">98280<\/td>\n<\/tr>\n<tr>\n<td style=\"text-align: center\">100<\/td>\n<td style=\"text-align: center\">100K<\/td>\n<td style=\"text-align: center\">98100<\/td>\n<td style=\"text-align: center\">100T<\/td>\n<td style=\"text-align: center\">98200<\/td>\n<\/tr>\n<tr>\n<td style=\"text-align: center\">120<\/td>\n<td style=\"text-align: center\">120K<\/td>\n<td style=\"text-align: center\">98120<\/td>\n<td style=\"text-align: center\">120T<\/td>\n<td style=\"text-align: center\">98220<\/td>\n<\/tr>\n<tr>\n<td style=\"text-align: center\">140<\/td>\n<td style=\"text-align: center\">140K<\/td>\n<td style=\"text-align: center\">98114<\/td>\n<td style=\"text-align: center\">140T<\/td>\n<td style=\"text-align: center\">98214<\/td>\n<\/tr>\n<tr>\n<td style=\"text-align: center\">160<\/td>\n<td style=\"text-align: center\">160K<\/td>\n<td style=\"text-align: center\">98116<\/td>\n<td style=\"text-align: center\">160T<\/td>\n<td style=\"text-align: center\">98216<\/td>\n<\/tr>\n<tr>\n<td style=\"text-align: center\">180<\/td>\n<td style=\"text-align: center\">180K<\/td>\n<td style=\"text-align: center\">98118<\/td>\n<td style=\"text-align: center\">180T<\/td>\n<td style=\"text-align: center\">98218<\/td>\n<\/tr>\n<tr>\n<td style=\"text-align: center\">200<\/td>\n<td style=\"text-align: center\">200K<\/td>\n<td style=\"text-align: center\">98122<\/td>\n<td style=\"text-align: center\">200T<\/td>\n<td style=\"text-align: center\">98222<\/td>\n<\/tr>\n<\/tbody>\n<\/table>","protected":false},"excerpt":{"rendered":"<p>D\u00e2y ch\u00ec Sao Mai<\/p>","protected":false},"featured_media":30498,"comment_status":"closed","ping_status":"closed","template":"","meta":{"inline_featured_image":false},"product_brand":[],"product_cat":[277],"product_tag":[],"class_list":{"0":"post-28355","1":"product","2":"type-product","3":"status-publish","4":"has-post-thumbnail","6":"product_cat-manufacturing-products","8":"first","9":"instock","10":"product-type-simple"},"_links":{"self":[{"href":"https:\/\/morstar.vn\/vi\/wp-json\/wp\/v2\/product\/28355","targetHints":{"allow":["GET"]}}],"collection":[{"href":"https:\/\/morstar.vn\/vi\/wp-json\/wp\/v2\/product"}],"about":[{"href":"https:\/\/morstar.vn\/vi\/wp-json\/wp\/v2\/types\/product"}],"replies":[{"embeddable":true,"href":"https:\/\/morstar.vn\/vi\/wp-json\/wp\/v2\/comments?post=28355"}],"wp:featuredmedia":[{"embeddable":true,"href":"https:\/\/morstar.vn\/vi\/wp-json\/wp\/v2\/media\/30498"}],"wp:attachment":[{"href":"https:\/\/morstar.vn\/vi\/wp-json\/wp\/v2\/media?parent=28355"}],"wp:term":[{"taxonomy":"product_brand","embeddable":true,"href":"https:\/\/morstar.vn\/vi\/wp-json\/wp\/v2\/product_brand?post=28355"},{"taxonomy":"product_cat","embeddable":true,"href":"https:\/\/morstar.vn\/vi\/wp-json\/wp\/v2\/product_cat?post=28355"},{"taxonomy":"product_tag","embeddable":true,"href":"https:\/\/morstar.vn\/vi\/wp-json\/wp\/v2\/product_tag?post=28355"}],"curies":[{"name":"wp","href":"https:\/\/api.w.org\/{rel}","templated":true}]}}