{"id":28352,"date":"2024-08-16T11:16:30","date_gmt":"2024-08-16T11:16:30","guid":{"rendered":"https:\/\/morstar.vn\/product\/mounting-bracket\/"},"modified":"2024-12-24T02:42:15","modified_gmt":"2024-12-24T02:42:15","slug":"mounting-bracket","status":"publish","type":"product","link":"https:\/\/morstar.vn\/vi\/san-pham\/mounting-bracket\/","title":{"rendered":"Gi\u00e1 l\u1eafp LA"},"content":{"rendered":"<p>\u0110\u01b0\u1ee3c l\u00e0m tr\u00ean 2 \u0111\u1ed9 d\u00e0y t\u1ea5m:<\/p>\n<ol style=\"list-style-type:upper-alpha\">\n<li>NEMA &#8211; 5\/16 &quot;(7.93 mm);<\/li>\n<li>NEMA &#8211; 3\/8 &quot;(9.52 mm);<\/li>\n<\/ol>\n<p>&nbsp;Vi\u1ec7c s\u1ea3n xu\u1ea5t b\u1eb1ng th\u00e9p 1010\/1020 \u0111\u1ea3m b\u1ea3o hi\u1ec7u su\u1ea5t khi x\u1eed l\u00fd v\u00e0 n\u1ed7 l\u1ef1c m\u00e0 kh\u00f4ng l\u00e0m m\u1ea5t \u0111i c\u00e1c \u0111\u1eb7c t\u00ednh c\u1ee7a s\u1ea3n ph\u1ea9m v\u00e0 l\u1edbp ho\u00e0n thi\u1ec7n m\u1ea1 k\u1ebdm n\u00f3ng kh\u1eb3ng \u0111\u1ecbnh \u0111\u1ed9 b\u1ec1n c\u1ee7a s\u1ea3n ph\u1ea9m.<\/p>\n<p><strong>\u0110\u1eb6C \u0110I\u1ec2M<\/strong><br \/>+ \u0110\u01b0\u1ee3c l\u00e0m b\u1eb1ng th\u00e9p 1010\/1020<br \/>+ Ho\u00e0n thi\u1ec7n m\u1ea1 k\u1ebdm n\u00f3ng.<br \/>+ \u0110\u1ed9 b\u1ec1n c\u01a1 h\u1ecdc cao<br \/>&nbsp;<\/p>\n<div style=\"text-align:center\"><img loading=\"lazy\" decoding=\"async\" alt=\"Gi\u00e1 l\u1eafp LA-FCO\" height=\"461\" src=\"https:\/\/morstar.vn\/wp-content\/uploads\/2024\/08\/mounting-bracket.jpg\" width=\"567\" \/><\/div>\n<p>&nbsp;<\/p>\n<table align=\"center\" border=\"1\" cellpadding=\"1\" cellspacing=\"1\">\n<tbody>\n<tr>\n<td colspan=\"1\" rowspan=\"2\">Ki\u1ec3u<\/td>\n<td colspan=\"1\" rowspan=\"2\">Cat nbr<\/td>\n<td colspan=\"2\" rowspan=\"1\">K\u00edch th\u01b0\u1edbc t\u00ednh b\u1eb1ng inch (mm)<\/td>\n<\/tr>\n<tr>\n<td>A<\/td>\n<td>B<\/td>\n<\/tr>\n<tr>\n<td>Gi\u00e1 \u0111\u1ee1 l\u1eafp \u0111\u1eb7t NEMA A<\/td>\n<td>MSMB-738<\/td>\n<td>5\/16 &quot;(7.93 mm)<\/td>\n<td>1.1\/2 &quot;(38.10 mm)<\/td>\n<\/tr>\n<tr>\n<td>Gi\u00e1 \u0111\u1ee1 l\u1eafp \u0111\u1eb7t NEMA B<\/td>\n<td>MSMB-944<\/td>\n<td>3\/8 &quot;(9.52 mm)<\/td>\n<td>1.3\/4 &quot;(44.45 mm)<\/td>\n<\/tr>\n<\/tbody>\n<\/table>\n<div style=\"text-align:center\"><img loading=\"lazy\" decoding=\"async\" alt=\"MOUNTING BRACKET CHARACTERISTICS\" height=\"349\" src=\"https:\/\/morstar.vn\/wp-content\/uploads\/2024\/08\/mounting-bracket-characteristics.jpg\" width=\"700\" \/><\/div>\n<p>&nbsp;<\/p>\n<div style=\"text-align:center\"><img loading=\"lazy\" decoding=\"async\" alt=\"fuse cutout\" height=\"527\" src=\"https:\/\/morstar.vn\/wp-content\/uploads\/2024\/08\/fuse-cutout.jpg\" width=\"700\" \/><\/div>\n<p>&nbsp;<\/p>","protected":false},"excerpt":{"rendered":"<p>Gi\u00e1 \u0111\u1ee1 ch\u1eef LA \u0111\u01b0\u1ee3c s\u1eed d\u1ee5ng \u0111\u1ec3 g\u1eafn ch\u00eca kh\u00f3a c\u1ea7u ch\u00ec v\u00e0 thanh ch\u1ed1ng s\u00e9t<\/p>","protected":false},"featured_media":28354,"comment_status":"closed","ping_status":"closed","template":"","meta":{"inline_featured_image":false},"product_brand":[],"product_cat":[278,250],"product_tag":[],"class_list":{"0":"post-28352","1":"product","2":"type-product","3":"status-publish","4":"has-post-thumbnail","6":"product_cat-distributed-products","7":"product_cat-fuse-cutouts","9":"first","10":"instock","11":"product-type-simple"},"_links":{"self":[{"href":"https:\/\/morstar.vn\/vi\/wp-json\/wp\/v2\/product\/28352","targetHints":{"allow":["GET"]}}],"collection":[{"href":"https:\/\/morstar.vn\/vi\/wp-json\/wp\/v2\/product"}],"about":[{"href":"https:\/\/morstar.vn\/vi\/wp-json\/wp\/v2\/types\/product"}],"replies":[{"embeddable":true,"href":"https:\/\/morstar.vn\/vi\/wp-json\/wp\/v2\/comments?post=28352"}],"wp:featuredmedia":[{"embeddable":true,"href":"https:\/\/morstar.vn\/vi\/wp-json\/wp\/v2\/media\/28354"}],"wp:attachment":[{"href":"https:\/\/morstar.vn\/vi\/wp-json\/wp\/v2\/media?parent=28352"}],"wp:term":[{"taxonomy":"product_brand","embeddable":true,"href":"https:\/\/morstar.vn\/vi\/wp-json\/wp\/v2\/product_brand?post=28352"},{"taxonomy":"product_cat","embeddable":true,"href":"https:\/\/morstar.vn\/vi\/wp-json\/wp\/v2\/product_cat?post=28352"},{"taxonomy":"product_tag","embeddable":true,"href":"https:\/\/morstar.vn\/vi\/wp-json\/wp\/v2\/product_tag?post=28352"}],"curies":[{"name":"wp","href":"https:\/\/api.w.org\/{rel}","templated":true}]}}