{"id":28346,"date":"2024-08-16T11:16:30","date_gmt":"2024-08-16T11:16:30","guid":{"rendered":"https:\/\/morstar.vn\/product\/day-buoc-co-su-oi-inh-hinh\/"},"modified":"2024-12-31T03:16:29","modified_gmt":"2024-12-31T03:16:29","slug":"day-buoc-co-su-song-noi-inh-hinh","status":"publish","type":"product","link":"https:\/\/morstar.vn\/vi\/san-pham\/day-buoc-co-su-song-noi-inh-hinh\/","title":{"rendered":"Gi\u00e1p bu\u1ed9c c\u1ed5 \u0111\u00f4i plastic"},"content":{"rendered":"<p><strong>Gi\u1edbi thi\u1ec7u chung<\/strong><\/p>\n<p>Ti\u00eau chu\u1ea9n \u00e1p dung AS115.3-1958 m\u1ee5c 3<\/p>\n<p>M\u1ee5c \u0111\u00edch \u00e1p d\u1ee5ng: D\u00e2y bu\u1ed9c \u0111\u1ea7u s\u1ee9 v\u00e0 c\u1ed5 s\u1ee9 Composite d\u00f9ng \u0111\u1ec3 bu\u1ed9c d\u00e2y d\u1eabn b\u1ecdc c\u00e1ch \u0111i\u1ec7n hay d\u00e2y tr\u1eabn c\u00f3 tr\u00ean \u1ed1ng hay mi\u1ebfng l\u00f3t b\u1eb1ng PVC, tham kh\u1ea3o Handbook v\u1ec1 bi\u1ebfn \u00e1p gi\u1edbi h\u1ea1n cho d\u00e2y bu\u1ed9c.<\/p>\n<p>Ch\u00fa \u00fd: Vi\u1ec7c s\u1eed d\u1ee5ng d\u00e2y bu\u1ed9c \u0111\u1ea7u s\u1ee9 v\u00e0 c\u1ed5 s\u1ee9 Composite l\u00e0 \u0111\u1ec3 h\u1ea1n ch\u1ebf d\u00f2ng \u0111i\u1ec7n tr\u00ean d\u00e2y bu\u1ed9c \u0111\u00f3 bi\u1ebfn tr\u01b0\u1eddng cao th\u1ebf ph\u00e1t sinh, v\u00ec v\u1edbi \u1ea3nh h\u01b0\u1edfng bi\u1ebfn tr\u01b0\u1eddng n\u00e0o \u0111\u00f3 d\u00e2y bu\u1ed9c c\u00f3 th\u1ec3 l\u00e0m ch\u00e1y g\u00e2y h\u01b0 h\u1ea1i \u0111\u1ebfn d\u00e2y \u0111i\u1ec7n, v\u00ec th\u1ebf ng\u01b0\u1eddi s\u1eed d\u1ee5ng ph\u1ea3i \u01b0\u1edbc l\u01b0\u1ee3ng v\u00f9ng s\u1eed d\u1ee5ng ri\u00eang bi\u1ec7t.<\/p>\n<p>\u0110\u1eb7t t\u00ednh c\u00f3: Th\u1ef1c t\u1ebf th\u00ed nghi\u1ec7m cho th\u1ea5y r\u1eb1ng, v\u1edbi t\u1ea3i kh\u00f4ng c\u00e2n b\u1eb1ng, l\u1ef1c t\u00e1ch kh\u1ecfi s\u1ee9 c\u00e1ch \u0111i\u1ec7n s\u1ebd b\u1eb1ng ho\u1eb7c t\u1ed1t h\u01a1n d\u00e2y bu\u1ed9c b\u1eb1ng tay tr\u00ean d\u00e2y b\u1ecdc.<\/p>\n<p><strong><b>S\u1ee9 c\u00e1ch \u0111i\u1ec7n<\/b><\/strong><\/p>\n<p>\u0110\u1ec3 \u0111\u1ea3m b\u1ea3o l\u1eafp \u0111\u1eb7t ph\u00f9 h\u1ee3p, ph\u1ea3i ch\u1ecdn \u0111\u01b0\u1eddng k\u00ednh c\u1ed5 s\u1ee9 t\u01b0\u01a1ng \u1ee9ng 2-1\/14\u201d (C neck-black) v\u00e0 2-7\/8\u201d (F neck-Yellow) v\u00e0 3-1\/2\u201d (J neck-Green).<\/p>\n<p>V\u1eadt li\u1ec7u: Composite m\u00e0u x\u00e1m, ch\u1ecbu \u0111\u01b0\u1ee3c l\u1ef1c c\u1ea3ng, l\u1ef1c va v\u1ea5p, l\u1ef1c u\u1ed1n t\u1ed1t, \u0111\u1ed9 h\u00fat \u1ea9m nh\u1ecf, ch\u1ecbu nhi\u1ec7t cao, c\u00e1ch \u0111i\u1ec7n v\u00e0 c\u00f3 \u0111\u1eb7c t\u00ednh t\u1ef1 d\u1eadp l\u1eeda.<\/p>\n<p><strong><b>\u0110\u1eb7c \u0111i\u1ec3m<\/b><\/strong><strong><b>:<\/b><\/strong><\/p>\n<p>-\u00a0D\u00e2y bu\u1ed9c \u0111\u1ea7u s\u1ee9 composite (Composite line tie): d\u00f9ng bu\u1ed9c d\u00e2y tr\u00ean \u0111\u1ea7u s\u1ee9 \u0111\u1ed1i v\u1edbi s\u1ee9 tr\u00ean \u0111\u00e0 v\u00e0 s\u1ee9 \u0111\u1ec9nh, \u00e1p d\u1ee5ng cho g\u00f3c \u0111\u01b0\u1eddng d\u00e2y th\u1eb3ng \u0111\u1ebfn 15\u00b0.<\/p>\n<p>- D\u00e2y bu\u1ed9c c\u1ed5 s\u1ee9 th\u1eb3ng composite (Composite Tangent side tie): d\u00f9ng bu\u1ed9c d\u00e2y tr\u00ean c\u1ed5 s\u1ee9 \u0111\u1ed1i v\u1edbi s\u1ee9 tr\u00ean \u0111\u00e0 v\u00e0 s\u1ee9 \u0111\u1ec9nh, \u00e1p d\u1ee5ng cho g\u00f3c \u0111\u01b0\u1eddng d\u00e2y th\u1eb3ng \u0111\u1ebfn 15\u00b0.<\/p>\n<p>- D\u00e2y bu\u1ed9c c\u1ed5 s\u1ee9 g\u00f3c composite (Composite Angle side tie): d\u00f9ng bu\u1ed9c d\u00e2y tr\u00ean c\u1ed5 s\u1ee9 \u0111\u1ed1i v\u1edbi s\u1ee9 tr\u00ean \u0111\u00e0 v\u00e0 s\u1ee9 \u0111\u1ec9nh, \u00e1p d\u1ee5ng cho g\u00f3c \u0111\u01b0\u1eddng d\u00e2y t\u1eeb 11\u00b0 \u0111\u1ebfn 40\u00b0.<\/p>\n<p>\u0110\u1ea3m b\u1ea3o \u0111\u1ecdc v\u00e0 hi\u1ec3u r\u1ecf tr\u00ecnh t\u1ef1 l\u1eafp \u0111\u1eb7t tr\u01b0\u1edbc khi s\u1eed d\u1ee5ng, c\u0169ng nh\u01b0 ch\u1ecdn s\u1ea3n ph\u1ea9m ph\u00f9 h\u1ee3p tr\u01b0\u1edbc khi s\u1eed d\u1ee5ng.<\/p>\n<p>Quan tr\u1ecdng: D\u00e2y bu\u1ed9c composite d\u00f9ng cho d\u00e2y b\u1ecdc c\u00e1ch \u0111i\u1ec7n, vi\u1ec7c s\u1eed d\u1ee5ng d\u00e2y bu\u1ed9c \u1ea3nh h\u01b0\u1edfng b\u1edfi thi\u1ebft k\u1ebf, \u0111i\u1ec7n \u00e1p, c\u00e1ch \u0111i\u1ec7n v\u00e0 \u0111i\u1ec1u ki\u1ec7n m\u00f4i tr\u01b0\u1eddng, ng\u01b0\u1eddi s\u1eed d\u1ee5ng ph\u1ea3i x\u00e1c \u0111\u1ecbnh d\u00e2y bu\u1ed9c ph\u00f9 h\u1ee3p cho m\u1ee5c \u0111\u00edch s\u1eed d\u1ee5ng.<\/p>\n<p>Th\u1eed nghi\u1ec7m cho th\u1ea5y gi\u00e1p bu\u1ed9c \u0111\u1ea7u v\u00e0 c\u1ed5 s\u1ee9 composite s\u1ebd ph\u00e1t tri\u1ec3n t\u1ea3i c\u00e2n b\u1eb1ng v\u00e0 gi\u1eef d\u00e2y t\u01b0\u01a1ng\u00a0\u0111\u01b0\u01a1ng v\u1edbi, ho\u1eb7c v\u01b0\u1ee3t tr\u1ed9i, theo c\u00e1ch bu\u1ed9c th\u1ee7 c\u00f4ng tr\u00ean d\u00e2y d\u1eabn c\u00f3 b\u1ecdc. S\u1ee9c l\u1ef1c gi\u1eef kh\u00f4ng c\u00e2n b\u1eb1ng l\u00e0 kh\u1ea3 n\u0103ng c\u1ee7a d\u00e2y bu\u1ed9c \u0111\u1ec3 duy tr\u00ec gi\u1eef kh\u00f4ng \u0111\u1ed5i v\u00e0 th\u1ed1ng nh\u1ea5t tr\u00ean c\u00e1c d\u00e2y d\u1eabn v\u00e0 s\u1ee9 c\u00e1ch \u0111i\u1ec7n khi c\u0103ng th\u1eb3ng l\u1eb7p \u0111i l\u1eb7p l\u1ea1i li\u00ean t\u1ee5c v\u00e0 kh\u00f4ng \u0111\u1ed3ng \u0111\u1ec1u \u00e1p \u0111\u1eb7t m\u1ed9t s\u1ef1 m\u1ea5t c\u00e2n b\u1eb1ng trong kho\u1ea3ng tr\u1ee5. S\u1ef1\u00a0m\u1ea5t c\u00e2n b\u1eb1ng n\u00e0y th\u01b0\u1eddng l\u00e0 th\u1ea5p khi g\u00e2y ra b\u1edfi chuy\u1ec3n \u0111\u1ed9ng do gi\u00f3 g\u00e2y ra, v\u00e0 t\u00e1c \u0111\u1ed9ng c\u1ee7a c\u00e0nh c\u00e2y v\u00e0 nghi\u00eam tr\u1ecdng khi d\u00e2y d\u1eabn b\u1ecb \u0111\u1ee9t.<\/p>\n<p><strong><b>L\u01b0u \u00fd v\u1ec1 an to\u00e0n<\/b><\/strong><\/p>\n<p>1. S\u1ea3n ph\u1ea9m n\u00e0y s\u1eed d\u1ee5ng m\u1ed9t l\u1ea7n, kh\u00f4ng s\u1eed d\u1ee5ng l\u1ea1i hay l\u00e0m thay \u0111\u1ed5i d\u01b0\u1edbi b\u1ea5t k\u1ef3 tr\u01b0\u1eddng h\u1ee3p n\u00e0o.<\/p>\n<p>2. S\u1ea3n ph\u1ea9m n\u00e0y ch\u1ec9 \u00e1p d\u1ee5ng cho nh\u1eefng c\u00f4ng nh\u00e2n \u0111\u00e3 \u0111\u01b0\u1ee3c hu\u1ea5n luy\u1ec7n s\u1eed d\u1ee5ng. S\u1ea3n ph\u1ea9m n\u00e0y kh\u00f4ng \u00e1p d\u1ee5ng cho nh\u1eefng ai kh\u00f4ng quen v\u00e0 kh\u00f4ng \u0111\u01b0\u1ee3c hu\u1ea5n luy\u1ec7n v\u1ec1 n\u00f3.<\/p>\n<p>3. Khi c\u00f4ng t\u00e1c trong v\u00f9ng \u0111\u01b0\u1eddng d\u00e2y mang \u0111i\u1ec7n, \u0111\u1eb7c bi\u1ec7t c\u1ea9n th\u1eadn \u0111\u1ec3 tr\u00e1nh tai n\u1ea1n ti\u1ebfp x\u00fac v\u1edbi \u0111i\u1ec7n.<\/p>\n<p>4. \u0110\u1ec3 l\u1eafp \u0111\u1eb7t ph\u00f9 h\u1ee3p v\u00e0 an to\u00e0n, c\u00e1 nh\u00e2n ph\u1ea3i \u0111\u1ea3m b\u1ea3o ch\u1ecdn c\u1ed5 d\u00e2y bu\u1ed9c composite ph\u00f9 h\u1ee3p tr\u01b0\u1edbc khi s\u1eed d\u1ee5ng.<\/p>\n<p>\u0110\u1ec3 \u0111\u1ea3m b\u1ea3o th\u1ef1c hi\u1ec7n thi c\u00f4ng \u0111\u00fang k\u1ef9 thu\u1eadt, ph\u1ea3i hi\u1ec3u r\u00f5 d\u00e2y du\u1ed9c composite l\u00e0 lo\u1ea1i \u0111\u1ecbnh h\u00ecnh s\u1eb5n theo \u0111\u01b0\u1eddng k\u00ednh ngo\u00e0i d\u00e2y v\u00e0 \u0111\u01b0\u1eddng k\u00ednh c\u1ed5 s\u1ee9 l\u1eafp \u0111\u1eb7t, c\u0169ng nh\u01b0 b\u1ea3o qu\u1ea3n n\u01a1i s\u1ea1ch s\u1ebd, khi s\u1eed d\u1ee5ng th\u00ec nh\u1eb9 tay, c\u1ea9n th\u1eadn.<\/p>\n<table>\n<tbody>\n<tr>\n<td rowspan=\"2\" width=\"142\">\n<p style=\"text-align: center\">Morstar #<\/p>\n<\/td>\n<td style=\"text-align: center\" colspan=\"2\" width=\"284\">Ph\u1ea1m vi \u0111\u01b0\u1eddng k\u00ednh (mm)<\/td>\n<td style=\"text-align: center\" rowspan=\"2\" width=\"142\">M\u00e0u s\u1eafc<\/td>\n<td style=\"text-align: center\" rowspan=\"2\" width=\"142\">\u0110\u01b0\u1eddng k\u00ednh d\u00e2y (mm)<\/td>\n<\/tr>\n<tr>\n<td width=\"142\">T\u1ed1i thi\u1ec3u<\/td>\n<td width=\"142\">T\u1ed1i \u0111a<\/td>\n<\/tr>\n<tr>\n<td style=\"text-align: center\" width=\"142\">\n<p style=\"text-align: left\">DCST-1013<\/p>\n<\/td>\n<td style=\"text-align: left\" width=\"142\">10.19<\/td>\n<td style=\"text-align: left\" width=\"142\">13.72<\/td>\n<td style=\"text-align: left\" width=\"142\">M\u00e0u n\u00e2u<\/td>\n<td width=\"142\">\n<p style=\"text-align: left\">11.5<\/p>\n<\/td>\n<\/tr>\n<tr>\n<td width=\"142\">DCST-1318<\/td>\n<td width=\"142\">13.74<\/td>\n<td width=\"142\">18.54<\/td>\n<td width=\"142\">M\u00e0u cam<\/td>\n<td width=\"142\">11.5<\/td>\n<\/tr>\n<tr>\n<td width=\"142\">DCST-1823<\/td>\n<td width=\"142\">18.57<\/td>\n<td width=\"142\">23.37<\/td>\n<td width=\"142\">M\u00e0u t\u00edm<\/td>\n<td width=\"142\">11.5<\/td>\n<\/tr>\n<tr>\n<td width=\"142\">DCST-2327<\/td>\n<td width=\"142\">23.4<\/td>\n<td width=\"142\">27.94<\/td>\n<td width=\"142\">M\u00e0u \u0111\u1ecf<\/td>\n<td width=\"142\">11.5<\/td>\n<\/tr>\n<tr>\n<td width=\"142\">DCST-2731<\/td>\n<td width=\"142\">27.97<\/td>\n<td width=\"142\">31.50 (33.02)<\/td>\n<td width=\"142\">M\u00e0u v\u00e0ng<\/td>\n<td width=\"142\">11.5<\/td>\n<\/tr>\n<tr>\n<td width=\"142\">DCST-3135<\/td>\n<td width=\"142\">31.52<\/td>\n<td width=\"142\">35.61 (37.03)<\/td>\n<td width=\"142\">M\u00e0u xanh da tr\u1eddi<\/td>\n<td width=\"142\">11.5<\/td>\n<\/tr>\n<\/tbody>\n<\/table>","protected":false},"excerpt":{"rendered":"<p>S\u1ea3n ph\u1ea9m d\u00e2y \u0111\u1ecbnh h\u00ecnh \u0111\u00e3 \u0111\u01b0\u1ee3c s\u1eed d\u1ee5ng cho l\u01b0\u1edbi \u0111i\u1ec7n tr\u00ean kh\u00f4ng tr\u00ean to\u00e0n th\u1ebf gi\u1edbi h\u01a1n 70 n\u0103m qua. Sao Mai l\u00e0 nh\u00e0 s\u1ea3n xu\u1ea5t, chuy\u00ean v\u1ec1 c\u00e1c s\u1ea3n ph\u1ea9m d\u00e2y \u0111\u1ecbnh h\u00ecnh v\u00e0 l\u00e0 nh\u00e0 s\u1ea3n xu\u1ea5t chuy\u00ean nghi\u1ec7p \u0111\u1ea7u ti\u00ean t\u1ea1i Vi\u1ec7t Nam, h\u00e0ng lo\u1ea1t c\u00e1c ph\u1ee5 ki\u1ec7n \u0111\u01b0\u1eddng d\u00e2y \u0111\u1ecbnh h\u00ecnh \u0111\u00e3 \u0111\u01b0\u1ee3c ph\u00e1t tri\u1ec3n nh\u01b0 k\u1ebft n\u1ed1i \u0111\u1ea7u cu\u1ed1i, bu\u1ed9c d\u00e2y, n\u1ed1i d\u00e2y v\u00e0 s\u1eeda ch\u1eefa d\u00e2y. Ph\u1ea1m vi \u00e1p d\u1ee5ng nh\u1eefng ph\u1ee5 ki\u1ec7n \u0111\u1ecbnh h\u00ecnh l\u00e0 v\u01b0\u1ee3t tr\u1ed9i kh\u00f4ng c\u1ea7n d\u1ee5ng c\u1ee5 v\u00e0 ph\u1ea1m vi cung c\u1ea5p c\u00e1c ph\u1ee5 ki\u1ec7n n\u00e0y l\u00e0 \u0111\u1ea7y \u0111\u1ee7 nh\u1ea5t cho l\u01b0\u1edbi \u0111i\u1ec7n, d\u00e2y OPGW v\u00e0 ADSS.<\/p>\n<p>&nbsp;<\/p>\n<p>S\u1ef1 \u0111\u01a1n gi\u1ea3n r\u00f5 r\u00e0ng c\u1ee7a c\u00e1c ph\u1ee5 ki\u1ec7n d\u00e2y \u0111\u1ecbnh h\u00ecnh, d\u1ec5 d\u00e0ng l\u1eafp \u0111\u1eb7t trong c\u00f4ng tr\u00ecnh v\u00e0 hi\u1ec7u qu\u1ea3 d\u1eabn \u0111i\u1ec7n v\u00e0 thao t\u00e1c c\u01a1 kh\u00ed \u0111\u01a1n gi\u1ea3n. Th\u1ef1c t\u1ebf, ph\u1ee5 ki\u1ec7n d\u00e2y \u0111\u1ecbnh h\u00ecnh \u0111\u01b0\u1ee3c l\u00e0m theo thi\u1ebft k\u1ebf ri\u00eang \u0111\u1ec3 ph\u00f9 h\u1ee3p v\u1edbi ph\u1ea1m vi c\u00e1c v\u1eadt li\u1ec7u d\u00e2y d\u1eabn, c\u1ea5u tr\u00fac, \u0111\u01b0\u1eddng k\u00ednh v\u00e0 c\u00e1c \u0111i\u1ec1u ki\u1ec7n v\u1eadn h\u00e0nh kh\u00e1c nhau t\u1eeb c\u00e1c v\u00f9ng kh\u00ed h\u1eadu ven bi\u1ec3n, v\u00f9ng bi\u1ec3n \u0111\u00f3ng b\u0103ng, kh\u00f4 n\u00f3ng.<\/p>","protected":false},"featured_media":30505,"comment_status":"closed","ping_status":"closed","template":"","meta":{"inline_featured_image":false},"product_brand":[],"product_cat":[248,86,277,251],"product_tag":[],"class_list":{"0":"post-28346","1":"product","2":"type-product","3":"status-publish","4":"has-post-thumbnail","6":"product_cat-composite-side-tie","7":"product_cat-industrial-electric","8":"product_cat-manufacturing-products","9":"product_cat-plastic-tie","11":"first","12":"instock","13":"product-type-simple"},"_links":{"self":[{"href":"https:\/\/morstar.vn\/vi\/wp-json\/wp\/v2\/product\/28346","targetHints":{"allow":["GET"]}}],"collection":[{"href":"https:\/\/morstar.vn\/vi\/wp-json\/wp\/v2\/product"}],"about":[{"href":"https:\/\/morstar.vn\/vi\/wp-json\/wp\/v2\/types\/product"}],"replies":[{"embeddable":true,"href":"https:\/\/morstar.vn\/vi\/wp-json\/wp\/v2\/comments?post=28346"}],"wp:featuredmedia":[{"embeddable":true,"href":"https:\/\/morstar.vn\/vi\/wp-json\/wp\/v2\/media\/30505"}],"wp:attachment":[{"href":"https:\/\/morstar.vn\/vi\/wp-json\/wp\/v2\/media?parent=28346"}],"wp:term":[{"taxonomy":"product_brand","embeddable":true,"href":"https:\/\/morstar.vn\/vi\/wp-json\/wp\/v2\/product_brand?post=28346"},{"taxonomy":"product_cat","embeddable":true,"href":"https:\/\/morstar.vn\/vi\/wp-json\/wp\/v2\/product_cat?post=28346"},{"taxonomy":"product_tag","embeddable":true,"href":"https:\/\/morstar.vn\/vi\/wp-json\/wp\/v2\/product_tag?post=28346"}],"curies":[{"name":"wp","href":"https:\/\/api.w.org\/{rel}","templated":true}]}}