{"id":28329,"date":"2024-08-16T11:15:32","date_gmt":"2024-08-16T11:15:32","guid":{"rendered":"https:\/\/morstar.vn\/product\/polymer-fuse-cutout\/"},"modified":"2024-12-24T02:45:17","modified_gmt":"2024-12-24T02:45:17","slug":"cat-cau-chi-polymer","status":"publish","type":"product","link":"https:\/\/morstar.vn\/vi\/san-pham\/cat-cau-chi-polymer\/","title":{"rendered":"C\u1ea7u ch\u00ec t\u1ef1 r\u01a1i polymer"},"content":{"rendered":"<div style=\"text-align: center\"><img loading=\"lazy\" decoding=\"async\" src=\"https:\/\/morstar.vn\/wp-content\/uploads\/2024\/08\/img_20190121_110042.jpg\" alt=\"\u1ea2nh 20190121 110042\" width=\"500\" height=\"736\" \/><\/div>\n<p>&nbsp;<\/p>\n<div style=\"text-align: center\"><img loading=\"lazy\" decoding=\"async\" src=\"https:\/\/morstar.vn\/wp-content\/uploads\/2024\/08\/lb-fco.jpg\" alt=\"LB FCO\" width=\"500\" height=\"667\" \/><\/div>\n<table border=\"1\" width=\"684\" cellspacing=\"0\" cellpadding=\"0\" align=\"center\">\n<tbody>\n<tr>\n<td style=\"width: 96px;height: 15px;text-align: center;background-color: #003399\" rowspan=\"2\"><span style=\"color: #ffffff\"><strong>Ph\u1ea7n s\u1ed1<\/strong><\/span><\/td>\n<td style=\"width: 132px;height: 15px;text-align: center;background-color: #003399\" colspan=\"3\"><span style=\"color: #ffffff\"><strong>\u0110i\u1ec7n \u00e1p \u0111\u1ecbnh m\u1ee9c kV<\/strong><\/span><\/td>\n<td style=\"width: 90px;height: 15px;text-align: center;background-color: #003399\" rowspan=\"2\"><span style=\"color: #ffffff\"><strong>Li\u00ean t\u1ee5c<\/strong><br \/>\n<strong>hi\u1ec7n h\u00e0nh<\/strong><\/span><\/td>\n<td style=\"width: 96px;height: 15px;text-align: center;background-color: #003399\" rowspan=\"2\"><span style=\"color: #ffffff\"><strong>M\u1ee9c \u0111\u1ed9 gi\u00e1n \u0111o\u1ea1n<\/strong><\/span><\/td>\n<td style=\"width: 102px;height: 15px;text-align: center;background-color: #003399\" rowspan=\"2\"><span style=\"color: #ffffff\"><strong>Kho\u1ea3ng c\u00e1ch r\u00f2 r\u1ec9<\/strong><\/span><\/td>\n<td style=\"width: 72px;height: 15px;text-align: center;background-color: #003399\" rowspan=\"2\"><span style=\"color: #ffffff\"><strong>Tr\u1ecdng l\u01b0\u1ee3ng v\u1eadn chuy\u1ec3n<\/strong><\/span><\/td>\n<td style=\"width: 96px;height: 15px;text-align: center;background-color: #003399\" rowspan=\"2\"><span style=\"color: #ffffff\"><strong>Thanh n\u1ed1i h\u1ed3 quang<\/strong><\/span><\/td>\n<\/tr>\n<tr>\n<td style=\"width: 48px;height: 20px;text-align: center;background-color: #003399\"><span style=\"color: #ffffff\"><strong>T\u00ean<\/strong><\/span><\/td>\n<td style=\"width: 42px;height: 20px;text-align: center;background-color: #003399\"><span style=\"color: #ffffff\"><strong>T\u1ed1i \u0111a<\/strong><\/span><\/td>\n<td style=\"width: 42px;height: 20px;text-align: center;background-color: #003399\"><span style=\"color: #ffffff\"><strong>Ti\u1ec1n<\/strong><\/span><\/td>\n<\/tr>\n<tr>\n<td style=\"width: 96px;text-align: center\">MSCO-S111<\/td>\n<td style=\"width: 48px;text-align: center\">14.4<\/td>\n<td style=\"width: 42px;text-align: center\">15<\/td>\n<td style=\"width: 42px;text-align: center\">110<\/td>\n<td style=\"width: 90px;text-align: center\">100AMP<\/td>\n<td style=\"width: 96px;text-align: center\">10kA KH\u00d4NG \u0110\u1ed0I X\u1ee8NG)<\/td>\n<td style=\"width: 102px;text-align: center\">15,2\u201d-385mm<\/td>\n<td style=\"width: 72px;text-align: center\">3.165kg<\/td>\n<td style=\"width: 96px;text-align: center\">KH\u00d4NG<\/td>\n<\/tr>\n<tr>\n<td style=\"width: 96px;text-align: center\">MSCO-S211<\/td>\n<td style=\"width: 48px;text-align: center\">14.4<\/td>\n<td style=\"width: 42px;text-align: center\">15<\/td>\n<td style=\"width: 42px;text-align: center\">110<\/td>\n<td style=\"width: 90px;text-align: center\">200AMP<\/td>\n<td style=\"width: 96px;text-align: center\">12kA (KH\u00d4NG \u0110\u1ed0I X\u1ee8NG)<\/td>\n<td style=\"width: 102px;text-align: center\">15,2\u201d-385mm<\/td>\n<td style=\"width: 72px;text-align: center\">3.457kg<\/td>\n<td style=\"width: 96px;text-align: center\">\u0110\u00fang<\/td>\n<\/tr>\n<tr>\n<td style=\"width: 96px;text-align: center\">MSCO-S311<\/td>\n<td style=\"width: 48px;text-align: center\">14.4<\/td>\n<td style=\"width: 42px;text-align: center\">15<\/td>\n<td style=\"width: 42px;text-align: center\">110<\/td>\n<td style=\"width: 90px;text-align: center\">300AMP<\/td>\n<td style=\"width: 96px;text-align: center\">12kA (KH\u00d4NG \u0110\u1ed0I X\u1ee8NG)<\/td>\n<td style=\"width: 102px;text-align: center\">15,2\u201d-385mm<\/td>\n<td style=\"width: 72px;text-align: center\">3.675kg<\/td>\n<td style=\"width: 96px;text-align: center\">L\u01b0\u1ee1i dao r\u1eafn ch\u1eafc<\/td>\n<\/tr>\n<tr>\n<td style=\"width: 96px;text-align: center\">MSCO-S125<\/td>\n<td style=\"width: 48px;text-align: center\">25<\/td>\n<td style=\"width: 42px;text-align: center\">27<\/td>\n<td style=\"width: 42px;text-align: center\">150<\/td>\n<td style=\"width: 90px;text-align: center\">100AMP<\/td>\n<td style=\"width: 96px;text-align: center\">12kA KH\u00d4NG \u0110\u1ed0I X\u1ee8NG)<\/td>\n<td style=\"width: 102px;text-align: center\">24,4\u201d-620mm<\/td>\n<td style=\"width: 72px;text-align: center\">3.238kg<\/td>\n<td style=\"width: 96px;text-align: center\">\u0110\u00fang<\/td>\n<\/tr>\n<tr>\n<td style=\"width: 96px;text-align: center\">MSCO-S225<\/td>\n<td style=\"width: 48px;text-align: center\">25<\/td>\n<td style=\"width: 42px;text-align: center\">27<\/td>\n<td style=\"width: 42px;text-align: center\">150<\/td>\n<td style=\"width: 90px;text-align: center\">200AMP<\/td>\n<td style=\"width: 96px;text-align: center\">10kA (KH\u00d4NG \u0110\u1ed0I X\u1ee8NG)<\/td>\n<td style=\"width: 102px;text-align: center\">24,4\u201d-620mm<\/td>\n<td style=\"width: 72px;text-align: center\">3.618kg<\/td>\n<td style=\"width: 96px;text-align: center\">\u0110\u00fang<\/td>\n<\/tr>\n<tr>\n<td style=\"width: 96px;text-align: center\">MSCO-S325<\/td>\n<td style=\"width: 48px;text-align: center\">25<\/td>\n<td style=\"width: 42px;text-align: center\">27<\/td>\n<td style=\"width: 42px;text-align: center\">150<\/td>\n<td style=\"width: 90px;text-align: center\">300AMP<\/td>\n<td style=\"width: 96px;text-align: center\">12kA (KH\u00d4NG \u0110\u1ed0I X\u1ee8NG)<\/td>\n<td style=\"width: 102px;text-align: center\">24,4\u201d-620mm<\/td>\n<td style=\"width: 72px;text-align: center\">3.936kg<\/td>\n<td style=\"width: 96px;text-align: center\">L\u01b0\u1ee1i dao r\u1eafn ch\u1eafc<\/td>\n<\/tr>\n<tr>\n<td style=\"width: 96px;text-align: center\">MSCO-S127<\/td>\n<td style=\"width: 48px;text-align: center\">25<\/td>\n<td style=\"width: 42px;text-align: center\">36<\/td>\n<td style=\"width: 42px;text-align: center\">170<\/td>\n<td style=\"width: 90px;text-align: center\">100AMP<\/td>\n<td style=\"width: 96px;text-align: center\">12kA KH\u00d4NG \u0110\u1ed0I X\u1ee8NG)<\/td>\n<td style=\"width: 102px;text-align: center\">32,6\u201d-830mm<\/td>\n<td style=\"width: 72px;text-align: center\">6.015kg<\/td>\n<td style=\"width: 96px;text-align: center\">\u0110\u00fang<\/td>\n<\/tr>\n<tr>\n<td style=\"width: 96px;text-align: center\">MSCO-S227<\/td>\n<td style=\"width: 48px;text-align: center\">25<\/td>\n<td style=\"width: 42px;text-align: center\">36<\/td>\n<td style=\"width: 42px;text-align: center\">170<\/td>\n<td style=\"width: 90px;text-align: center\">200AMP<\/td>\n<td style=\"width: 96px;text-align: center\">10kA (KH\u00d4NG \u0110\u1ed0I X\u1ee8NG)<\/td>\n<td style=\"width: 102px;text-align: center\">32,6\u201d- 830mm<\/td>\n<td style=\"width: 72px;text-align: center\">6.330kg<\/td>\n<td style=\"width: 96px;text-align: center\">\u0110\u00fang<\/td>\n<\/tr>\n<tr>\n<td style=\"width: 96px;text-align: center\">MSCO-S327<\/td>\n<td style=\"width: 48px;text-align: center\">25<\/td>\n<td style=\"width: 42px;text-align: center\">36<\/td>\n<td style=\"width: 42px;text-align: center\">170<\/td>\n<td style=\"width: 90px;text-align: center\">300AMP<\/td>\n<td style=\"width: 96px;text-align: center\">12kA (KH\u00d4NG \u0110\u1ed0I X\u1ee8NG)<\/td>\n<td style=\"width: 102px;text-align: center\">32,6\u201d- 830mm<\/td>\n<td style=\"width: 72px;text-align: center\">6,605kg<\/td>\n<td style=\"width: 96px;text-align: center\">L\u01b0\u1ee1i dao r\u1eafn ch\u1eafc<\/td>\n<\/tr>\n<\/tbody>\n<\/table>\n<div style=\"clear: both\"><\/div>","protected":false},"excerpt":{"rendered":"<p>Sao Mai cung c\u1ea5p c\u1ea3 ph\u1ea7n c\u1eaft s\u1ee9 v\u00e0 ph\u1ea7n c\u1eaft polyme cho c\u00e1c h\u1ec7 th\u1ed1ng \u0111\u01b0\u1ee3c \u0111\u00e1nh gi\u00e1 \u1edf m\u1ee9c 15kV v\u00e0 27kV, ph\u1ea7n c\u00e1ch \u0111i\u1ec7n polyme l\u00e0 cao su silicon ho\u1eb7c HDPE cho ph\u1ea7n c\u1eaft polyme. Ph\u1ea7n c\u1eaft Morstar \u0111\u00e1p \u1ee9ng v\u00e0 ho\u1eb7c v\u01b0\u1ee3t qu\u00e1 t\u1ea5t c\u1ea3 c\u00e1c y\u00eau c\u1ea7u hi\u1ec7u su\u1ea5t ANSI \u00e1p d\u1ee5ng v\u1edbi th\u1eed nghi\u1ec7m \u0111\u01b0\u1ee3c th\u1ef1c hi\u1ec7n t\u1ea1i m\u1ed9t ph\u00f2ng th\u00ed nghi\u1ec7m \u0111\u1ed9c l\u1eadp \u0111\u01b0\u1ee3c c\u00f4ng nh\u1eadn.<br \/>\nC\u00e1c \u0111\u01b0\u1eddng c\u1eaft c\u1ee7a Sao Mai \u0111\u01b0\u1ee3c s\u1ea3n xu\u1ea5t v\u1edbi c\u00e1c t\u00ednh n\u0103ng ti\u00eau chu\u1ea9n sau: T\u1ea5t c\u1ea3 c\u00e1c ti\u1ebfp \u0111i\u1ec3m \u0111i\u1ec7n \u0111\u1ec1u \u0111\u01b0\u1ee3c m\u1ea1 b\u1ea1c. C\u00e1c r\u00e3nh song song m\u1ea1 thi\u1ebfc l\u00e0 ti\u00eau chu\u1ea9n. R\u00e3nh 1 x\u1eed l\u00fd #6 r\u1eafn qua #6 tranded. R\u00e3nh 2 x\u1eed l\u00fd #2 r\u1eafn qua 25 mil ho\u1eb7c 4\/0 ACSR. T\u1ea5m ch\u1eafn m\u01b0a \u0111\u00e1 m\u1ea1 k\u1ebdm ch\u1ecbu l\u1ef1c n\u1eb7ng, s\u1eebng h\u1ed3 quang v\u00e0 gi\u00e1 \u0111\u1ee1 NEMA Lo\u1ea1i B l\u00e0 ti\u00eau chu\u1ea9n. C\u00e1c \u0111\u01b0\u1eddng c\u1eaft polyme \u0111\u01b0\u1ee3c s\u1ea3n xu\u1ea5t t\u1eeb cao su silicon 100%, kh\u00f4ng ph\u1ea3i h\u1ee3p kim polyme. T\u1ea5t c\u1ea3 c\u00e1c ch\u1ed1t c\u01a1 h\u1ecdc \u0111\u01b0\u1ee3c s\u1ea3n xu\u1ea5t t\u1eeb th\u00e9p kh\u00f4ng g\u1ec9 304.<\/p>","protected":false},"featured_media":29027,"comment_status":"closed","ping_status":"closed","template":"","meta":{"inline_featured_image":false},"product_brand":[],"product_cat":[278,250],"product_tag":[],"class_list":{"0":"post-28329","1":"product","2":"type-product","3":"status-publish","4":"has-post-thumbnail","6":"product_cat-distributed-products","7":"product_cat-fuse-cutouts","9":"first","10":"instock","11":"product-type-simple"},"_links":{"self":[{"href":"https:\/\/morstar.vn\/vi\/wp-json\/wp\/v2\/product\/28329","targetHints":{"allow":["GET"]}}],"collection":[{"href":"https:\/\/morstar.vn\/vi\/wp-json\/wp\/v2\/product"}],"about":[{"href":"https:\/\/morstar.vn\/vi\/wp-json\/wp\/v2\/types\/product"}],"replies":[{"embeddable":true,"href":"https:\/\/morstar.vn\/vi\/wp-json\/wp\/v2\/comments?post=28329"}],"wp:featuredmedia":[{"embeddable":true,"href":"https:\/\/morstar.vn\/vi\/wp-json\/wp\/v2\/media\/29027"}],"wp:attachment":[{"href":"https:\/\/morstar.vn\/vi\/wp-json\/wp\/v2\/media?parent=28329"}],"wp:term":[{"taxonomy":"product_brand","embeddable":true,"href":"https:\/\/morstar.vn\/vi\/wp-json\/wp\/v2\/product_brand?post=28329"},{"taxonomy":"product_cat","embeddable":true,"href":"https:\/\/morstar.vn\/vi\/wp-json\/wp\/v2\/product_cat?post=28329"},{"taxonomy":"product_tag","embeddable":true,"href":"https:\/\/morstar.vn\/vi\/wp-json\/wp\/v2\/product_tag?post=28329"}],"curies":[{"name":"wp","href":"https:\/\/api.w.org\/{rel}","templated":true}]}}