{"id":28320,"date":"2024-08-16T11:15:32","date_gmt":"2024-08-16T11:15:32","guid":{"rendered":"https:\/\/morstar.vn\/product\/blue-stripe-take-apart-hot-sticks\/"},"modified":"2024-10-31T02:24:31","modified_gmt":"2024-10-31T02:24:31","slug":"soc-xanh-thao-roi-que-nong","status":"publish","type":"product","link":"https:\/\/morstar.vn\/vi\/san-pham\/soc-xanh-thao-roi-que-nong\/","title":{"rendered":"S\u00e0o thao t\u00e1c"},"content":{"rendered":"<div style=\"text-align: center\"><img loading=\"lazy\" decoding=\"async\" src=\"https:\/\/morstar.vn\/wp-content\/uploads\/2024\/08\/usts-ta-035_combined_6-29-17.jpg\" alt=\"USTS TA 035 K\u1ebft h\u1ee3p 6 29 17\" width=\"650\" height=\"363\" \/><\/div>\n<p>Gi\u1edbi thi\u1ec7u s\u1ea3n ph\u1ea9m s\u00e0o thao t\u00e1c d\u1ea1ng \u1ed1ng tr\u00f2n \u0111\u1ea7u ti\u00ean trong ng\u00e0nh c\u00f3 c\u00e1c ph\u1ea7n c\u00f3 th\u1ec3 th\u00e1o r\u1eddi. Thi\u1ebft k\u1ebf \u0111ang ch\u1edd c\u1ea5p b\u1eb1ng s\u00e1ng ch\u1ebf c\u1ee7a ch\u00fang t\u00f4i s\u1eed d\u1ee5ng c\u00e1c k\u00eanh li\u00ean k\u1ebft v\u1edbi t\u00ednh n\u0103ng BLUE STRIPE\u00ae c\u1ee7a ch\u00fang t\u00f4i t\u1ea1o ra c\u00e1c m\u1ed1i n\u1ed1i ch\u1eafc ch\u1eafn c\u00f3 th\u1ec3 t\u00e1ch r\u1eddi ch\u1ec9 b\u1eb1ng m\u1ed9t n\u00fat b\u1ea5m.<\/p>\n<p>S\u00e0o thao t\u00e1c s\u1eed d\u1ee5ng c\u1ea5u tr\u00fac composite ti\u00ean ti\u1ebfn v\u1edbi nh\u1ef1a epoxy v\u00e0 s\u1ee3i th\u1ee7y tinh kh\u00f4ng d\u1ec7t \u0111\u1ed9c \u0111\u00e1o \u0111\u1ec3 t\u1ea1o ra b\u1ec1 m\u1eb7t m\u1ecbn, b\u1ec1n c\u00f3 kh\u1ea3 n\u0103ng ch\u1ed1ng th\u1ea5m n\u01b0\u1edbc.<\/p>\n<p>\u0110\u1eb7c tr\u01b0ng:<\/p>\n<ul>\n<li><b>C\u00e1c ph\u1ea7n c\u00f3 th\u1ec3 th\u00e1o r\u1eddi mang l\u1ea1i t\u00ednh linh ho\u1ea1t v\u00e0 d\u1ec5 b\u1ea3o tr\u00ec<\/b><\/li>\n<li><b>C\u00e1c ph\u1ea7n tr\u00f2n ho\u1ea1t \u0111\u1ed9ng tr\u01a1n tru m\u00e0 kh\u00f4ng b\u1ecb k\u1eb9t ho\u1eb7c d\u00ednh<\/b><\/li>\n<li><b>N\u00fat \u201cKh\u00f4ng k\u1eb9p\u201d b\u1ec1n v\u00e0 d\u1ec5 s\u1eed d\u1ee5ng<\/b><\/li>\n<\/ul>\n<p>Nh\u1eefng s\u1ea3n ph\u1ea9m n\u00e0y \u0111\u01b0\u1ee3c b\u1ea3o h\u1ed9 b\u1eb1ng s\u00e1ng ch\u1ebf theo B\u1eb1ng s\u00e1ng ch\u1ebf s\u1ed1 6.875.917 v\u00e0 c\u00e1c b\u1eb1ng s\u00e1ng ch\u1ebf kh\u00e1c \u0111ang ch\u1edd c\u1ea5p. T\u1ea5t c\u1ea3 \u0111\u1ec1u l\u00e0 S\u1eccC XANH<sup>\u00ae<\/sup>Que s\u1ee3i th\u1ee7y tinh \u0111\u01b0\u1ee3c s\u1ea3n xu\u1ea5t \u0111\u1ec3 \u0111\u00e1p \u1ee9ng c\u00e1c ti\u00eau chu\u1ea9n c\u00f4ng nghi\u1ec7p bao g\u1ed3m OSHA, ASTM v\u00e0 IEC n\u1ebfu c\u00f3.<\/p>\n<h4>C\u00c1CH \u0110\u1eb6T H\u00c0NG<\/h4>\n<table id=\"tablepress-4-no-2\" style=\"width: 100%\" border=\"1\" align=\"center\">\n<thead>\n<tr>\n<th style=\"background-color: #0066cc\"><span style=\"color: #ffffff\">TI\u1ebeNG ANH<\/span><\/th>\n<th style=\"background-color: #0066cc\"><span style=\"color: #ffffff\">\u0110\u1ed8 M\u00c9T<\/span><\/th>\n<th style=\"background-color: #0066cc\"><span style=\"color: #ffffff\">K\u00cdCH TH\u01af\u1edaC(ft.)<\/span><\/th>\n<th style=\"background-color: #0066cc\"><span style=\"color: #ffffff\">K\u00cdCH TH\u01af\u1edaC(m)<\/span><\/th>\n<th style=\"background-color: #0066cc\"><span style=\"color: #ffffff\">CHI\u1ec0U D\u00c0I \u0110\u00d3NG<\/span><\/th>\n<th style=\"background-color: #0066cc\"><span style=\"color: #ffffff\">C\u00c2N N\u1eb6NG<\/span><\/th>\n<th style=\"background-color: #0066cc\"><span style=\"color: #ffffff\">T\u00daI<\/span><\/th>\n<\/tr>\n<\/thead>\n<tbody>\n<tr>\n<td style=\"background-color: #0066cc;text-align: center\" colspan=\"7\"><span style=\"color: #ffffff\"><strong>TI\u00caU CHU\u1ea8N v\u1edbi Non-Tiplock<\/strong><\/span><\/td>\n<\/tr>\n<tr>\n<td style=\"text-align: center\">USTS-050-EM<\/td>\n<td style=\"text-align: center\">USTS-050-MM<\/td>\n<td style=\"text-align: center\">50 FT.<\/td>\n<td style=\"text-align: center\">15,2 ph\u00fat<\/td>\n<td style=\"text-align: center\">68\u201d<\/td>\n<td style=\"text-align: center\">20 Ib<\/td>\n<td style=\"text-align: center\">USSB-006<\/td>\n<\/tr>\n<tr>\n<td style=\"text-align: center\">USTS-045-EM<\/td>\n<td style=\"text-align: center\">USTS-045-MM<\/td>\n<td style=\"text-align: center\">45 FT.<\/td>\n<td style=\"text-align: center\">13,7 ph\u00fat<\/td>\n<td style=\"text-align: center\">66\u201d<\/td>\n<td style=\"text-align: center\">16 lb 8 oz<\/td>\n<td style=\"text-align: center\" rowspan=\"4\">USSB-008<\/td>\n<\/tr>\n<tr>\n<td style=\"text-align: center\">USTS-040-EM<\/td>\n<td style=\"text-align: center\">USTS-040-MM<\/td>\n<td style=\"text-align: center\">40 FT.<\/td>\n<td style=\"text-align: center\">12,2 ph\u00fat<\/td>\n<td style=\"text-align: center\">65\u201d<\/td>\n<td style=\"text-align: center\">13 lb 8 oz<\/td>\n<\/tr>\n<tr>\n<td style=\"text-align: center\">USTS-035-EM<\/td>\n<td style=\"text-align: center\">USTS-035-MM<\/td>\n<td style=\"text-align: center\">35 FT.<\/td>\n<td style=\"text-align: center\">10,6 ph\u00fat<\/td>\n<td style=\"text-align: center\">63\u201d<\/td>\n<td style=\"text-align: center\">11 lb<\/td>\n<\/tr>\n<tr>\n<td style=\"text-align: center\">USTS-030-EM<\/td>\n<td style=\"text-align: center\">USTS-030-MM<\/td>\n<td style=\"text-align: center\">30 FT.<\/td>\n<td style=\"text-align: center\">9,1 ph\u00fat<\/td>\n<td style=\"text-align: center\">62\u201d<\/td>\n<td style=\"text-align: center\">8 lb 14 oz<\/td>\n<\/tr>\n<tr>\n<td style=\"text-align: center\">USTS-025-EM<\/td>\n<td style=\"text-align: center\">USTS-025-MM<\/td>\n<td style=\"text-align: center\">25 FT.<\/td>\n<td style=\"text-align: center\">7,6 ph\u00fat<\/td>\n<td style=\"text-align: center\">60\u201d<\/td>\n<td style=\"text-align: center\">6 lb 14 oz<\/td>\n<td style=\"text-align: center\" rowspan=\"3\">USSB-005<\/td>\n<\/tr>\n<tr>\n<td style=\"text-align: center\">USTS-020-EM<\/td>\n<td style=\"text-align: center\">USTS-020-MM<\/td>\n<td style=\"text-align: center\">20 FT.<\/td>\n<td style=\"text-align: center\">6,2 ph\u00fat<\/td>\n<td style=\"text-align: center\">58\u201d<\/td>\n<td style=\"text-align: center\">5 lb 3 oz<\/td>\n<\/tr>\n<tr>\n<td style=\"text-align: center\">USTS-016-EM<\/td>\n<td style=\"text-align: center\">USTS-016-MM<\/td>\n<td style=\"text-align: center\">16 FT.<\/td>\n<td style=\"text-align: center\">4,9 ph\u00fat<\/td>\n<td style=\"text-align: center\">56\u201d<\/td>\n<td style=\"text-align: center\">4 lb<\/td>\n<\/tr>\n<tr>\n<td style=\"background-color: #0066cc;text-align: center\" colspan=\"7\"><span style=\"color: #ffffff\"><strong>TH\u00c1O R\u00c1C v\u1edbi Tiplock<\/strong><\/span><\/td>\n<\/tr>\n<tr>\n<td style=\"text-align: center\">USTS-TA-045-EM<\/td>\n<td style=\"text-align: center\">USTS-TA-045-MM<\/td>\n<td style=\"text-align: center\">45 FT.<\/td>\n<td style=\"text-align: center\">13,7 ph\u00fat<\/td>\n<td style=\"text-align: center\">71&#8243;<\/td>\n<td style=\"text-align: center\">16.5 lb<\/td>\n<td style=\"text-align: center\" rowspan=\"3\">USSB-006<\/td>\n<\/tr>\n<tr>\n<td style=\"text-align: center\">USTS-TA-040-EM<\/td>\n<td style=\"text-align: center\">USTS-TA-040-MM<\/td>\n<td style=\"text-align: center\">40 FT.<\/td>\n<td style=\"text-align: center\">12,2 ph\u00fat<\/td>\n<td style=\"text-align: center\">69&#8243;<\/td>\n<td style=\"text-align: center\">13.5 lb<\/td>\n<\/tr>\n<tr>\n<td style=\"text-align: center\">USTS-TA-035-EM<\/td>\n<td style=\"text-align: center\">USTS-TA-035-MM<\/td>\n<td style=\"text-align: center\">35 FT.<\/td>\n<td style=\"text-align: center\">10,6 ph\u00fat<\/td>\n<td style=\"text-align: center\">68&#8243;<\/td>\n<td style=\"text-align: center\">11 lb<\/td>\n<\/tr>\n<\/tbody>\n<\/table>","protected":false},"excerpt":{"rendered":"<p>S\u00e0o thao t\u00e1c d\u1ea1ng \u1ed1ng l\u1ed3ng \u0111\u1ea7u ti\u00ean trong ng\u00e0nh v\u1edbi c\u00e1c ph\u1ea7n c\u00f3 th\u1ec3 th\u00e1o r\u1eddi. C\u00f4ng ngh\u1ec7 s\u1ee3i th\u1ee7y tinh  cao c\u1ea5p hi\u1ec7n c\u00f3 c\u00e1c ph\u1ea7n li\u00ean k\u1ebft \u0111\u01b0\u1ee3c c\u1ea5p b\u1eb1ng s\u00e1ng ch\u1ebf \u0111\u1ec3 d\u1ec5 d\u00e0ng th\u00e1o r\u1eddi. C\u00e1c ph\u1ea7n c\u00f3 th\u1ec3 th\u00e1o r\u1eddi mang l\u1ea1i t\u00ednh linh ho\u1ea1t v\u00e0 d\u1ec5 b\u1ea3o tr\u00ec, kh\u00f4ng b\u1ecb k\u1eb9t ho\u1eb7c d\u00ednh. C\u00e1c n\u00fat \"kh\u00f4ng k\u1eb9p\" \u0111\u01b0\u1ee3c gia c\u00f4ng b\u1eb1ng m\u00e1y CNC b\u1ec1n v\u00e0 d\u1ec5 v\u1eadn h\u00e0nh.<\/p>","protected":false},"featured_media":28322,"comment_status":"closed","ping_status":"closed","template":"","meta":{"inline_featured_image":false},"product_brand":[],"product_cat":[278],"product_tag":[],"class_list":{"0":"post-28320","1":"product","2":"type-product","3":"status-publish","4":"has-post-thumbnail","6":"product_cat-distributed-products","8":"first","9":"instock","10":"product-type-simple"},"_links":{"self":[{"href":"https:\/\/morstar.vn\/vi\/wp-json\/wp\/v2\/product\/28320","targetHints":{"allow":["GET"]}}],"collection":[{"href":"https:\/\/morstar.vn\/vi\/wp-json\/wp\/v2\/product"}],"about":[{"href":"https:\/\/morstar.vn\/vi\/wp-json\/wp\/v2\/types\/product"}],"replies":[{"embeddable":true,"href":"https:\/\/morstar.vn\/vi\/wp-json\/wp\/v2\/comments?post=28320"}],"wp:featuredmedia":[{"embeddable":true,"href":"https:\/\/morstar.vn\/vi\/wp-json\/wp\/v2\/media\/28322"}],"wp:attachment":[{"href":"https:\/\/morstar.vn\/vi\/wp-json\/wp\/v2\/media?parent=28320"}],"wp:term":[{"taxonomy":"product_brand","embeddable":true,"href":"https:\/\/morstar.vn\/vi\/wp-json\/wp\/v2\/product_brand?post=28320"},{"taxonomy":"product_cat","embeddable":true,"href":"https:\/\/morstar.vn\/vi\/wp-json\/wp\/v2\/product_cat?post=28320"},{"taxonomy":"product_tag","embeddable":true,"href":"https:\/\/morstar.vn\/vi\/wp-json\/wp\/v2\/product_tag?post=28320"}],"curies":[{"name":"wp","href":"https:\/\/api.w.org\/{rel}","templated":true}]}}