{"id":28317,"date":"2024-08-16T11:15:32","date_gmt":"2024-08-16T11:15:32","guid":{"rendered":"https:\/\/morstar.vn\/product\/ratchet-action-cutters\/"},"modified":"2024-12-24T02:44:41","modified_gmt":"2024-12-24T02:44:41","slug":"may-cat-hanh-dong-ratchet","status":"publish","type":"product","link":"https:\/\/morstar.vn\/vi\/san-pham\/may-cat-hanh-dong-ratchet\/","title":{"rendered":"K\u00ecm c\u1eaft d\u00e2y l\u00f5i th\u00e9p"},"content":{"rendered":"<div style=\"text-align:center\"><img loading=\"lazy\" decoding=\"async\" alt=\"59278 M\u00c1Y C\u1eaeT RIDGID, RC 556 RATCHET Ph\u1ea3i 72dpi\" height=\"400\" src=\"https:\/\/morstar.vn\/wp-content\/uploads\/2024\/08\/59278_ridgid_cutter-rc-556-ratchet-right_72dpi.jpg\" width=\"400\" \/><\/div>\n<div style=\"text-align:center\"><img loading=\"lazy\" decoding=\"async\" alt=\"RC 556 M\u00e1y c\u1eaft b\u00e1nh c\u00f3c H\u00e0nh \u0111\u1ed9ng DSC 7594 72dpi\" height=\"400\" src=\"https:\/\/morstar.vn\/wp-content\/uploads\/2024\/08\/rc-556-ratchet-cutter-action-dsc_7594_72dpi.jpg\" width=\"400\" \/><\/div>\n<h2>\u0110\u1eb7c tr\u01b0ng<\/h2>\n<ul>\n<li>C\u01a1 ch\u1ebf kh\u00f3a b\u00e1nh c\u00f3c \u0111\u1ed9c \u0111\u00e1o gi\u00fap c\u1eaft d\u1ec5 d\u00e0ng nh\u1ea5t.<\/li>\n<li>Nh\u1ea3 l\u01b0\u1ee1i dao \u0111\u1ec3 nh\u1ea3 l\u01b0\u1ee1i dao t\u1ea1i b\u1ea5t k\u1ef3 th\u1eddi \u0111i\u1ec3m n\u00e0o trong qu\u00e1 tr\u00ecnh c\u1eaft.<\/li>\n<li>C\u01a1 ch\u1ebf kh\u00f3a\/m\u1edf kh\u00f3a \u0111\u1ec3 b\u1ea3o v\u1ec7 d\u1ee5ng c\u1ee5 khi kh\u00f4ng s\u1eed d\u1ee5ng.<\/li>\n<li>L\u00f2 xo k\u00edn \u0111\u01b0\u1ee3c b\u1ea3o v\u1ec7 kh\u1ecfi c\u00e1c m\u1ea3nh v\u1ee5n v\u00e0 m\u1ea5t m\u00e1t trong qu\u00e1 tr\u00ecnh s\u1eed d\u1ee5ng.<\/li>\n<li>Thi\u1ebft k\u1ebf nh\u1eb9 v\u00e0 nh\u1ecf g\u1ecdn \u0111\u1ec3 s\u1eed d\u1ee5ng ti\u1ec7n l\u1ee3i.<\/li>\n<\/ul>\n<h2>Th\u00f4ng s\u1ed1 k\u1ef9 thu\u1eadt<\/h2>\n<p><strong>RC-40<\/strong><\/p>\n<table align=\"center\" border=\"1\" style=\"width:100%\">\n<tbody>\n<tr>\n<td style=\"text-align: center\">C\u00f4ng su\u1ea5t \u0111\u1ed3ng<\/td>\n<td style=\"text-align: center\">500 MCM (T\u1ed1i \u0111a 600 MCM)<\/td>\n<\/tr>\n<tr>\n<td style=\"text-align: center\">C\u00f4ng su\u1ea5t nh\u00f4m<\/td>\n<td style=\"text-align: center\">600 MCM (T\u1ed1i \u0111a 750 MCM)<\/td>\n<\/tr>\n<tr>\n<td style=\"text-align: center\">Chi\u1ec1u d\u00e0i<\/td>\n<td style=\"text-align: center\">9,4 inch (240 mm)<\/td>\n<\/tr>\n<tr>\n<td style=\"text-align: center\">C\u00e2n n\u1eb7ng<\/td>\n<td style=\"text-align: center\">1,5 pound (0,7 kg)<\/td>\n<\/tr>\n<\/tbody>\n<\/table>\n<p><strong>RC-55<\/strong><\/p>\n<table align=\"center\" border=\"1\" style=\"width:100%\">\n<tbody>\n<tr>\n<td style=\"text-align: center\">C\u00f4ng su\u1ea5t \u0111\u1ed3ng<\/td>\n<td style=\"text-align: center\">600 MCM (T\u1ed1i \u0111a 750 MCM)<\/td>\n<\/tr>\n<tr>\n<td style=\"text-align: center\">C\u00f4ng su\u1ea5t nh\u00f4m<\/td>\n<td style=\"text-align: center\">750 MCM (T\u1ed1i \u0111a 1000 MCM)<\/td>\n<\/tr>\n<tr>\n<td style=\"text-align: center\">Chi\u1ec1u d\u00e0i<\/td>\n<td style=\"text-align: center\">12,2 inch (310 mm)<\/td>\n<\/tr>\n<tr>\n<td style=\"text-align: center\">C\u00e2n n\u1eb7ng<\/td>\n<td style=\"text-align: center\">3,3 pound (1,5 kg)<\/td>\n<\/tr>\n<\/tbody>\n<\/table>\n<p><strong>RC-70<\/strong><\/p>\n<table align=\"center\" border=\"1\" style=\"width:100%\">\n<tbody>\n<tr>\n<td style=\"text-align: center\">C\u00f4ng su\u1ea5t \u0111\u1ed3ng<\/td>\n<td style=\"text-align: center\">1000 MCM<\/td>\n<\/tr>\n<tr>\n<td style=\"text-align: center\">C\u00f4ng su\u1ea5t nh\u00f4m<\/td>\n<td style=\"text-align: center\">1000 MCM<\/td>\n<\/tr>\n<tr>\n<td style=\"text-align: center\">Chi\u1ec1u d\u00e0i<\/td>\n<td style=\"text-align: center\">21,7 inch (550 mm)<\/td>\n<\/tr>\n<tr>\n<td style=\"text-align: center\">C\u00e2n n\u1eb7ng<\/td>\n<td style=\"text-align: center\">6,4 pound (2,9 kg)<\/td>\n<\/tr>\n<\/tbody>\n<\/table>\n<p><strong>RC-336<\/strong><\/p>\n<table align=\"center\" border=\"1\" style=\"width:100%\">\n<tbody>\n<tr>\n<td style=\"text-align: center\">\u0110\u01b0\u1eddng k\u00ednh c\u00e1p t\u1ed1i \u0111a<\/td>\n<td style=\"text-align: center\">336 MCM<\/td>\n<\/tr>\n<tr>\n<td style=\"text-align: center\">Lo\u1ea1i c\u00e1p<\/td>\n<td style=\"text-align: center\">ACSR<\/td>\n<\/tr>\n<tr>\n<td style=\"text-align: center\">Chi\u1ec1u d\u00e0i<\/td>\n<td style=\"text-align: center\">9,4 inch (239 mm)<\/td>\n<\/tr>\n<tr>\n<td style=\"text-align: center\">C\u00e2n n\u1eb7ng<\/td>\n<td style=\"text-align: center\">1,8 pound (0,8 kg)<\/td>\n<\/tr>\n<\/tbody>\n<\/table>\n<p><strong>RC-556<\/strong><\/p>\n<table align=\"center\" border=\"1\" style=\"width:100%\">\n<tbody>\n<tr>\n<td style=\"text-align: center\">\u0110\u01b0\u1eddng k\u00ednh c\u00e1p t\u1ed1i \u0111a<\/td>\n<td style=\"text-align: center\">556 MCM<\/td>\n<\/tr>\n<tr>\n<td style=\"text-align: center\">Lo\u1ea1i c\u00e1p<\/td>\n<td style=\"text-align: center\">ACSR<\/td>\n<\/tr>\n<tr>\n<td style=\"text-align: center\">Chi\u1ec1u d\u00e0i<\/td>\n<td style=\"text-align: center\">12,5 inch (317 mm)<\/td>\n<\/tr>\n<tr>\n<td style=\"text-align: center\">C\u00e2n n\u1eb7ng<\/td>\n<td style=\"text-align: center\">3,7 pound (1,7 kg)<\/td>\n<\/tr>\n<\/tbody>\n<\/table>","protected":false},"excerpt":{"rendered":"<p>K\u00ecm c\u1eaft d\u00e2y l\u00f5i th\u00e9p c\u00f3 thi\u1ebft k\u1ebf nh\u1eb9 v\u00e0 nh\u1ecf g\u1ecdn, \u0111\u01b0\u1ee3c ch\u1ebf t\u1ea1o b\u1eb1ng l\u01b0\u1ee1i dao ch\u1ea5t l\u01b0\u1ee3ng cao nh\u1ea5t, mang l\u1ea1i \u0111\u1ed9 b\u1ec1n t\u1ed1i \u0111a v\u00e0 tu\u1ed5i th\u1ecd d\u00e0i nh\u1ea5t.<\/p>\n<ul>\n<li>Thi\u1ebft k\u1ebf nh\u1eb9 v\u00e0 nh\u1ecf g\u1ecdn \u0111\u1ec3 s\u1eed d\u1ee5ng ti\u1ec7n l\u1ee3i.<\/li>\n<li>L\u01b0\u1ee1i dao cong \u0111\u1eb7c bi\u1ec7t v\u00e0 \u0111\u01b0\u1ee3c m\u00e0i b\u1ec1 m\u1eb7t l\u00e0m b\u1eb1ng th\u00e9p ph\u1ee7 l\u1edbp cao c\u1ea5p gi\u00fap k\u00e9o d\u00e0i \u0111\u1ed9 b\u1ec1n v\u00e0 tu\u1ed5i th\u1ecd c\u1ee7a l\u01b0\u1ee1i dao.<\/li>\n<li>Thi\u1ebft k\u1ebf ch\u1eafc ch\u1eafn v\u1edbi tay c\u1ea7m ch\u1ed1ng va \u0111\u1eadp \u0111\u1ec3 s\u1eed d\u1ee5ng trong nh\u1eefng c\u00f4ng vi\u1ec7c n\u1eb7ng nh\u1ecdc.<\/li>\n<\/ul>","protected":false},"featured_media":28319,"comment_status":"closed","ping_status":"closed","template":"","meta":{"inline_featured_image":false},"product_brand":[],"product_cat":[278,307],"product_tag":[],"class_list":{"0":"post-28317","1":"product","2":"type-product","3":"status-publish","4":"has-post-thumbnail","6":"product_cat-distributed-products","7":"product_cat-regid-2","9":"first","10":"instock","11":"product-type-simple"},"_links":{"self":[{"href":"https:\/\/morstar.vn\/vi\/wp-json\/wp\/v2\/product\/28317","targetHints":{"allow":["GET"]}}],"collection":[{"href":"https:\/\/morstar.vn\/vi\/wp-json\/wp\/v2\/product"}],"about":[{"href":"https:\/\/morstar.vn\/vi\/wp-json\/wp\/v2\/types\/product"}],"replies":[{"embeddable":true,"href":"https:\/\/morstar.vn\/vi\/wp-json\/wp\/v2\/comments?post=28317"}],"wp:featuredmedia":[{"embeddable":true,"href":"https:\/\/morstar.vn\/vi\/wp-json\/wp\/v2\/media\/28319"}],"wp:attachment":[{"href":"https:\/\/morstar.vn\/vi\/wp-json\/wp\/v2\/media?parent=28317"}],"wp:term":[{"taxonomy":"product_brand","embeddable":true,"href":"https:\/\/morstar.vn\/vi\/wp-json\/wp\/v2\/product_brand?post=28317"},{"taxonomy":"product_cat","embeddable":true,"href":"https:\/\/morstar.vn\/vi\/wp-json\/wp\/v2\/product_cat?post=28317"},{"taxonomy":"product_tag","embeddable":true,"href":"https:\/\/morstar.vn\/vi\/wp-json\/wp\/v2\/product_tag?post=28317"}],"curies":[{"name":"wp","href":"https:\/\/api.w.org\/{rel}","templated":true}]}}