{"id":28302,"date":"2024-08-16T11:15:32","date_gmt":"2024-08-16T11:15:32","guid":{"rendered":"https:\/\/morstar.vn\/product\/plastic-line-tiestop-ties\/"},"modified":"2024-12-10T07:23:28","modified_gmt":"2024-12-10T07:23:28","slug":"day-buoc-nhua-tiestop","status":"publish","type":"product","link":"https:\/\/morstar.vn\/vi\/san-pham\/day-buoc-nhua-tiestop\/","title":{"rendered":"Gi\u00e1p bu\u1ed9c \u0111\u1ea7u plastic"},"content":{"rendered":"<div style=\"text-align: center\"><img loading=\"lazy\" decoding=\"async\" src=\"https:\/\/morstar.vn\/wp-content\/uploads\/2024\/08\/plastic-top-tie.jpg\" alt=\"c\u00e0 v\u1ea1t nh\u1ef1a\" width=\"700\" height=\"182\" \/><\/div>\n<div style=\"text-align: center\"><img loading=\"lazy\" decoding=\"async\" src=\"https:\/\/morstar.vn\/wp-content\/uploads\/2024\/08\/clt.jpg\" alt=\"clt\" width=\"700\" height=\"296\" \/><\/div>\n<div style=\"text-align: center\"><img loading=\"lazy\" decoding=\"async\" src=\"https:\/\/morstar.vn\/wp-content\/uploads\/2024\/08\/25-1.jpg\" alt=\"25 1\" width=\"600\" height=\"600\" \/><\/div>\n<div style=\"text-align: center\"><\/div>\n<table>\n<tbody>\n<tr>\n<td rowspan=\"2\" width=\"142\">Morstar #<\/td>\n<td colspan=\"2\" width=\"284\">Ph\u1ea1m vi \u0111\u01b0\u1eddng k\u00ednh (mm)<\/td>\n<td rowspan=\"2\" width=\"142\">M\u00e0u s\u1eafc<\/td>\n<td rowspan=\"2\" width=\"142\">\u0110\u01b0\u1eddng k\u00ednh d\u00e2y (mm)<\/td>\n<\/tr>\n<tr>\n<td width=\"142\">T\u1ed1i thi\u1ec3u<\/td>\n<td width=\"142\">T\u1ed1i \u0111a<\/td>\n<\/tr>\n<tr>\n<td width=\"142\">CLT-1013<\/td>\n<td width=\"142\">10.17<\/td>\n<td width=\"142\">13.72<\/td>\n<td width=\"142\">M\u00e0u n\u00e2u<\/td>\n<td width=\"142\">11.5<\/td>\n<\/tr>\n<tr>\n<td width=\"142\">CLT-1318<\/td>\n<td width=\"142\">13.74<\/td>\n<td width=\"142\">18.54<\/td>\n<td width=\"142\">M\u00e0u cam<\/td>\n<td width=\"142\">11.5<\/td>\n<\/tr>\n<tr>\n<td width=\"142\">CLT-1823<\/td>\n<td width=\"142\">18.57<\/td>\n<td width=\"142\">23.37<\/td>\n<td width=\"142\">M\u00e0u t\u00edm<\/td>\n<td width=\"142\">11.5<\/td>\n<\/tr>\n<tr>\n<td width=\"142\">CLT-2327<\/td>\n<td width=\"142\">23.38<\/td>\n<td width=\"142\">27.94<\/td>\n<td width=\"142\">M\u00e0u \u0111\u1ecf<\/td>\n<td width=\"142\">11.5<\/td>\n<\/tr>\n<tr>\n<td width=\"142\">CLT-2733<\/td>\n<td width=\"142\">27.97<\/td>\n<td width=\"142\">31.50 (33.02)<\/td>\n<td width=\"142\">M\u00e0u v\u00e0ng<\/td>\n<td width=\"142\">11.5<\/td>\n<\/tr>\n<tr>\n<td width=\"142\">CLT-3335<\/td>\n<td width=\"142\">33.38<\/td>\n<td width=\"142\">35.61 (37.03)<\/td>\n<td width=\"142\">M\u00e0u xanh da tr\u1eddi<\/td>\n<td width=\"142\">11.5<\/td>\n<\/tr>\n<\/tbody>\n<\/table>\n<h2><strong>H\u01af\u1edaNG D\u1eaaN \u0110\u1eb6T H\u00c0NG:<\/strong><\/h2>\n<ul>\n<li>B\u1ea3ng \u0111\u01b0\u1ee3c cung c\u1ea5p ch\u1ec9 hi\u1ec3n th\u1ecb c\u00e1c s\u1ea3n ph\u1ea9m Ti\u00eau chu\u1ea9n c\u1ee7a ch\u00fang t\u00f4i.<\/li>\n<li>Ch\u00fang t\u00f4i c\u00f3 quy\u1ec1n thay \u0111\u1ed5i S\u1ea3n ph\u1ea9m Ti\u00eau chu\u1ea9n c\u1ee7a m\u00ecnh m\u00e0 kh\u00f4ng c\u1ea7n th\u00f4ng b\u00e1o \u0111\u1ec3 c\u1ea3i thi\u1ec7n Ch\u1ea5t l\u01b0\u1ee3ng v\u00e0 Hi\u1ec7u su\u1ea5t.<\/li>\n<li>C\u00f3 th\u1ec3 \u0111\u1eb7t h\u00e0ng \u0111\u1eb7c bi\u1ec7t theo y\u00eau c\u1ea7u. Vui l\u00f2ng cung c\u1ea5p y\u00eau c\u1ea7u c\u1ee7a b\u1ea1n, ch\u1eb3ng h\u1ea1n nh\u01b0 lo\u1ea1i v\u1eadt li\u1ec7u, m\u00e0u s\u1eafc, h\u01b0\u1edbng xo\u1eafn \u1ed1c, chi\u1ec1u d\u00e0i, v.v.<\/li>\n<\/ul>","protected":false},"excerpt":{"rendered":"<p><strong>\u0110\u01af\u1ee2C S\u1eec D\u1ee4NG TR\u00caN: C\u00c1P C\u00d3 V\u1ece B\u1eccC<\/strong><\/p>\n<p>Gi\u00e1p bu\u1ed9c c\u1ed5  v\u00e0 \u0111\u1ea7u plastic \u0111\u01b0\u1ee3c s\u1eed d\u1ee5ng v\u1edbi s\u1ee9 lo\u1ea1i ch\u1ed1t ho\u1eb7c lo\u1ea1i tr\u1ee5.<br \/>\nC\u1ea7n cung c\u1ea5p th\u00f4ng tin chi ti\u1ebft v\u1ec1 c\u00e1ch \u0111i\u1ec7n v\u00e0 c\u00e1p tr\u01b0\u1edbc khi b\u00e1o gi\u00e1 v\u00e0 \u0111\u1eb7t h\u00e0ng.<\/p>\n<p>&nbsp;<\/p>","protected":false},"featured_media":30984,"comment_status":"closed","ping_status":"closed","template":"","meta":{"inline_featured_image":false},"product_brand":[],"product_cat":[277,251],"product_tag":[],"class_list":{"0":"post-28302","1":"product","2":"type-product","3":"status-publish","4":"has-post-thumbnail","6":"product_cat-manufacturing-products","7":"product_cat-plastic-tie","9":"first","10":"instock","11":"product-type-simple"},"_links":{"self":[{"href":"https:\/\/morstar.vn\/vi\/wp-json\/wp\/v2\/product\/28302","targetHints":{"allow":["GET"]}}],"collection":[{"href":"https:\/\/morstar.vn\/vi\/wp-json\/wp\/v2\/product"}],"about":[{"href":"https:\/\/morstar.vn\/vi\/wp-json\/wp\/v2\/types\/product"}],"replies":[{"embeddable":true,"href":"https:\/\/morstar.vn\/vi\/wp-json\/wp\/v2\/comments?post=28302"}],"wp:featuredmedia":[{"embeddable":true,"href":"https:\/\/morstar.vn\/vi\/wp-json\/wp\/v2\/media\/30984"}],"wp:attachment":[{"href":"https:\/\/morstar.vn\/vi\/wp-json\/wp\/v2\/media?parent=28302"}],"wp:term":[{"taxonomy":"product_brand","embeddable":true,"href":"https:\/\/morstar.vn\/vi\/wp-json\/wp\/v2\/product_brand?post=28302"},{"taxonomy":"product_cat","embeddable":true,"href":"https:\/\/morstar.vn\/vi\/wp-json\/wp\/v2\/product_cat?post=28302"},{"taxonomy":"product_tag","embeddable":true,"href":"https:\/\/morstar.vn\/vi\/wp-json\/wp\/v2\/product_tag?post=28302"}],"curies":[{"name":"wp","href":"https:\/\/api.w.org\/{rel}","templated":true}]}}