{"id":28294,"date":"2024-08-16T11:15:32","date_gmt":"2024-08-16T11:15:32","guid":{"rendered":"https:\/\/morstar.vn\/product\/plastic-side-tie\/"},"modified":"2024-11-19T06:49:41","modified_gmt":"2024-11-19T06:49:41","slug":"day-buoc-ben-hong-bang-nhua","status":"publish","type":"product","link":"https:\/\/morstar.vn\/vi\/san-pham\/day-buoc-ben-hong-bang-nhua\/","title":{"rendered":"Gi\u00e1p bu\u1ed9c c\u1ed5 s\u1ee9 th\u1eb3ng plastic"},"content":{"rendered":"<p>&nbsp;<\/p>\n<div style=\"text-align: center\">\n<p><img loading=\"lazy\" decoding=\"async\" class=\"alignnone size-medium wp-image-30866\" src=\"https:\/\/morstar.vn\/wp-content\/uploads\/2024\/08\/giap-buoc-co-su-don-cst-640x345.webp\" alt=\"\" width=\"640\" height=\"345\" srcset=\"https:\/\/morstar.vn\/wp-content\/uploads\/2024\/08\/giap-buoc-co-su-don-cst-640x345.webp 640w, https:\/\/morstar.vn\/wp-content\/uploads\/2024\/08\/giap-buoc-co-su-don-cst-768x414.webp 768w, https:\/\/morstar.vn\/wp-content\/uploads\/2024\/08\/giap-buoc-co-su-don-cst-18x10.webp 18w, https:\/\/morstar.vn\/wp-content\/uploads\/2024\/08\/giap-buoc-co-su-don-cst-320x173.webp 320w, https:\/\/morstar.vn\/wp-content\/uploads\/2024\/08\/giap-buoc-co-su-don-cst-430x232.webp 430w, https:\/\/morstar.vn\/wp-content\/uploads\/2024\/08\/giap-buoc-co-su-don-cst-700x377.webp 700w, https:\/\/morstar.vn\/wp-content\/uploads\/2024\/08\/giap-buoc-co-su-don-cst.webp 933w\" sizes=\"auto, (max-width: 640px) 100vw, 640px\" \/><\/p>\n<table>\n<tbody>\n<tr>\n<td rowspan=\"2\" width=\"142\">Morstar #<\/td>\n<td colspan=\"2\" width=\"284\">Ph\u1ea1m vi \u0111\u01b0\u1eddng k\u00ednh (mm)<\/td>\n<td rowspan=\"2\" width=\"142\">M\u00e0u s\u1eafc<\/td>\n<td rowspan=\"2\" width=\"142\">\u0110\u01b0\u1eddng k\u00ednh d\u00e2y (mm)<\/td>\n<\/tr>\n<tr>\n<td width=\"142\">T\u1ed1i thi\u1ec3u<\/td>\n<td width=\"142\">T\u1ed1i \u0111a<\/td>\n<\/tr>\n<tr>\n<td width=\"142\">CST-1013<\/td>\n<td width=\"142\">10.19<\/td>\n<td width=\"142\">13.72<\/td>\n<td width=\"142\">M\u00e0u n\u00e2u<\/td>\n<td width=\"142\">11.5<\/td>\n<\/tr>\n<tr>\n<td width=\"142\">CST-1318<\/td>\n<td width=\"142\">13.74<\/td>\n<td width=\"142\">18.54<\/td>\n<td width=\"142\">M\u00e0u cam<\/td>\n<td width=\"142\">11.5<\/td>\n<\/tr>\n<tr>\n<td width=\"142\">CST-1823<\/td>\n<td width=\"142\">18.57<\/td>\n<td width=\"142\">23.37<\/td>\n<td width=\"142\">M\u00e0u t\u00edm<\/td>\n<td width=\"142\">11.5<\/td>\n<\/tr>\n<tr>\n<td width=\"142\">CST-2327<\/td>\n<td width=\"142\">23.4<\/td>\n<td width=\"142\">27.94<\/td>\n<td width=\"142\">M\u00e0u \u0111\u1ecf<\/td>\n<td width=\"142\">11.5<\/td>\n<\/tr>\n<tr>\n<td width=\"142\">CST-2731<\/td>\n<td width=\"142\">27.97<\/td>\n<td width=\"142\">31.50 (33.02)<\/td>\n<td width=\"142\">M\u00e0u v\u00e0ng<\/td>\n<td width=\"142\">11.5<\/td>\n<\/tr>\n<tr>\n<td width=\"142\">CST-3135<\/td>\n<td width=\"142\">31.52<\/td>\n<td width=\"142\">35.61 (37.03)<\/td>\n<td width=\"142\">M\u00e0u xanh da tr\u1eddi<\/td>\n<td width=\"142\">11.5<\/td>\n<\/tr>\n<\/tbody>\n<\/table>\n<\/div>","protected":false},"excerpt":{"rendered":"<p><strong>\u0110\u01b0\u1ee3c s\u1eed d\u1ee5ng tr\u00ean: C\u00e1p c\u00f3 v\u1ecf b\u1ecdc<\/strong><\/p>\n<ul>\n<li>\u2013 D\u00e2y bu\u1ed9c nh\u1ef1a \u0111\u01b0\u1ee3c s\u1eed d\u1ee5ng v\u1edbi lo\u1ea1i c\u00e1ch \u0111i\u1ec7n d\u1ea1ng ch\u1ed1t ho\u1eb7c d\u1ea1ng tr\u1ee5.<\/li>\n<li>\u2013 C\u1ea7n cung c\u1ea5p th\u00f4ng tin chi ti\u1ebft v\u1ec1 c\u00e1ch \u0111i\u1ec7n v\u00e0 c\u00e1p tr\u01b0\u1edbc khi b\u00e1o gi\u00e1 v\u00e0 \u0111\u1eb7t h\u00e0ng.<\/li>\n<li>\u2013 \u0110\u1ec3 \u0111\u1ea3m b\u1ea3o l\u1eafp \u0111\u1eb7t \u0111\u00fang c\u00e1ch, d\u00e2y ph\u1ea3i ph\u00f9 h\u1ee3p v\u1edbi \u0111\u01b0\u1eddng k\u00ednh c\u1ee7a l\u1edbp c\u00e1ch \u0111i\u1ec7n t\u01b0\u01a1ng \u1ee9ng l\u00e0 2-1\/14\u201d (c\u1ed5 ch\u1eef C-m\u00e0u \u0111en), 2-7\/8\u201d (c\u1ed5 ch\u1eef F-m\u00e0u v\u00e0ng) v\u00e0 3-1\/2\u201d (c\u1ed5 ch\u1eef J-m\u00e0u xanh l\u00e1 c\u00e2y).<\/li>\n<li>\u2013 C\u00e1c th\u00f4ng s\u1ed1 k\u1ef9 thu\u1eadt ti\u00eau chu\u1ea9n \u0111\u01b0\u1ee3c in d\u1ecdc theo th\u00e2n d\u00e2y.<\/li>\n<\/ul>","protected":false},"featured_media":30867,"comment_status":"closed","ping_status":"closed","template":"","meta":{"inline_featured_image":false},"product_brand":[],"product_cat":[277,251],"product_tag":[],"class_list":{"0":"post-28294","1":"product","2":"type-product","3":"status-publish","4":"has-post-thumbnail","6":"product_cat-manufacturing-products","7":"product_cat-plastic-tie","9":"first","10":"instock","11":"product-type-simple"},"_links":{"self":[{"href":"https:\/\/morstar.vn\/vi\/wp-json\/wp\/v2\/product\/28294","targetHints":{"allow":["GET"]}}],"collection":[{"href":"https:\/\/morstar.vn\/vi\/wp-json\/wp\/v2\/product"}],"about":[{"href":"https:\/\/morstar.vn\/vi\/wp-json\/wp\/v2\/types\/product"}],"replies":[{"embeddable":true,"href":"https:\/\/morstar.vn\/vi\/wp-json\/wp\/v2\/comments?post=28294"}],"wp:featuredmedia":[{"embeddable":true,"href":"https:\/\/morstar.vn\/vi\/wp-json\/wp\/v2\/media\/30867"}],"wp:attachment":[{"href":"https:\/\/morstar.vn\/vi\/wp-json\/wp\/v2\/media?parent=28294"}],"wp:term":[{"taxonomy":"product_brand","embeddable":true,"href":"https:\/\/morstar.vn\/vi\/wp-json\/wp\/v2\/product_brand?post=28294"},{"taxonomy":"product_cat","embeddable":true,"href":"https:\/\/morstar.vn\/vi\/wp-json\/wp\/v2\/product_cat?post=28294"},{"taxonomy":"product_tag","embeddable":true,"href":"https:\/\/morstar.vn\/vi\/wp-json\/wp\/v2\/product_tag?post=28294"}],"curies":[{"name":"wp","href":"https:\/\/api.w.org\/{rel}","templated":true}]}}