{"id":28282,"date":"2024-08-16T11:00:47","date_gmt":"2024-08-16T11:00:47","guid":{"rendered":"https:\/\/morstar.vn\/product\/spacer-ties\/"},"modified":"2024-11-20T06:13:51","modified_gmt":"2024-11-20T06:13:51","slug":"day-buoc-gian-cach","status":"publish","type":"product","link":"https:\/\/morstar.vn\/vi\/san-pham\/day-buoc-gian-cach\/","title":{"rendered":"Gi\u00e1p gi\u1eef kho\u1ea3ng c\u00e1ch"},"content":{"rendered":"<table border=\"1\" cellspacing=\"1\" cellpadding=\"1\" align=\"center\">\n<tbody>\n<tr>\n<td style=\"text-align: center;background-color: #003399\" colspan=\"1\" rowspan=\"2\"><span style=\"color: #ffffff\"><strong>Morstar #<\/strong><\/span><\/td>\n<td style=\"text-align: center;background-color: #003399\" colspan=\"2\" rowspan=\"1\"><span style=\"color: #ffffff\"><strong>K\u00edch th\u01b0\u1edbc d\u00e2y d\u1eabn<br \/>\n(mm)<\/strong><\/span><\/td>\n<td style=\"text-align: center;background-color: #003399\" colspan=\"2\" rowspan=\"1\"><span style=\"color: #ffffff\"><strong>K\u00edch th\u01b0\u1edbc d\u00e2y d\u1eabn<br \/>\n(TRONG)<\/strong><\/span><\/td>\n<\/tr>\n<tr>\n<td style=\"text-align: center;background-color: #003399\"><span style=\"color: #ffffff\"><strong>T\u1ed1i thi\u1ec3u<\/strong><\/span><\/td>\n<td style=\"text-align: center;background-color: #003399\"><span style=\"color: #ffffff\"><strong>T\u1ed1i \u0111a<\/strong><\/span><\/td>\n<td style=\"text-align: center;background-color: #003399\"><span style=\"color: #ffffff\"><strong>T\u1ed1i thi\u1ec3u<\/strong><\/span><\/td>\n<td style=\"text-align: center;background-color: #003399\"><span style=\"color: #ffffff\"><strong>T\u1ed1i \u0111a<\/strong><\/span><\/td>\n<\/tr>\n<tr>\n<td style=\"text-align: center\">GST0910<\/td>\n<td style=\"text-align: center\">9.10<\/td>\n<td style=\"text-align: center\">10.29<\/td>\n<td style=\"text-align: center\">0.358<\/td>\n<td style=\"text-align: center\">0.405<\/td>\n<\/tr>\n<tr>\n<td style=\"text-align: center\">GST1011<\/td>\n<td style=\"text-align: center\">10.40<\/td>\n<td style=\"text-align: center\">11.69<\/td>\n<td style=\"text-align: center\">0.409<\/td>\n<td style=\"text-align: center\">0.460<\/td>\n<\/tr>\n<tr>\n<td style=\"text-align: center\">GST1113<\/td>\n<td style=\"text-align: center\">11.69<\/td>\n<td style=\"text-align: center\">13.20<\/td>\n<td style=\"text-align: center\">0.460<\/td>\n<td style=\"text-align: center\">0.520<\/td>\n<\/tr>\n<tr>\n<td style=\"text-align: center\">GST1314<\/td>\n<td style=\"text-align: center\">13.12<\/td>\n<td style=\"text-align: center\">14.67<\/td>\n<td style=\"text-align: center\">0.517<\/td>\n<td style=\"text-align: center\">0.578<\/td>\n<\/tr>\n<tr>\n<td style=\"text-align: center\">GST1416<\/td>\n<td style=\"text-align: center\">14.68<\/td>\n<td style=\"text-align: center\">16.60<\/td>\n<td style=\"text-align: center\">0.578<\/td>\n<td style=\"text-align: center\">0.654<\/td>\n<\/tr>\n<tr>\n<td style=\"text-align: center\">GST1619<\/td>\n<td style=\"text-align: center\">16.91<\/td>\n<td style=\"text-align: center\">19.17<\/td>\n<td style=\"text-align: center\">0.666<\/td>\n<td style=\"text-align: center\">0.755<\/td>\n<\/tr>\n<tr>\n<td style=\"text-align: center\">GST1821<\/td>\n<td style=\"text-align: center\">18.78<\/td>\n<td style=\"text-align: center\">21.26<\/td>\n<td style=\"text-align: center\">0.739<\/td>\n<td style=\"text-align: center\">0.837<\/td>\n<\/tr>\n<tr>\n<td style=\"text-align: center\">GST2124<\/td>\n<td style=\"text-align: center\">21.82<\/td>\n<td style=\"text-align: center\">24.59<\/td>\n<td style=\"text-align: center\">0.859<\/td>\n<td style=\"text-align: center\">0.968<\/td>\n<\/tr>\n<\/tbody>\n<\/table>\n<p>H\u01af\u1edaNG D\u1eaaN \u0110\u1eb6T H\u00c0NG:<br \/>\n\u2013 B\u1ea3ng cung c\u1ea5p ch\u1ec9 hi\u1ec3n th\u1ecb c\u00e1c s\u1ea3n ph\u1ea9m Ti\u00eau chu\u1ea9n c\u1ee7a ch\u00fang t\u00f4i.<br \/>\n\u2013 Ch\u00fang t\u00f4i c\u00f3 quy\u1ec1n thay \u0111\u1ed5i S\u1ea3n ph\u1ea9m Ti\u00eau chu\u1ea9n c\u1ee7a m\u00ecnh m\u00e0 kh\u00f4ng c\u1ea7n th\u00f4ng b\u00e1o \u0111\u1ec3 c\u1ea3i thi\u1ec7n Ch\u1ea5t l\u01b0\u1ee3ng v\u00e0<br \/>\nHi\u1ec7u su\u1ea5t.<br \/>\n\u2013 C\u00f3 th\u1ec3 \u0111\u1eb7t h\u00e0ng \u0111\u1eb7c bi\u1ec7t theo y\u00eau c\u1ea7u. Vui l\u00f2ng cung c\u1ea5p y\u00eau c\u1ea7u c\u1ee7a b\u1ea1n, ch\u1eb3ng h\u1ea1n nh\u01b0 lo\u1ea1i v\u1eadt li\u1ec7u,<br \/>\nh\u01b0\u1edbng xo\u1eafn \u1ed1c, chi\u1ec1u d\u00e0i, \u0111\u1ed9 b\u00e1m. RTS, v.v.<\/p>","protected":false},"excerpt":{"rendered":"<p>D\u00e2y gi\u1eef kho\u1ea3ng c\u00e1ch \u2013 Th\u00e9p m\u1ea1 k\u1ebdm<\/p>","protected":false},"featured_media":28284,"comment_status":"closed","ping_status":"closed","template":"","meta":{"inline_featured_image":false},"product_brand":[],"product_cat":[86,277,288],"product_tag":[],"class_list":{"0":"post-28282","1":"product","2":"type-product","3":"status-publish","4":"has-post-thumbnail","6":"product_cat-industrial-electric","7":"product_cat-manufacturing-products","8":"product_cat-metal-tie","10":"first","11":"instock","12":"product-type-simple"},"_links":{"self":[{"href":"https:\/\/morstar.vn\/vi\/wp-json\/wp\/v2\/product\/28282","targetHints":{"allow":["GET"]}}],"collection":[{"href":"https:\/\/morstar.vn\/vi\/wp-json\/wp\/v2\/product"}],"about":[{"href":"https:\/\/morstar.vn\/vi\/wp-json\/wp\/v2\/types\/product"}],"replies":[{"embeddable":true,"href":"https:\/\/morstar.vn\/vi\/wp-json\/wp\/v2\/comments?post=28282"}],"wp:featuredmedia":[{"embeddable":true,"href":"https:\/\/morstar.vn\/vi\/wp-json\/wp\/v2\/media\/28284"}],"wp:attachment":[{"href":"https:\/\/morstar.vn\/vi\/wp-json\/wp\/v2\/media?parent=28282"}],"wp:term":[{"taxonomy":"product_brand","embeddable":true,"href":"https:\/\/morstar.vn\/vi\/wp-json\/wp\/v2\/product_brand?post=28282"},{"taxonomy":"product_cat","embeddable":true,"href":"https:\/\/morstar.vn\/vi\/wp-json\/wp\/v2\/product_cat?post=28282"},{"taxonomy":"product_tag","embeddable":true,"href":"https:\/\/morstar.vn\/vi\/wp-json\/wp\/v2\/product_tag?post=28282"}],"curies":[{"name":"wp","href":"https:\/\/api.w.org\/{rel}","templated":true}]}}