{"id":28279,"date":"2024-08-16T11:00:47","date_gmt":"2024-08-16T11:00:47","guid":{"rendered":"https:\/\/morstar.vn\/product\/double-support-tie\/"},"modified":"2024-12-10T07:29:36","modified_gmt":"2024-12-10T07:29:36","slug":"day-buoc-ho-tro-doi","status":"publish","type":"product","link":"https:\/\/morstar.vn\/vi\/san-pham\/day-buoc-ho-tro-doi\/","title":{"rendered":"D\u00e2y bu\u1ed9c \u0111\u1ea7u \u0111\u00f4i"},"content":{"rendered":"<table border=\"1\" cellspacing=\"1\" cellpadding=\"1\" align=\"center\">\n<tbody>\n<tr>\n<td style=\"text-align: center;background-color: #003399\" colspan=\"1\" rowspan=\"2\"><span style=\"color: #ffffff\"><strong>Morstar #<\/strong><\/span><\/td>\n<td style=\"text-align: center;background-color: #003399\" colspan=\"4\" rowspan=\"1\"><span style=\"color: #ffffff\"><strong>Ph\u1ea1m vi \u0111\u01b0\u1eddng k\u00ednh<\/strong><\/span><\/td>\n<td style=\"text-align: center;background-color: #003399\" colspan=\"2\" rowspan=\"1\"><span style=\"color: #ffffff\"><strong>Chi\u1ec1u d\u00e0i<\/strong><\/span><\/td>\n<td style=\"text-align: center;background-color: #003399\" colspan=\"1\" rowspan=\"2\"><span style=\"color: #ffffff\"><strong>M\u00e0u s\u1eafc<\/strong><\/span><\/td>\n<\/tr>\n<tr>\n<td style=\"text-align: center;background-color: #003399\"><span style=\"color: #ffffff\"><strong>T\u1ed1i thi\u1ec3u trong<\/strong><\/span><\/td>\n<td style=\"text-align: center;background-color: #003399\"><span style=\"color: #ffffff\"><strong>T\u1ed1i \u0111a trong<\/strong><\/span><\/td>\n<td style=\"text-align: center;background-color: #003399\"><span style=\"color: #ffffff\"><strong>T\u1ed1i thi\u1ec3u mm<\/strong><\/span><\/td>\n<td style=\"text-align: center;background-color: #003399\"><span style=\"color: #ffffff\"><strong>T\u1ed1i \u0111a mm<\/strong><\/span><\/td>\n<td style=\"text-align: center;background-color: #003399\"><span style=\"color: #ffffff\"><strong>Inch<\/strong><\/span><\/td>\n<td style=\"text-align: center;background-color: #003399\"><span style=\"color: #ffffff\"><strong>mm<\/strong><\/span><\/td>\n<\/tr>\n<tr>\n<td style=\"text-align: center\">MTTD0607<\/td>\n<td style=\"text-align: center\">0.245<\/td>\n<td style=\"text-align: center\">0.227<\/td>\n<td style=\"text-align: center\">6.2<\/td>\n<td style=\"text-align: center\">7.0<\/td>\n<td style=\"text-align: center\">13<\/td>\n<td style=\"text-align: center\">330<\/td>\n<td style=\"text-align: center\">M\u00e0u cam<\/td>\n<\/tr>\n<tr>\n<td style=\"text-align: center\">MTTD0708<\/td>\n<td style=\"text-align: center\">0.278<\/td>\n<td style=\"text-align: center\">0.315<\/td>\n<td style=\"text-align: center\">7.1<\/td>\n<td style=\"text-align: center\">8.0<\/td>\n<td style=\"text-align: center\">13<\/td>\n<td style=\"text-align: center\">330<\/td>\n<td style=\"text-align: center\">M\u00e0u t\u00edm<\/td>\n<\/tr>\n<tr>\n<td style=\"text-align: center\">MTTD0809<\/td>\n<td style=\"text-align: center\">0.316<\/td>\n<td style=\"text-align: center\">0.357<\/td>\n<td style=\"text-align: center\">8.0<\/td>\n<td style=\"text-align: center\">9.1<\/td>\n<td style=\"text-align: center\">14<\/td>\n<td style=\"text-align: center\">356<\/td>\n<td style=\"text-align: center\">M\u00e0u \u0111\u1ecf<\/td>\n<\/tr>\n<tr>\n<td style=\"text-align: center\">MTTD0910<\/td>\n<td style=\"text-align: center\">0.358<\/td>\n<td style=\"text-align: center\">0.405<\/td>\n<td style=\"text-align: center\">9.1<\/td>\n<td style=\"text-align: center\">10.3<\/td>\n<td style=\"text-align: center\">14<\/td>\n<td style=\"text-align: center\">356<\/td>\n<td style=\"text-align: center\">M\u00e0u v\u00e0ng<\/td>\n<\/tr>\n<tr>\n<td style=\"text-align: center\">MTTD1011<\/td>\n<td style=\"text-align: center\">0.406<\/td>\n<td style=\"text-align: center\">0.459<\/td>\n<td style=\"text-align: center\">10.3<\/td>\n<td style=\"text-align: center\">11.7<\/td>\n<td style=\"text-align: center\">15<\/td>\n<td style=\"text-align: center\">381<\/td>\n<td style=\"text-align: center\">M\u00e0u xanh da tr\u1eddi<\/td>\n<\/tr>\n<tr>\n<td style=\"text-align: center\">MTTD1113<\/td>\n<td style=\"text-align: center\">0.460<\/td>\n<td style=\"text-align: center\">0.520<\/td>\n<td style=\"text-align: center\">11.7<\/td>\n<td style=\"text-align: center\">13.2<\/td>\n<td style=\"text-align: center\">16<\/td>\n<td style=\"text-align: center\">406<\/td>\n<td style=\"text-align: center\">M\u00e0u cam<\/td>\n<\/tr>\n<tr>\n<td style=\"text-align: center\">MTTD1314<\/td>\n<td style=\"text-align: center\">0.521<\/td>\n<td style=\"text-align: center\">0.588<\/td>\n<td style=\"text-align: center\">13.2<\/td>\n<td style=\"text-align: center\">14.9<\/td>\n<td style=\"text-align: center\">17<\/td>\n<td style=\"text-align: center\">432<\/td>\n<td style=\"text-align: center\">M\u00e0u \u0111\u1ecf<\/td>\n<\/tr>\n<tr>\n<td style=\"text-align: center\">MTTD1516<\/td>\n<td style=\"text-align: center\">0.589<\/td>\n<td style=\"text-align: center\">0.665<\/td>\n<td style=\"text-align: center\">15.0<\/td>\n<td style=\"text-align: center\">16.9<\/td>\n<td style=\"text-align: center\">17<\/td>\n<td style=\"text-align: center\">432<\/td>\n<td style=\"text-align: center\">M\u00e0u t\u00edm<\/td>\n<\/tr>\n<tr>\n<td style=\"text-align: center\">MTTD1619<\/td>\n<td style=\"text-align: center\">0.666<\/td>\n<td style=\"text-align: center\">0.755<\/td>\n<td style=\"text-align: center\">16.9<\/td>\n<td style=\"text-align: center\">19.2<\/td>\n<td style=\"text-align: center\">18<\/td>\n<td style=\"text-align: center\">457<\/td>\n<td style=\"text-align: center\">M\u00e0u n\u00e2u<\/td>\n<\/tr>\n<tr>\n<td style=\"text-align: center\">MTTD1921<\/td>\n<td style=\"text-align: center\">0.756<\/td>\n<td style=\"text-align: center\">0.855<\/td>\n<td style=\"text-align: center\">19.2<\/td>\n<td style=\"text-align: center\">21.7<\/td>\n<td style=\"text-align: center\">20<\/td>\n<td style=\"text-align: center\">508<\/td>\n<td style=\"text-align: center\">M\u00e0u \u0111\u1ecf<\/td>\n<\/tr>\n<tr>\n<td style=\"text-align: center\">MTTD2124<\/td>\n<td style=\"text-align: center\">0.856<\/td>\n<td style=\"text-align: center\">0.968<\/td>\n<td style=\"text-align: center\">21.7<\/td>\n<td style=\"text-align: center\">24.6<\/td>\n<td style=\"text-align: center\">21<\/td>\n<td style=\"text-align: center\">533<\/td>\n<td style=\"text-align: center\">M\u00e0u xanh da tr\u1eddi<\/td>\n<\/tr>\n<tr>\n<td style=\"text-align: center\">MTTD2427<\/td>\n<td style=\"text-align: center\">0.969<\/td>\n<td style=\"text-align: center\">1.096<\/td>\n<td style=\"text-align: center\">24.6<\/td>\n<td style=\"text-align: center\">27.8<\/td>\n<td style=\"text-align: center\">22<\/td>\n<td style=\"text-align: center\">559<\/td>\n<td style=\"text-align: center\">M\u00e0u xanh l\u00e1<\/td>\n<\/tr>\n<tr>\n<td style=\"text-align: center\">MTTD2731<\/td>\n<td style=\"text-align: center\">1.097<\/td>\n<td style=\"text-align: center\">1.240<\/td>\n<td style=\"text-align: center\">27.9<\/td>\n<td style=\"text-align: center\">31.5<\/td>\n<td style=\"text-align: center\">23<\/td>\n<td style=\"text-align: center\">584<\/td>\n<td style=\"text-align: center\">M\u00e0u v\u00e0ng<\/td>\n<\/tr>\n<\/tbody>\n<\/table>\n<p>H\u01af\u1edaNG D\u1eaaN \u0110\u1eb6T H\u00c0NG:<br \/>\n\u2013 B\u1ea3ng cung c\u1ea5p ch\u1ec9 hi\u1ec3n th\u1ecb c\u00e1c s\u1ea3n ph\u1ea9m Ti\u00eau chu\u1ea9n c\u1ee7a ch\u00fang t\u00f4i.<br \/>\n\u2013 S\u1ea3n ph\u1ea9m ti\u00eau chu\u1ea9n d\u00e0nh cho ng\u01b0\u1eddi thu\u1eadn tay ph\u1ea3i.<br \/>\n\u2013 Ch\u00fang t\u00f4i c\u00f3 quy\u1ec1n thay \u0111\u1ed5i S\u1ea3n ph\u1ea9m Ti\u00eau chu\u1ea9n c\u1ee7a m\u00ecnh m\u00e0 kh\u00f4ng c\u1ea7n th\u00f4ng b\u00e1o \u0111\u1ec3 c\u1ea3i thi\u1ec7n Ch\u1ea5t l\u01b0\u1ee3ng v\u00e0<br \/>\nHi\u1ec7u su\u1ea5t.<br \/>\n\u2013 C\u00f3 th\u1ec3 \u0111\u1eb7t h\u00e0ng \u0111\u1eb7c bi\u1ec7t theo y\u00eau c\u1ea7u. Vui l\u00f2ng cung c\u1ea5p y\u00eau c\u1ea7u c\u1ee7a b\u1ea1n, ch\u1eb3ng h\u1ea1n nh\u01b0 lo\u1ea1i v\u1eadt li\u1ec7u,<br \/>\nh\u01b0\u1edbng xo\u1eafn \u1ed1c, chi\u1ec1u d\u00e0i, \u0111\u1ed9 b\u00e1m. RTS, v.v.<\/p>","protected":false},"excerpt":{"rendered":"<p><strong>\u0110\u01af\u1ee2C S\u1eec D\u1ee4NG TR\u00caN: ACSR, AAAC, AAC<\/strong><br \/>\nT\u1ea5t c\u1ea3 c\u00e1c gi\u00e1p bu\u1ed9c \u0111\u1ea7u \u0111\u00f4i b\u1eb1ng kim lo\u1ea1i \u0111\u1ec1u \u0111\u01b0\u1ee3c l\u00e0m b\u1eb1ng th\u00e9p b\u1ecdc nh\u00f4m v\u00e0 \u0111i k\u00e8m hai d\u00e2y bu\u1ed9c cho m\u1ed7i b\u1ed9 v\u1edbi \u1ed1ng b\u1ea3o v\u1ec7. Chi ti\u1ebft k\u1ef9 thu\u1eadt c\u1ee7a d\u00e2y d\u1eabn v\u00e0 d\u00e2y c\u00e1ch \u0111i\u1ec7n \u0111\u01b0\u1ee3c y\u00eau c\u1ea7u tr\u01b0\u1edbc khi b\u00e1o gi\u00e1 v\u00e0 \u0111\u1eb7t h\u00e0ng.<\/p>","protected":false},"featured_media":31051,"comment_status":"closed","ping_status":"closed","template":"","meta":{"inline_featured_image":false},"product_brand":[],"product_cat":[277,287],"product_tag":[],"class_list":{"0":"post-28279","1":"product","2":"type-product","3":"status-publish","4":"has-post-thumbnail","6":"product_cat-manufacturing-products","7":"product_cat-helical-products","9":"first","10":"instock","11":"product-type-simple"},"_links":{"self":[{"href":"https:\/\/morstar.vn\/vi\/wp-json\/wp\/v2\/product\/28279","targetHints":{"allow":["GET"]}}],"collection":[{"href":"https:\/\/morstar.vn\/vi\/wp-json\/wp\/v2\/product"}],"about":[{"href":"https:\/\/morstar.vn\/vi\/wp-json\/wp\/v2\/types\/product"}],"replies":[{"embeddable":true,"href":"https:\/\/morstar.vn\/vi\/wp-json\/wp\/v2\/comments?post=28279"}],"wp:featuredmedia":[{"embeddable":true,"href":"https:\/\/morstar.vn\/vi\/wp-json\/wp\/v2\/media\/31051"}],"wp:attachment":[{"href":"https:\/\/morstar.vn\/vi\/wp-json\/wp\/v2\/media?parent=28279"}],"wp:term":[{"taxonomy":"product_brand","embeddable":true,"href":"https:\/\/morstar.vn\/vi\/wp-json\/wp\/v2\/product_brand?post=28279"},{"taxonomy":"product_cat","embeddable":true,"href":"https:\/\/morstar.vn\/vi\/wp-json\/wp\/v2\/product_cat?post=28279"},{"taxonomy":"product_tag","embeddable":true,"href":"https:\/\/morstar.vn\/vi\/wp-json\/wp\/v2\/product_tag?post=28279"}],"curies":[{"name":"wp","href":"https:\/\/api.w.org\/{rel}","templated":true}]}}