{"id":28250,"date":"2024-08-16T11:14:35","date_gmt":"2024-08-16T11:14:35","guid":{"rendered":"https:\/\/morstar.vn\/product\/ms3-1251p2p3p-series-moulded-case-circuit-breaker\/"},"modified":"2024-12-24T02:50:01","modified_gmt":"2024-12-24T02:50:01","slug":"ms3-1251p2p3p-loat-may-cat-mach-vo-duc","status":"publish","type":"product","link":"https:\/\/morstar.vn\/vi\/san-pham\/ms3-1251p2p3p-loat-may-cat-mach-vo-duc\/","title":{"rendered":"B\u1ed9 ng\u1eaft m\u1ea1ch v\u1ecf \u0111\u00fac"},"content":{"rendered":"<div style=\"text-align: center\">\n<figure class=\"image\"><img loading=\"lazy\" decoding=\"async\" src=\"https:\/\/morstar.vn\/wp-content\/uploads\/2024\/08\/ms3-125.jpg\" alt=\"ms3 125\" width=\"704\" height=\"266\" \/><figcaption><\/figcaption><\/figure>\n<\/div>\n<p><strong>\u0110\u1eb7c \u0111i\u1ec3m k\u1ef9 thu\u1eadt<\/strong><\/p>\n<table border=\"1\" cellspacing=\"1\" cellpadding=\"1\" align=\"center\">\n<tbody>\n<tr>\n<td style=\"text-align: center;background-color: #006699\" colspan=\"1\" rowspan=\"2\"><span style=\"color: #ffffff\">Ki\u1ec3u<\/span><\/td>\n<td style=\"background-color: #006699\" colspan=\"1\" rowspan=\"2\">\n<p style=\"text-align: center\"><span style=\"color: #ffffff\">S\u1ed1 <\/span><\/p>\n<p style=\"text-align: center\"><span style=\"color: #ffffff\">C\u1ef1c<\/span><\/p>\n<\/td>\n<td style=\"background-color: #006699\" colspan=\"1\" rowspan=\"2\">\n<p style=\"text-align: center\"><span style=\"color: #ffffff\">D\u00f2ng \u0111i\u1ec7n <\/span><\/p>\n<p style=\"text-align: center\"><span style=\"color: #ffffff\">\u0111\u1ecbnh m\u1ee9c In (A)<\/span><\/p>\n<\/td>\n<td style=\"background-color: #006699\" colspan=\"1\" rowspan=\"2\">\n<p style=\"text-align: center\"><span style=\"color: #ffffff\">\u0110i\u1ec7n \u00e1p ho\u1ea1t \u0111\u1ed9ng <\/span><\/p>\n<p style=\"text-align: center\"><span style=\"color: #ffffff\">\u0111\u1ecbnh m\u1ee9c (A)<\/span><\/p>\n<\/td>\n<td style=\"background-color: #006699\" colspan=\"2\" rowspan=\"1\">\n<p style=\"text-align: center\"><span style=\"color: #ffffff\">Ng\u1eafn m\u1ea1ch cu\u1ed1i c\u00f9ng <\/span><\/p>\n<p style=\"text-align: center\"><span style=\"color: #ffffff\">Kh\u1ea3 n\u0103ng ng\u1eaft Icu (kA)<\/span><\/p>\n<\/td>\n<td style=\"background-color: #006699\" colspan=\"1\" rowspan=\"2\">\n<p style=\"text-align: center\"><span style=\"color: #ffffff\">Kh\u1ea3 n\u0103ng ng\u1eaft ng\u1eafn <\/span><\/p>\n<p style=\"text-align: center\"><span style=\"color: #ffffff\">m\u1ea1ch \u0111\u1ecbnh m\u1ee9c Ics (%icu)<\/span><\/p>\n<\/td>\n<td style=\"text-align: center;background-color: #006699\" colspan=\"1\" rowspan=\"2\"><span style=\"color: #ffffff\">Th\u1ec3 lo\u1ea1i s\u1eed d\u1ee5ng<\/span><\/td>\n<\/tr>\n<tr>\n<td style=\"text-align: center;background-color: #006699\"><span style=\"color: #ffffff\">\u0110i\u1ec7n \u00e1p xoay chi\u1ec1u 380V (400)<\/span><\/td>\n<td style=\"text-align: center;background-color: #006699\"><span style=\"color: #ffffff\">\u0110i\u1ec7n \u00e1p xoay chi\u1ec1u 660V (690)<\/span><\/td>\n<\/tr>\n<tr>\n<td style=\"width: 70px;text-align: center\">MS3-125L<\/td>\n<td style=\"text-align: center\">1,2, 3,4<\/td>\n<td style=\"text-align: center\">12.5, 16, 20, 25, 32, 40,50, 63, 80, 100, 125<\/td>\n<td style=\"text-align: center\">500<\/td>\n<td style=\"text-align: center\">25<\/td>\n<td style=\"text-align: center\">&#8211;<\/td>\n<td style=\"text-align: center\">50%<\/td>\n<td style=\"text-align: center\" colspan=\"1\" rowspan=\"17\">A<\/td>\n<\/tr>\n<tr>\n<td style=\"text-align: center\">MS3-160L<\/td>\n<td style=\"text-align: center\" colspan=\"1\" rowspan=\"14\">3, 4<\/td>\n<td style=\"text-align: center\" colspan=\"1\" rowspan=\"2\">16, 20, 25, 32, 40,50, 63, 80, 100, 125, 160<\/td>\n<td style=\"text-align: center\" colspan=\"1\" rowspan=\"16\">690 tr\u1edf xu\u1ed1ng<\/td>\n<td style=\"text-align: center\">35<\/td>\n<td style=\"text-align: center\">8<\/td>\n<td style=\"text-align: center\">75%<\/td>\n<\/tr>\n<tr>\n<td style=\"text-align: center\">MS3-160M<\/td>\n<td style=\"text-align: center\">50<\/td>\n<td style=\"text-align: center\"><span style=\"line-height: 20.8px\">10<\/span><\/td>\n<td style=\"text-align: center\">75%<\/td>\n<\/tr>\n<tr>\n<td style=\"text-align: center\">MS3-250L<\/td>\n<td style=\"text-align: center\" colspan=\"1\" rowspan=\"3\">100, 125, 160, 180, 200, 225, 250<\/td>\n<td style=\"text-align: center\">35<\/td>\n<td style=\"text-align: center\"><span style=\"line-height: 20.8px\">14<\/span><\/td>\n<td style=\"text-align: center\">100%<\/td>\n<\/tr>\n<tr>\n<td style=\"text-align: center\">MS3-250M<\/td>\n<td style=\"text-align: center\">65<\/td>\n<td style=\"text-align: center\"><span style=\"line-height: 20.8px\">18<\/span><\/td>\n<td style=\"text-align: center\">75%<\/td>\n<\/tr>\n<tr>\n<td style=\"text-align: center\">MS3-250H<\/td>\n<td style=\"text-align: center\">85<\/td>\n<td style=\"text-align: center\"><span style=\"line-height: 20.8px\">20<\/span><\/td>\n<td style=\"text-align: center\">75%<\/td>\n<\/tr>\n<tr>\n<td style=\"text-align: center\">MS3-400L<\/td>\n<td style=\"text-align: center\" colspan=\"1\" rowspan=\"3\">200, 225, 250, 315, 350, 400<\/td>\n<td style=\"text-align: center\">35<\/td>\n<td style=\"text-align: center\"><span style=\"line-height: 20.8px\">18<\/span><\/td>\n<td style=\"text-align: center\">100%<\/td>\n<\/tr>\n<tr>\n<td style=\"text-align: center\">MS3-400M<\/td>\n<td style=\"text-align: center\">65<\/td>\n<td style=\"text-align: center\"><span style=\"line-height: 20.8px\">22<\/span><\/td>\n<td style=\"text-align: center\">100%<\/td>\n<\/tr>\n<tr>\n<td style=\"text-align: center\">MS3-400H<\/td>\n<td style=\"text-align: center\">100<\/td>\n<td style=\"text-align: center\"><span style=\"line-height: 20.8px\">30<\/span><\/td>\n<td style=\"text-align: center\">75%<\/td>\n<\/tr>\n<tr>\n<td style=\"text-align: center\">MS3-630L<\/td>\n<td style=\"text-align: center\" colspan=\"1\" rowspan=\"3\">400, 500, 630<\/td>\n<td style=\"text-align: center\">35<\/td>\n<td style=\"text-align: center\"><span style=\"line-height: 20.8px\">20<\/span><\/td>\n<td style=\"text-align: center\"><span style=\"line-height: 20.8px\">100%<\/span><\/td>\n<\/tr>\n<tr>\n<td style=\"text-align: center\">MS3-630M<\/td>\n<td style=\"text-align: center\">50<\/td>\n<td style=\"text-align: center\"><span style=\"line-height: 20.8px\">22<\/span><\/td>\n<td style=\"text-align: center\"><span style=\"line-height: 20.8px\">100%<\/span><\/td>\n<\/tr>\n<tr>\n<td style=\"text-align: center\">MS3-630H<\/td>\n<td style=\"text-align: center\">65<\/td>\n<td style=\"text-align: center\"><span style=\"line-height: 20.8px\">25<\/span><\/td>\n<td style=\"text-align: center\"><span style=\"line-height: 20.8px\">100%<\/span><\/td>\n<\/tr>\n<tr>\n<td style=\"text-align: center\">MS3-800L<\/td>\n<td style=\"text-align: center\" colspan=\"1\" rowspan=\"3\">630, 700, 800<\/td>\n<td style=\"text-align: center\">35<\/td>\n<td style=\"text-align: center\"><span style=\"line-height: 20.8px\">20<\/span><\/td>\n<td style=\"text-align: center\"><span style=\"line-height: 20.8px\">100%<\/span><\/td>\n<\/tr>\n<tr>\n<td style=\"text-align: center\">MS3-800M<\/td>\n<td style=\"text-align: center\">50<\/td>\n<td style=\"text-align: center\"><span style=\"line-height: 20.8px\">22<\/span><\/td>\n<td style=\"text-align: center\"><span style=\"line-height: 20.8px\">100%<\/span><\/td>\n<\/tr>\n<tr>\n<td style=\"text-align: center\">MS3-800H<\/td>\n<td style=\"text-align: center\">65<\/td>\n<td style=\"text-align: center\"><span style=\"line-height: 20.8px\">25<\/span><\/td>\n<td style=\"text-align: center\"><span style=\"line-height: 20.8px\">100%<\/span><\/td>\n<\/tr>\n<tr>\n<td style=\"text-align: center\">MS3-1250L<\/td>\n<td style=\"text-align: center\" colspan=\"1\" rowspan=\"2\">3<\/td>\n<td style=\"text-align: center\">800, 1000, 1250<\/td>\n<td style=\"text-align: center\" colspan=\"1\" rowspan=\"2\">50<\/td>\n<td style=\"text-align: center\" colspan=\"1\" rowspan=\"2\">20<\/td>\n<td style=\"text-align: center\"><span style=\"line-height: 20.8px\">100%<\/span><\/td>\n<\/tr>\n<tr>\n<td style=\"text-align: center\">MS3-1600L<\/td>\n<td style=\"text-align: center\">1000, 1250, 1600<\/td>\n<td style=\"text-align: center\"><span style=\"line-height: 20.8px\">100%<\/span><\/td>\n<\/tr>\n<\/tbody>\n<\/table>\n<p>&nbsp;<\/p>\n<p>Ch\u00fang t\u00f4i c\u0169ng l\u00e0 m\u1ed9t trong nh\u1eefng nh\u00e0 s\u1ea3n xu\u1ea5t v\u00e0 xu\u1ea5t kh\u1ea9u h\u00e0ng \u0111\u1ea7u v\u1ec1 nhi\u1ec1u lo\u1ea1i H\u1ed9p n\u1ed1i g\u1eafn tr\u00ean c\u1ed9t SMC (H\u1ed9p \u0111\u00e8n \u0111\u01b0\u1eddng). Ch\u00fang \u0111\u01b0\u1ee3c s\u1ea3n xu\u1ea5t b\u1eb1ng v\u1eadt li\u1ec7u cao c\u1ea5p v\u00e0 \u0111\u01b0\u1ee3c trang b\u1ecb n\u1eafp b\u1ea3o v\u1ec7 \u0111\u1ec3 tr\u00e1nh va \u0111\u1eadp. Nh\u1eefng h\u1ed9p n\u00e0y c\u00f3 \u0111\u1ed9 b\u1ec1n cao v\u00e0 \u0111\u01b0\u1ee3c cung c\u1ea5p theo th\u00f4ng s\u1ed1 k\u1ef9 thu\u1eadt ti\u00eau chu\u1ea9n cho kh\u00e1ch h\u00e0ng c\u1ee7a ch\u00fang t\u00f4i.<\/p>\n<div style=\"text-align: center\">\n<figure class=\"image\"><img loading=\"lazy\" decoding=\"async\" src=\"https:\/\/morstar.vn\/wp-content\/uploads\/2024\/08\/tu-dien.jpg\" alt=\"tu dien\" width=\"767\" height=\"414\" \/><figcaption><\/figcaption><\/figure>\n<\/div>\n<p>Ch\u00fang t\u00f4i \u00e1p d\u1ee5ng ch\u00ednh s\u00e1ch ph\u00e1t tri\u1ec3n li\u00ean t\u1ee5c c\u00e1c s\u1ea3n ph\u1ea9m c\u1ee7a m\u00ecnh v\u00e0 c\u00f3 quy\u1ec1n thay \u0111\u1ed5i th\u00f4ng s\u1ed1 k\u1ef9 thu\u1eadt v\u00e0 \u0111\u1eb7c \u0111i\u1ec3m k\u1ef9 thu\u1eadt m\u00e0 kh\u00f4ng c\u1ea7n th\u00f4ng b\u00e1o. \u0110\u1ec3 bi\u1ebft th\u00eam th\u00f4ng tin, vui l\u00f2ng li\u00ean h\u1ec7 v\u1edbi Morstar<\/p>","protected":false},"excerpt":{"rendered":"<p>\u1ee8ng d\u1ee5ng.<\/p>\n<p>B\u1ed9 ng\u1eaft m\u1ea1ch v\u1ecf \u0111\u00fac MS3-125\/1P, 2P, 3P ph\u00f9 h\u1ee3p v\u1edbi m\u1ea1ch AC 50Hz\/60Hz, \u0111i\u1ec7n \u00e1p \u0111\u1ecbnh m\u1ee9c l\u00ean \u0111\u1ebfn AC 500V, d\u00f2ng \u0111i\u1ec7n \u0111\u1ecbnh m\u1ee9c l\u00ean \u0111\u1ebfn 125A. N\u00f3 c\u00f3 c\u1ea5u tr\u00fac b\u00ecnh th\u01b0\u1eddng, hi\u1ec7u su\u1ea5t \u0111\u00e1ng tin c\u1eady, ph\u1ee5 ki\u1ec7n \u0111\u1ea7y \u0111\u1ee7 &amp; kh\u1ea3 n\u0103ng c\u1eaft cao, \u0111\u01b0\u1ee3c s\u1eed d\u1ee5ng \u0111\u1ec3 ph\u00e2n ph\u1ed1i \u0111i\u1ec7n v\u00e0 b\u1ea3o v\u1ec7 \u0111\u1ed9ng c\u01a1 v\u00e0 thi\u1ebft b\u1ecb \u0111i\u1ec7n ch\u1ed1ng qu\u00e1 t\u1ea3i v\u00e0 ng\u1eafn m\u1ea1ch. N\u00f3 tu\u00e2n th\u1ee7 ti\u00eau chu\u1ea9n IEC60947-2.<\/p>","protected":false},"featured_media":28252,"comment_status":"closed","ping_status":"closed","template":"","meta":{"inline_featured_image":false},"product_brand":[],"product_cat":[271,278,320],"product_tag":[],"class_list":{"0":"post-28250","1":"product","2":"type-product","3":"status-publish","4":"has-post-thumbnail","6":"product_cat-circuit-breaker","7":"product_cat-distributed-products","8":"product_cat-electrical-safety-products","10":"first","11":"instock","12":"product-type-simple"},"_links":{"self":[{"href":"https:\/\/morstar.vn\/vi\/wp-json\/wp\/v2\/product\/28250","targetHints":{"allow":["GET"]}}],"collection":[{"href":"https:\/\/morstar.vn\/vi\/wp-json\/wp\/v2\/product"}],"about":[{"href":"https:\/\/morstar.vn\/vi\/wp-json\/wp\/v2\/types\/product"}],"replies":[{"embeddable":true,"href":"https:\/\/morstar.vn\/vi\/wp-json\/wp\/v2\/comments?post=28250"}],"wp:featuredmedia":[{"embeddable":true,"href":"https:\/\/morstar.vn\/vi\/wp-json\/wp\/v2\/media\/28252"}],"wp:attachment":[{"href":"https:\/\/morstar.vn\/vi\/wp-json\/wp\/v2\/media?parent=28250"}],"wp:term":[{"taxonomy":"product_brand","embeddable":true,"href":"https:\/\/morstar.vn\/vi\/wp-json\/wp\/v2\/product_brand?post=28250"},{"taxonomy":"product_cat","embeddable":true,"href":"https:\/\/morstar.vn\/vi\/wp-json\/wp\/v2\/product_cat?post=28250"},{"taxonomy":"product_tag","embeddable":true,"href":"https:\/\/morstar.vn\/vi\/wp-json\/wp\/v2\/product_tag?post=28250"}],"curies":[{"name":"wp","href":"https:\/\/api.w.org\/{rel}","templated":true}]}}