{"id":28244,"date":"2024-08-16T11:14:35","date_gmt":"2024-08-16T11:14:35","guid":{"rendered":"https:\/\/morstar.vn\/product\/mlccontactor\/"},"modified":"2024-12-24T02:50:21","modified_gmt":"2024-12-24T02:50:21","slug":"mlccontactor","status":"publish","type":"product","link":"https:\/\/morstar.vn\/vi\/san-pham\/mlccontactor\/","title":{"rendered":"MLC 20"},"content":{"rendered":"<div style=\"text-align: center\">\n<figure class=\"image\"><img loading=\"lazy\" decoding=\"async\" src=\"https:\/\/morstar.vn\/wp-content\/uploads\/2024\/08\/mlccontactor.jpg\" alt=\"mlccontactor\" width=\"530\" height=\"185\" \/><figcaption><\/figcaption><\/figure>\n<\/div>\n<p>&nbsp;<\/p>\n<p><strong>Ch\u1ee7 y\u1ebfu<\/strong> <strong>th\u00f4ng s\u1ed1<\/strong> <strong>k\u1ef9 thu\u1eadt<\/strong><\/p>\n<p>&nbsp;<\/p>\n<table style=\"width: 800px\" border=\"1\" cellspacing=\"1\" cellpadding=\"1\" align=\"center\">\n<tbody>\n<tr>\n<td style=\"text-align: center;background-color: #006699\"><span style=\"color: #ffffff\">Ki\u1ec3u<\/span><\/td>\n<td style=\"background-color: #006699\">\n<p style=\"text-align: center\"><span style=\"color: #ffffff\">C\u00e1ch \u0111i\u1ec7n \u0111\u1ecbnh m\u1ee9c<\/span><\/p>\n<p style=\"text-align: center\"><span style=\"color: #ffffff\">\u0111\u1ecbnh m\u1ee9c (A)<\/span><\/p>\n<\/td>\n<td style=\"background-color: #006699\">\n<p style=\"text-align: center\"><span style=\"color: #ffffff\">\u0110i\u1ec7n \u00e1p ho\u1ea1t \u0111\u1ed9ng<\/span><\/p>\n<p style=\"text-align: center\"><span style=\"color: #ffffff\">\u0111\u1ecbnh m\u1ee9c (A)<\/span><\/p>\n<\/td>\n<td style=\"background-color: #006699\">\n<p style=\"text-align: center\"><span style=\"color: #ffffff\">\u0110\u1ecbnh m\u1ee9c<\/span><\/p>\n<p style=\"text-align: center\"><span style=\"color: #ffffff\">D\u00f2ng \u0111i\u1ec7n (A)<\/span><\/p>\n<\/td>\n<td style=\"background-color: #006699\">\n<p style=\"text-align: center\"><span style=\"color: #ffffff\"><span style=\"color: #ffffff\">\u0110i\u1ec7n \u00e1p ho\u1ea1t \u0111\u1ed9ng<\/span><\/span><\/p>\n<p style=\"text-align: center\"><span style=\"color: #ffffff\">D\u00f2ng \u0111i\u1ec7n (A)<\/span><\/p>\n<\/td>\n<td style=\"background-color: #006699\">\n<p style=\"text-align: center\"><span style=\"color: #ffffff\">Ki\u1ec3m so\u00e1t ngu\u1ed3n \u0111i\u1ec7n<\/span><\/p>\n<\/td>\n<\/tr>\n<tr>\n<td style=\"text-align: center\">MNC-20<\/td>\n<td style=\"text-align: center\">500<\/td>\n<td style=\"text-align: center\">230<\/td>\n<td style=\"text-align: center\">20<\/td>\n<td style=\"text-align: center\">20\/7<\/td>\n<td style=\"text-align: center\">4\/1.2<\/td>\n<\/tr>\n<tr>\n<td style=\"text-align: center\">MNC-25<\/td>\n<td style=\"text-align: center\">500<\/td>\n<td style=\"text-align: center\">230<\/td>\n<td style=\"text-align: center\">25<\/td>\n<td style=\"text-align: center\">25\/8.5<\/td>\n<td style=\"text-align: center\">5.4\/1.5<\/td>\n<\/tr>\n<tr>\n<td style=\"text-align: center\">MNC-32<\/td>\n<td style=\"text-align: center\">500<\/td>\n<td style=\"text-align: center\">230<\/td>\n<td style=\"text-align: center\">32<\/td>\n<td style=\"text-align: center\">32\/12<\/td>\n<td style=\"text-align: center\">6.5\/1.9<\/td>\n<\/tr>\n<tr>\n<td style=\"text-align: center\">MNC-40<\/td>\n<td style=\"text-align: center\">500<\/td>\n<td style=\"text-align: center\">230<\/td>\n<td style=\"text-align: center\">40<\/td>\n<td style=\"text-align: center\">40\/15<\/td>\n<td style=\"text-align: center\">8.4\/2.4<\/td>\n<\/tr>\n<tr>\n<td style=\"text-align: center\">MNC-63<\/td>\n<td style=\"text-align: center\">500<\/td>\n<td style=\"text-align: center\">230<\/td>\n<td style=\"text-align: center\">63<\/td>\n<td style=\"text-align: center\">63\/25<\/td>\n<td style=\"text-align: center\">13\/3.8<\/td>\n<\/tr>\n<\/tbody>\n<\/table>\n<p>&nbsp;<\/p>\n<p>Ch\u00fang t\u00f4i c\u0169ng l\u00e0 m\u1ed9t trong nh\u1eefng nh\u00e0 s\u1ea3n xu\u1ea5t v\u00e0 xu\u1ea5t kh\u1ea9u h\u00e0ng \u0111\u1ea7u v\u1ec1 nhi\u1ec1u lo\u1ea1i H\u1ed9p n\u1ed1i g\u1eafn tr\u00ean c\u1ed9t SMC (H\u1ed9p \u0111\u00e8n \u0111\u01b0\u1eddng). Ch\u00fang \u0111\u01b0\u1ee3c s\u1ea3n xu\u1ea5t b\u1eb1ng v\u1eadt li\u1ec7u cao c\u1ea5p v\u00e0 \u0111\u01b0\u1ee3c trang b\u1ecb n\u1eafp b\u1ea3o v\u1ec7 \u0111\u1ec3 tr\u00e1nh va \u0111\u1eadp. Nh\u1eefng h\u1ed9p n\u00e0y c\u00f3 \u0111\u1ed9 b\u1ec1n cao v\u00e0 \u0111\u01b0\u1ee3c cung c\u1ea5p theo th\u00f4ng s\u1ed1 k\u1ef9 thu\u1eadt ti\u00eau chu\u1ea9n cho kh\u00e1ch h\u00e0ng c\u1ee7a ch\u00fang t\u00f4i.<\/p>\n<div style=\"text-align: center\">\n<figure class=\"image\"><img loading=\"lazy\" decoding=\"async\" src=\"https:\/\/morstar.vn\/wp-content\/uploads\/2024\/08\/tu-dien.jpg\" alt=\"tu dien\" width=\"767\" height=\"414\" \/><figcaption><\/figcaption><\/figure>\n<\/div>\n<p>Ch\u00fang t\u00f4i \u00e1p d\u1ee5ng ch\u00ednh s\u00e1ch ph\u00e1t tri\u1ec3n li\u00ean t\u1ee5c s\u1ea3n ph\u1ea9m c\u1ee7a m\u00ecnh v\u00e0 c\u00f3 quy\u1ec1n thay \u0111\u1ed5i th\u00f4ng s\u1ed1 k\u1ef9 thu\u1eadt v\u00e0 \u0111\u1eb7c \u0111i\u1ec3m k\u1ef9 thu\u1eadt m\u00e0 kh\u00f4ng c\u1ea7n th\u00f4ng b\u00e1o. \u0110\u1ec3 bi\u1ebft th\u00eam th\u00f4ng tin, vui l\u00f2ng li\u00ean h\u1ec7 v\u1edbi Sao Mai.<\/p>","protected":false},"excerpt":{"rendered":"<p>MLC 20  (g\u1ecdi t\u1eaft l\u00e0 c\u00f4ng t\u1eafc) ch\u1ee7 y\u1ebfu \u0111\u01b0\u1ee3c thi\u1ebft k\u1ebf cho m\u1ea1ch AC 50Hz ho\u1eb7c 0Hz v\u1edbi \u0111i\u1ec7n \u00e1p ho\u1ea1t \u0111\u1ed9ng \u0111\u1ecbnh m\u1ee9c l\u00ean \u0111\u1ebfn 230V, d\u00f2ng \u0111i\u1ec7n ho\u1ea1t \u0111\u1ed9ng \u0111\u1ecbnh m\u1ee9c l\u00ean \u0111\u1ebfn 63A, ch\u1ee9c n\u0103ng c\u1ee7a n\u00f3 l\u00e0 ng\u1eaft m\u1ea1ch t\u1eeb xa v\u00e0 \u0111i\u1ec1u khi\u1ec3n m\u1ea1ch. S\u1ea3n ph\u1ea9m n\u00e0y ch\u1ee7 y\u1ebfu \u0111\u01b0\u1ee3c \u00e1p d\u1ee5ng cho c\u00e1c thi\u1ebft b\u1ecb gia d\u1ee5ng &amp; c\u00f4ng nghi\u1ec7p ho\u1eb7c t\u1ea3i \u0111i\u1ec7n c\u1ea3m th\u1ea5p v\u00e0 \u0111i\u1ec1u khi\u1ec3n t\u1ea3i \u0111i\u1ec7n gia \u0111\u00ecnh \u0111\u01b0\u1ee3c s\u1eed d\u1ee5ng cho m\u1ee5c \u0111\u00edch t\u01b0\u01a1ng t\u1ef1.<\/p>","protected":false},"featured_media":28246,"comment_status":"closed","ping_status":"closed","template":"","meta":{"inline_featured_image":false},"product_brand":[],"product_cat":[271,278,320],"product_tag":[],"class_list":{"0":"post-28244","1":"product","2":"type-product","3":"status-publish","4":"has-post-thumbnail","6":"product_cat-circuit-breaker","7":"product_cat-distributed-products","8":"product_cat-electrical-safety-products","10":"first","11":"instock","12":"product-type-simple"},"_links":{"self":[{"href":"https:\/\/morstar.vn\/vi\/wp-json\/wp\/v2\/product\/28244","targetHints":{"allow":["GET"]}}],"collection":[{"href":"https:\/\/morstar.vn\/vi\/wp-json\/wp\/v2\/product"}],"about":[{"href":"https:\/\/morstar.vn\/vi\/wp-json\/wp\/v2\/types\/product"}],"replies":[{"embeddable":true,"href":"https:\/\/morstar.vn\/vi\/wp-json\/wp\/v2\/comments?post=28244"}],"wp:featuredmedia":[{"embeddable":true,"href":"https:\/\/morstar.vn\/vi\/wp-json\/wp\/v2\/media\/28246"}],"wp:attachment":[{"href":"https:\/\/morstar.vn\/vi\/wp-json\/wp\/v2\/media?parent=28244"}],"wp:term":[{"taxonomy":"product_brand","embeddable":true,"href":"https:\/\/morstar.vn\/vi\/wp-json\/wp\/v2\/product_brand?post=28244"},{"taxonomy":"product_cat","embeddable":true,"href":"https:\/\/morstar.vn\/vi\/wp-json\/wp\/v2\/product_cat?post=28244"},{"taxonomy":"product_tag","embeddable":true,"href":"https:\/\/morstar.vn\/vi\/wp-json\/wp\/v2\/product_tag?post=28244"}],"curies":[{"name":"wp","href":"https:\/\/api.w.org\/{rel}","templated":true}]}}