{"id":28241,"date":"2024-08-16T11:14:35","date_gmt":"2024-08-16T11:14:35","guid":{"rendered":"https:\/\/morstar.vn\/product\/msl7-residual-current-circuit-breakercurrent\/"},"modified":"2024-12-24T02:50:38","modified_gmt":"2024-12-24T02:50:38","slug":"msl7-may-cat-dong-dien-du","status":"publish","type":"product","link":"https:\/\/morstar.vn\/vi\/san-pham\/msl7-may-cat-dong-dien-du\/","title":{"rendered":"RCCB"},"content":{"rendered":"<div style=\"text-align: center\">\n<figure class=\"image\"><img loading=\"lazy\" decoding=\"async\" src=\"https:\/\/morstar.vn\/wp-content\/uploads\/2024\/08\/msl7.jpg\" alt=\"msl7\" width=\"647\" height=\"243\" \/><figcaption>msl7<\/figcaption><\/figure>\n<\/div>\n<p>&nbsp;<\/p>\n<p><strong>1. Tham s\u1ed1<\/strong> <strong>k\u1ef9 thu\u1eadt<\/strong> <strong>ch\u00ednh<\/strong><\/p>\n<p>&nbsp;<\/p>\n<table border=\"1\" cellspacing=\"1\" cellpadding=\"1\" align=\"center\">\n<tbody>\n<tr>\n<td style=\"text-align: center;background-color: #006699\"><span style=\"color: #ffffff\"><strong>Ki\u1ec3u<\/strong><\/span><\/td>\n<td style=\"text-align: center;background-color: #006699\"><span style=\"color: #ffffff\"><strong>MSL7<\/strong><\/span><\/td>\n<\/tr>\n<tr>\n<td style=\"text-align: center\">S\u1ed1<\/td>\n<td style=\"text-align: center\">2P, 4P<\/td>\n<\/tr>\n<tr>\n<td style=\"text-align: center\">D\u00f2ng \u0111i\u1ec7n \u0111\u1ecbnh m\u1ee9c In(A)<\/td>\n<td style=\"text-align: center\">25,40,63,80,100<\/td>\n<\/tr>\n<tr>\n<td style=\"text-align: center\">D\u00f2ng \u0111i\u1ec7n ho\u1ea1t \u0111\u1ed9ng c\u00f2n l\u1ea1i \u0111\u1ecbnh m\u1ee9c (InA)<\/td>\n<td style=\"text-align: center\">10,30,100,300,500<\/td>\n<\/tr>\n<tr>\n<td style=\"text-align: center\">D\u00f2ng \u0111i\u1ec7n kh\u00f4ng ho\u1ea1t \u0111\u1ed9ng \u0111\u1ecbnh m\u1ee9c cho r\u00f2 r\u1ec9 \u0111\u1ea5t In(A)<\/td>\n<td style=\"text-align: center\">0.5In<\/td>\n<\/tr>\n<tr>\n<td style=\"text-align: center\">\u0110i\u1ec7n \u00e1p Un(V)<\/td>\n<td style=\"text-align: center\">240(220) 415(380)<\/td>\n<\/tr>\n<tr>\n<td style=\"text-align: center\">Th\u1eddi gian ng\u1eaft d\u00f2ng \u0111i\u1ec7n d\u01b0:<\/td>\n<td style=\"text-align: center\">&lt;0,1 gi\u00e2y<\/td>\n<\/tr>\n<tr>\n<td style=\"text-align: center\">Gi\u00e1 tr\u1ecb t\u1ed1i thi\u1ec3u c\u1ee7a kh\u1ea3 n\u0103ng \u0111\u00f3ng c\u1eaft \u0111\u1ecbnh m\u1ee9c<\/td>\n<td style=\"text-align: center\">1KA<\/td>\n<\/tr>\n<tr>\n<td style=\"text-align: center\">D\u00f2ng \u0111i\u1ec7n ng\u1eafn m\u1ea1ch c\u00f3 \u0111i\u1ec1u ki\u1ec7n \u0111\u1ecbnh m\u1ee9c (Inc)<\/td>\n<td style=\"text-align: center\">Trong=25,40A T\u1ed5ng=1500A Trong=63A T\u1ed5ng=3000A<\/td>\n<\/tr>\n<\/tbody>\n<\/table>\n<p>&nbsp;<\/p>\n<p>Ch\u00fang t\u00f4i c\u0169ng l\u00e0 m\u1ed9t trong nh\u1eefng nh\u00e0 s\u1ea3n xu\u1ea5t v\u00e0 xu\u1ea5t kh\u1ea9u h\u00e0ng \u0111\u1ea7u v\u1ec1 nhi\u1ec1u lo\u1ea1i H\u1ed9p n\u1ed1i g\u1eafn tr\u00ean c\u1ed9t SMC (H\u1ed9p \u0111\u00e8n \u0111\u01b0\u1eddng). Ch\u00fang \u0111\u01b0\u1ee3c s\u1ea3n xu\u1ea5t b\u1eb1ng v\u1eadt li\u1ec7u cao c\u1ea5p v\u00e0 \u0111\u01b0\u1ee3c trang b\u1ecb n\u1eafp b\u1ea3o v\u1ec7 \u0111\u1ec3 tr\u00e1nh va \u0111\u1eadp. Nh\u1eefng h\u1ed9p n\u00e0y c\u00f3 \u0111\u1ed9 b\u1ec1n cao v\u00e0 \u0111\u01b0\u1ee3c cung c\u1ea5p theo th\u00f4ng s\u1ed1 k\u1ef9 thu\u1eadt ti\u00eau chu\u1ea9n cho kh\u00e1ch h\u00e0ng c\u1ee7a ch\u00fang t\u00f4i.<\/p>\n<div style=\"text-align: center\">\n<figure class=\"image\"><img loading=\"lazy\" decoding=\"async\" src=\"https:\/\/morstar.vn\/wp-content\/uploads\/2024\/08\/tu-dien.jpg\" alt=\"tu dien\" width=\"767\" height=\"414\" \/><figcaption><\/figcaption><\/figure>\n<\/div>\n<p>Ch\u00fang t\u00f4i \u00e1p d\u1ee5ng ch\u00ednh s\u00e1ch ph\u00e1t tri\u1ec3n li\u00ean t\u1ee5c s\u1ea3n ph\u1ea9m c\u1ee7a m\u00ecnh v\u00e0 c\u00f3 quy\u1ec1n thay \u0111\u1ed5i th\u00f4ng s\u1ed1 k\u1ef9 thu\u1eadt v\u00e0 \u0111\u1eb7c \u0111i\u1ec3m k\u1ef9 thu\u1eadt m\u00e0 kh\u00f4ng c\u1ea7n th\u00f4ng b\u00e1o. \u0110\u1ec3 bi\u1ebft th\u00eam th\u00f4ng tin, vui l\u00f2ng li\u00ean h\u1ec7 v\u1edbi Sao Mai.<\/p>","protected":false},"excerpt":{"rendered":"<p>RCCB tu\u00e2n th\u1ee7 c\u00e1c ti\u00eau chu\u1ea9n IEC61008. N\u00f3 c\u00f3 th\u1ec3 c\u1eaft m\u1ea1ch l\u1ed7i ngay l\u1eadp t\u1ee9c khi c\u00f3 nguy c\u01a1 \u0111i\u1ec7n gi\u1eadt ho\u1eb7c r\u00f2 r\u1ec9 \u0111\u1ea5t c\u1ee7a \u0111\u01b0\u1eddng d\u00e2y ch\u00ednh. Do \u0111\u00f3, n\u00f3 ph\u00f9 h\u1ee3p \u0111\u1ec3 tr\u00e1nh nguy c\u01a1 \u0111i\u1ec7n gi\u1eadt v\u00e0 h\u1ecfa ho\u1ea1n do r\u00f2 r\u1ec9 \u0111\u1ea5t. N\u00f3 c\u00f3 th\u1ec3 \u0111\u01b0\u1ee3c s\u1eed d\u1ee5ng trong c\u00e1c m\u1ea1ch l\u00ean \u0111\u1ebfn m\u1ed9t pha 240V, ba pha 415V, 50 ho\u1eb7c 60Hz.<\/p>","protected":false},"featured_media":28243,"comment_status":"closed","ping_status":"closed","template":"","meta":{"inline_featured_image":false},"product_brand":[],"product_cat":[271,278,320],"product_tag":[],"class_list":{"0":"post-28241","1":"product","2":"type-product","3":"status-publish","4":"has-post-thumbnail","6":"product_cat-circuit-breaker","7":"product_cat-distributed-products","8":"product_cat-electrical-safety-products","10":"first","11":"instock","12":"product-type-simple"},"_links":{"self":[{"href":"https:\/\/morstar.vn\/vi\/wp-json\/wp\/v2\/product\/28241","targetHints":{"allow":["GET"]}}],"collection":[{"href":"https:\/\/morstar.vn\/vi\/wp-json\/wp\/v2\/product"}],"about":[{"href":"https:\/\/morstar.vn\/vi\/wp-json\/wp\/v2\/types\/product"}],"replies":[{"embeddable":true,"href":"https:\/\/morstar.vn\/vi\/wp-json\/wp\/v2\/comments?post=28241"}],"wp:featuredmedia":[{"embeddable":true,"href":"https:\/\/morstar.vn\/vi\/wp-json\/wp\/v2\/media\/28243"}],"wp:attachment":[{"href":"https:\/\/morstar.vn\/vi\/wp-json\/wp\/v2\/media?parent=28241"}],"wp:term":[{"taxonomy":"product_brand","embeddable":true,"href":"https:\/\/morstar.vn\/vi\/wp-json\/wp\/v2\/product_brand?post=28241"},{"taxonomy":"product_cat","embeddable":true,"href":"https:\/\/morstar.vn\/vi\/wp-json\/wp\/v2\/product_cat?post=28241"},{"taxonomy":"product_tag","embeddable":true,"href":"https:\/\/morstar.vn\/vi\/wp-json\/wp\/v2\/product_tag?post=28241"}],"curies":[{"name":"wp","href":"https:\/\/api.w.org\/{rel}","templated":true}]}}