{"id":28238,"date":"2024-08-16T11:14:35","date_gmt":"2024-08-16T11:14:35","guid":{"rendered":"https:\/\/morstar.vn\/product\/msle-63residual-current-operated-circuit-breakerwithover-currentprotection-earthleakagecircuit-breakerwithovercurrentprotection\/"},"modified":"2024-12-24T02:49:41","modified_gmt":"2024-12-24T02:49:41","slug":"msle-63residual-current-operated-circuit-breakerwithover-currentprotection-earthleakagecircuit-breakerwithovercurrentprotection","status":"publish","type":"product","link":"https:\/\/morstar.vn\/vi\/san-pham\/msle-63residual-current-operated-circuit-breakerwithover-currentprotection-earthleakagecircuit-breakerwithovercurrentprotection\/","title":{"rendered":"RCBO"},"content":{"rendered":"<p><strong>\u1ee8ng d\u1ee5ng<\/strong><\/p>\n<p>B\u1ed9 c\u00f4ng t\u1eafc MSLE-63 series ph\u00f9 h\u1ee3p \u0111\u1ec3 b\u1ea3o v\u1ec7 r\u00f2 r\u1ec9 \u0111\u01b0\u1eddng d\u00e2y AC 50\/60Hz, \u0111i\u1ec7n \u00e1p \u0111\u1ecbnh m\u1ee9c m\u1ed9t pha 240V, d\u00f2ng \u0111i\u1ec7n \u0111\u1ecbnh m\u1ee9c l\u00ean \u0111\u1ebfn 63A. Khi c\u00f3 \u0111i\u1ec7n gi\u1eadt c\u1ee7a con ng\u01b0\u1eddi ho\u1eb7c n\u1ebfu d\u00f2ng \u0111i\u1ec7n r\u00f2 r\u1ec9 c\u1ee7a \u0111\u01b0\u1eddng d\u00e2y v\u01b0\u1ee3t qu\u00e1 gi\u00e1 tr\u1ecb quy \u0111\u1ecbnh, n\u00f3 s\u1ebd t\u1ef1 \u0111\u1ed9ng c\u1eaft ngu\u1ed3n trong v\u00f2ng 0,1 gi\u00e2y \u0111\u1ec3 b\u1ea3o v\u1ec7 an to\u00e0n cho con ng\u01b0\u1eddi v\u00e0 ng\u0103n ng\u1eeba tai n\u1ea1n do r\u00f2 r\u1ec9 d\u00f2ng \u0111i\u1ec7n. B\u1ed9 c\u00f4ng t\u1eafc MSLE-63 series c\u00f3 th\u1ec3 b\u1ea3o v\u1ec7 ch\u1ed1ng qu\u00e1 t\u1ea3i v\u00e0 ng\u1eafn m\u1ea1ch. N\u00f3 c\u00f3 th\u1ec3 \u0111\u01b0\u1ee3c s\u1eed d\u1ee5ng \u0111\u1ec3 b\u1ea3o v\u1ec7 \u0111\u01b0\u1eddng d\u00e2y kh\u1ecfi b\u1ecb qu\u00e1 t\u1ea3i v\u00e0 ng\u1eafn m\u1ea1ch c\u0169ng nh\u01b0 thay \u0111\u1ed5i \u0111\u01b0\u1eddng d\u00e2y kh\u00f4ng th\u01b0\u1eddng xuy\u00ean trong t\u00ecnh hu\u1ed1ng b\u00ecnh th\u01b0\u1eddng. N\u00f3 tu\u00e2n th\u1ee7 ti\u00eau chu\u1ea9n IEC\/EN61009-1 v\u00e0 GB16917.1.<\/p>\n<div style=\"text-align: center\">\n<figure class=\"image\"><img loading=\"lazy\" decoding=\"async\" src=\"https:\/\/morstar.vn\/wp-content\/uploads\/2024\/08\/msle-63.jpg\" alt=\"msle 63\" width=\"528\" height=\"274\" \/><figcaption><\/figcaption><\/figure>\n<\/div>\n<p>&nbsp;<\/p>\n<p><strong>2.<\/strong>\u00a0<b>Th\u00f4ng s\u1ed1 k\u1ef9 thu\u1eadt ch\u00ednh<\/b><\/p>\n<p>&nbsp;<\/p>\n<table border=\"1\" cellspacing=\"1\" cellpadding=\"1\" align=\"center\">\n<tbody>\n<tr>\n<td style=\"background-color: #006699\"><span style=\"color: #ffffff\"><strong>Ki\u1ec3u<\/strong><\/span><\/td>\n<td style=\"background-color: #006699\"><span style=\"color: #ffffff\"><strong>MSLE-63<\/strong><\/span><\/td>\n<\/tr>\n<tr>\n<td>Khung<\/td>\n<td>63A<\/td>\n<\/tr>\n<tr>\n<td>\u0110i\u1ec7n \u00e1p l\u00e0m vi\u1ec7c \u0111\u1ecbnh m\u1ee9c<\/td>\n<td>240V<\/td>\n<\/tr>\n<tr>\n<td>T\u1ea7n s\u1ed1 \u0111\u1ecbnh m\u1ee9c<\/td>\n<td>50\/60Hz<\/td>\n<\/tr>\n<tr>\n<td>D\u00f2ng \u0111i\u1ec7n l\u00e0m vi\u1ec7c \u0111\u1ecbnh m\u1ee9c<\/td>\n<td>2,3,6,16,20,25,32,40,50,63A<\/td>\n<\/tr>\n<tr>\n<td>D\u00f2ng \u0111i\u1ec7n ho\u1ea1t \u0111\u1ed9ng c\u00f2n l\u1ea1i \u0111\u1ecbnh m\u1ee9c<\/td>\n<td>0.01,0.03,0.1,0.3A<\/td>\n<\/tr>\n<tr>\n<td>D\u00f2ng \u0111i\u1ec7n kh\u00f4ng ho\u1ea1t \u0111\u1ed9ng c\u00f2n l\u1ea1i \u0111\u1ecbnh m\u1ee9c<\/td>\n<td>0.005,0.015,0.05,0.15A<\/td>\n<\/tr>\n<tr>\n<td>S\u1ef1 nh\u1ea1y c\u1ea3m<\/td>\n<td>Ki\u1ec3u A &amp; AC<\/td>\n<\/tr>\n<tr>\n<td>Th\u1eddi gian ho\u1ea1t \u0111\u1ed9ng t\u1ed1i \u0111a<\/td>\n<td>I?n t&lt;=0.1s , 5I?n t&lt;=0.04<\/td>\n<\/tr>\n<tr>\n<td>C\u00f4ng su\u1ea5t \u0111\u00f3ng v\u00e0 c\u1eaft \u0111\u1ecbnh m\u1ee9c<\/td>\n<td>In&lt;=50A 500A,In=63A 630A,In=63A 1500A<\/td>\n<\/tr>\n<tr>\n<td>Lo\u1ea1i ph\u00e1t h\u00e0nh t\u1ee9c th\u1eddi<\/td>\n<td>B &amp; C Type<\/td>\n<\/tr>\n<tr>\n<td>Gi\u00e1 tr\u1ecb gi\u1edbi h\u1ea1n c\u1ee7a d\u00f2ng \u0111i\u1ec7n kh\u00f4ng ho\u1ea1t \u0111\u1ed9ng<\/td>\n<td>6In<\/td>\n<\/tr>\n<tr>\n<td>D\u00f2ng \u0111i\u1ec7n ng\u1eaft \u0111\u1ecbnh m\u1ee9c<\/td>\n<td>30mA,100mA,300mA<\/td>\n<\/tr>\n<tr>\n<td>D\u00f2ng \u0111i\u1ec7n ng\u1eafn m\u1ea1ch gi\u1edbi h\u1ea1n \u0111\u1ecbnh m\u1ee9c<\/td>\n<td>4500, 6000, 10000A<\/td>\n<\/tr>\n<tr>\n<td>S\u1ed1 c\u1ef1c<\/td>\n<td>1P+N; 3P+1N<\/td>\n<\/tr>\n<tr>\n<td>Cu\u1ed9c s\u1ed1ng c\u01a1 h\u1ecdc<\/td>\n<td>4000<\/td>\n<\/tr>\n<tr>\n<td>Cu\u1ed9c s\u1ed1ng \u0111i\u1ec7n<\/td>\n<td>20000<\/td>\n<\/tr>\n<tr>\n<td>S\u1ee9c ch\u1ee9a thi\u1ebft b\u1ecb \u0111\u1ea7u cu\u1ed1i:<\/td>\n<td>c\u00e1p l\u00ean \u0111\u1ebfn 25mm2<\/td>\n<\/tr>\n<\/tbody>\n<\/table>\n<p>&nbsp;<\/p>\n<p><strong>3.<\/strong>\u00a0<b>Principle Operation<\/b><\/p>\n<p><img loading=\"lazy\" decoding=\"async\" class=\"alignnone size-full wp-image-31001 aligncenter\" src=\"https:\/\/morstar.vn\/wp-content\/uploads\/2024\/08\/Screenshot-2024-11-28-110159.png\" alt=\"\" width=\"377\" height=\"182\" srcset=\"https:\/\/morstar.vn\/wp-content\/uploads\/2024\/08\/Screenshot-2024-11-28-110159.png 377w, https:\/\/morstar.vn\/wp-content\/uploads\/2024\/08\/Screenshot-2024-11-28-110159-18x9.png 18w, https:\/\/morstar.vn\/wp-content\/uploads\/2024\/08\/Screenshot-2024-11-28-110159-320x154.png 320w\" sizes=\"auto, (max-width: 377px) 100vw, 377px\" \/><\/p>\n<div style=\"text-align: center\"><\/div>\n<p>&nbsp;<\/p>\n<p><strong>4.<\/strong> <strong>4. K\u00edch th\u01b0\u1edbc<\/strong><strong>imension.<\/strong><\/p>\n<p>&nbsp;<\/p>\n<div style=\"text-align: center\">\n<figure class=\"image\"><img loading=\"lazy\" decoding=\"async\" src=\"https:\/\/morstar.vn\/wp-content\/uploads\/2024\/08\/msle-63-dimension.jpg\" alt=\"msle 63 dimension\" width=\"568\" height=\"252\" \/><figcaption><\/figcaption><\/figure>\n<\/div>\n<p>&nbsp;<\/p>\n<p><strong>5.<\/strong>\u00a0<b>The over-current tripping unit protection fearure<\/b><\/p>\n<p>&nbsp;<\/p>\n<table border=\"1\" cellspacing=\"1\" cellpadding=\"1\" align=\"center\">\n<tbody>\n<tr>\n<td style=\"text-align: center;background-color: #006699\"><span style=\"color: #ffffff\">Sequence NO.<\/span><\/td>\n<td style=\"text-align: center;background-color: #006699\"><span style=\"color: #ffffff\">Gi\u1ea3i ph\u00f3ng<\/span><\/td>\n<td style=\"text-align: center;background-color: #006699\"><span style=\"color: #ffffff\">Test current I\/In<\/span><\/td>\n<td style=\"text-align: center;background-color: #006699\"><span style=\"color: #ffffff\">Start state<\/span><\/td>\n<td style=\"text-align: center;background-color: #006699\"><span style=\"color: #ffffff\">Tripping time<\/span><\/td>\n<td style=\"text-align: center;background-color: #006699\"><span style=\"color: #ffffff\">Expected restlt<\/span><\/td>\n<\/tr>\n<tr>\n<td style=\"text-align: center\">1<\/td>\n<td style=\"text-align: center\">C<\/td>\n<td style=\"text-align: center\">1.13Trong<\/td>\n<td style=\"text-align: center\">Cold state<\/td>\n<td style=\"text-align: center\">t&lt;=1h<\/td>\n<td style=\"text-align: center\">Not tripping<\/td>\n<\/tr>\n<tr>\n<td style=\"text-align: center\">2<\/td>\n<td style=\"text-align: center\">C<\/td>\n<td style=\"text-align: center\">1,45 Trong<\/td>\n<td>\n<p style=\"text-align: center\">B\u1eaft \u0111\u1ea7u ngay sau b\u00e0i<\/p>\n<p style=\"text-align: center\">ki\u1ec3m tra s\u1ed1 1<\/p>\n<\/td>\n<td style=\"text-align: center\">t&lt;1 gi\u1edd<\/td>\n<td style=\"text-align: center\">tripping<\/td>\n<\/tr>\n<tr>\n<td style=\"text-align: center\">3<\/td>\n<td style=\"text-align: center\">C<\/td>\n<td style=\"text-align: center\">2,55 Trong<\/td>\n<td style=\"text-align: center\">Cold state<\/td>\n<td style=\"text-align: center\">1 gi\u00e2y<\/td>\n<td style=\"text-align: center\">tripping<\/td>\n<\/tr>\n<tr>\n<td style=\"text-align: center\">4<\/td>\n<td style=\"text-align: center\">C<\/td>\n<td style=\"text-align: center\">5Trong<\/td>\n<td style=\"text-align: center\">Cold state<\/td>\n<td style=\"text-align: center\">t&lt;=0.1s<\/td>\n<td style=\"text-align: center\">Not tripping<\/td>\n<\/tr>\n<tr>\n<td style=\"text-align: center\">5<\/td>\n<td style=\"text-align: center\">C<\/td>\n<td style=\"text-align: center\">10Trong<\/td>\n<td style=\"text-align: center\">Cold state<\/td>\n<td style=\"text-align: center\">t&lt;0,1 gi\u00e2y<\/td>\n<td style=\"text-align: center\">tripping<\/td>\n<\/tr>\n<\/tbody>\n<\/table>\n<p>&nbsp;<\/p>\n<p>Ch\u00fang t\u00f4i c\u0169ng l\u00e0 m\u1ed9t trong nh\u1eefng nh\u00e0 s\u1ea3n xu\u1ea5t v\u00e0 xu\u1ea5t kh\u1ea9u h\u00e0ng \u0111\u1ea7u v\u1ec1 nhi\u1ec1u lo\u1ea1i H\u1ed9p n\u1ed1i g\u1eafn tr\u00ean c\u1ed9t SMC (H\u1ed9p \u0111\u00e8n \u0111\u01b0\u1eddng). Ch\u00fang \u0111\u01b0\u1ee3c s\u1ea3n xu\u1ea5t b\u1eb1ng v\u1eadt li\u1ec7u cao c\u1ea5p v\u00e0 \u0111\u01b0\u1ee3c trang b\u1ecb n\u1eafp b\u1ea3o v\u1ec7 \u0111\u1ec3 tr\u00e1nh va \u0111\u1eadp. Nh\u1eefng h\u1ed9p n\u00e0y c\u00f3 \u0111\u1ed9 b\u1ec1n cao v\u00e0 \u0111\u01b0\u1ee3c cung c\u1ea5p theo th\u00f4ng s\u1ed1 k\u1ef9 thu\u1eadt ti\u00eau chu\u1ea9n cho kh\u00e1ch h\u00e0ng c\u1ee7a ch\u00fang t\u00f4i.<\/p>\n<div style=\"text-align: center\">\n<figure class=\"image\"><img loading=\"lazy\" decoding=\"async\" src=\"https:\/\/morstar.vn\/wp-content\/uploads\/2024\/08\/tu-dien.jpg\" alt=\"tu dien\" width=\"767\" height=\"414\" \/><figcaption><\/figcaption><\/figure>\n<\/div>\n<p>Ch\u00fang t\u00f4i \u00e1p d\u1ee5ng ch\u00ednh s\u00e1ch ph\u00e1t tri\u1ec3n li\u00ean t\u1ee5c s\u1ea3n ph\u1ea9m c\u1ee7a m\u00ecnh v\u00e0 c\u00f3 quy\u1ec1n thay \u0111\u1ed5i th\u00f4ng s\u1ed1 k\u1ef9 thu\u1eadt v\u00e0 \u0111\u1eb7c \u0111i\u1ec3m k\u1ef9 thu\u1eadt m\u00e0 kh\u00f4ng c\u1ea7n th\u00f4ng b\u00e1o. \u0110\u1ec3 bi\u1ebft th\u00eam th\u00f4ng tin, vui l\u00f2ng li\u00ean h\u1ec7 v\u1edbi Sao Mai.<\/p>","protected":false},"excerpt":{"rendered":"<p>RCBO c\u1ee7a ch\u00fang t\u00f4i \u0111\u01b0\u1ee3c thi\u1ebft k\u1ebf \u0111\u1ec3 k\u1ebft h\u1ee3p b\u1ea3o v\u1ec7 r\u00f2 r\u1ec9 \u0111\u1ea5t v\u00e0 b\u1ea3o v\u1ec7 qu\u00e1 t\u1ea3i trong m\u1ed9t \u0111\u01a1n v\u1ecb nh\u1ecf g\u1ecdn. T\u1ea5t c\u1ea3 \u0111\u1ec1u c\u00f3 c\u00e0i \u0111\u1eb7t \u0111\u1ed9 nh\u1ea1y l\u00e0 30mA, 100mA, 300mA v\u00e0 c\u00f3 nhi\u1ec1u m\u1ee9c \u0111\u1ecbnh m\u1ee9c d\u00f2ng \u0111i\u1ec7n kh\u00e1c nhau. C\u00e1c thi\u1ebft b\u1ecb b\u1ea3o v\u1ec7 n\u00e0y ph\u00f9 h\u1ee3p cho c\u00e1c \u1ee9ng d\u1ee5ng trong gia \u0111\u00ecnh, th\u01b0\u01a1ng m\u1ea1i v\u00e0 c\u00f4ng nghi\u1ec7p.<\/p>","protected":false},"featured_media":28240,"comment_status":"closed","ping_status":"closed","template":"","meta":{"inline_featured_image":false},"product_brand":[],"product_cat":[271,278,320],"product_tag":[],"class_list":{"0":"post-28238","1":"product","2":"type-product","3":"status-publish","4":"has-post-thumbnail","6":"product_cat-circuit-breaker","7":"product_cat-distributed-products","8":"product_cat-electrical-safety-products","10":"first","11":"instock","12":"product-type-simple"},"_links":{"self":[{"href":"https:\/\/morstar.vn\/vi\/wp-json\/wp\/v2\/product\/28238","targetHints":{"allow":["GET"]}}],"collection":[{"href":"https:\/\/morstar.vn\/vi\/wp-json\/wp\/v2\/product"}],"about":[{"href":"https:\/\/morstar.vn\/vi\/wp-json\/wp\/v2\/types\/product"}],"replies":[{"embeddable":true,"href":"https:\/\/morstar.vn\/vi\/wp-json\/wp\/v2\/comments?post=28238"}],"wp:featuredmedia":[{"embeddable":true,"href":"https:\/\/morstar.vn\/vi\/wp-json\/wp\/v2\/media\/28240"}],"wp:attachment":[{"href":"https:\/\/morstar.vn\/vi\/wp-json\/wp\/v2\/media?parent=28238"}],"wp:term":[{"taxonomy":"product_brand","embeddable":true,"href":"https:\/\/morstar.vn\/vi\/wp-json\/wp\/v2\/product_brand?post=28238"},{"taxonomy":"product_cat","embeddable":true,"href":"https:\/\/morstar.vn\/vi\/wp-json\/wp\/v2\/product_cat?post=28238"},{"taxonomy":"product_tag","embeddable":true,"href":"https:\/\/morstar.vn\/vi\/wp-json\/wp\/v2\/product_tag?post=28238"}],"curies":[{"name":"wp","href":"https:\/\/api.w.org\/{rel}","templated":true}]}}