{"id":28232,"date":"2024-08-16T11:14:35","date_gmt":"2024-08-16T11:14:35","guid":{"rendered":"https:\/\/morstar.vn\/product\/ml7-63-series-miniature-circuit-breaker\/"},"modified":"2024-12-24T02:48:44","modified_gmt":"2024-12-24T02:48:44","slug":"may-cat-mach-thu-nho-ml7-63-series","status":"publish","type":"product","link":"https:\/\/morstar.vn\/vi\/san-pham\/may-cat-mach-thu-nho-ml7-63-series\/","title":{"rendered":"MCB"},"content":{"rendered":"<div style=\"text-align: center\">\n<figure class=\"image\"><img loading=\"lazy\" decoding=\"async\" src=\"https:\/\/morstar.vn\/wp-content\/uploads\/2024\/08\/mcb-ml7-63.jpg\" alt=\"mcb ml7 63\" width=\"715\" height=\"231\" \/><figcaption>mcb ml7 63<\/figcaption><\/figure>\n<\/div>\n<p>&nbsp;<\/p>\n<p><strong>1.<\/strong>\u00a0<b>Th\u00f4ng s\u1ed1 k\u1ef9 thu\u1eadt ch\u00ednh<\/b><\/p>\n<p>&nbsp;<\/p>\n<table style=\"width: 700px\" border=\"1\" cellspacing=\"1\" cellpadding=\"1\" align=\"center\">\n<tbody>\n<tr>\n<td style=\"text-align: center\" colspan=\"3\" rowspan=\"1\"><strong>Ki\u1ec3u<\/strong><\/td>\n<td style=\"text-align: center\" colspan=\"4\" rowspan=\"1\"><strong>ML7-63<\/strong><\/td>\n<\/tr>\n<tr>\n<td style=\"text-align: center\" colspan=\"3\" rowspan=\"1\">S\u1ed1<\/td>\n<td style=\"text-align: center\">1P<\/td>\n<td style=\"text-align: center\">2P<\/td>\n<td style=\"text-align: center\">3P<\/td>\n<td style=\"text-align: center\">4P<\/td>\n<\/tr>\n<tr>\n<td style=\"text-align: center\" colspan=\"3\" rowspan=\"1\">Tr\u1ecdng l\u01b0\u1ee3ng (kg)<\/td>\n<td style=\"text-align: center\">0.1<\/td>\n<td style=\"text-align: center\">0.2<\/td>\n<td style=\"text-align: center\">0.3<\/td>\n<td style=\"text-align: center\">0.4<\/td>\n<\/tr>\n<tr>\n<td style=\"text-align: center\" colspan=\"3\" rowspan=\"1\">D\u00f2ng \u0111i\u1ec7n \u0111\u1ecbnh m\u1ee9c (A)<\/td>\n<td style=\"text-align: center\" colspan=\"4\" rowspan=\"1\">1,2,3,4,6,10,16,20,25,32,40,50,63<\/td>\n<\/tr>\n<tr>\n<td style=\"text-align: center\" colspan=\"3\" rowspan=\"1\">\u0110i\u1ec7n \u00e1p \u0111\u1ecbnh m\u1ee9c (V)<\/td>\n<td style=\"text-align: center\" colspan=\"2\" rowspan=\"1\">240<\/td>\n<td style=\"text-align: center\" colspan=\"2\" rowspan=\"1\">415<\/td>\n<\/tr>\n<tr>\n<td style=\"text-align: center\" colspan=\"3\" rowspan=\"1\">Lo\u1ea1i ph\u00e1t h\u00e0nh t\u1ee9c th\u1eddi<\/td>\n<td style=\"text-align: center\" colspan=\"4\" rowspan=\"1\">B, C, D<\/td>\n<\/tr>\n<tr>\n<td style=\"text-align: center\" colspan=\"3\" rowspan=\"1\">Thi\u1ebft b\u1ecb v\u1ea5p ng\u00e3<\/td>\n<td style=\"text-align: center\" colspan=\"4\" rowspan=\"1\">Cu\u1ed9n d\u00e2y nhi\u1ec7t t\u1eeb<\/td>\n<\/tr>\n<tr>\n<td style=\"text-align: center\" colspan=\"3\" rowspan=\"1\">Kh\u1ea3 n\u0103ng c\u1eaft ng\u1eafn m\u1ea1ch \u0111\u1ecbnh m\u1ee9c Icn(KA)<\/td>\n<td style=\"text-align: center\" colspan=\"4\" rowspan=\"1\">10<\/td>\n<\/tr>\n<tr>\n<td style=\"text-align: center\" colspan=\"1\" rowspan=\"6\">Cu\u1ed9c s\u1ed1ng (l\u1ea7n)<\/td>\n<td style=\"text-align: center\" colspan=\"1\" rowspan=\"3\">1-32A<\/td>\n<td style=\"text-align: center\">Cu\u1ed9c s\u1ed1ng \u0111i\u1ec7n<\/td>\n<td style=\"text-align: center\" colspan=\"4\" rowspan=\"1\">8000<\/td>\n<\/tr>\n<tr>\n<td style=\"text-align: center\">Cu\u1ed9c s\u1ed1ng c\u01a1 h\u1ecdc<\/td>\n<td style=\"text-align: center\" colspan=\"4\" rowspan=\"1\">20000<\/td>\n<\/tr>\n<tr>\n<td style=\"text-align: center\">T\u1ea7n su\u1ea5t ho\u1ea1t \u0111\u1ed9ng<\/td>\n<td style=\"text-align: center\" colspan=\"4\">240 l\u1ea7n m\u1ed9t gi\u1edd<\/td>\n<\/tr>\n<tr>\n<td style=\"text-align: center\" colspan=\"1\" rowspan=\"3\">40-63A<\/td>\n<td style=\"text-align: center\">Cu\u1ed9c s\u1ed1ng \u0111i\u1ec7n<\/td>\n<td style=\"text-align: center\" colspan=\"4\">8000<\/td>\n<\/tr>\n<tr>\n<td style=\"text-align: center\"><span style=\"line-height: 20.8px;text-align: center\">Cu\u1ed9c s\u1ed1ng c\u01a1 h\u1ecdc<\/span><\/td>\n<td style=\"text-align: center\" colspan=\"4\">20000<\/td>\n<\/tr>\n<tr>\n<td style=\"text-align: center\"><span style=\"line-height: 20.8px;text-align: center\">T\u1ea7n su\u1ea5t ho\u1ea1t \u0111\u1ed9ng<\/span><\/td>\n<td style=\"text-align: center\" colspan=\"4\">120 mes m\u1ed7i gi\u1edd<\/td>\n<\/tr>\n<\/tbody>\n<\/table>\n<p>&nbsp;<\/p>\n<p><strong>2.<\/strong> <strong>D\u00e2y d\u1eabn \u0111i\u1ec7n \u00e1p d\u1ee5ng<\/strong><\/p>\n<p>&nbsp;<\/p>\n<table border=\"1\" cellspacing=\"1\" cellpadding=\"1\" align=\"center\">\n<tbody>\n<tr>\n<td style=\"text-align: center\"><strong>D\u00f2ng \u0111i\u1ec7n<\/strong> <strong>hi\u1ec7n t\u1ea1i(A)<\/strong><\/td>\n<td style=\"text-align: center\"><strong>Ti\u1ebft di\u1ec7n<\/strong> <strong>cross<\/strong> <strong>ph\u1ea7n<\/strong> <strong>c\u1ee7a<\/strong> <strong>d\u00e2y \u0111i\u1ec7n<\/strong> <strong>mm<\/strong><strong>2<\/strong><\/td>\n<\/tr>\n<tr>\n<td style=\"text-align: center\">1-6A<\/td>\n<td style=\"text-align: center\">1<\/td>\n<\/tr>\n<tr>\n<td style=\"text-align: center\">10A<\/td>\n<td style=\"text-align: center\">1.5<\/td>\n<\/tr>\n<tr>\n<td style=\"text-align: center\">16,20A<\/td>\n<td style=\"text-align: center\">2.5<\/td>\n<\/tr>\n<tr>\n<td style=\"text-align: center\">25A<\/td>\n<td style=\"text-align: center\">4<\/td>\n<\/tr>\n<tr>\n<td style=\"text-align: center\">32A<\/td>\n<td style=\"text-align: center\">6<\/td>\n<\/tr>\n<tr>\n<td style=\"text-align: center\">40,50A<\/td>\n<td style=\"text-align: center\">10<\/td>\n<\/tr>\n<tr>\n<td style=\"text-align: center\">63A<\/td>\n<td style=\"text-align: center\">16<\/td>\n<\/tr>\n<\/tbody>\n<\/table>\n<p>&nbsp;<\/p>\n<p><strong>3.T\u00ednh ch\u1ea5t b\u1ea3o v\u1ec7 qu\u00e1 d\u00f2ng<\/strong><\/p>\n<p>&nbsp;<\/p>\n<table border=\"1\" cellspacing=\"1\" cellpadding=\"1\" align=\"center\">\n<tbody>\n<tr>\n<td>\n<p style=\"text-align: center\"><strong>Nhi\u1ec7t \u0111\u1ed9 m\u00f4i tr\u01b0\u1eddng<\/strong><\/p>\n<\/td>\n<td style=\"text-align: center\"><strong>Tr\u1ea1ng th\u00e1i ban \u0111\u1ea7u<\/strong><\/td>\n<td>\n<p style=\"text-align: center\"><strong>Ki\u1ec3m tra d\u00f2ng \u0111i\u1ec7n<\/strong><\/p>\n<\/td>\n<td>\n<p style=\"text-align: center\"><b>Th\u1eddi gian th\u1eed nghi\u1ec7m<\/b><\/p>\n<\/td>\n<td>\n<p style=\"text-align: center\"><strong>K\u1ebft qu\u1ea3 mong \u0111\u1ee3i<\/strong><\/p>\n<\/td>\n<td style=\"text-align: center\"><strong>Ghi ch\u00fa<\/strong><\/td>\n<\/tr>\n<tr>\n<td style=\"text-align: center\" colspan=\"1\" rowspan=\"4\">30\u00b12<sup>\u00f4i<\/sup>C<\/td>\n<td style=\"text-align: center\">V\u1ecb tr\u00ed l\u1ea1nh<\/td>\n<td style=\"text-align: center\">1.13Trong<\/td>\n<td style=\"text-align: center\">t&gt;=1h<\/td>\n<td style=\"text-align: center\">Kh\u00f4ng ph\u00e1t h\u00e0nh<\/td>\n<td style=\"text-align: center\">&#8211;<\/td>\n<\/tr>\n<tr>\n<td>\n<p style=\"text-align: center\">\u0110\u00e3 ti\u1ebfn h\u00e0nh<\/p>\n<p style=\"text-align: center\">ngay sau \u0111\u00f3<\/p>\n<p style=\"text-align: center\">b\u00e0i ki\u1ec3m tra tr\u01b0\u1edbc<\/p>\n<\/td>\n<td style=\"text-align: center\">1,45 Trong<\/td>\n<td style=\"text-align: center\">t&lt;1 gi\u1edd<\/td>\n<td style=\"text-align: center\">Gi\u1ea3i ph\u00f3ng<\/td>\n<td style=\"text-align: center\">&#8211;<\/td>\n<\/tr>\n<tr>\n<td style=\"text-align: center\">V\u1ecb tr\u00ed l\u1ea1nh<\/td>\n<td style=\"text-align: center\">2,55 Trong<\/td>\n<td>\n<p style=\"text-align: center\">1 gi\u00e2y<\/p>\n<p style=\"text-align: center\">(In&lt;=32A)<\/p>\n<\/td>\n<td style=\"text-align: center\">Gi\u1ea3i ph\u00f3ng<\/td>\n<td colspan=\"1\" rowspan=\"2\">\n<p style=\"text-align: center\">Hi\u1ec7n t\u1ea1i tr\u00f4i ch\u1ea3y<\/p>\n<p style=\"text-align: center\">t\u0103ng l\u00ean \u0111\u1ebfn m\u1ee9c quy \u0111\u1ecbnh<\/p>\n<p style=\"text-align: center\">gi\u00e1 tr\u1ecb trong v\u00f2ng 5 gi\u00e2y<\/p>\n<\/td>\n<\/tr>\n<tr>\n<td style=\"text-align: center\">V\u1ecb tr\u00ed l\u1ea1nh<\/td>\n<td style=\"text-align: center\">2,55 Trong<\/td>\n<td>\n<p style=\"text-align: center\">1 gi\u00e2y<\/p>\n<p style=\"text-align: center\">(Trong&gt;32A)<\/p>\n<\/td>\n<td style=\"text-align: center\">Gi\u1ea3i ph\u00f3ng<\/td>\n<\/tr>\n<tr>\n<td style=\"text-align: center\" colspan=\"1\" rowspan=\"6\">-5~+40<sup>\u00f4i<\/sup>C<\/td>\n<td style=\"text-align: center\">V\u1ecb tr\u00ed l\u1ea1nh<\/td>\n<td style=\"text-align: center\">3Trong<\/td>\n<td style=\"text-align: center\">t&gt;=0.1s<\/td>\n<td style=\"text-align: center\">Kh\u00f4ng ph\u00e1t h\u00e0nh<\/td>\n<td style=\"text-align: center\">Lo\u1ea1i B<\/td>\n<\/tr>\n<tr>\n<td style=\"text-align: center\">V\u1ecb tr\u00ed l\u1ea1nh<\/td>\n<td style=\"text-align: center\">5Trong<\/td>\n<td style=\"text-align: center\">t&lt;0,1 gi\u00e2y<\/td>\n<td style=\"text-align: center\">Gi\u1ea3i ph\u00f3ng<\/td>\n<td style=\"text-align: center\">Lo\u1ea1i B<\/td>\n<\/tr>\n<tr>\n<td style=\"text-align: center\">V\u1ecb tr\u00ed l\u1ea1nh<\/td>\n<td style=\"text-align: center\">5Trong<\/td>\n<td style=\"text-align: center\">t&gt;=0.1s<\/td>\n<td style=\"text-align: center\">Kh\u00f4ng ph\u00e1t h\u00e0nh<\/td>\n<td style=\"text-align: center\">Lo\u1ea1i C<\/td>\n<\/tr>\n<tr>\n<td style=\"text-align: center\">V\u1ecb tr\u00ed l\u1ea1nh<\/td>\n<td style=\"text-align: center\">10Trong<\/td>\n<td style=\"text-align: center\">t&lt;0,1 gi\u00e2y<\/td>\n<td style=\"text-align: center\">Gi\u1ea3i ph\u00f3ng<\/td>\n<td style=\"text-align: center\">Lo\u1ea1i C<\/td>\n<\/tr>\n<tr>\n<td style=\"text-align: center\">V\u1ecb tr\u00ed l\u1ea1nh<\/td>\n<td style=\"text-align: center\">10Trong<\/td>\n<td style=\"text-align: center\">t&gt;=0.1s<\/td>\n<td style=\"text-align: center\">Kh\u00f4ng ph\u00e1t h\u00e0nh<\/td>\n<td style=\"text-align: center\">Lo\u1ea1i D<\/td>\n<\/tr>\n<tr>\n<td style=\"text-align: center\">V\u1ecb tr\u00ed l\u1ea1nh<\/td>\n<td style=\"text-align: center\">20Trong<\/td>\n<td style=\"text-align: center\">t&lt;0,1 gi\u00e2y<\/td>\n<td style=\"text-align: center\">Gi\u1ea3i ph\u00f3ng<\/td>\n<td style=\"text-align: center\">Lo\u1ea1i D<\/td>\n<\/tr>\n<\/tbody>\n<\/table>\n<p>&nbsp;<\/p>\n<p><strong>4. K\u00edch th\u01b0\u1edbc<\/strong><\/p>\n<p>&nbsp;<\/p>\n<div style=\"text-align: center\">\n<figure class=\"image\"><img loading=\"lazy\" decoding=\"async\" src=\"https:\/\/morstar.vn\/wp-content\/uploads\/2024\/08\/mcb-ml7-63-dimension.jpg\" alt=\"mcb ml7 63 k\u00edch th\u01b0\u1edbc\" width=\"693\" height=\"175\" \/><figcaption><\/figcaption><\/figure>\n<\/div>\n<p>&nbsp;<\/p>\n<p>Ch\u00fang t\u00f4i c\u0169ng l\u00e0 m\u1ed9t trong nh\u1eefng nh\u00e0 s\u1ea3n xu\u1ea5t v\u00e0 xu\u1ea5t kh\u1ea9u h\u00e0ng \u0111\u1ea7u v\u1ec1 nhi\u1ec1u lo\u1ea1i H\u1ed9p n\u1ed1i g\u1eafn tr\u00ean c\u1ed9t SMC (H\u1ed9p \u0111\u00e8n \u0111\u01b0\u1eddng). Ch\u00fang \u0111\u01b0\u1ee3c s\u1ea3n xu\u1ea5t b\u1eb1ng v\u1eadt li\u1ec7u cao c\u1ea5p v\u00e0 \u0111\u01b0\u1ee3c trang b\u1ecb n\u1eafp b\u1ea3o v\u1ec7 \u0111\u1ec3 tr\u00e1nh va \u0111\u1eadp. Nh\u1eefng h\u1ed9p n\u00e0y c\u00f3 \u0111\u1ed9 b\u1ec1n cao v\u00e0 \u0111\u01b0\u1ee3c cung c\u1ea5p theo th\u00f4ng s\u1ed1 k\u1ef9 thu\u1eadt ti\u00eau chu\u1ea9n cho kh\u00e1ch h\u00e0ng c\u1ee7a ch\u00fang t\u00f4i.<\/p>\n<div style=\"text-align: center\">\n<figure class=\"image\"><img loading=\"lazy\" decoding=\"async\" src=\"https:\/\/morstar.vn\/wp-content\/uploads\/2024\/08\/tu-dien.jpg\" alt=\"tu dien\" width=\"767\" height=\"414\" \/><figcaption><\/figcaption><\/figure>\n<\/div>\n<p>Ch\u00fang t\u00f4i \u00e1p d\u1ee5ng ch\u00ednh s\u00e1ch ph\u00e1t tri\u1ec3n li\u00ean t\u1ee5c s\u1ea3n ph\u1ea9m c\u1ee7a m\u00ecnh v\u00e0 c\u00f3 quy\u1ec1n thay \u0111\u1ed5i th\u00f4ng s\u1ed1 k\u1ef9 thu\u1eadt v\u00e0 \u0111\u1eb7c \u0111i\u1ec3m k\u1ef9 thu\u1eadt m\u00e0 kh\u00f4ng c\u1ea7n th\u00f4ng b\u00e1o. \u0110\u1ec3 bi\u1ebft th\u00eam th\u00f4ng tin, vui l\u00f2ng li\u00ean h\u1ec7 v\u1edbi Sao Mai.<\/p>","protected":false},"excerpt":{"rendered":"<p>\u1ee8ng d\u1ee5ng.<\/p>\n<p>MCB (ML7-63) c\u00f3 kh\u1ea3 n\u0103ng ng\u1eaft m\u1ea1ch cao \u00e1p d\u1ee5ng cho \u0111\u01b0\u1eddng d\u00e2y AC 50\/60Hz, \u0111i\u1ec7n \u00e1p \u0111\u1ecbnh m\u1ee9c 230\/400V v\u00e0 d\u00f2ng \u0111i\u1ec7n \u0111\u1ecbnh m\u1ee9c l\u00ean \u0111\u1ebfn 63A, \u0111\u01b0\u1ee3c s\u1eed d\u1ee5ng \u0111\u1ec3 b\u1ea3o v\u1ec7 qu\u00e1 t\u1ea3i v\u00e0 ng\u1eafn m\u1ea1ch. N\u00f3 c\u0169ng c\u00f3 th\u1ec3 \u0111\u01b0\u1ee3c s\u1eed d\u1ee5ng \u0111\u1ec3 chuy\u1ec3n \u0111\u1ed5i \u0111\u01b0\u1eddng d\u00e2y kh\u00f4ng th\u01b0\u1eddng xuy\u00ean trong \u0111i\u1ec1u ki\u1ec7n b\u00ecnh th\u01b0\u1eddng. M\u00e1y c\u1eaft n\u00e0y c\u00f3 th\u1ec3 s\u1eed d\u1ee5ng cho doanh nghi\u1ec7p c\u00f4ng nghi\u1ec7p, khu th\u01b0\u01a1ng m\u1ea1i, t\u00f2a nh\u00e0 cao t\u1ea7ng v\u00e0 nh\u00e0 \u1edf. N\u00f3 ph\u00f9 h\u1ee3p v\u1edbi ti\u00eau chu\u1ea9n IEC60898<\/p>","protected":false},"featured_media":28234,"comment_status":"closed","ping_status":"closed","template":"","meta":{"inline_featured_image":false},"product_brand":[],"product_cat":[271,278,320],"product_tag":[],"class_list":{"0":"post-28232","1":"product","2":"type-product","3":"status-publish","4":"has-post-thumbnail","6":"product_cat-circuit-breaker","7":"product_cat-distributed-products","8":"product_cat-electrical-safety-products","10":"first","11":"instock","12":"product-type-simple"},"_links":{"self":[{"href":"https:\/\/morstar.vn\/vi\/wp-json\/wp\/v2\/product\/28232","targetHints":{"allow":["GET"]}}],"collection":[{"href":"https:\/\/morstar.vn\/vi\/wp-json\/wp\/v2\/product"}],"about":[{"href":"https:\/\/morstar.vn\/vi\/wp-json\/wp\/v2\/types\/product"}],"replies":[{"embeddable":true,"href":"https:\/\/morstar.vn\/vi\/wp-json\/wp\/v2\/comments?post=28232"}],"wp:featuredmedia":[{"embeddable":true,"href":"https:\/\/morstar.vn\/vi\/wp-json\/wp\/v2\/media\/28234"}],"wp:attachment":[{"href":"https:\/\/morstar.vn\/vi\/wp-json\/wp\/v2\/media?parent=28232"}],"wp:term":[{"taxonomy":"product_brand","embeddable":true,"href":"https:\/\/morstar.vn\/vi\/wp-json\/wp\/v2\/product_brand?post=28232"},{"taxonomy":"product_cat","embeddable":true,"href":"https:\/\/morstar.vn\/vi\/wp-json\/wp\/v2\/product_cat?post=28232"},{"taxonomy":"product_tag","embeddable":true,"href":"https:\/\/morstar.vn\/vi\/wp-json\/wp\/v2\/product_tag?post=28232"}],"curies":[{"name":"wp","href":"https:\/\/api.w.org\/{rel}","templated":true}]}}