{"id":28221,"date":"2024-08-16T11:13:48","date_gmt":"2024-08-16T11:13:48","guid":{"rendered":"https:\/\/morstar.vn\/product\/frp-composite-crosssarm\/"},"modified":"2024-12-10T08:05:56","modified_gmt":"2024-12-10T08:05:56","slug":"tay-don-composite-frp","status":"publish","type":"product","link":"https:\/\/morstar.vn\/vi\/san-pham\/tay-don-composite-frp\/","title":{"rendered":"Thanh \u0111\u00e0 composite"},"content":{"rendered":"<div style=\"text-align: center\"><img loading=\"lazy\" decoding=\"async\" src=\"https:\/\/morstar.vn\/wp-content\/uploads\/2024\/08\/cot-dien_1.jpg\" alt=\"gi\u01b0\u1eddng \u0111i\u1ec7n 1\" width=\"700\" height=\"1244\" \/><\/div>\n<p>&nbsp;<\/p>\n<div style=\"text-align: center\"><img loading=\"lazy\" decoding=\"async\" src=\"https:\/\/morstar.vn\/wp-content\/uploads\/2024\/08\/cot-dien-da-thanh-chong-composite_1.jpg\" alt=\"c\u1ed1t ?ien, ?\u00e0, thanh chung composite\" width=\"700\" height=\"505\" \/><\/div>\n<p><img loading=\"lazy\" decoding=\"async\" class=\"alignnone wp-image-31080 aligncenter\" src=\"https:\/\/morstar.vn\/wp-content\/uploads\/2024\/08\/Crossarm-640x291.jpg\" alt=\"\" width=\"703\" height=\"320\" srcset=\"https:\/\/morstar.vn\/wp-content\/uploads\/2024\/08\/Crossarm-640x291.jpg 640w, https:\/\/morstar.vn\/wp-content\/uploads\/2024\/08\/Crossarm-1280x582.jpg 1280w, https:\/\/morstar.vn\/wp-content\/uploads\/2024\/08\/Crossarm-768x349.jpg 768w, https:\/\/morstar.vn\/wp-content\/uploads\/2024\/08\/Crossarm-18x8.jpg 18w, https:\/\/morstar.vn\/wp-content\/uploads\/2024\/08\/Crossarm-320x146.jpg 320w, https:\/\/morstar.vn\/wp-content\/uploads\/2024\/08\/Crossarm-430x196.jpg 430w, https:\/\/morstar.vn\/wp-content\/uploads\/2024\/08\/Crossarm-700x319.jpg 700w, https:\/\/morstar.vn\/wp-content\/uploads\/2024\/08\/Crossarm.jpg 1378w\" sizes=\"auto, (max-width: 703px) 100vw, 703px\" \/><\/p>\n<table>\n<tbody>\n<tr>\n<td colspan=\"5\" width=\"555\">\n<p style=\"text-align: center\"><strong>List of high-tech composite crossarm<\/strong><\/p>\n<\/td>\n<\/tr>\n<tr>\n<td width=\"47\">\n<p style=\"text-align: center\"><strong>M\u1ee5c<\/strong><\/p>\n<\/td>\n<td style=\"text-align: center\" width=\"271\"><strong>S\u1ef1 mi\u00eau t\u1ea3<\/strong><\/td>\n<td style=\"text-align: center\" width=\"74\"><strong>\u0110\u01a1n v\u1ecb<\/strong><\/td>\n<td style=\"text-align: center\" width=\"101\"><strong>S\u1ed1 l\u01b0\u1ee3ng<\/strong><\/td>\n<td width=\"61\">\n<p style=\"text-align: center\"><strong>Ghi ch\u00fa<\/strong><\/p>\n<\/td>\n<\/tr>\n<tr>\n<td width=\"47\">\n<p style=\"text-align: center\">1<\/p>\n<\/td>\n<td width=\"271\">\u0110\u00e0 Composite 75x75x6x800mm<\/td>\n<td width=\"74\">\n<p style=\"text-align: center\">C\u00e2y<\/p>\n<\/td>\n<td width=\"101\">\n<p style=\"text-align: center\">1<\/p>\n<\/td>\n<td width=\"61\"><\/td>\n<\/tr>\n<tr>\n<td width=\"47\">\n<p style=\"text-align: center\">2<\/p>\n<\/td>\n<td width=\"271\">\u0110\u00e0 Composite 60\u00d710-810mm<\/td>\n<td width=\"74\">\n<p style=\"text-align: center\">C\u00e2y<\/p>\n<\/td>\n<td width=\"101\">\n<p style=\"text-align: center\">1<\/p>\n<\/td>\n<td width=\"61\"><\/td>\n<\/tr>\n<tr>\n<td width=\"47\">\n<p style=\"text-align: center\">3<\/p>\n<\/td>\n<td width=\"271\">\u0110\u00e0 Composite 75x75x6x2400mm<\/td>\n<td width=\"74\">\n<p style=\"text-align: center\">C\u00e2y<\/p>\n<\/td>\n<td width=\"101\">\n<p style=\"text-align: center\">1<\/p>\n<\/td>\n<td width=\"61\"><\/td>\n<\/tr>\n<tr>\n<td width=\"47\">\n<p style=\"text-align: center\">4<\/p>\n<\/td>\n<td width=\"271\">\u0110\u00e0 Composite 60\u00d710-920mm<\/td>\n<td width=\"74\">\n<p style=\"text-align: center\">C\u00e2y<\/p>\n<\/td>\n<td width=\"101\">\n<p style=\"text-align: center\">1<\/p>\n<\/td>\n<td width=\"61\"><\/td>\n<\/tr>\n<tr>\n<td width=\"47\">\n<p style=\"text-align: center\">5<\/p>\n<\/td>\n<td width=\"271\">\u0110\u00e0 Composite 75x75x6-2800mm<\/td>\n<td width=\"74\">\n<p style=\"text-align: center\">C\u00e2y<\/p>\n<\/td>\n<td width=\"101\">\n<p style=\"text-align: center\">1<\/p>\n<\/td>\n<td width=\"61\"><\/td>\n<\/tr>\n<tr>\n<td width=\"47\">\n<p style=\"text-align: center\">6<\/p>\n<\/td>\n<td width=\"271\">\u0110\u00e0 Composite 75x75x6-2800mm<\/td>\n<td width=\"74\">\n<p style=\"text-align: center\">C\u00e2y<\/p>\n<\/td>\n<td width=\"101\">\n<p style=\"text-align: center\">1<\/p>\n<\/td>\n<td width=\"61\"><\/td>\n<\/tr>\n<tr>\n<td width=\"47\">\n<p style=\"text-align: center\">7<\/p>\n<\/td>\n<td width=\"271\">\u0110\u00e0 Composite 75x75x6-3200mm<\/td>\n<td width=\"74\">\n<p style=\"text-align: center\">C\u00e2y<\/p>\n<\/td>\n<td width=\"101\">\n<p style=\"text-align: center\">1<\/p>\n<\/td>\n<td width=\"61\"><\/td>\n<\/tr>\n<tr>\n<td width=\"47\">\n<p style=\"text-align: center\">8<\/p>\n<\/td>\n<td width=\"271\">\u0110\u00e0 Composite 80x110x5x2400mm<\/td>\n<td width=\"74\">\n<p style=\"text-align: center\">C\u00e2y<\/p>\n<\/td>\n<td width=\"101\">\n<p style=\"text-align: center\">1<\/p>\n<\/td>\n<td width=\"61\"><\/td>\n<\/tr>\n<\/tbody>\n<\/table>\n<p><strong>So s\u00e1nh \u0111\u00e0<\/strong><\/p>\n<table border=\"1\" cellspacing=\"1\" cellpadding=\"1\" align=\"center\">\n<tbody>\n<tr>\n<td style=\"text-align: center;background-color: #003399\"><\/td>\n<td style=\"text-align: center;background-color: #003399\"><span style=\"color: #ffffff\"><strong>C\u1ed9t Composite FRP<\/strong><\/span><\/td>\n<td style=\"text-align: center;background-color: #003399\"><span style=\"color: #ffffff\"><strong>C\u1ed9t th\u00e9p m\u1ea1 k\u1ebdm<\/strong><\/span><\/td>\n<td style=\"text-align: center;background-color: #003399\"><span style=\"color: #ffffff\"><strong>C\u1ed9t nh\u00f4m<\/strong><\/span><\/td>\n<td style=\"text-align: center;background-color: #003399\"><span style=\"color: #ffffff\"><strong>C\u1ed9t b\u00ea t\u00f4ng<\/strong><\/span><\/td>\n<\/tr>\n<tr>\n<td>Tr\u1ecdng l\u01b0\u1ee3ng nh\u1eb9<\/td>\n<td style=\"text-align: center\">G<\/td>\n<td style=\"text-align: center\">B<\/td>\n<td style=\"text-align: center\">A<\/td>\n<td style=\"text-align: center\">B<\/td>\n<\/tr>\n<tr>\n<td>D\u1ec5 b\u1ea3o tr\u00ec<\/td>\n<td style=\"text-align: center\">G<\/td>\n<td style=\"text-align: center\">B<\/td>\n<td style=\"text-align: center\">A<\/td>\n<td style=\"text-align: center\">A<\/td>\n<\/tr>\n<tr>\n<td>\u0110\u1ed9 \u1ed5n \u0111\u1ecbnh m\u00e0u s\u1eafc<\/td>\n<td style=\"text-align: center\">G<\/td>\n<td style=\"text-align: center\">B<\/td>\n<td style=\"text-align: center\">B<\/td>\n<td style=\"text-align: center\">B<\/td>\n<\/tr>\n<tr>\n<td>D\u1ec5 d\u00e0ng c\u00e0i \u0111\u1eb7t<\/td>\n<td style=\"text-align: center\">G<\/td>\n<td style=\"text-align: center\">B<\/td>\n<td style=\"text-align: center\">B<\/td>\n<td style=\"text-align: center\">B<\/td>\n<\/tr>\n<tr>\n<td>Kh\u00f4ng d\u1eabn \u0111i\u1ec7n<\/td>\n<td style=\"text-align: center\">G<\/td>\n<td style=\"text-align: center\">B<\/td>\n<td style=\"text-align: center\">B<\/td>\n<td style=\"text-align: center\">G<\/td>\n<\/tr>\n<tr>\n<td>Ch\u1ed1ng \u0103n m\u00f2n<\/td>\n<td style=\"text-align: center\">G<\/td>\n<td style=\"text-align: center\">B<\/td>\n<td style=\"text-align: center\">B<\/td>\n<td style=\"text-align: center\">A<\/td>\n<\/tr>\n<tr>\n<td>Tu\u1ed5i th\u1ecd d\u00e0i<\/td>\n<td style=\"text-align: center\">G<\/td>\n<td style=\"text-align: center\">A<\/td>\n<td style=\"text-align: center\">G<\/td>\n<td style=\"text-align: center\">A<\/td>\n<\/tr>\n<\/tbody>\n<\/table>\n<div style=\"text-align: center\">G: T\u1ed1t A: Trung b\u00ecnh B: K\u00e9m<\/div>\n<p><strong>M\u00e3 s\u1ea3n xu\u1ea5t c\u1ee7a \u0111\u00e0<\/strong><\/p>\n<table border=\"1\" cellspacing=\"1\" cellpadding=\"1\" align=\"center\">\n<tbody>\n<tr>\n<td style=\"text-align: center;background-color: #003399\"><span style=\"color: #ffffff\"><strong>Morstar #<\/strong><\/span><\/td>\n<td style=\"text-align: center;background-color: #003399\"><span style=\"color: #ffffff\"><strong>M\u00f4 t\u1ea3 (WHTL)<\/strong><\/span><\/td>\n<\/tr>\n<tr>\n<td style=\"text-align: center\">TD757506-800<\/td>\n<td style=\"text-align: center\">75x75x6x800<\/td>\n<\/tr>\n<tr>\n<td style=\"text-align: center\">TD757506-2000<\/td>\n<td style=\"text-align: center\">75x75x6x2000<\/td>\n<\/tr>\n<tr>\n<td style=\"text-align: center\">TD757506-2400<\/td>\n<td style=\"text-align: center\">75x75x6x2400<\/td>\n<\/tr>\n<tr>\n<td style=\"text-align: center\">TD757506-3200<\/td>\n<td style=\"text-align: center\">75x75x6x3200<\/td>\n<\/tr>\n<tr>\n<td style=\"text-align: center\">TD1108005-800<\/td>\n<td style=\"text-align: center\">110x80x5x800<\/td>\n<\/tr>\n<tr>\n<td style=\"text-align: center\">TD110805-2000<\/td>\n<td style=\"text-align: center\">110x80x5x2000<\/td>\n<\/tr>\n<tr>\n<td style=\"text-align: center\">TD1108005-2400<\/td>\n<td style=\"text-align: center\">110x80x5x2400<\/td>\n<\/tr>\n<tr>\n<td style=\"text-align: center\">TD1108005-3200<\/td>\n<td style=\"text-align: center\">110x80x5x3200<\/td>\n<\/tr>\n<\/tbody>\n<\/table>","protected":false},"excerpt":{"rendered":"<p>Thanh \u0111\u00e0 composite l\u00e0 d\u00f2ng s\u1ea3n ph\u1ea9m ph\u1ee5 l\u00e0m t\u1eeb composite doC\u00f4ng Ty C\u1ed5 Ph\u1ea7n \u0110i\u1ec7n Sao Mai s\u1ea3n xu\u1ea5t ra v\u1edbi nhi\u1ec1u \u01b0u \u0111i\u1ec3m v\u01b0\u1ee3t tr\u1ed9i.<br \/>\nH\u00e3y th\u1eed m\u1ed9t d\u00f2ng s\u1ea3n ph\u1ea9m ch\u1eafc ch\u1eafn, b\u1ec1n b\u1ec9, ti\u1ebft ki\u1ec7m chi ph\u00ed b\u1ea3o tr\u00ec trong th\u1eddi gian d\u00e0i.<br \/>\n\u0102n m\u00f2n, r\u1ec9 s\u00e9t do nhi\u1ec1u y\u1ebfu t\u1ed1 m\u00f4i tr\u01b0\u1eddng \u1edf nhi\u1ec1u n\u01a1i, ch\u1eb3ng h\u1ea1n nh\u01b0 m\u01b0a axit \u1edf nh\u1eefng n\u01a1i c\u00f3 \u0111\u1ed9 \u1ea9m cao,<br \/>\nn\u01a1i c\u00f3 \u0111\u1ed9 m\u1eb7n c\u1ee7a ph\u00e8n cao nh\u01b0 v\u00f9ng ven bi\u1ec3n, n\u01a1i c\u00f3 b\u1ee9c x\u1ea1 c\u1ef1c t\u00edm t\u1ef1 nhi\u00ean t\u1eeb m\u1eb7t tr\u1eddi cao.<br \/>\nKh\u00f4ng b\u1ecb \u1ea3nh h\u01b0\u1edfng b\u1edfi nhi\u1ec1u y\u1ebfu t\u1ed1 m\u00f4i tr\u01b0\u1eddng n\u00ean c\u00f3 th\u1ec3 s\u1eed d\u1ee5ng r\u1ed9ng r\u00e3i \u1edf nhi\u1ec1u v\u00f9ng c\u00f3 \u0111i\u1ec1u ki\u1ec7n kh\u00ed h\u1eadu kh\u00e1c nhau.<br \/>\nThanh composite nh\u1eb9 gi\u00fap vi\u1ec7c di chuy\u1ec3n, l\u1eafp \u0111\u1eb7t d\u1ec5 d\u00e0ng, ti\u1ebft ki\u1ec7m nh\u00e2n c\u00f4ng v\u00e0 m\u00e1y m\u00f3c.<br \/>\nKh\u00f4ng d\u1eabn \u0111i\u1ec7n, d\u1eabn nhi\u1ec7t t\u0103ng \u0111\u1ed9 an to\u00e0n cho l\u01b0\u1edbi \u0111i\u1ec7n.<\/p>","protected":false},"featured_media":28223,"comment_status":"closed","ping_status":"closed","template":"","meta":{"inline_featured_image":false},"product_brand":[],"product_cat":[267,277],"product_tag":[],"class_list":{"0":"post-28221","1":"product","2":"type-product","3":"status-publish","4":"has-post-thumbnail","6":"product_cat-frp-composite","7":"product_cat-manufacturing-products","9":"first","10":"instock","11":"product-type-simple"},"_links":{"self":[{"href":"https:\/\/morstar.vn\/vi\/wp-json\/wp\/v2\/product\/28221","targetHints":{"allow":["GET"]}}],"collection":[{"href":"https:\/\/morstar.vn\/vi\/wp-json\/wp\/v2\/product"}],"about":[{"href":"https:\/\/morstar.vn\/vi\/wp-json\/wp\/v2\/types\/product"}],"replies":[{"embeddable":true,"href":"https:\/\/morstar.vn\/vi\/wp-json\/wp\/v2\/comments?post=28221"}],"wp:featuredmedia":[{"embeddable":true,"href":"https:\/\/morstar.vn\/vi\/wp-json\/wp\/v2\/media\/28223"}],"wp:attachment":[{"href":"https:\/\/morstar.vn\/vi\/wp-json\/wp\/v2\/media?parent=28221"}],"wp:term":[{"taxonomy":"product_brand","embeddable":true,"href":"https:\/\/morstar.vn\/vi\/wp-json\/wp\/v2\/product_brand?post=28221"},{"taxonomy":"product_cat","embeddable":true,"href":"https:\/\/morstar.vn\/vi\/wp-json\/wp\/v2\/product_cat?post=28221"},{"taxonomy":"product_tag","embeddable":true,"href":"https:\/\/morstar.vn\/vi\/wp-json\/wp\/v2\/product_tag?post=28221"}],"curies":[{"name":"wp","href":"https:\/\/api.w.org\/{rel}","templated":true}]}}