{"id":28212,"date":"2024-08-16T11:13:48","date_gmt":"2024-08-16T11:13:48","guid":{"rendered":"https:\/\/morstar.vn\/product\/power-poles\/"},"modified":"2024-12-31T03:35:51","modified_gmt":"2024-12-31T03:35:51","slug":"cot-dien","status":"publish","type":"product","link":"https:\/\/morstar.vn\/vi\/san-pham\/cot-dien\/","title":{"rendered":"C\u1ed9t \u0111i\u1ec7n"},"content":{"rendered":"<p><strong>S\u1ef1 mi\u00eau t\u1ea3.<\/strong><\/p>\n<p>C\u1ed9t FRP s\u1eed d\u1ee5ng c\u00f4ng ngh\u1ec7 m\u1edbi \u0111\u01b0\u1ee3c ph\u00e1t minh \u0111\u1ec3 s\u1ea3n xu\u1ea5t C\u1ed9t FRP ch\u1ea5t l\u01b0\u1ee3ng cao c\u00f3 kh\u1ea3 n\u0103ng c\u1ea1nh tranh. S\u1eed d\u1ee5ng nh\u1ef1a polyester kh\u00f4ng b\u00e3o h\u00f2a l\u00e0m<\/p>\n<p>v\u1eadt li\u1ec7u c\u01a1 b\u1ea3n v\u00e0 v\u1ea3i d\u1ec7t s\u1ee3i th\u1ee7y tinh m\u1ed9t chi\u1ec1u l\u00e0m khung x\u01b0\u01a1ng, c\u1ed9t FRP \u0111\u01b0\u1ee3c \u0111\u1ecbnh h\u00ecnh b\u1eb1ng quy tr\u00ecnh ly t\u00e2m. N\u00f3 c\u00f3 th\u1ec3 \u0111\u01b0\u1ee3c s\u1eed d\u1ee5ng<\/p>\n<p>l\u00e0m c\u1ed9t \u0111\u00e8n, c\u1ed9t \u0111i\u1ec7n, c\u1ed9t c\u1edd v\u00e0 c\u00e1c \u1ee9ng d\u1ee5ng kh\u00e1c.<\/p>\n<p><strong>\u01afu \u0111i\u1ec3m c\u1ee7a c\u1ed9t FRP.<\/strong><\/p>\n<p>1\/ Kh\u00f4ng d\u1eabn \u0111i\u1ec7n v\u00e0 c\u00f3 kh\u1ea3 n\u0103ng c\u00e1ch \u0111i\u1ec7n tuy\u1ec7t v\u1eddi.<\/p>\n<p>2\/ An to\u00e0n trong tr\u01b0\u1eddng h\u1ee3p tai n\u1ea1n.<\/p>\n<p>3\/ Ch\u1ed1ng \u0103n m\u00f2n v\u00e0 kh\u00f4ng r\u1ec9 s\u00e9t \u2013 \u0111\u1eb7c bi\u1ec7t th\u00edch h\u1ee3p \u0111\u1ec3 s\u1eed d\u1ee5ng trong \u0111i\u1ec1u ki\u1ec7n th\u1eddi ti\u1ebft kh\u1eafc nghi\u1ec7t bao g\u1ed3m v\u00f9ng ven bi\u1ec3n c\u00f3 \u0111\u1ed9 \u1ea9m cao, sa m\u1ea1c,<\/p>\n<p>m\u1ecf d\u1ea7u, v\u00f9ng cao v\u00e0 khu c\u00f4ng nghi\u1ec7p c\u00f3 t\u00ednh axit v\u00e0 ki\u1ec1m.<\/p>\n<p>4\/ Tr\u1ecdng l\u01b0\u1ee3ng nh\u1eb9, ch\u1ec9 b\u1eb1ng kho\u1ea3ng 1\/3 tr\u1ecdng l\u01b0\u1ee3ng c\u1ee7a c\u1ed9t \u0111\u00e8n th\u00e9p. D\u1ec5 d\u00e0ng l\u1eafp \u0111\u1eb7t v\u00e0 ti\u1ebft ki\u1ec7m nh\u00e2n c\u00f4ng, th\u1eddi gian v\u00e0 thi\u1ebft b\u1ecb.<\/p>\n<p>5\/ Kh\u00f4ng c\u1ea7n b\u1ea3o tr\u00ec, tu\u1ed5i th\u1ecd cao.<\/p>\n<p>6\/ T\u00ednh th\u1ea9m m\u1ef9, b\u1ec1 m\u1eb7t nh\u1eb5n m\u1ecbn, ho\u00e0n thi\u1ec7n t\u1ed1t. Ngo\u00e0i ra c\u00f3 th\u1ec3 ph\u1ed1i m\u00e0u ph\u00f9 h\u1ee3p v\u1edbi m\u1ecdi m\u00f4i tr\u01b0\u1eddng.<\/p>\n<p>7\/ T\u00ednh ch\u1ea5t c\u01a1 h\u1ecdc tuy\u1ec7t v\u1eddi.<\/p>\n<table style=\"width: 806px;height: 344px\" border=\"1\" cellspacing=\"1\" cellpadding=\"1\">\n<tbody>\n<tr>\n<td style=\"text-align: center;background-color: #006699\"><span style=\"color: #ffffff\"><strong>V\u1eadt li\u1ec7u<\/strong><\/span><\/td>\n<td style=\"background-color: #006699\">\n<p style=\"text-align: center\"><span style=\"color: #ffffff\"><strong>\u0110\u1ed9 b\u1ec1n k\u00e9o<\/strong><\/span><\/p>\n<p style=\"text-align: center\"><span style=\"color: #ffffff\"><strong>(10<sup>3<\/sup> (PSI)<\/strong><\/span><\/p>\n<\/td>\n<td style=\"background-color: #006699\">\n<p style=\"text-align: center\"><span style=\"color: #ffffff\"><strong>\u0110\u1ed9 b\u1ec1n u\u1ed1n<\/strong><\/span><\/p>\n<p style=\"text-align: center\"><span style=\"color: #ffffff\"><strong>(10<sup>3<\/sup> (PSI)<\/strong><\/span><\/p>\n<\/td>\n<td style=\"background-color: #006699\">\n<p style=\"text-align: center\"><span style=\"color: #ffffff\"><strong>S\u1ee9c m\u1ea1nh n\u00e9n<\/strong><\/span><\/p>\n<p style=\"text-align: center\"><span style=\"color: #ffffff\"><strong>(10<sup>3<\/sup> (PSI)<\/strong><\/span><\/p>\n<\/td>\n<\/tr>\n<tr>\n<td>H\u1ee3p ch\u1ea5t\/FRP<\/td>\n<td style=\"text-align: center\">80<\/td>\n<td style=\"text-align: center\">100<\/td>\n<td style=\"text-align: center\">45<\/td>\n<\/tr>\n<tr>\n<td>Nh\u00f4m \u0111\u00fac khu\u00f4n<\/td>\n<td style=\"text-align: center\">48<\/td>\n<td style=\"text-align: center\">48<\/td>\n<td style=\"text-align: center\">48<\/td>\n<\/tr>\n<tr>\n<td>Th\u00e9p Carbon Th\u1ea5p<\/td>\n<td style=\"text-align: center\">48<\/td>\n<td style=\"text-align: center\">48<\/td>\n<td style=\"text-align: center\">48<\/td>\n<\/tr>\n<tr>\n<td>Th\u00e9p kh\u00f4ng g\u1ec9<\/td>\n<td style=\"text-align: center\">80<\/td>\n<td style=\"text-align: center\">80<\/td>\n<td style=\"text-align: center\">80<\/td>\n<\/tr>\n<\/tbody>\n<\/table>\n<p>FRP v\u1edbi h\u00e0m l\u01b0\u1ee3ng s\u1ee3i th\u1ee7y tinh 80% s\u1eed d\u1ee5ng ph\u01b0\u01a1ng ph\u00e1p qu\u1ea5n s\u1ee3i (Ngu\u1ed3n: Reinforced Plastics Handbook\/ \u1ea5n b\u1ea3n th\u1ee9 hai c\u1ee7a John Murphy)<\/p>\n<p><strong>So s\u00e1nh c\u00e1c lo\u1ea1i c\u1ef1c.<\/strong><\/p>\n<p>C\u1ed9t FRP c\u00f3 nh\u1eefng \u01b0u \u0111i\u1ec3m n\u1ed5i b\u1eadt so v\u1edbi c\u00e1c lo\u1ea1i v\u1eadt li\u1ec7u truy\u1ec1n th\u1ed1ng nh\u01b0 c\u1ed9t th\u00e9p, c\u1ed9t nh\u00f4m, c\u1ed9t b\u00ea t\u00f4ng v\u00e0<\/p>\n<p>c\u00e2y s\u00e0o g\u1ed7.<\/p>\n<table style=\"width: 800px\" border=\"1\" cellspacing=\"1\" cellpadding=\"1\">\n<tbody>\n<tr>\n<td style=\"background-color: #006699\"><\/td>\n<td style=\"text-align: center;background-color: #006699\"><span style=\"color: #ffffff\"><strong>C\u1ed9t FRP<\/strong><\/span><\/td>\n<td style=\"text-align: center;background-color: #006699\"><span style=\"color: #ffffff\"><strong>C\u1ed9t th\u00e9p m\u1ea1 k\u1ebdm<\/strong><\/span><\/td>\n<td style=\"text-align: center;background-color: #006699\"><span style=\"color: #ffffff\"><strong>C\u1ed9t nh\u00f4m<\/strong><\/span><\/td>\n<td style=\"text-align: center;background-color: #006699\"><span style=\"color: #ffffff\"><strong>C\u1ed9t b\u00ea t\u00f4ng<\/strong><\/span><\/td>\n<\/tr>\n<tr>\n<td>Tr\u1ecdng l\u01b0\u1ee3ng nh\u1eb9<\/td>\n<td style=\"text-align: center\">G<\/td>\n<td style=\"text-align: center\">B<\/td>\n<td style=\"text-align: center\">A<\/td>\n<td style=\"text-align: center\">B<\/td>\n<\/tr>\n<tr>\n<td>Ch\u00f4n tr\u1ef1c ti\u1ebfp<\/td>\n<td style=\"text-align: center\">G<\/td>\n<td style=\"text-align: center\">B<\/td>\n<td style=\"text-align: center\">B<\/td>\n<td style=\"text-align: center\">A<\/td>\n<\/tr>\n<tr>\n<td>D\u1ec5 b\u1ea3o tr\u00ec<\/td>\n<td style=\"text-align: center\">G<\/td>\n<td style=\"text-align: center\">B<\/td>\n<td style=\"text-align: center\">A<\/td>\n<td style=\"text-align: center\">A<\/td>\n<\/tr>\n<tr>\n<td>\u0110\u1ed9 \u1ed5n \u0111\u1ecbnh m\u00e0u s\u1eafc<\/td>\n<td style=\"text-align: center\">G<\/td>\n<td style=\"text-align: center\">B<\/td>\n<td style=\"text-align: center\">B<\/td>\n<td style=\"text-align: center\">B<\/td>\n<\/tr>\n<tr>\n<td>D\u1ec5 d\u00e0ng c\u00e0i \u0111\u1eb7t<\/td>\n<td style=\"text-align: center\">G<\/td>\n<td style=\"text-align: center\">B<\/td>\n<td style=\"text-align: center\">B<\/td>\n<td style=\"text-align: center\">B<\/td>\n<\/tr>\n<tr>\n<td>Kh\u00f4ng d\u1eabn \u0111i\u1ec7n<\/td>\n<td style=\"text-align: center\">G<\/td>\n<td style=\"text-align: center\">B<\/td>\n<td style=\"text-align: center\">B<\/td>\n<td style=\"text-align: center\">G<\/td>\n<\/tr>\n<tr>\n<td>Ch\u1ed1ng \u0103n m\u00f2n<\/td>\n<td style=\"text-align: center\">G<\/td>\n<td style=\"text-align: center\">B<\/td>\n<td style=\"text-align: center\">B<\/td>\n<td style=\"text-align: center\">A<\/td>\n<\/tr>\n<tr>\n<td>Tu\u1ed5i th\u1ecd d\u00e0i<\/td>\n<td style=\"text-align: center\">G<\/td>\n<td style=\"text-align: center\">A<\/td>\n<td style=\"text-align: center\">G<\/td>\n<td style=\"text-align: center\">A<\/td>\n<\/tr>\n<\/tbody>\n<\/table>\n<p>G. T\u1ed1t \u00a0 \u00a0 \u00a0 \u00a0 \u00a0 \u00a0 \u00a0 \u00a0 \u00a0 A. Trung b\u00ecnh \u00a0 \u00a0 \u00a0 \u00a0 \u00a0 \u00a0 \u00a0 \u00a0 \u00a0 \u00a0 \u00a0B. K\u00e9m<\/p>\n<p><strong>Ti\u00eau chu\u1ea9n c\u1ed9t FRP.<\/strong><\/p>\n<p>Ch\u00fang t\u00f4i tu\u00e2n th\u1ee7 ti\u00eau chu\u1ea9n BS 1990-1, ch\u1ecbu \u0111\u01b0\u1ee3c t\u1ed1c \u0111\u1ed9 gi\u00f3 t\u1ed1i \u0111a 40m\/gi\u00e2y.<\/p>\n<p>1\/ Ti\u00eau chu\u1ea9n Hoa K\u1ef3: ANSI C136.20-1990; ASTM D4923-01, Lo\u1ea1i 1, Ti\u00eau chu\u1ea9n c\u1ef1c qu\u1ed1c gia.<\/p>\n<p>2\/ Ti\u00eau chu\u1ea9n EU: EN40.<\/p>\n<p>3\/ Ti\u00eau chu\u1ea9n Trung Qu\u1ed1c: CNS-11652.<\/p>\n<p><strong>Ki\u1ec3m tra u\u1ed1n cong.<\/strong><\/p>\n<p>T\u1ea3i tr\u1ecdng \u00e1p d\u1ee5ng \u0111\u01b0\u1ee3c t\u00ednh to\u00e1n d\u1ef1a tr\u00ean t\u1ed1c \u0111\u1ed9 gi\u00f3 60m\/gi\u00e2y theo ANSI.<\/p>\n<table style=\"width: 800px\" border=\"1\" cellspacing=\"1\" cellpadding=\"1\">\n<tbody>\n<tr>\n<td style=\"text-align: center;background-color: #006699\"><span style=\"color: #ffffff\"><strong>Chi\u1ec1u cao c\u1ed9t (m)<\/strong><\/span><\/td>\n<td style=\"text-align: center;background-color: #006699\"><span style=\"color: #ffffff\"><strong>Thi\u1ebft k\u1ebf l\u1ec7ch h\u01b0\u1edbng<\/strong><\/span><\/td>\n<td style=\"text-align: center;background-color: #006699\"><span style=\"color: #ffffff\"><strong>\u0110\u1ed9 l\u1ec7ch t\u1ed1i \u0111a<\/strong><\/span><\/td>\n<td style=\"text-align: center;background-color: #006699\"><span style=\"color: #ffffff\"><strong>T\u1ea3i (Kg)<\/strong><\/span><\/td>\n<td style=\"text-align: center;background-color: #006699\"><span style=\"color: #ffffff\"><strong>Ghi ch\u00fa<\/strong><\/span><\/td>\n<\/tr>\n<tr>\n<td style=\"text-align: center\">4.5<\/td>\n<td style=\"text-align: center\">10%<\/td>\n<td style=\"text-align: center\">40cm<\/td>\n<td style=\"text-align: center\">54<\/td>\n<td style=\"text-align: center\"><\/td>\n<\/tr>\n<tr>\n<td style=\"text-align: center\">5.5<\/td>\n<td style=\"text-align: center\">10%<\/td>\n<td style=\"text-align: center\">50cm<\/td>\n<td style=\"text-align: center\">66<\/td>\n<td style=\"text-align: center\"><\/td>\n<\/tr>\n<tr>\n<td style=\"text-align: center\">6.5<\/td>\n<td style=\"text-align: center\">10%<\/td>\n<td style=\"text-align: center\">60cm<\/td>\n<td style=\"text-align: center\">74<\/td>\n<td style=\"text-align: center\"><\/td>\n<\/tr>\n<tr>\n<td style=\"text-align: center\">7.5<\/td>\n<td style=\"text-align: center\">10%<\/td>\n<td style=\"text-align: center\">70cm<\/td>\n<td style=\"text-align: center\">86<\/td>\n<td><\/td>\n<\/tr>\n<tr>\n<td style=\"text-align: center\">8.5<\/td>\n<td style=\"text-align: center\">10%<\/td>\n<td style=\"text-align: center\">80cm<\/td>\n<td style=\"text-align: center\">94<\/td>\n<td style=\"text-align: center\"><\/td>\n<\/tr>\n<tr>\n<td style=\"text-align: center\">9.5<\/td>\n<td style=\"text-align: center\"><span style=\"line-height: 20.7999992370605px\">10%<\/span><\/td>\n<td style=\"text-align: center\">90cm<\/td>\n<td style=\"text-align: center\">101<\/td>\n<td style=\"text-align: center\"><\/td>\n<\/tr>\n<tr>\n<td style=\"text-align: center\">10.5<\/td>\n<td style=\"text-align: center\">10%<\/td>\n<td style=\"text-align: center\">100cm<\/td>\n<td style=\"text-align: center\">112<\/td>\n<td style=\"text-align: center\"><\/td>\n<\/tr>\n<tr>\n<td style=\"text-align: center\">11.5<\/td>\n<td style=\"text-align: center\">10%<\/td>\n<td style=\"text-align: center\">110cm<\/td>\n<td style=\"text-align: center\">165<\/td>\n<td style=\"text-align: center\"><\/td>\n<\/tr>\n<tr>\n<td style=\"text-align: center\">12.5<\/td>\n<td style=\"text-align: center\">10%<\/td>\n<td style=\"text-align: center\">120cm<\/td>\n<td style=\"text-align: center\">179<\/td>\n<td style=\"text-align: center\"><\/td>\n<\/tr>\n<\/tbody>\n<\/table>\n<p><strong>Th\u00f4ng s\u1ed1 k\u1ef9 thu\u1eadt v\u00e0 thi\u1ebft k\u1ebf c\u1ed9t FRP.<\/strong><\/p>\n<p>C\u00f4ng ty ch\u00fang t\u00f4i thi\u1ebft k\u1ebf v\u00e0 s\u1ea3n xu\u1ea5t c\u1ed9t FRP theo ti\u00eau chu\u1ea9n ANSI CI 136.20:1990. B\u1ec1 m\u1eb7t b\u00ean ngo\u00e0i ph\u1ea3i nh\u1eb5n v\u00e0 th\u1ea9m m\u1ef9, kh\u00f4ng c\u00f3 v\u1ebft n\u1ee9t, b\u1ecdt kh\u00ed, h\u01b0 h\u1ecfng ho\u1eb7c b\u1ea5t k\u1ef3 s\u1ee3i b\u1ec1 m\u1eb7t n\u00e0o b\u1ecb l\u1ed9 ra. B\u1ec1 m\u1eb7t c\u1ee7a c\u1ed9t ph\u1ea3i \u0111\u01b0\u1ee3c ho\u00e0n thi\u1ec7n b\u1eb1ng l\u1edbp ph\u1ee7 \u0111\u1ed3ng nh\u1ea5t ch\u1ed1ng tia c\u1ef1c t\u00edm v\u00e0 c\u00f3 hi\u1ec7u su\u1ea5t ch\u1ed1ng ch\u1ecbu th\u1eddi ti\u1ebft \u0111\u1eb7c bi\u1ec7t. B\u1ec1 m\u1eb7t b\u00ean trong ph\u1ea3i kh\u00f4ng c\u00f3 s\u1ef1 ph\u00e2n t\u1ea7ng, ch\u1eb7n v\u00e0 v\u1ebft \u1ed1 tr\u1eafng do s\u1ee3i kh\u00f4ng \u0111\u01b0\u1ee3c nh\u1ef1a l\u00e0m \u01b0\u1edbt ho\u00e0n to\u00e0n. D\u1ef1a tr\u00ean t\u1ed1c \u0111\u1ed9 gi\u00f3 l\u00e0 60m\/gi\u00e2y t\u01b0\u01a1ng \u0111\u01b0\u01a1ng v\u1edbi C\u1ea5p \u0111\u1ed9 17 c\u1ee7a thang Beaufort, \u0111\u1ed9 l\u1ec7ch \u0111\u1ec9nh c\u1ed9t do gi\u00f3 t\u00e1c \u0111\u1ed9ng v\u00e0o c\u1ed9t kh\u00f4ng \u0111\u01b0\u1ee3c v\u01b0\u1ee3t qu\u00e1 10% chi\u1ec1u d\u00e0i c\u1ed9t.<\/p>\n<p>\u0110\u1ed1i v\u1edbi c\u1ed9t \u0111\u00e8n FRP chia th\u00e0nh c\u1ed9t ch\u00f4n tr\u1ef1c ti\u1ebfp v\u00e0 c\u1ed9t neo \u0111\u1ebf, c\u1ed9t ch\u00f4n tr\u1ef1c ti\u1ebfp bao g\u1ed3m tr\u1ee5c, tay \u0111\u01a1n, tay \u0111\u00f4i. C\u1ed9t neo \u0111\u1ebf bao g\u1ed3m: tr\u1ee5c \u0111\u1ebf FRP, tay \u0111\u01a1n \u0111\u1ebf FRP, tay \u0111\u00f4i \u0111\u1ebf FRP, tr\u1ee5c \u0111\u1ebf th\u00e9p, tay \u0111\u01a1n \u0111\u1ebf th\u00e9p v\u00e0 tay \u0111\u00f4i \u0111\u1ebf th\u00e9p.<\/p>\n<p>C\u00f4ng ty ch\u00fang t\u00f4i c\u00f3 hai lo\u1ea1i c\u00f4n cho c\u1ed9t \u0111\u00e8n, m\u1ed9t lo\u1ea1i l\u00e0 1\/75, \u0111\u01b0\u1eddng k\u00ednh t\u1ed1i thi\u1ec3u l\u00e0 80mm, \u0111\u01b0\u1eddng k\u00ednh t\u1ed1i \u0111a l\u00e0 260mm v\u00e0 chi\u1ec1u d\u00e0i t\u1ed1i \u0111a l\u00e0 12000mm; lo\u1ea1i c\u00f2n l\u1ea1i l\u00e0 1\/55, \u0111\u01b0\u1eddng k\u00ednh t\u1ed1i thi\u1ec3u l\u00e0 80mm, \u0111\u01b0\u1eddng k\u00ednh t\u1ed1i \u0111a l\u00e0 298mm v\u00e0 chi\u1ec1u d\u00e0i t\u1ed1i \u0111a l\u00e0 12000mm.<\/p>\n<p>N\u1eafp l\u1ed7 d\u00e2y ph\u1ea3i ch\u1ed1ng th\u1ea5m n\u01b0\u1edbc, ph\u1ee5 ki\u1ec7n kim lo\u1ea1i d\u00f9ng \u0111\u1ec3 c\u1ed1 \u0111\u1ecbnh b\u00ean trong ph\u1ea3i m\u1ea1 k\u1ebdm n\u00f3ng ho\u1eb7c th\u00e9p kh\u00f4ng g\u1ec9. Chi\u1ec1u cao c\u1ee7a<\/p>\n<p>C\u1ed9t \u0111\u00e8n FRP ph\u1ea3i c\u00f3 dung sai +30mm, -0mm v\u00e0 \u0111\u1ed9 d\u00e0y l\u00e0 +3mm, -0mm. \u0110\u1ed9 c\u1ee9ng b\u1ec1 m\u1eb7t c\u1ee7a c\u1ed9t ph\u1ea3i tr\u00ean 35.<\/p>\n<p>\u0110\u1ed9 b\u1ec1n u\u1ed1n c\u1ee7a c\u1ed9t ph\u1ea3i tr\u00ean 320Mpa. Theo AASHTO.LTS.2:198, c\u1ed9t kh\u00f4ng \u0111\u01b0\u1ee3c v\u01b0\u1ee3t qu\u00e1 \u0111\u1ed9 v\u00f5ng t\u1ed1i \u0111a l\u00e0 10% chi\u1ec1u d\u00e0i c\u1ed9t so v\u1edbi \u0111\u01b0\u1eddng m\u1eb7t \u0111\u1ea5t khi ch\u1ecbu t\u1ea3i tr\u1ecdng gi\u00f3 m\u00f4 ph\u1ecfng t\u1ed1i \u0111a v\u00e0 kh\u00f4ng \u0111\u01b0\u1ee3c c\u00f3 \u0111\u1ed9 v\u00f5ng v\u0129nh vi\u1ec5n qu\u00e1 1%.<\/p>\n<p>+\u00a0<strong>Th\u00f4ng s\u1ed1 k\u1ef9 thu\u1eadt c\u1ee7a c\u1ef1c \u0111\u01a1n.<\/strong><\/p>\n<div style=\"text-align: center\"><\/div>\n<table style=\"height: 663px\" width=\"1276\">\n<tbody>\n<tr>\n<td width=\"81\">\n<p style=\"text-align: center\">Nominal height (H)<\/p>\n<\/td>\n<td style=\"text-align: center\" width=\"81\">Depth of planting (P)<\/td>\n<td width=\"80\">\n<p style=\"text-align: center\">Height above ground (H1)<\/p>\n<\/td>\n<td width=\"63\">\n<p style=\"text-align: center\">Top dia of pole (D1)<\/p>\n<\/td>\n<td style=\"text-align: center\" width=\"72\">Bottom dia of pole (D2)<\/td>\n<td width=\"109\">\n<p style=\"text-align: center\">Ultimate load at pole top (Horizontal) (W)<\/p>\n<\/td>\n<td width=\"85\">\n<p style=\"text-align: center\">Load\/mm of deflection at point of load<\/p>\n<\/td>\n<td style=\"text-align: center\" width=\"92\">Deflection under ultimate load (D)<\/td>\n<td style=\"text-align: center\" width=\"86\">Minimum weight<\/td>\n<td width=\"85\">\n<p style=\"text-align: center\">\u0110\u1ed9 d\u00e0y t\u1ed1i thi\u1ec3u<\/p>\n<\/td>\n<\/tr>\n<tr>\n<td width=\"81\">\n<p style=\"text-align: center\">T\u00f4i<\/p>\n<\/td>\n<td style=\"text-align: center\" width=\"81\">T\u00f4i<\/td>\n<td style=\"text-align: center\" width=\"80\">T\u00f4i<\/td>\n<td style=\"text-align: center\" width=\"63\">mm<\/td>\n<td style=\"text-align: center\" width=\"72\">mm<\/td>\n<td style=\"text-align: center\" width=\"109\">KN<\/td>\n<td style=\"text-align: center\" width=\"85\">N<\/td>\n<td style=\"text-align: center\" width=\"92\">mm<\/td>\n<td style=\"text-align: center\" width=\"86\">Kg\u00b110%<\/td>\n<td width=\"85\">\n<p style=\"text-align: center\">mm\u00b11<\/p>\n<\/td>\n<\/tr>\n<tr>\n<td width=\"81\">\n<p style=\"text-align: center\">6<\/p>\n<p style=\"text-align: center\">7<\/p>\n<p style=\"text-align: center\">8<\/p>\n<\/td>\n<td width=\"81\">\n<p style=\"text-align: center\">1.2<\/p>\n<p style=\"text-align: center\">1.2<\/p>\n<p style=\"text-align: center\">1.5<\/p>\n<\/td>\n<td style=\"text-align: center\" width=\"80\">4.8<\/p>\n<p>5.8<\/p>\n<p>6.8<\/td>\n<td style=\"text-align: center\" width=\"63\">150<\/p>\n<p>150<\/p>\n<p>150<\/td>\n<td style=\"text-align: center\" width=\"72\">236<\/p>\n<p>248<\/p>\n<p>263<\/td>\n<td style=\"text-align: center\" width=\"109\">2.39<\/p>\n<p>2.31<\/p>\n<p>2.40<\/td>\n<td style=\"text-align: center\" width=\"85\">9.3<\/p>\n<p>6.0<\/p>\n<p>4.8<\/td>\n<td style=\"text-align: center\" width=\"92\">472<\/p>\n<p>718<\/p>\n<p>917<\/td>\n<td style=\"text-align: center\" width=\"86\">38.4<\/p>\n<p>46.8<\/p>\n<p>55.8<\/td>\n<td width=\"85\">\n<p style=\"text-align: center\">4.0<\/p>\n<p style=\"text-align: center\">4.0<\/p>\n<p style=\"text-align: center\">4.0<\/p>\n<\/td>\n<\/tr>\n<tr>\n<td width=\"81\">\n<p style=\"text-align: center\">8.5<\/p>\n<p style=\"text-align: center\">9.0<\/p>\n<p style=\"text-align: center\">9.5<\/p>\n<\/td>\n<td style=\"text-align: center\" width=\"81\">1.5<\/p>\n<p>1.5<\/p>\n<p>1.5<\/td>\n<td style=\"text-align: center\" width=\"80\">7<\/p>\n<p>7.5<\/p>\n<p>8<\/td>\n<td style=\"text-align: center\" width=\"63\">150<\/p>\n<p>150<\/p>\n<p>150<\/td>\n<td style=\"text-align: center\" width=\"72\">270<\/p>\n<p>277<\/p>\n<p>284<\/td>\n<td style=\"text-align: center\" width=\"109\">2.81<\/p>\n<p>2.46<\/p>\n<p>2.52<\/td>\n<td style=\"text-align: center\" width=\"85\">4.5<\/p>\n<p>3.6<\/p>\n<p>3.1<\/td>\n<td style=\"text-align: center\" width=\"92\">1069<\/p>\n<p>1239<\/p>\n<p>1458<\/td>\n<td style=\"text-align: center\" width=\"86\">60.5<\/p>\n<p>65.3<\/p>\n<p>70.2<\/td>\n<td width=\"85\">\n<p style=\"text-align: center\">4.0<\/p>\n<p style=\"text-align: center\">4.0<\/p>\n<p style=\"text-align: center\">4.0<\/p>\n<\/td>\n<\/tr>\n<tr>\n<td width=\"81\">\n<p style=\"text-align: center\">10<\/p>\n<p style=\"text-align: center\">10.5<\/p>\n<p style=\"text-align: center\">11<\/p>\n<\/td>\n<td style=\"text-align: center\" width=\"81\">1.5<\/p>\n<p>1.5<\/p>\n<p>1.8<\/td>\n<td style=\"text-align: center\" width=\"80\">8.5<\/p>\n<p>9<\/p>\n<p>9.2<\/td>\n<td style=\"text-align: center\" width=\"63\">150<\/p>\n<p>150<\/p>\n<p>150<\/td>\n<td style=\"text-align: center\" width=\"72\">291<\/p>\n<p>298<\/p>\n<p>305<\/td>\n<td style=\"text-align: center\" width=\"109\">2.23<\/p>\n<p>2.31<\/p>\n<p>2.40<\/td>\n<td style=\"text-align: center\" width=\"85\">2.6<\/p>\n<p>2.3<\/p>\n<p>2.3<\/td>\n<td style=\"text-align: center\" width=\"92\">1627<\/p>\n<p>1874<\/p>\n<p>1913<\/td>\n<td style=\"text-align: center\" width=\"86\">71.6<\/p>\n<p>76.6<\/p>\n<p>81.7<\/td>\n<td style=\"text-align: center\" width=\"85\">4.0<\/p>\n<p>4.0<\/p>\n<p>4.0<\/td>\n<\/tr>\n<tr>\n<td style=\"text-align: center\" width=\"81\">12<\/td>\n<td style=\"text-align: center\" width=\"81\">1.8<\/td>\n<td style=\"text-align: center\" width=\"80\">10.2<\/td>\n<td style=\"text-align: center\" width=\"63\">150<\/td>\n<td style=\"text-align: center\" width=\"72\">320<\/td>\n<td style=\"text-align: center\" width=\"109\">2.26<\/td>\n<td style=\"text-align: center\" width=\"85\">1.7<\/td>\n<td style=\"text-align: center\" width=\"92\">2139<\/td>\n<td style=\"text-align: center\" width=\"86\">105<\/td>\n<td width=\"85\">\n<p style=\"text-align: center\">4.0<\/p>\n<\/td>\n<\/tr>\n<\/tbody>\n<\/table>","protected":false},"excerpt":{"rendered":"<p>V\u00e0o nh\u1eefng ng\u00e0y \u0111\u1ea7u, c\u00e1p \u0111i\u1ec7n tr\u00ean kh\u00f4ng ch\u1ee7 y\u1ebfu d\u1ef1a v\u00e0o c\u1ed9t g\u1ed7 l\u00e0m v\u1eadt li\u1ec7u ch\u00ednh. Khi ngu\u1ed3n t\u00e0i nguy\u00ean g\u1ed7 tr\u1edf n\u00ean khan hi\u1ebfm v\u00e0 kh\u00f3 khai th\u00e1c do s\u1ef1 b\u1ea3o v\u1ec7 c\u1ee7a m\u1ed7i qu\u1ed1c gia, c\u1ed9t b\u00ea t\u00f4ng \u0111\u00e3 tr\u1edf th\u00e0nh m\u1ed9t gi\u1ea3i ph\u00e1p thay th\u1ebf. Tuy nhi\u00ean, c\u1ed9t b\u00ea t\u00f4ng qu\u00e1 n\u1eb7ng, kh\u00f4ng thu\u1eadn ti\u1ec7n \u0111\u1ec3 l\u1eafp \u0111\u1eb7t v\u00e0 d\u1ec5 b\u1ecb gi\u00f3 c\u00e1t \u0103n m\u00f2n, Hoa K\u1ef3 v\u00e0 m\u1ed9t s\u1ed1 n\u01b0\u1edbc ti\u00ean ti\u1ebfn \u1edf Ch\u00e2u \u00c2u \u0111\u00e3 ti\u00ean phong s\u1eed d\u1ee5ng c\u1ed9t \u0111i\u1ec7n FRP l\u00e0m v\u1eadt li\u1ec7u thay th\u1ebf nh\u1edd v\u00e0o c\u00e1c \u0111\u1eb7c t\u00ednh tuy\u1ec7t v\u1eddi c\u1ee7a n\u00f3 l\u00e0 nh\u1eb9, t\u00ednh ch\u1ea5t v\u1eadt l\u00fd t\u1ed1t v\u00e0 ch\u1ed1ng \u0103n m\u00f2n. Ng\u00e0y nay, c\u1ed9t \u0111i\u1ec7n FRP \u0111\u00e3 \u0111\u01b0\u1ee3c \u00e1p d\u1ee5ng l\u00e0m l\u1ef1a ch\u1ecdn cho \u0111\u01b0\u1eddng d\u00e2y truy\u1ec1n t\u1ea3i \u0111i\u1ec7n \u1edf h\u1ea7u h\u1ebft c\u00e1c qu\u1ed1c gia hi\u1ec7n \u0111\u1ea1i.<\/p>","protected":false},"featured_media":28214,"comment_status":"closed","ping_status":"closed","template":"","meta":{"inline_featured_image":false},"product_brand":[],"product_cat":[267,277,296],"product_tag":[],"class_list":{"0":"post-28212","1":"product","2":"type-product","3":"status-publish","4":"has-post-thumbnail","6":"product_cat-frp-composite","7":"product_cat-manufacturing-products","8":"product_cat-power-poles-2","10":"first","11":"instock","12":"product-type-simple"},"_links":{"self":[{"href":"https:\/\/morstar.vn\/vi\/wp-json\/wp\/v2\/product\/28212","targetHints":{"allow":["GET"]}}],"collection":[{"href":"https:\/\/morstar.vn\/vi\/wp-json\/wp\/v2\/product"}],"about":[{"href":"https:\/\/morstar.vn\/vi\/wp-json\/wp\/v2\/types\/product"}],"replies":[{"embeddable":true,"href":"https:\/\/morstar.vn\/vi\/wp-json\/wp\/v2\/comments?post=28212"}],"wp:featuredmedia":[{"embeddable":true,"href":"https:\/\/morstar.vn\/vi\/wp-json\/wp\/v2\/media\/28214"}],"wp:attachment":[{"href":"https:\/\/morstar.vn\/vi\/wp-json\/wp\/v2\/media?parent=28212"}],"wp:term":[{"taxonomy":"product_brand","embeddable":true,"href":"https:\/\/morstar.vn\/vi\/wp-json\/wp\/v2\/product_brand?post=28212"},{"taxonomy":"product_cat","embeddable":true,"href":"https:\/\/morstar.vn\/vi\/wp-json\/wp\/v2\/product_cat?post=28212"},{"taxonomy":"product_tag","embeddable":true,"href":"https:\/\/morstar.vn\/vi\/wp-json\/wp\/v2\/product_tag?post=28212"}],"curies":[{"name":"wp","href":"https:\/\/api.w.org\/{rel}","templated":true}]}}