{"id":28173,"date":"2024-08-16T11:13:48","date_gmt":"2024-08-16T11:13:48","guid":{"rendered":"https:\/\/morstar.vn\/product\/ms47-63-series-miniature-circuit-breaker\/"},"modified":"2024-12-24T02:56:46","modified_gmt":"2024-12-24T02:56:46","slug":"may-cat-mach-thu-nho-ms47-63-series","status":"publish","type":"product","link":"https:\/\/morstar.vn\/vi\/san-pham\/may-cat-mach-thu-nho-ms47-63-series\/","title":{"rendered":"MS47-63"},"content":{"rendered":"<p><strong>1.<\/strong> <strong>A<\/strong><strong>ng d\u1ee5ng.<\/strong><\/p>\n<p>MS47-63 \u00e1p d\u1ee5ng cho \u0111\u01b0\u1eddng d\u00e2y AC 50Hz\/60Hz, 230V \u1edf c\u1ef1c \u0111\u01a1n, 400V \u1edf c\u1ef1c \u0111\u00f4i, ba, b\u1ed1n \u0111\u1ec3 b\u1ea3o v\u1ec7 qu\u00e1 t\u1ea3i v\u00e0 ng\u1eafn m\u1ea1ch, v\u00e0 d\u00f2ng \u0111i\u1ec7n \u0111\u1ecbnh m\u1ee9c l\u00ean \u0111\u1ebfn 63A. N\u00f3 c\u0169ng c\u00f3 th\u1ec3 \u0111\u01b0\u1ee3c s\u1eed d\u1ee5ng \u0111\u1ec3 chuy\u1ec3n \u0111\u1ed5i \u0111\u01b0\u1eddng d\u00e2y kh\u00f4ng th\u01b0\u1eddng xuy\u00ean trong \u0111i\u1ec1u ki\u1ec7n b\u00ecnh th\u01b0\u1eddng. B\u1ed9 ng\u1eaft m\u1ea1ch n\u00e0y \u00e1p d\u1ee5ng cho h\u1ec7 th\u1ed1ng ph\u00e2n ph\u1ed1i chi\u1ebfu s\u00e1ng trong doanh nghi\u1ec7p c\u00f4ng nghi\u1ec7p, khu th\u01b0\u01a1ng m\u1ea1i, t\u00f2a nh\u00e0 cao t\u1ea7ng v\u00e0 nh\u00e0 \u1edf. N\u00f3 ph\u00f9 h\u1ee3p v\u1edbi ti\u00eau chu\u1ea9n IEC60898.<\/p>\n<div style=\"text-align: center\">\n<figure class=\"image\"><img loading=\"lazy\" decoding=\"async\" src=\"https:\/\/morstar.vn\/wp-content\/uploads\/2024\/08\/mcb-ms47-63-serial.jpg\" alt=\"mcb ms47 63 n\u1ed1i ti\u1ebfp\" width=\"706\" height=\"219\" \/><figcaption><\/figcaption><\/figure>\n<\/div>\n<p><strong>2. Th\u00f4ng s\u1ed1 k\u1ef9 thu\u1eadt ch\u00ednh<\/strong><\/p>\n<table border=\"1\" cellspacing=\"1\" cellpadding=\"1\" align=\"center\">\n<tbody>\n<tr>\n<td style=\"text-align: center;background-color: #006699\"><span style=\"color: #ffffff\"><strong>Ki\u1ec3u<\/strong><\/span><\/td>\n<td style=\"text-align: center;background-color: #006699\" colspan=\"4\"><span style=\"color: #ffffff\"><strong>MS47-63<\/strong><\/span><\/td>\n<\/tr>\n<tr>\n<td>S\u1ed1<\/td>\n<td style=\"text-align: center\">1P<\/td>\n<td style=\"text-align: center\" colspan=\"3\">2P, 3P, 4P<\/td>\n<\/tr>\n<tr>\n<td>D\u00f2ng \u0111i\u1ec7n \u0111\u1ecbnh m\u1ee9c (A)<\/td>\n<td style=\"text-align: center\" colspan=\"4\" rowspan=\"1\">6, 10, 16, 20, 25, 32, 40, 50, 63<\/td>\n<\/tr>\n<tr>\n<td>\u0110i\u1ec7n \u00e1p \u0111\u1ecbnh m\u1ee9c (V)<\/td>\n<td style=\"text-align: center\">220<\/td>\n<td style=\"text-align: center\" colspan=\"3\">400<\/td>\n<\/tr>\n<tr>\n<td>Nhi\u1ec7t \u0111\u1ed9 m\u00f4i tr\u01b0\u1eddng<\/td>\n<td style=\"text-align: center\" colspan=\"4\" rowspan=\"1\">-5 \u00a0 \u00a0~ \u00a0 \u00a0 +40?C<\/td>\n<\/tr>\n<tr>\n<td>Lo\u1ea1i ph\u00e1t h\u00e0nh t\u1ee9c th\u1eddi<\/td>\n<td style=\"text-align: center\">C<\/td>\n<td style=\"text-align: center\">4. K\u00edch th\u01b0\u1edbc<\/td>\n<td style=\"text-align: center\">C<\/td>\n<td style=\"text-align: center\">4. K\u00edch th\u01b0\u1edbc<\/td>\n<\/tr>\n<tr>\n<td>Kh\u1ea3 n\u0103ng c\u1eaft ng\u1eafn m\u1ea1ch \u0111\u1ecbnh m\u1ee9c Icn (kA)<\/td>\n<td>\n<p style=\"text-align: center\">1-32A: 6<\/p>\n<p style=\"text-align: center\">50-63A: 4 (6)<\/p>\n<\/td>\n<td style=\"text-align: center\">4 (6)<\/td>\n<td>\n<p style=\"text-align: center\">1-32A: 6<\/p>\n<p style=\"text-align: center\">50-63A: 4 (6)<\/p>\n<\/td>\n<td style=\"text-align: center\">4 (6)<\/td>\n<\/tr>\n<\/tbody>\n<\/table>\n<p><strong>3.<\/strong> <strong>D\u00e2y d\u1eabn \u0111i\u1ec7n \u00e1p d\u1ee5ng<\/strong><\/p>\n<table border=\"1\" cellspacing=\"1\" cellpadding=\"1\" align=\"center\">\n<tbody>\n<tr>\n<td style=\"text-align: center;background-color: #006699\"><span style=\"color: #ffffff\"><strong>D\u00f2ng \u0111i\u1ec7n \u0111\u1ecbnh m\u1ee9c (A)<\/strong><\/span><\/td>\n<td style=\"text-align: center;background-color: #006699\"><span style=\"color: #ffffff\"><strong>Ti\u1ebft di\u1ec7n danh ngh\u0129a c\u1ee7a d\u00e2y mm2<\/strong><\/span><\/td>\n<\/tr>\n<tr>\n<td style=\"text-align: center\">1-6A<\/td>\n<td style=\"text-align: center\">1<\/td>\n<\/tr>\n<tr>\n<td style=\"text-align: center\">10A<\/td>\n<td style=\"text-align: center\">1.5<\/td>\n<\/tr>\n<tr>\n<td style=\"text-align: center\">16,20A<\/td>\n<td style=\"text-align: center\">2.5<\/td>\n<\/tr>\n<tr>\n<td style=\"text-align: center\">25A<\/td>\n<td style=\"text-align: center\">4<\/td>\n<\/tr>\n<tr>\n<td style=\"text-align: center\">32A<\/td>\n<td style=\"text-align: center\">6<\/td>\n<\/tr>\n<tr>\n<td style=\"text-align: center\">40,50A<\/td>\n<td style=\"text-align: center\">10<\/td>\n<\/tr>\n<tr>\n<td style=\"text-align: center\">63A<\/td>\n<td style=\"text-align: center\">16<\/td>\n<\/tr>\n<\/tbody>\n<\/table>\n<p><strong>4.<\/strong>\u00a0<b>T\u00ednh ch\u1ea5t b\u1ea3o v\u1ec7 qu\u00e1 d\u00f2ng<\/b><\/p>\n<table border=\"1\" cellspacing=\"1\" cellpadding=\"1\" align=\"center\">\n<tbody>\n<tr>\n<td style=\"background-color: #006699\">\n<p style=\"text-align: center\"><span style=\"color: #ffffff\"><b>Nhi\u1ec7t \u0111\u1ed9 m\u00f4i tr\u01b0\u1eddng<\/b><\/span><\/p>\n<\/td>\n<td style=\"text-align: center;background-color: #006699\"><span style=\"color: #ffffff\"><b>Tr\u1ea1ng th\u00e1i ban \u0111\u1ea7u<\/b><\/span><\/td>\n<td style=\"background-color: #006699\">\n<p style=\"text-align: center\"><span style=\"color: #ffffff\"><b>Ki\u1ec3m tra d\u00f2ng \u0111i\u1ec7n<\/b><\/span><\/p>\n<\/td>\n<td style=\"text-align: center;background-color: #006699\"><span style=\"color: #ffffff\"><b>Th\u1eddi gian th\u1eed nghi\u1ec7m<\/b><\/span><\/td>\n<td style=\"text-align: center;background-color: #006699\"><span style=\"color: #ffffff\"><b>K\u1ebft qu\u1ea3 mong \u0111\u1ee3i<\/b><\/span><\/td>\n<td style=\"text-align: center;background-color: #006699\"><span style=\"color: #ffffff\"><strong>Ghi ch\u00fa<\/strong><\/span><\/td>\n<\/tr>\n<tr>\n<td style=\"text-align: center\" colspan=\"1\" rowspan=\"4\">30\u00b12C<\/td>\n<td style=\"text-align: center\">V\u1ecb tr\u00ed l\u1ea1nh<\/td>\n<td style=\"text-align: center\">1.13Trong<\/td>\n<td style=\"text-align: center\">gi\u1edd 1<\/td>\n<td style=\"text-align: center\">Kh\u00f4ng ph\u00e1t h\u00e0nh<\/td>\n<td style=\"text-align: center\"><strong>_<\/strong><\/td>\n<\/tr>\n<tr>\n<td>\n<p style=\"text-align: center\">Th\u1ef1c hi\u1ec7n ngay l\u1eadp t\u1ee9c<\/p>\n<p style=\"text-align: center\">sau b\u00e0i ki\u1ec3m tra tr\u01b0\u1edbc<\/p>\n<\/td>\n<td style=\"text-align: center\">1,45 Trong<\/td>\n<td style=\"text-align: center\">t&lt;1 gi\u1edd<\/td>\n<td style=\"text-align: center\">Gi\u1ea3i ph\u00f3ng<\/td>\n<td style=\"text-align: center\"><strong>_<\/strong><\/td>\n<\/tr>\n<tr>\n<td style=\"text-align: center\">V\u1ecb tr\u00ed l\u1ea1nh<\/td>\n<td style=\"text-align: center\">2,55 Trong<\/td>\n<td style=\"text-align: center\">1 gi\u00e2y<\/td>\n<td style=\"text-align: center\">Gi\u1ea3i ph\u00f3ng<\/td>\n<td colspan=\"1\" rowspan=\"2\">\n<p style=\"text-align: center\">D\u00f2ng \u0111i\u1ec7n t\u0103ng \u0111\u1ec1u \u0111\u1eb7n l\u00ean<\/p>\n<p style=\"text-align: center\">gi\u00e1 tr\u1ecb \u0111\u1eb7c bi\u1ec7t trong v\u00f2ng 5 gi\u00e2y<\/p>\n<\/td>\n<\/tr>\n<tr>\n<td style=\"text-align: center\">V\u1ecb tr\u00ed l\u1ea1nh<\/td>\n<td style=\"text-align: center\">2,55 Trong<\/td>\n<td style=\"text-align: center\">1 gi\u00e2y<\/td>\n<td style=\"text-align: center\">Gi\u1ea3i ph\u00f3ng<\/td>\n<\/tr>\n<tr>\n<td style=\"text-align: center\" colspan=\"1\" rowspan=\"6\">30\u00b12C<\/td>\n<td style=\"text-align: center\">V\u1ecb tr\u00ed l\u1ea1nh<\/td>\n<td style=\"text-align: center\">3Trong<\/td>\n<td style=\"text-align: center\">t 0,1 gi\u00e2y<\/td>\n<td style=\"text-align: center\">Kh\u00f4ng ph\u00e1t h\u00e0nh<\/td>\n<td style=\"text-align: center\">Lo\u1ea1i B<\/td>\n<\/tr>\n<tr>\n<td style=\"text-align: center\">V\u1ecb tr\u00ed l\u1ea1nh<\/td>\n<td style=\"text-align: center\">5Trong<\/td>\n<td style=\"text-align: center\">t&lt;0,1 gi\u00e2y<\/td>\n<td style=\"text-align: center\">Gi\u1ea3i ph\u00f3ng<\/td>\n<td style=\"text-align: center\">Lo\u1ea1i B<\/td>\n<\/tr>\n<tr>\n<td style=\"text-align: center\">V\u1ecb tr\u00ed l\u1ea1nh<\/td>\n<td style=\"text-align: center\">5Trong<\/td>\n<td style=\"text-align: center\">t 0,1 gi\u00e2y<\/td>\n<td style=\"text-align: center\">Kh\u00f4ng ph\u00e1t h\u00e0nh<\/td>\n<td style=\"text-align: center\">Lo\u1ea1i C<\/td>\n<\/tr>\n<tr>\n<td style=\"text-align: center\">V\u1ecb tr\u00ed l\u1ea1nh<\/td>\n<td style=\"text-align: center\">10Trong<\/td>\n<td style=\"text-align: center\">t&lt;0,1 gi\u00e2y<\/td>\n<td style=\"text-align: center\">Gi\u1ea3i ph\u00f3ng<\/td>\n<td style=\"text-align: center\">Lo\u1ea1i C<\/td>\n<\/tr>\n<tr>\n<td style=\"text-align: center\">V\u1ecb tr\u00ed l\u1ea1nh<\/td>\n<td style=\"text-align: center\">10Trong<\/td>\n<td style=\"text-align: center\">t 0,1 gi\u00e2y<\/td>\n<td style=\"text-align: center\">Kh\u00f4ng ph\u00e1t h\u00e0nh<\/td>\n<td style=\"text-align: center\">Lo\u1ea1i D<\/td>\n<\/tr>\n<tr>\n<td style=\"text-align: center\">V\u1ecb tr\u00ed l\u1ea1nh<\/td>\n<td style=\"text-align: center\">20Trong<\/td>\n<td style=\"text-align: center\">t&lt;0,1 gi\u00e2y<\/td>\n<td style=\"text-align: center\">Gi\u1ea3i ph\u00f3ng<\/td>\n<td style=\"text-align: center\">Lo\u1ea1i D<\/td>\n<\/tr>\n<\/tbody>\n<\/table>\n<p><strong>5.<\/strong>\u00a0<b>K\u00edch th\u01b0\u1edbc<\/b><\/p>\n<p><img loading=\"lazy\" decoding=\"async\" class=\"size-medium wp-image-30999 aligncenter\" src=\"https:\/\/morstar.vn\/wp-content\/uploads\/2024\/08\/Screenshot-2024-11-28-105805-640x210.png\" alt=\"\" width=\"640\" height=\"210\" srcset=\"https:\/\/morstar.vn\/wp-content\/uploads\/2024\/08\/Screenshot-2024-11-28-105805-640x210.png 640w, https:\/\/morstar.vn\/wp-content\/uploads\/2024\/08\/Screenshot-2024-11-28-105805-18x6.png 18w, https:\/\/morstar.vn\/wp-content\/uploads\/2024\/08\/Screenshot-2024-11-28-105805-320x105.png 320w, https:\/\/morstar.vn\/wp-content\/uploads\/2024\/08\/Screenshot-2024-11-28-105805-430x141.png 430w, https:\/\/morstar.vn\/wp-content\/uploads\/2024\/08\/Screenshot-2024-11-28-105805-700x229.png 700w, https:\/\/morstar.vn\/wp-content\/uploads\/2024\/08\/Screenshot-2024-11-28-105805.png 708w\" sizes=\"auto, (max-width: 640px) 100vw, 640px\" \/><\/p>\n<p>Ch\u00fang t\u00f4i c\u0169ng l\u00e0 m\u1ed9t trong nh\u1eefng nh\u00e0 s\u1ea3n xu\u1ea5t v\u00e0 xu\u1ea5t kh\u1ea9u h\u00e0ng \u0111\u1ea7u v\u1ec1 nhi\u1ec1u lo\u1ea1i H\u1ed9p n\u1ed1i g\u1eafn tr\u00ean c\u1ed9t SMC (H\u1ed9p \u0111\u00e8n \u0111\u01b0\u1eddng). Ch\u00fang \u0111\u01b0\u1ee3c s\u1ea3n xu\u1ea5t b\u1eb1ng v\u1eadt li\u1ec7u cao c\u1ea5p v\u00e0 \u0111\u01b0\u1ee3c trang b\u1ecb n\u1eafp b\u1ea3o v\u1ec7 \u0111\u1ec3 tr\u00e1nh va \u0111\u1eadp. Nh\u1eefng h\u1ed9p n\u00e0y c\u00f3 \u0111\u1ed9 b\u1ec1n cao v\u00e0 \u0111\u01b0\u1ee3c cung c\u1ea5p theo th\u00f4ng s\u1ed1 k\u1ef9 thu\u1eadt ti\u00eau chu\u1ea9n cho kh\u00e1ch h\u00e0ng c\u1ee7a ch\u00fang t\u00f4i.<\/p>\n<div style=\"text-align: center\">\n<figure class=\"image\"><img loading=\"lazy\" decoding=\"async\" src=\"https:\/\/morstar.vn\/wp-content\/uploads\/2024\/08\/tu-dien.jpg\" alt=\"tu dien\" width=\"767\" height=\"414\" \/><figcaption><\/figcaption><\/figure>\n<\/div>\n<p>Ch\u00fang t\u00f4i \u00e1p d\u1ee5ng ch\u00ednh s\u00e1ch ph\u00e1t tri\u1ec3n li\u00ean t\u1ee5c s\u1ea3n ph\u1ea9m c\u1ee7a m\u00ecnh v\u00e0 c\u00f3 quy\u1ec1n thay \u0111\u1ed5i th\u00f4ng s\u1ed1 k\u1ef9 thu\u1eadt v\u00e0 \u0111\u1eb7c \u0111i\u1ec3m k\u1ef9 thu\u1eadt m\u00e0 kh\u00f4ng c\u1ea7n th\u00f4ng b\u00e1o. \u0110\u1ec3 bi\u1ebft th\u00eam th\u00f4ng tin, vui l\u00f2ng li\u00ean h\u1ec7 v\u1edbi Sao Mai.<\/p>","protected":false},"excerpt":{"rendered":"<p><strong>T\u1ed5ng quan<\/strong><br \/>\nMS47-63 \u0111\u01b0\u1ee3c \u00e1p d\u1ee5ng cho AC 50Hz\/60Hz, 230V, 400V g\u1eafp \u0111\u00f4i, ba, b\u1ed1n c\u1ef1c \u0111\u1ec3 b\u1ea3o v\u1ec7 qu\u00e1 t\u1ea3i v\u00e0 ng\u1eafn m\u1ea1ch v\u00e0 d\u00f2ng \u0111i\u1ec7n \u0111\u1ecbnh m\u1ee9c l\u00ean \u0111\u1ebfn 63A. N\u00f3 c\u0169ng c\u00f3 th\u1ec3 \u0111\u01b0\u1ee3c s\u1eed d\u1ee5ng \u0111\u1ec3 chuy\u1ec3n m\u1ea1ch d\u00f2ng \u0111i\u1ec7n kh\u00f4ng \u0111\u1ec1u trong \u0111i\u1ec1u ki\u1ec7n b\u00ecnh th\u01b0\u1eddng. B\u1ed9 ng\u1eaft m\u1ea1ch \u0111\u01b0\u1ee3c \u00e1p d\u1ee5ng cho h\u1ec7 th\u1ed1ng ph\u00e2n ph\u1ed1i chi\u1ebfu s\u00e1ng trong c\u00e1c doanh nghi\u1ec7p c\u00f4ng nghi\u1ec7p, khu th\u01b0\u01a1ng m\u1ea1i, t\u00f2a nh\u00e0 cao t\u1ea7ng v\u00e0 t\u00f2a nh\u00e0 d\u00e2n c\u01b0. N\u00f3 ph\u00f9 h\u1ee3p v\u1edbi ti\u00eau chu\u1ea9n IEC60898.<\/p>","protected":false},"featured_media":28175,"comment_status":"closed","ping_status":"closed","template":"","meta":{"inline_featured_image":false},"product_brand":[],"product_cat":[271,278,320],"product_tag":[],"class_list":{"0":"post-28173","1":"product","2":"type-product","3":"status-publish","4":"has-post-thumbnail","6":"product_cat-circuit-breaker","7":"product_cat-distributed-products","8":"product_cat-electrical-safety-products","10":"first","11":"instock","12":"product-type-simple"},"_links":{"self":[{"href":"https:\/\/morstar.vn\/vi\/wp-json\/wp\/v2\/product\/28173","targetHints":{"allow":["GET"]}}],"collection":[{"href":"https:\/\/morstar.vn\/vi\/wp-json\/wp\/v2\/product"}],"about":[{"href":"https:\/\/morstar.vn\/vi\/wp-json\/wp\/v2\/types\/product"}],"replies":[{"embeddable":true,"href":"https:\/\/morstar.vn\/vi\/wp-json\/wp\/v2\/comments?post=28173"}],"wp:featuredmedia":[{"embeddable":true,"href":"https:\/\/morstar.vn\/vi\/wp-json\/wp\/v2\/media\/28175"}],"wp:attachment":[{"href":"https:\/\/morstar.vn\/vi\/wp-json\/wp\/v2\/media?parent=28173"}],"wp:term":[{"taxonomy":"product_brand","embeddable":true,"href":"https:\/\/morstar.vn\/vi\/wp-json\/wp\/v2\/product_brand?post=28173"},{"taxonomy":"product_cat","embeddable":true,"href":"https:\/\/morstar.vn\/vi\/wp-json\/wp\/v2\/product_cat?post=28173"},{"taxonomy":"product_tag","embeddable":true,"href":"https:\/\/morstar.vn\/vi\/wp-json\/wp\/v2\/product_tag?post=28173"}],"curies":[{"name":"wp","href":"https:\/\/api.w.org\/{rel}","templated":true}]}}