{"id":506,"date":"2020-10-26T12:23:50","date_gmt":"2020-10-26T12:23:50","guid":{"rendered":"http:\/\/amwerk.bold-themes.com\/berlin\/?page_id=506"},"modified":"2020-10-26T12:23:50","modified_gmt":"2020-10-26T12:23:50","slug":"portfolio-tiles-six-columns","status":"publish","type":"page","link":"https:\/\/morstar.vn\/vi\/portfolio-tiles-six-columns\/","title":{"rendered":"Portfolio tiles six columns"},"content":{"rendered":"<section id=\"bt_bb_section69e22850ead5c\" class=\"bt_bb_section bt_bb_layout_boxed_1600 bt_bb_vertical_align_top bt_bb_top_spacing_medium bt_bb_bottom_spacing_large\"  data-bt-override-class=\"null\"><div class=\"bt_bb_port\"><div class=\"bt_bb_cell\"><div class=\"bt_bb_cell_inner\"><div class=\"bt_bb_row\"  data-bt-override-class=\"{}\"><div class=\"bt_bb_row_holder\" ><div  class=\"bt_bb_column col-xxl-12 col-xl-12 bt_bb_vertical_align_top bt_bb_align_left bt_bb_padding_normal\" style=\"; --column-width:12;\" data-width=\"12\" data-bt-override-class=\"{}\"><div class=\"bt_bb_column_content\"><div class=\"bt_bb_column_content_inner\"><div class=\"bt_bb_masonry_portfolio_tiles bt_bb_grid_container bt_bb_columns_6 bt_bb_gap_normal\" data-columns=\"6\"><div class=\"bt_bb_post_grid_filter\"><span class=\"bt_bb_masonry_portfolio_tiles_filter_item bt_bb_post_grid_filter_item active\" data-category-portfolio=\"construction,machinery,manufacture,production,tools\" data-format-portfolio=\"22,21,11,11,11,11,21,11,11,21,11\" data-post-type=\"portfolio\">All<\/span><span class=\"bt_bb_masonry_portfolio_tiles_filter_item bt_bb_post_grid_filter_item\" data-category-portfolio=\"construction\"  data-format-portfolio=\"22,21,11,11,11,11,21,11,11,21,11\" data-post-type=\"portfolio\">S\u1ef1 thi c\u00f4ng<\/span><span class=\"bt_bb_masonry_portfolio_tiles_filter_item bt_bb_post_grid_filter_item\" data-category-portfolio=\"machinery\"  data-format-portfolio=\"22,21,11,11,11,11,21,11,11,21,11\" data-post-type=\"portfolio\">M\u00e1y m\u00f3c<\/span><span class=\"bt_bb_masonry_portfolio_tiles_filter_item bt_bb_post_grid_filter_item\" data-category-portfolio=\"manufacture\"  data-format-portfolio=\"22,21,11,11,11,11,21,11,11,21,11\" data-post-type=\"portfolio\">S\u1ea3n xu\u1ea5t<\/span><span class=\"bt_bb_masonry_portfolio_tiles_filter_item bt_bb_post_grid_filter_item\" data-category-portfolio=\"production\"  data-format-portfolio=\"22,21,11,11,11,11,21,11,11,21,11\" data-post-type=\"portfolio\">S\u1ea3n xu\u1ea5t<\/span><span class=\"bt_bb_masonry_portfolio_tiles_filter_item bt_bb_post_grid_filter_item\" data-category-portfolio=\"tools\"  data-format-portfolio=\"22,21,11,11,11,11,21,11,11,21,11\" data-post-type=\"portfolio\">C\u00f4ng c\u1ee5<\/span><\/div><div class=\"bt_bb_masonry_portfolio_tiles_content bt_bb_masonry_post_grid_content bt_bb_grid_hide\" data-bt-nonce=\"e576ce26fc\" data-number-portfolio=\"1000\" data-format-portfolio=\"22,21,11,11,11,11,21,11,11,21,11\" data-category-portfolio=\"\"  data-post-type=\"portfolio\" data-show-portfolio=\"a%3A4%3A%7Bs%3A7%3A%22excerpt%22%3Bb%3A1%3Bs%3A5%3A%22title%22%3Bb%3A0%3Bs%3A5%3A%22arrow%22%3Bb%3A0%3Bs%3A4%3A%22size%22%3Bs%3A23%3A%22boldthemes_large_square%22%3B%7D\"><div class=\"bt_bb_grid_sizer\"><\/div><\/div><div class=\"bt_bb_post_grid_loader\"><span class=\"box1\"><\/span><span class=\"box2\"><\/span><span class=\"box3\"><\/span><span class=\"box4\"><\/span><span class=\"box5\"><\/span><\/div><\/div><\/div><\/div><\/div><\/div><\/div><\/div><!-- cell_inner --><\/div><!-- cell --><\/div><!-- port --><\/section>","protected":false},"excerpt":{"rendered":"<p>T\u00e1i trung gian \u0111\u00e1ng tin c\u1eady c\u00e1c \u00fd t\u01b0\u1edfng backend cho c\u00e1c m\u00f4 h\u00ecnh \u0111a n\u1ec1n t\u1ea3ng. Li\u00ean t\u1ee5c t\u00e1i trung gian c\u00e1c quy tr\u00ecnh t\u00edch h\u1ee3p th\u00f4ng qua v\u1ed1n tr\u00ed tu\u1ec7 v\u1eefng ch\u1eafc v\u1ec1 m\u1eb7t k\u1ef9 thu\u1eadt. Th\u00fac \u0111\u1ea9y to\u00e0n di\u1ec7n c\u00e1c ph\u01b0\u01a1ng ph\u00e1p lu\u1eadn v\u01b0\u1ee3t tr\u1ed9i m\u00e0 kh\u00f4ng c\u00f3 c\u00e1c th\u00f4ng l\u1ec7 t\u1ed1t nh\u1ea5t do th\u1ecb tr\u01b0\u1eddng th\u00fac \u0111\u1ea9y.<\/p>","protected":false},"author":1,"featured_media":588,"parent":0,"menu_order":0,"comment_status":"closed","ping_status":"closed","template":"","meta":{"inline_featured_image":false,"footnotes":""},"class_list":["post-506","page","type-page","status-publish","has-post-thumbnail","hentry"],"_links":{"self":[{"href":"https:\/\/morstar.vn\/vi\/wp-json\/wp\/v2\/pages\/506","targetHints":{"allow":["GET"]}}],"collection":[{"href":"https:\/\/morstar.vn\/vi\/wp-json\/wp\/v2\/pages"}],"about":[{"href":"https:\/\/morstar.vn\/vi\/wp-json\/wp\/v2\/types\/page"}],"author":[{"embeddable":true,"href":"https:\/\/morstar.vn\/vi\/wp-json\/wp\/v2\/users\/1"}],"replies":[{"embeddable":true,"href":"https:\/\/morstar.vn\/vi\/wp-json\/wp\/v2\/comments?post=506"}],"version-history":[{"count":0,"href":"https:\/\/morstar.vn\/vi\/wp-json\/wp\/v2\/pages\/506\/revisions"}],"wp:featuredmedia":[{"embeddable":true,"href":"https:\/\/morstar.vn\/vi\/wp-json\/wp\/v2\/media\/588"}],"wp:attachment":[{"href":"https:\/\/morstar.vn\/vi\/wp-json\/wp\/v2\/media?parent=506"}],"curies":[{"name":"wp","href":"https:\/\/api.w.org\/{rel}","templated":true}]}}