{"id":502,"date":"2020-10-26T12:23:35","date_gmt":"2020-10-26T12:23:35","guid":{"rendered":"http:\/\/amwerk.bold-themes.com\/berlin\/?page_id=502"},"modified":"2020-10-26T12:23:35","modified_gmt":"2020-10-26T12:23:35","slug":"portfolio-tiles-five-columns","status":"publish","type":"page","link":"https:\/\/morstar.vn\/vi\/portfolio-tiles-five-columns\/","title":{"rendered":"Portfolio tiles five columns"},"content":{"rendered":"<section id=\"bt_bb_section69e1549029cde\" class=\"bt_bb_section bt_bb_layout_boxed_1600 bt_bb_vertical_align_top bt_bb_top_spacing_medium bt_bb_bottom_spacing_large\"  data-bt-override-class=\"null\"><div class=\"bt_bb_port\"><div class=\"bt_bb_cell\"><div class=\"bt_bb_cell_inner\"><div class=\"bt_bb_row\"  data-bt-override-class=\"{}\"><div class=\"bt_bb_row_holder\" ><div  class=\"bt_bb_column col-xxl-12 col-xl-12 bt_bb_vertical_align_top bt_bb_align_left bt_bb_padding_normal\" style=\"; --column-width:12;\" data-width=\"12\" data-bt-override-class=\"{}\"><div class=\"bt_bb_column_content\"><div class=\"bt_bb_column_content_inner\"><div class=\"bt_bb_masonry_portfolio_tiles bt_bb_grid_container bt_bb_columns_5 bt_bb_gap_normal\" data-columns=\"5\"><div class=\"bt_bb_masonry_portfolio_tiles_content bt_bb_masonry_post_grid_content bt_bb_grid_hide\" data-bt-nonce=\"b2bcb2176b\" data-number-portfolio=\"1000\" data-format-portfolio=\"11,21,11,11,11,11,21,11,21,11,21\" data-category-portfolio=\"\"  data-post-type=\"portfolio\" data-show-portfolio=\"a%3A4%3A%7Bs%3A7%3A%22excerpt%22%3Bb%3A1%3Bs%3A5%3A%22title%22%3Bb%3A1%3Bs%3A5%3A%22arrow%22%3Bb%3A0%3Bs%3A4%3A%22size%22%3Bs%3A23%3A%22boldthemes_small_square%22%3B%7D\"><div class=\"bt_bb_grid_sizer\"><\/div><\/div><div class=\"bt_bb_post_grid_loader\"><span class=\"box1\"><\/span><span class=\"box2\"><\/span><span class=\"box3\"><\/span><span class=\"box4\"><\/span><span class=\"box5\"><\/span><\/div><\/div><\/div><\/div><\/div><\/div><\/div><\/div><!-- cell_inner --><\/div><!-- cell --><\/div><!-- port --><\/section>","protected":false},"excerpt":{"rendered":"<p>T\u00e1i t\u1ea1o n\u0103ng \u0111\u1ed9ng c\u00e1c c\u01a1 h\u1ed9i do th\u1ecb tr\u01b0\u1eddng th\u00fac \u0111\u1ea9y v\u00e0 giao di\u1ec7n ph\u1ed5 bi\u1ebfn. N\u0103ng \u0111\u1ed9ng ch\u1ebf t\u1ea1o m\u1ed9t lo\u1ea1t c\u00e1c th\u1ecb tr\u01b0\u1eddng ng\u00e1ch m\u1edf r\u1ed9ng th\u00f4ng qua c\u00e1c s\u1ea3n ph\u1ea9m m\u1ea1nh m\u1ebd. Tri\u1ec3n khai ph\u00f9 h\u1ee3p c\u00e1c d\u1ecbch v\u1ee5 \u0111i\u1ec7n t\u1eed c\u00f3 t\u1ea7m nh\u00ecn li\u00ean quan \u0111\u1ebfn kh\u1ea3 n\u0103ng s\u1eb5n s\u00e0ng chi\u1ebfn l\u01b0\u1ee3c tr\u00ean web.<\/p>","protected":false},"author":1,"featured_media":577,"parent":0,"menu_order":0,"comment_status":"closed","ping_status":"closed","template":"","meta":{"inline_featured_image":false,"footnotes":""},"class_list":["post-502","page","type-page","status-publish","has-post-thumbnail","hentry"],"_links":{"self":[{"href":"https:\/\/morstar.vn\/vi\/wp-json\/wp\/v2\/pages\/502","targetHints":{"allow":["GET"]}}],"collection":[{"href":"https:\/\/morstar.vn\/vi\/wp-json\/wp\/v2\/pages"}],"about":[{"href":"https:\/\/morstar.vn\/vi\/wp-json\/wp\/v2\/types\/page"}],"author":[{"embeddable":true,"href":"https:\/\/morstar.vn\/vi\/wp-json\/wp\/v2\/users\/1"}],"replies":[{"embeddable":true,"href":"https:\/\/morstar.vn\/vi\/wp-json\/wp\/v2\/comments?post=502"}],"version-history":[{"count":0,"href":"https:\/\/morstar.vn\/vi\/wp-json\/wp\/v2\/pages\/502\/revisions"}],"wp:featuredmedia":[{"embeddable":true,"href":"https:\/\/morstar.vn\/vi\/wp-json\/wp\/v2\/media\/577"}],"wp:attachment":[{"href":"https:\/\/morstar.vn\/vi\/wp-json\/wp\/v2\/media?parent=502"}],"curies":[{"name":"wp","href":"https:\/\/api.w.org\/{rel}","templated":true}]}}