{"id":496,"date":"2020-10-26T12:23:13","date_gmt":"2020-10-26T12:23:13","guid":{"rendered":"http:\/\/amwerk.bold-themes.com\/berlin\/?page_id=496"},"modified":"2020-10-26T12:23:13","modified_gmt":"2020-10-26T12:23:13","slug":"portfolio-grid-six-columns","status":"publish","type":"page","link":"https:\/\/morstar.vn\/vi\/portfolio-grid-six-columns\/","title":{"rendered":"Portfolio grid six columns"},"content":{"rendered":"<section id=\"bt_bb_section69e1fc1f9ec21\" class=\"bt_bb_section bt_bb_layout_boxed_1600 bt_bb_vertical_align_top bt_bb_top_spacing_medium bt_bb_bottom_spacing_large\"  data-bt-override-class=\"null\"><div class=\"bt_bb_port\"><div class=\"bt_bb_cell\"><div class=\"bt_bb_cell_inner\"><div class=\"bt_bb_row\"  data-bt-override-class=\"{}\"><div class=\"bt_bb_row_holder\" ><div  class=\"bt_bb_column col-xxl-12 col-xl-12 bt_bb_vertical_align_top bt_bb_align_left bt_bb_padding_normal\" style=\"; --column-width:12;\" data-width=\"12\" data-bt-override-class=\"{}\"><div class=\"bt_bb_column_content\"><div class=\"bt_bb_column_content_inner\"><div class=\"bt_bb_masonry_portfolio_grid bt_bb_grid_container bt_bb_columns_6 bt_bb_gap_normal bt_bb_date_design_triangle\" data-columns=\"6\"><div class=\"bt_bb_post_grid_filter\"><span class=\"bt_bb_masonry_portfolio_grid_filter_item bt_bb_post_grid_filter_item active\" data-category-portfolio=\"construction,machinery,manufacture,production,tools\" data-post-type=\"portfolio\">All<\/span><span class=\"bt_bb_masonry_portfolio_grid_filter_item bt_bb_post_grid_filter_item\" data-category-portfolio=\"construction\" data-post-type=\"portfolio\">S\u1ef1 thi c\u00f4ng<\/span><span class=\"bt_bb_masonry_portfolio_grid_filter_item bt_bb_post_grid_filter_item\" data-category-portfolio=\"machinery\" data-post-type=\"portfolio\">M\u00e1y m\u00f3c<\/span><span class=\"bt_bb_masonry_portfolio_grid_filter_item bt_bb_post_grid_filter_item\" data-category-portfolio=\"manufacture\" data-post-type=\"portfolio\">S\u1ea3n xu\u1ea5t<\/span><span class=\"bt_bb_masonry_portfolio_grid_filter_item bt_bb_post_grid_filter_item\" data-category-portfolio=\"production\" data-post-type=\"portfolio\">S\u1ea3n xu\u1ea5t<\/span><span class=\"bt_bb_masonry_portfolio_grid_filter_item bt_bb_post_grid_filter_item\" data-category-portfolio=\"tools\" data-post-type=\"portfolio\">C\u00f4ng c\u1ee5<\/span><\/div><div class=\"bt_bb_post_grid_loader\"><span class=\"box1\"><\/span><span class=\"box2\"><\/span><span class=\"box3\"><\/span><span class=\"box4\"><\/span><span class=\"box5\"><\/span><\/div><div class=\"bt_bb_masonry_portfolio_grid_content bt_bb_grid_hide\" data-bt-nonce=\"1e8b298541\" data-number-portfolio=\"1000\" data-category-portfolio=\"\" data-post-type=\"portfolio\" data-show-portfolio=\"a%3A7%3A%7Bs%3A8%3A%22category%22%3Bb%3A0%3Bs%3A4%3A%22date%22%3Bb%3A1%3Bs%3A6%3A%22author%22%3Bb%3A1%3Bs%3A8%3A%22comments%22%3Bb%3A0%3Bs%3A7%3A%22excerpt%22%3Bb%3A1%3Bs%3A5%3A%22share%22%3Bb%3A0%3Bs%3A4%3A%22size%22%3Bs%3A23%3A%22boldthemes_large_square%22%3B%7D\" data-date-design=\"triangle\"  data-target=\"_self\"><div class=\"bt_bb_grid_sizer\"><\/div><\/div><\/div><\/div><\/div><\/div><\/div><\/div><\/div><!-- cell_inner --><\/div><!-- cell --><\/div><!-- port --><\/section>","protected":false},"excerpt":{"rendered":"<p>Tr\u00ec ho\u00e3n t\u01b0\u01a1ng t\u00e1c n\u1ed9i dung c\u00f3 l\u1ee3i nhu\u1eadn cao m\u00e0 kh\u00f4ng c\u00f3 d\u1eef li\u1ec7u t\u01b0\u01a1ng th\u00edch ng\u01b0\u1ee3c. Nhanh ch\u00f3ng vun \u0111\u1eafp c\u00e1c quy tr\u00ecnh t\u1ed1i \u01b0u v\u00e0 ki\u1ebfn tr\u00fac chi\u1ebfn thu\u1eadt. L\u1eb7p l\u1ea1i ho\u00e0n to\u00e0n c\u00e1c l\u0129nh v\u1ef1c ch\u1ee7 \u0111\u1ec1 chi\u1ebfn l\u01b0\u1ee3c li\u00ean k\u1ebft th\u00f4ng qua c\u00e1c th\u1ecb tr\u01b0\u1eddng \u0111i\u1ec7n t\u1eed ch\u00ednh x\u00e1c.<\/p>","protected":false},"author":1,"featured_media":0,"parent":0,"menu_order":0,"comment_status":"closed","ping_status":"closed","template":"","meta":{"inline_featured_image":false,"footnotes":""},"class_list":["post-496","page","type-page","status-publish","hentry"],"_links":{"self":[{"href":"https:\/\/morstar.vn\/vi\/wp-json\/wp\/v2\/pages\/496","targetHints":{"allow":["GET"]}}],"collection":[{"href":"https:\/\/morstar.vn\/vi\/wp-json\/wp\/v2\/pages"}],"about":[{"href":"https:\/\/morstar.vn\/vi\/wp-json\/wp\/v2\/types\/page"}],"author":[{"embeddable":true,"href":"https:\/\/morstar.vn\/vi\/wp-json\/wp\/v2\/users\/1"}],"replies":[{"embeddable":true,"href":"https:\/\/morstar.vn\/vi\/wp-json\/wp\/v2\/comments?post=496"}],"version-history":[{"count":0,"href":"https:\/\/morstar.vn\/vi\/wp-json\/wp\/v2\/pages\/496\/revisions"}],"wp:attachment":[{"href":"https:\/\/morstar.vn\/vi\/wp-json\/wp\/v2\/media?parent=496"}],"curies":[{"name":"wp","href":"https:\/\/api.w.org\/{rel}","templated":true}]}}