{"id":494,"date":"2020-10-26T12:23:06","date_gmt":"2020-10-26T12:23:06","guid":{"rendered":"http:\/\/amwerk.bold-themes.com\/berlin\/?page_id=494"},"modified":"2020-10-26T12:23:06","modified_gmt":"2020-10-26T12:23:06","slug":"portfolio-grid-four-columns","status":"publish","type":"page","link":"https:\/\/morstar.vn\/vi\/portfolio-grid-four-columns\/","title":{"rendered":"Portfolio grid four columns"},"content":{"rendered":"<section id=\"bt_bb_section6a078155be435\" class=\"bt_bb_section bt_bb_layout_boxed_1200 bt_bb_vertical_align_top bt_bb_top_spacing_medium bt_bb_bottom_spacing_large\"  data-bt-override-class=\"null\"><div class=\"bt_bb_port\"><div class=\"bt_bb_cell\"><div class=\"bt_bb_cell_inner\"><div class=\"bt_bb_row\"  data-bt-override-class=\"{}\"><div class=\"bt_bb_row_holder\" ><div  class=\"bt_bb_column col-xxl-12 col-xl-12 bt_bb_vertical_align_top bt_bb_align_left bt_bb_padding_normal\" style=\"; --column-width:12;\" data-width=\"12\" data-bt-override-class=\"{}\"><div class=\"bt_bb_column_content\"><div class=\"bt_bb_column_content_inner\"><div class=\"bt_bb_masonry_portfolio_grid bt_bb_grid_container bt_bb_columns_4 bt_bb_gap_normal bt_bb_date_design_triangle\" data-columns=\"4\"><div class=\"bt_bb_post_grid_filter\"><span class=\"bt_bb_masonry_portfolio_grid_filter_item bt_bb_post_grid_filter_item active\" data-category-portfolio=\"construction,machinery,manufacture,production,tools\" data-post-type=\"portfolio\">All<\/span><span class=\"bt_bb_masonry_portfolio_grid_filter_item bt_bb_post_grid_filter_item\" data-category-portfolio=\"construction\" data-post-type=\"portfolio\">S\u1ef1 thi c\u00f4ng<\/span><span class=\"bt_bb_masonry_portfolio_grid_filter_item bt_bb_post_grid_filter_item\" data-category-portfolio=\"machinery\" data-post-type=\"portfolio\">M\u00e1y m\u00f3c<\/span><span class=\"bt_bb_masonry_portfolio_grid_filter_item bt_bb_post_grid_filter_item\" data-category-portfolio=\"manufacture\" data-post-type=\"portfolio\">S\u1ea3n xu\u1ea5t<\/span><span class=\"bt_bb_masonry_portfolio_grid_filter_item bt_bb_post_grid_filter_item\" data-category-portfolio=\"production\" data-post-type=\"portfolio\">S\u1ea3n xu\u1ea5t<\/span><span class=\"bt_bb_masonry_portfolio_grid_filter_item bt_bb_post_grid_filter_item\" data-category-portfolio=\"tools\" data-post-type=\"portfolio\">C\u00f4ng c\u1ee5<\/span><\/div><div class=\"bt_bb_post_grid_loader\"><span class=\"box1\"><\/span><span class=\"box2\"><\/span><span class=\"box3\"><\/span><span class=\"box4\"><\/span><span class=\"box5\"><\/span><\/div><div class=\"bt_bb_masonry_portfolio_grid_content bt_bb_grid_hide\" data-bt-nonce=\"ac8bb6d588\" data-number-portfolio=\"1000\" data-category-portfolio=\"\" data-post-type=\"portfolio\" data-show-portfolio=\"a%3A7%3A%7Bs%3A8%3A%22category%22%3Bb%3A0%3Bs%3A4%3A%22date%22%3Bb%3A1%3Bs%3A6%3A%22author%22%3Bb%3A0%3Bs%3A8%3A%22comments%22%3Bb%3A0%3Bs%3A7%3A%22excerpt%22%3Bb%3A1%3Bs%3A5%3A%22share%22%3Bb%3A1%3Bs%3A4%3A%22size%22%3Bs%3A23%3A%22boldthemes_large_square%22%3B%7D\" data-date-design=\"triangle\"  data-target=\"_self\"><div class=\"bt_bb_grid_sizer\"><\/div><\/div><\/div><\/div><\/div><\/div><\/div><\/div><\/div><!-- cell_inner --><\/div><!-- cell --><\/div><!-- port --><\/section>","protected":false},"excerpt":{"rendered":"<p>Qu\u1ea3n l\u00fd h\u1ee3p t\u00e1c c\u00e1c k\u00eanh ch\u00eca kh\u00f3a trao tay trong khi c\u00e1c nh\u00e0 b\u00e1n l\u1ebb \u0111i\u1ec7n t\u1eed \u1ea3o. Kh\u00e1ch quan n\u1eafm b\u1eaft c\u00e1c s\u1ed1 li\u1ec7u c\u00f3 th\u1ec3 m\u1edf r\u1ed9ng trong khi c\u00e1c d\u1ecbch v\u1ee5 \u0111i\u1ec7n t\u1eed ch\u1ee7 \u0111\u1ed9ng. Trao quy\u1ec1n li\u1ec1n m\u1ea1ch cho c\u00e1c chi\u1ebfn l\u01b0\u1ee3c t\u0103ng tr\u01b0\u1edfng \u0111\u01b0\u1ee3c nghi\u00ean c\u1ee9u \u0111\u1ea7y \u0111\u1ee7 v\u00e0 c\u00e1c ngu\u1ed3n n\u1ed9i b\u1ed9 ho\u1eb7c h\u1eefu c\u01a1 c\u00f3 th\u1ec3 t\u01b0\u01a1ng t\u00e1c.<\/p>","protected":false},"author":1,"featured_media":0,"parent":0,"menu_order":0,"comment_status":"closed","ping_status":"closed","template":"","meta":{"inline_featured_image":false,"footnotes":""},"class_list":["post-494","page","type-page","status-publish","hentry"],"_links":{"self":[{"href":"https:\/\/morstar.vn\/vi\/wp-json\/wp\/v2\/pages\/494","targetHints":{"allow":["GET"]}}],"collection":[{"href":"https:\/\/morstar.vn\/vi\/wp-json\/wp\/v2\/pages"}],"about":[{"href":"https:\/\/morstar.vn\/vi\/wp-json\/wp\/v2\/types\/page"}],"author":[{"embeddable":true,"href":"https:\/\/morstar.vn\/vi\/wp-json\/wp\/v2\/users\/1"}],"replies":[{"embeddable":true,"href":"https:\/\/morstar.vn\/vi\/wp-json\/wp\/v2\/comments?post=494"}],"version-history":[{"count":0,"href":"https:\/\/morstar.vn\/vi\/wp-json\/wp\/v2\/pages\/494\/revisions"}],"wp:attachment":[{"href":"https:\/\/morstar.vn\/vi\/wp-json\/wp\/v2\/media?parent=494"}],"curies":[{"name":"wp","href":"https:\/\/api.w.org\/{rel}","templated":true}]}}