{"id":484,"date":"2020-10-26T12:22:30","date_gmt":"2020-10-26T12:22:30","guid":{"rendered":"http:\/\/amwerk.bold-themes.com\/berlin\/?page_id=484"},"modified":"2024-08-09T06:36:50","modified_gmt":"2024-08-09T06:36:50","slug":"news-tiles-six-columns","status":"publish","type":"page","link":"https:\/\/morstar.vn\/vi\/news\/news-tiles-six-columns\/","title":{"rendered":"News tiles six columns"},"content":{"rendered":"<section id=\"bt_bb_section69f5cba1711c3\" class=\"bt_bb_section bt_bb_layout_boxed_1600 bt_bb_vertical_align_top bt_bb_top_spacing_medium bt_bb_bottom_spacing_large\"  data-bt-override-class=\"null\"><div class=\"bt_bb_port\"><div class=\"bt_bb_cell\"><div class=\"bt_bb_cell_inner\"><div class=\"bt_bb_row\"  data-bt-override-class=\"{}\"><div class=\"bt_bb_row_holder\" ><div  class=\"bt_bb_column col-xxl-12 col-xl-12 bt_bb_vertical_align_top bt_bb_align_left bt_bb_padding_normal\" style=\"; --column-width:12;\" data-width=\"12\" data-bt-override-class=\"{}\"><div class=\"bt_bb_column_content\"><div class=\"bt_bb_column_content_inner\"><div class=\"bt_bb_masonry_post_tiles bt_bb_grid_container bt_bb_columns_6 bt_bb_gap_normal\" data-columns=\"6\"><div class=\"bt_bb_post_grid_filter\"><span class=\"bt_bb_masonry_post_tiles_filter_item bt_bb_post_grid_filter_item active\" data-category-posts=\"uncategorized,union-activities,asian-electricity,csr-activities,press-media,exhibition\" data-format-posts=\"22,21,11,11,11,11,21,11,11,21,11\">All<\/span><span class=\"bt_bb_masonry_post_tiles_filter_item bt_bb_post_grid_filter_item\" data-category-posts=\"uncategorized\"  data-format-posts=\"22,21,11,11,11,11,21,11,11,21,11\">Uncategorized<\/span><span class=\"bt_bb_masonry_post_tiles_filter_item bt_bb_post_grid_filter_item\" data-category-posts=\"union-activities\"  data-format-posts=\"22,21,11,11,11,11,21,11,11,21,11\">Ho\u1ea1t \u0111\u1ed9ng c\u1ee7a C\u00f4ng \u0111o\u00e0n<\/span><span class=\"bt_bb_masonry_post_tiles_filter_item bt_bb_post_grid_filter_item\" data-category-posts=\"asian-electricity\"  data-format-posts=\"22,21,11,11,11,11,21,11,11,21,11\">Ng\u00e0nh \u0111i\u1ec7n Ch\u00e2u \u00c1<\/span><span class=\"bt_bb_masonry_post_tiles_filter_item bt_bb_post_grid_filter_item\" data-category-posts=\"csr-activities\"  data-format-posts=\"22,21,11,11,11,11,21,11,11,21,11\">Ho\u1ea1t \u0111\u1ed9ng CSR<\/span><span class=\"bt_bb_masonry_post_tiles_filter_item bt_bb_post_grid_filter_item\" data-category-posts=\"press-media\"  data-format-posts=\"22,21,11,11,11,11,21,11,11,21,11\">B\u00e1o ch\u00ed &amp; Truy\u1ec1n th\u00f4ng<\/span><span class=\"bt_bb_masonry_post_tiles_filter_item bt_bb_post_grid_filter_item\" data-category-posts=\"exhibition\"  data-format-posts=\"22,21,11,11,11,11,21,11,11,21,11\">Tri\u1ec3n l\u00e3m<\/span><\/div><div class=\"bt_bb_masonry_post_tiles_content bt_bb_masonry_post_grid_content bt_bb_grid_hide\" data-bt-nonce=\"0e11bfacb6\" data-number-posts=\"1000\" data-format-posts=\"22,21,11,11,11,11,21,11,11,21,11\" data-category-posts=\"\" data-show-posts=\"a%3A4%3A%7Bs%3A7%3A%22excerpt%22%3Bb%3A0%3Bs%3A5%3A%22title%22%3Bb%3A0%3Bs%3A5%3A%22arrow%22%3Bb%3A0%3Bs%3A4%3A%22size%22%3Bs%3A23%3A%22boldthemes_large_square%22%3B%7D\" data-auto-loading=\"\"><div class=\"bt_bb_grid_sizer\"><\/div><\/div><div class=\"bt_bb_post_grid_loader\"><span class=\"box1\"><\/span><span class=\"box2\"><\/span><span class=\"box3\"><\/span><span class=\"box4\"><\/span><span class=\"box5\"><\/span><\/div><\/div><\/div><\/div><\/div><\/div><\/div><\/div><!-- cell_inner --><\/div><!-- cell --><\/div><!-- port --><\/section>","protected":false},"excerpt":{"rendered":"<p>K\u00edch ho\u1ea1t hi\u1ec7u qu\u1ea3 c\u00e1c ngu\u1ed3n \u0111\u01b0\u1ee3c k\u00edch ho\u1ea1t v\u00e0 c\u00e1c s\u1ea3n ph\u1ea9m ti\u1ebft ki\u1ec7m chi ph\u00ed. T\u1ed5ng h\u1ee3p ho\u00e0n to\u00e0n th\u00f4ng tin t\u1eadp trung v\u00e0o nguy\u00ean t\u1eafc sau c\u00e1c c\u1ed9ng \u0111\u1ed3ng \u0111\u1ea1o \u0111\u1ee9c. \u0110\u1ed5i m\u1edbi hi\u1ec7u qu\u1ea3 c\u00e1c c\u01a1 s\u1edf h\u1ea1 t\u1ea7ng ngu\u1ed3n m\u1edf th\u00f4ng qua c\u00e1c v\u1eadt li\u1ec7u r\u1ebb ti\u1ec1n.<\/p>","protected":false},"author":1,"featured_media":588,"parent":464,"menu_order":0,"comment_status":"closed","ping_status":"closed","template":"","meta":{"inline_featured_image":false,"footnotes":""},"class_list":["post-484","page","type-page","status-publish","has-post-thumbnail","hentry"],"_links":{"self":[{"href":"https:\/\/morstar.vn\/vi\/wp-json\/wp\/v2\/pages\/484","targetHints":{"allow":["GET"]}}],"collection":[{"href":"https:\/\/morstar.vn\/vi\/wp-json\/wp\/v2\/pages"}],"about":[{"href":"https:\/\/morstar.vn\/vi\/wp-json\/wp\/v2\/types\/page"}],"author":[{"embeddable":true,"href":"https:\/\/morstar.vn\/vi\/wp-json\/wp\/v2\/users\/1"}],"replies":[{"embeddable":true,"href":"https:\/\/morstar.vn\/vi\/wp-json\/wp\/v2\/comments?post=484"}],"version-history":[{"count":0,"href":"https:\/\/morstar.vn\/vi\/wp-json\/wp\/v2\/pages\/484\/revisions"}],"up":[{"embeddable":true,"href":"https:\/\/morstar.vn\/vi\/wp-json\/wp\/v2\/pages\/464"}],"wp:featuredmedia":[{"embeddable":true,"href":"https:\/\/morstar.vn\/vi\/wp-json\/wp\/v2\/media\/588"}],"wp:attachment":[{"href":"https:\/\/morstar.vn\/vi\/wp-json\/wp\/v2\/media?parent=484"}],"curies":[{"name":"wp","href":"https:\/\/api.w.org\/{rel}","templated":true}]}}