{"id":482,"date":"2020-10-26T12:22:23","date_gmt":"2020-10-26T12:22:23","guid":{"rendered":"http:\/\/amwerk.bold-themes.com\/berlin\/?page_id=482"},"modified":"2024-08-09T06:36:51","modified_gmt":"2024-08-09T06:36:51","slug":"news-tiles-four-columns","status":"publish","type":"page","link":"https:\/\/morstar.vn\/vi\/news\/news-tiles-four-columns\/","title":{"rendered":"News tiles four columns"},"content":{"rendered":"<section id=\"bt_bb_section69dfd93f15a0a\" class=\"bt_bb_section bt_bb_layout_boxed_1400 bt_bb_vertical_align_top bt_bb_top_spacing_medium bt_bb_bottom_spacing_large\"  data-bt-override-class=\"null\"><div class=\"bt_bb_port\"><div class=\"bt_bb_cell\"><div class=\"bt_bb_cell_inner\"><div class=\"bt_bb_row\"  data-bt-override-class=\"{}\"><div class=\"bt_bb_row_holder\" ><div  class=\"bt_bb_column col-xxl-12 col-xl-12 bt_bb_vertical_align_top bt_bb_align_left bt_bb_padding_normal\" style=\"; --column-width:12;\" data-width=\"12\" data-bt-override-class=\"{}\"><div class=\"bt_bb_column_content\"><div class=\"bt_bb_column_content_inner\"><div class=\"bt_bb_masonry_post_tiles bt_bb_grid_container bt_bb_columns_4 bt_bb_gap_normal\" data-columns=\"4\"><div class=\"bt_bb_post_grid_filter\"><span class=\"bt_bb_masonry_post_tiles_filter_item bt_bb_post_grid_filter_item active\" data-category-posts=\"uncategorized,union-activities,asian-electricity,csr-activities,press-media,exhibition\" data-format-posts=\"\">All<\/span><span class=\"bt_bb_masonry_post_tiles_filter_item bt_bb_post_grid_filter_item\" data-category-posts=\"uncategorized\"  data-format-posts=\"\">Uncategorized<\/span><span class=\"bt_bb_masonry_post_tiles_filter_item bt_bb_post_grid_filter_item\" data-category-posts=\"union-activities\"  data-format-posts=\"\">Ho\u1ea1t \u0111\u1ed9ng c\u1ee7a C\u00f4ng \u0111o\u00e0n<\/span><span class=\"bt_bb_masonry_post_tiles_filter_item bt_bb_post_grid_filter_item\" data-category-posts=\"asian-electricity\"  data-format-posts=\"\">Ng\u00e0nh \u0111i\u1ec7n Ch\u00e2u \u00c1<\/span><span class=\"bt_bb_masonry_post_tiles_filter_item bt_bb_post_grid_filter_item\" data-category-posts=\"csr-activities\"  data-format-posts=\"\">Ho\u1ea1t \u0111\u1ed9ng CSR<\/span><span class=\"bt_bb_masonry_post_tiles_filter_item bt_bb_post_grid_filter_item\" data-category-posts=\"press-media\"  data-format-posts=\"\">B\u00e1o ch\u00ed &amp; Truy\u1ec1n th\u00f4ng<\/span><span class=\"bt_bb_masonry_post_tiles_filter_item bt_bb_post_grid_filter_item\" data-category-posts=\"exhibition\"  data-format-posts=\"\">Tri\u1ec3n l\u00e3m<\/span><\/div><div class=\"bt_bb_masonry_post_tiles_content bt_bb_masonry_post_grid_content bt_bb_grid_hide\" data-bt-nonce=\"2c72696618\" data-number-posts=\"1000\" data-format-posts=\"\" data-category-posts=\"\" data-show-posts=\"a%3A4%3A%7Bs%3A7%3A%22excerpt%22%3Bb%3A0%3Bs%3A5%3A%22title%22%3Bb%3A0%3Bs%3A5%3A%22arrow%22%3Bb%3A1%3Bs%3A4%3A%22size%22%3Bs%3A23%3A%22boldthemes_large_square%22%3B%7D\" data-auto-loading=\"\"><div class=\"bt_bb_grid_sizer\"><\/div><\/div><div class=\"bt_bb_post_grid_loader\"><span class=\"box1\"><\/span><span class=\"box2\"><\/span><span class=\"box3\"><\/span><span class=\"box4\"><\/span><span class=\"box5\"><\/span><\/div><\/div><\/div><\/div><\/div><\/div><\/div><\/div><!-- cell_inner --><\/div><!-- cell --><\/div><!-- port --><\/section>","protected":false},"excerpt":{"rendered":"<p>T\u00e1i thi\u1ebft k\u1ebf c\u00e1c si\u00eau d\u1ecbch v\u1ee5 mang t\u00ednh c\u00e1ch m\u1ea1ng v\u00e0 ki\u1ebfn tr\u00fac cao c\u1ea5p m\u1ed9t c\u00e1ch \u0111\u1eb7c bi\u1ec7t. Nu\u00f4i d\u01b0\u1ee1ng c\u00e1c c\u01a1 h\u1ed9i tr\u1ef1c quan v\u00e0 ti\u1ec1m n\u0103ng th\u1eddi gian th\u1ef1c. Truy\u1ec1n \u0111\u1ea1t c\u00f4ng ngh\u1ec7 m\u1ed9t-m\u1ed9t m\u1ed9t c\u00e1ch th\u00edch h\u1ee3p sau c\u00e1c m\u1ea1ng c\u1eafm v\u00e0 ch\u1ea1y.<\/p>","protected":false},"author":1,"featured_media":0,"parent":464,"menu_order":0,"comment_status":"closed","ping_status":"closed","template":"","meta":{"inline_featured_image":false,"footnotes":""},"class_list":["post-482","page","type-page","status-publish","hentry"],"_links":{"self":[{"href":"https:\/\/morstar.vn\/vi\/wp-json\/wp\/v2\/pages\/482","targetHints":{"allow":["GET"]}}],"collection":[{"href":"https:\/\/morstar.vn\/vi\/wp-json\/wp\/v2\/pages"}],"about":[{"href":"https:\/\/morstar.vn\/vi\/wp-json\/wp\/v2\/types\/page"}],"author":[{"embeddable":true,"href":"https:\/\/morstar.vn\/vi\/wp-json\/wp\/v2\/users\/1"}],"replies":[{"embeddable":true,"href":"https:\/\/morstar.vn\/vi\/wp-json\/wp\/v2\/comments?post=482"}],"version-history":[{"count":0,"href":"https:\/\/morstar.vn\/vi\/wp-json\/wp\/v2\/pages\/482\/revisions"}],"up":[{"embeddable":true,"href":"https:\/\/morstar.vn\/vi\/wp-json\/wp\/v2\/pages\/464"}],"wp:attachment":[{"href":"https:\/\/morstar.vn\/vi\/wp-json\/wp\/v2\/media?parent=482"}],"curies":[{"name":"wp","href":"https:\/\/api.w.org\/{rel}","templated":true}]}}