{"id":466,"date":"2020-10-26T12:21:05","date_gmt":"2020-10-26T12:21:05","guid":{"rendered":"http:\/\/amwerk.bold-themes.com\/berlin\/?page_id=466"},"modified":"2020-10-26T12:21:05","modified_gmt":"2020-10-26T12:21:05","slug":"latest-posts-four-columns","status":"publish","type":"page","link":"https:\/\/morstar.vn\/vi\/news\/latest-posts-four-columns\/","title":{"rendered":"Latest posts four columns"},"content":{"rendered":"<section id=\"bt_bb_section69e07809b888b\" class=\"bt_bb_section bt_bb_layout_boxed_1200 bt_bb_vertical_align_top bt_bb_top_spacing_medium bt_bb_bottom_spacing_large\"  data-bt-override-class=\"null\"><div class=\"bt_bb_port\"><div class=\"bt_bb_cell\"><div class=\"bt_bb_cell_inner\"><div class=\"bt_bb_row\"  data-bt-override-class=\"{}\"><div class=\"bt_bb_row_holder\" ><div  class=\"bt_bb_column col-xxl-12 col-xl-12 bt_bb_vertical_align_top bt_bb_align_left bt_bb_padding_normal\" style=\"; --column-width:12;\" data-width=\"12\" data-bt-override-class=\"{}\"><div class=\"bt_bb_column_content\"><div class=\"bt_bb_column_content_inner\"><div class=\"bt_bb_latest_posts bt_bb_columns_4 bt_bb_gap_normal bt_bb_show_read_more\"><div class=\"bt_bb_latest_posts_item\"><div class=\"bt_bb_latest_posts_item_image\"><a href=\"https:\/\/morstar.vn\/vi\/vietnams-energy-push-a-golden-opportunity-for-electrical-equipment-companies\/\" target=\"_self\"><img decoding=\"async\" src=\"https:\/\/morstar.vn\/wp-content\/plugins\/bold-page-builder\/img\/blank.gif\" alt=\"Vietnam\u2019s Energy Push &#8211; A Golden Opportunity For Electrical Equipment Companies\" title=\"Vietnam\u2019s Energy Push &#8211; A Golden Opportunity For Electrical Equipment Companies\" class=\"btLazyLoadImage\"  data-image_src=\"https:\/\/morstar.vn\/wp-content\/uploads\/2026\/04\/z4234573605129_8e91d0771c39b1f82a9751857368b336-scaled-1-640x427.jpg\"><\/a><\/div><div class=\"bt_bb_latest_posts_item_content\"><div class=\"bt_bb_latest_posts_item_category\"><ul class=\"post-categories\">\n\t<li><a href=\"https:\/\/morstar.vn\/vi\/loai\/asian-electricity\/\" rel=\"category tag\">Ng\u00e0nh \u0111i\u1ec7n Ch\u00e2u \u00c1<\/a><\/li><\/ul><\/div><h5 class=\"bt_bb_latest_posts_item_title\"><a href=\"https:\/\/morstar.vn\/vi\/vietnams-energy-push-a-golden-opportunity-for-electrical-equipment-companies\/\" target=\"_self\">S\u1ef1 ph\u00e1t tri\u1ec3n n\u0103ng l\u01b0\u1ee3ng t\u1ea1i Vi\u1ec7t Nam \u2013 C\u01a1 h\u1ed9i v\u00e0ng cho c\u00e1c doanh nghi\u1ec7p thi\u1ebft b\u1ecb \u0111i\u1ec7n<\/a><\/h5><div class=\"bt_bb_latest_posts_item_excerpt\">The Chairman of Vietnam Electricity (EVN) stated that maintaining a high level of investment in recent years has been essential to ensuring national energy security and supporting economic growth. Over the past five years, EVN\u2019s total investment has reached nearly VND 500 trillion, primarily focused on developing power generation sources and expanding the national grid....<\/div><div class=\"bt_bb_latest_posts_item_read_more\"><a href=\"https:\/\/morstar.vn\/vi\/vietnams-energy-push-a-golden-opportunity-for-electrical-equipment-companies\/\">Read more<\/a><\/div><\/div><\/div><div class=\"bt_bb_latest_posts_item\"><div class=\"bt_bb_latest_posts_item_image\"><a href=\"https:\/\/morstar.vn\/vi\/morstar-tiep-don-va-lam-viec-voi-doan-cong-tac-den-tu-cong-ty-plp\/\" target=\"_self\"><img decoding=\"async\" src=\"https:\/\/morstar.vn\/wp-content\/plugins\/bold-page-builder\/img\/blank.gif\" alt=\"MORSTAR TI\u1ebeP \u0110\u00d3N V\u00c0 L\u00c0M VI\u1ec6C V\u1edaI \u0110O\u00c0N C\u00d4NG T\u00c1C \u0110\u1ebeN T\u1eea C\u00d4NG TY PLP\" title=\"MORSTAR TI\u1ebeP \u0110\u00d3N V\u00c0 L\u00c0M VI\u1ec6C V\u1edaI \u0110O\u00c0N C\u00d4NG T\u00c1C \u0110\u1ebeN T\u1eea C\u00d4NG TY PLP\" class=\"btLazyLoadImage\"  data-image_src=\"https:\/\/morstar.vn\/wp-content\/uploads\/2026\/04\/plp2-640x360.jpg\"><\/a><\/div><div class=\"bt_bb_latest_posts_item_content\"><div class=\"bt_bb_latest_posts_item_category\"><ul class=\"post-categories\">\n\t<li><a href=\"https:\/\/morstar.vn\/vi\/loai\/phuong-tien-truyen-thong-bao-chi-2\/\" rel=\"category tag\">B\u00e1o ch\u00ed &amp; Truy\u1ec1n th\u00f4ng<\/a><\/li><\/ul><\/div><h5 class=\"bt_bb_latest_posts_item_title\"><a href=\"https:\/\/morstar.vn\/vi\/morstar-tiep-don-va-lam-viec-voi-doan-cong-tac-den-tu-cong-ty-plp\/\" target=\"_self\">MORSTAR TI\u1ebeP \u0110\u00d3N V\u00c0 L\u00c0M VI\u1ec6C V\u1edaI \u0110O\u00c0N C\u00d4NG T\u00c1C \u0110\u1ebeN T\u1eea C\u00d4NG TY PLP<\/a><\/h5><div class=\"bt_bb_latest_posts_item_excerpt\">Ng\u00e0y 09\/04\/2026, Morstar \u0111\u00e3 c\u00f3 bu\u1ed5i g\u1eb7p g\u1ee1 v\u00e0 l\u00e0m vi\u1ec7c v\u1edbi \u0111\u1ea1i di\u1ec7n PLP nh\u1eb1m trao \u0111\u1ed5i v\u1ec1 c\u00e1c \u0111\u1ecbnh h\u01b0\u1edbng h\u1ee3p t\u00e1c trong th\u1eddi gian t\u1edbi. Trong khu\u00f4n kh\u1ed5 bu\u1ed5i l\u00e0m vi\u1ec7c, hai b\u00ean \u0111\u00e3 th\u1ea3o lu\u1eadn nhi\u1ec1u n\u1ed9i dung tr\u1ecdng t\u00e2m li\u00ean quan \u0111\u1ebfn ho\u1ea1t \u0111\u1ed9ng h\u1ee3p t\u00e1c v\u00e0 ph\u00e1t tri\u1ec3n. Cu\u1ed9c trao \u0111\u1ed5i di\u1ec5n ra trong kh\u00f4ng kh\u00ed c\u1edfi m\u1edf, th\u00e2n thi\u1ec7n v\u00e0 \u0111\u00e3 m\u1edf ra nh\u1eefng c\u01a1 h\u1ed9i h\u1ee3p t\u00e1c \u0111\u1ea7y ti\u1ec1m n\u0103ng cho c\u1ea3 hai ph\u00eda. &nbsp;<\/div><div class=\"bt_bb_latest_posts_item_read_more\"><a href=\"https:\/\/morstar.vn\/vi\/morstar-tiep-don-va-lam-viec-voi-doan-cong-tac-den-tu-cong-ty-plp\/\">Read more<\/a><\/div><\/div><\/div><div class=\"bt_bb_latest_posts_item\"><div class=\"bt_bb_latest_posts_item_image\"><a href=\"https:\/\/morstar.vn\/vi\/vietnam-exhibition-2025\/\" target=\"_self\"><img decoding=\"async\" src=\"https:\/\/morstar.vn\/wp-content\/plugins\/bold-page-builder\/img\/blank.gif\" alt=\"Vietnam Exhibition 2025\" title=\"Vietnam Exhibition 2025\" class=\"btLazyLoadImage\"  data-image_src=\"https:\/\/morstar.vn\/wp-content\/uploads\/2026\/04\/ex8-1-640x850.jpg\"><\/a><\/div><div class=\"bt_bb_latest_posts_item_content\"><div class=\"bt_bb_latest_posts_item_category\"><ul class=\"post-categories\">\n\t<li><a href=\"https:\/\/morstar.vn\/vi\/loai\/phuong-tien-truyen-thong-bao-chi-2\/\" rel=\"category tag\">B\u00e1o ch\u00ed &amp; Truy\u1ec1n th\u00f4ng<\/a><\/li>\n\t<li><a href=\"https:\/\/morstar.vn\/vi\/loai\/phuong-tien-truyen-thong-bao-chi-2\/exhibition\/\" rel=\"category tag\">Tri\u1ec3n l\u00e3m<\/a><\/li><\/ul><\/div><h5 class=\"bt_bb_latest_posts_item_title\"><a href=\"https:\/\/morstar.vn\/vi\/vietnam-exhibition-2025\/\" target=\"_self\">Vietnam Exhibition 2025<\/a><\/h5><div class=\"bt_bb_latest_posts_item_excerpt\">&nbsp;<\/div><div class=\"bt_bb_latest_posts_item_read_more\"><a href=\"https:\/\/morstar.vn\/vi\/vietnam-exhibition-2025\/\">Read more<\/a><\/div><\/div><\/div><div class=\"bt_bb_latest_posts_item\"><div class=\"bt_bb_latest_posts_item_image\"><a href=\"https:\/\/morstar.vn\/vi\/current-status-and-development-orientation-of-vietnam-asean-power-grid-interconnection\/\" target=\"_self\"><img decoding=\"async\" src=\"https:\/\/morstar.vn\/wp-content\/plugins\/bold-page-builder\/img\/blank.gif\" alt=\"Hi\u1ec7n tr\u1ea1ng v\u00e0 \u0111\u1ecbnh h\u01b0\u1edbng ph\u00e1t tri\u1ec3n k\u1ebft n\u1ed1i l\u01b0\u1edbi \u0111i\u1ec7n Vi\u1ec7t Nam\u2013ASEAN\" title=\"Hi\u1ec7n tr\u1ea1ng v\u00e0 \u0111\u1ecbnh h\u01b0\u1edbng ph\u00e1t tri\u1ec3n k\u1ebft n\u1ed1i l\u01b0\u1edbi \u0111i\u1ec7n Vi\u1ec7t Nam\u2013ASEAN\" class=\"btLazyLoadImage\"  data-image_src=\"https:\/\/morstar.vn\/wp-content\/uploads\/2026\/04\/1.6-640x626.png\"><\/a><\/div><div class=\"bt_bb_latest_posts_item_content\"><div class=\"bt_bb_latest_posts_item_category\"><ul class=\"post-categories\">\n\t<li><a href=\"https:\/\/morstar.vn\/vi\/loai\/asian-electricity\/\" rel=\"category tag\">Ng\u00e0nh \u0111i\u1ec7n Ch\u00e2u \u00c1<\/a><\/li><\/ul><\/div><h5 class=\"bt_bb_latest_posts_item_title\"><a href=\"https:\/\/morstar.vn\/vi\/current-status-and-development-orientation-of-vietnam-asean-power-grid-interconnection\/\" target=\"_self\">Hi\u1ec7n tr\u1ea1ng v\u00e0 \u0111\u1ecbnh h\u01b0\u1edbng ph\u00e1t tri\u1ec3n k\u1ebft n\u1ed1i l\u01b0\u1edbi \u0111i\u1ec7n Vi\u1ec7t Nam\u2013ASEAN<\/a><\/h5><div class=\"bt_bb_latest_posts_item_excerpt\">1.1 Current Status of Regional Power Grid Interconnection 1.1.1 Current Status of Power Grid Interconnection Between Vietnam and Neighboring Countries 1.1.1.1 Interconnection with China Vietnam imports approximately 550 MW of electricity from China through 220 kV and 110 kV transmission lines such as Malutang \u2013 Ha Giang, Guman \u2013 Lao Cai, and Hekou \u2013 Lao...<\/div><div class=\"bt_bb_latest_posts_item_read_more\"><a href=\"https:\/\/morstar.vn\/vi\/current-status-and-development-orientation-of-vietnam-asean-power-grid-interconnection\/\">Read more<\/a><\/div><\/div><\/div><div class=\"bt_bb_latest_posts_item\"><div class=\"bt_bb_latest_posts_item_image\"><a href=\"https:\/\/morstar.vn\/vi\/vietnam-russia-energy-cooperation-a-lever-built-on-a-strong-oil-and-gas-foundation\/\" target=\"_self\"><img decoding=\"async\" src=\"https:\/\/morstar.vn\/wp-content\/plugins\/bold-page-builder\/img\/blank.gif\" alt=\"H\u1ee3p t\u00e1c n\u0103ng l\u01b0\u1ee3ng Vi\u1ec7t Nam \u2013 Li\u00ean bang Nga: \u2018\u0110\u00f2n b\u1ea9y\u2019 t\u1eeb n\u1ec1n t\u1ea3ng d\u1ea7u kh\u00ed\" title=\"H\u1ee3p t\u00e1c n\u0103ng l\u01b0\u1ee3ng Vi\u1ec7t Nam \u2013 Li\u00ean bang Nga: \u2018\u0110\u00f2n b\u1ea9y\u2019 t\u1eeb n\u1ec1n t\u1ea3ng d\u1ea7u kh\u00ed\" class=\"btLazyLoadImage\"  data-image_src=\"https:\/\/morstar.vn\/wp-content\/uploads\/2026\/03\/bang-0-640x427.png\"><\/a><\/div><div class=\"bt_bb_latest_posts_item_content\"><div class=\"bt_bb_latest_posts_item_category\"><ul class=\"post-categories\">\n\t<li><a href=\"https:\/\/morstar.vn\/vi\/loai\/asian-electricity\/\" rel=\"category tag\">Ng\u00e0nh \u0111i\u1ec7n Ch\u00e2u \u00c1<\/a><\/li><\/ul><\/div><h5 class=\"bt_bb_latest_posts_item_title\"><a href=\"https:\/\/morstar.vn\/vi\/vietnam-russia-energy-cooperation-a-lever-built-on-a-strong-oil-and-gas-foundation\/\" target=\"_self\">H\u1ee3p t\u00e1c n\u0103ng l\u01b0\u1ee3ng Vi\u1ec7t Nam \u2013 Li\u00ean bang Nga: \u2018\u0110\u00f2n b\u1ea9y\u2019 t\u1eeb n\u1ec1n t\u1ea3ng d\u1ea7u kh\u00ed<\/a><\/h5><div class=\"bt_bb_latest_posts_item_excerpt\">\u201cVietnam\u2013Russia Energy Cooperation: A Lever Built on a Strong Oil and Gas Foundation\u201d underscores that the energy partnership between Vietnam and the Russian Federation is not merely an economic activity, but a strategic pillar in bilateral relations. This is particularly significant in the context of Prime Minister Ph\u1ea1m Minh Ch\u00ednh\u2019s official visit to Russia from...<\/div><div class=\"bt_bb_latest_posts_item_read_more\"><a href=\"https:\/\/morstar.vn\/vi\/vietnam-russia-energy-cooperation-a-lever-built-on-a-strong-oil-and-gas-foundation\/\">Read more<\/a><\/div><\/div><\/div><div class=\"bt_bb_latest_posts_item\"><div class=\"bt_bb_latest_posts_item_image\"><a href=\"https:\/\/morstar.vn\/vi\/to-lams-vision-for-a-rising-vietnam-rapid-development-and-prosperity\/\" target=\"_self\"><img decoding=\"async\" src=\"https:\/\/morstar.vn\/wp-content\/plugins\/bold-page-builder\/img\/blank.gif\" alt=\"T\u1ea7m nh\u00ecn c\u1ee7a \u0110\u1ed3ng ch\u00ed T\u00f4 L\u00e2m v\u1ec1 m\u1ed9t Vi\u1ec7t Nam \u0111ang tr\u1ed7i d\u1eady: Ph\u00e1t tri\u1ec3n nhanh ch\u00f3ng v\u00e0 th\u1ecbnh v\u01b0\u1ee3ng\" title=\"T\u1ea7m nh\u00ecn c\u1ee7a \u0110\u1ed3ng ch\u00ed T\u00f4 L\u00e2m v\u1ec1 m\u1ed9t Vi\u1ec7t Nam \u0111ang tr\u1ed7i d\u1eady: Ph\u00e1t tri\u1ec3n nhanh ch\u00f3ng v\u00e0 th\u1ecbnh v\u01b0\u1ee3ng\" class=\"btLazyLoadImage\"  data-image_src=\"https:\/\/morstar.vn\/wp-content\/uploads\/2026\/03\/tolam-640x448.jpg\"><\/a><\/div><div class=\"bt_bb_latest_posts_item_content\"><div class=\"bt_bb_latest_posts_item_category\"><ul class=\"post-categories\">\n\t<li><a href=\"https:\/\/morstar.vn\/vi\/loai\/asian-electricity\/\" rel=\"category tag\">Ng\u00e0nh \u0111i\u1ec7n Ch\u00e2u \u00c1<\/a><\/li><\/ul><\/div><h5 class=\"bt_bb_latest_posts_item_title\"><a href=\"https:\/\/morstar.vn\/vi\/to-lams-vision-for-a-rising-vietnam-rapid-development-and-prosperity\/\" target=\"_self\">T\u1ea7m nh\u00ecn c\u1ee7a \u0110\u1ed3ng ch\u00ed T\u00f4 L\u00e2m v\u1ec1 m\u1ed9t Vi\u1ec7t Nam \u0111ang tr\u1ed7i d\u1eady: Ph\u00e1t tri\u1ec3n nhanh ch\u00f3ng v\u00e0 th\u1ecbnh v\u01b0\u1ee3ng<\/a><\/h5><div class=\"bt_bb_latest_posts_item_excerpt\">The content analyzes the ambitious development strategy of General Secretary To Lam, aimed at ushering Vietnam into a \u201cnew era of national rise,\u201d with a focus on rapid economic growth, large-scale infrastructure investment, and expanding international influence. He has set a target of achieving approximately 10% GDP growth in the coming years, viewing this as...<\/div><div class=\"bt_bb_latest_posts_item_read_more\"><a href=\"https:\/\/morstar.vn\/vi\/to-lams-vision-for-a-rising-vietnam-rapid-development-and-prosperity\/\">Read more<\/a><\/div><\/div><\/div><div class=\"bt_bb_latest_posts_item\"><div class=\"bt_bb_latest_posts_item_image\"><a href=\"https:\/\/morstar.vn\/vi\/vietnam-leads-southeast-asia-with-new-artificial-intelligence-law\/\" target=\"_self\"><img decoding=\"async\" src=\"https:\/\/morstar.vn\/wp-content\/plugins\/bold-page-builder\/img\/blank.gif\" alt=\"Vi\u1ec7t Nam d\u1eabn \u0111\u1ea7u \u0110\u00f4ng Nam \u00c1 v\u1edbi lu\u1eadt tr\u00ed tu\u1ec7 nh\u00e2n t\u1ea1o m\u1edbi.\" title=\"Vi\u1ec7t Nam d\u1eabn \u0111\u1ea7u \u0110\u00f4ng Nam \u00c1 v\u1edbi lu\u1eadt tr\u00ed tu\u1ec7 nh\u00e2n t\u1ea1o m\u1edbi.\" class=\"btLazyLoadImage\"  data-image_src=\"https:\/\/morstar.vn\/wp-content\/uploads\/2026\/03\/Vietnam-Draft-AI-Law-2-640x360.jpg\"><\/a><\/div><div class=\"bt_bb_latest_posts_item_content\"><div class=\"bt_bb_latest_posts_item_category\"><ul class=\"post-categories\">\n\t<li><a href=\"https:\/\/morstar.vn\/vi\/loai\/asian-electricity\/\" rel=\"category tag\">Ng\u00e0nh \u0111i\u1ec7n Ch\u00e2u \u00c1<\/a><\/li><\/ul><\/div><h5 class=\"bt_bb_latest_posts_item_title\"><a href=\"https:\/\/morstar.vn\/vi\/vietnam-leads-southeast-asia-with-new-artificial-intelligence-law\/\" target=\"_self\">Vi\u1ec7t Nam d\u1eabn \u0111\u1ea7u \u0110\u00f4ng Nam \u00c1 v\u1edbi lu\u1eadt tr\u00ed tu\u1ec7 nh\u00e2n t\u1ea1o m\u1edbi.<\/a><\/h5><div class=\"bt_bb_latest_posts_item_excerpt\">Vietnam Leads Southeast Asia with New Artificial Intelligence Law Vietnam\u2019s artificial intelligence (AI) law took effect on March 1, making it the first country in Southeast Asia to adopt a comprehensive regulatory framework for the fast-growing technology. Approved by the National Assembly in December, the law focuses on managing the risks of generative AI and...<\/div><div class=\"bt_bb_latest_posts_item_read_more\"><a href=\"https:\/\/morstar.vn\/vi\/vietnam-leads-southeast-asia-with-new-artificial-intelligence-law\/\">Read more<\/a><\/div><\/div><\/div><div class=\"bt_bb_latest_posts_item\"><div class=\"bt_bb_latest_posts_item_image\"><a href=\"https:\/\/morstar.vn\/vi\/xuan-gan-ket-tet-thanh-cong\/\" target=\"_self\"><img decoding=\"async\" src=\"https:\/\/morstar.vn\/wp-content\/plugins\/bold-page-builder\/img\/blank.gif\" alt=\"Xu\u00e2n G\u1eafn K\u1ebft \u2013 T\u1ebft Th\u00e0nh C\u00f4ng\" title=\"Xu\u00e2n G\u1eafn K\u1ebft \u2013 T\u1ebft Th\u00e0nh C\u00f4ng\" class=\"btLazyLoadImage\"  data-image_src=\"https:\/\/morstar.vn\/wp-content\/uploads\/2026\/02\/MEITU_20260212_0854384581-640x1161.jpg\"><\/a><\/div><div class=\"bt_bb_latest_posts_item_content\"><div class=\"bt_bb_latest_posts_item_category\"><ul class=\"post-categories\">\n\t<li><a href=\"https:\/\/morstar.vn\/vi\/loai\/csr-activities\/union-activities\/\" rel=\"category tag\">Ho\u1ea1t \u0111\u1ed9ng c\u1ee7a C\u00f4ng \u0111o\u00e0n<\/a><\/li>\n\t<li><a href=\"https:\/\/morstar.vn\/vi\/loai\/csr-activities\/\" rel=\"category tag\">Ho\u1ea1t \u0111\u1ed9ng CSR<\/a><\/li><\/ul><\/div><h5 class=\"bt_bb_latest_posts_item_title\"><a href=\"https:\/\/morstar.vn\/vi\/xuan-gan-ket-tet-thanh-cong\/\" target=\"_self\">Xu\u00e2n G\u1eafn K\u1ebft \u2013 T\u1ebft Th\u00e0nh C\u00f4ng<\/a><\/h5><div class=\"bt_bb_latest_posts_item_excerpt\">Nh\u00e2n d\u1ecbp n\u0103m m\u1edbi, n\u0103m B\u00ednh Ng\u1ecd 2026, Ban L\u00e3nh \u0111\u1ea1o c\u00f9ng to\u00e0n th\u1ec3 c\u00f4ng nh\u00e2n vi\u00ean C\u00f4ng ty C\u1ed5 ph\u1ea7n \u0110i\u1ec7n Sao Mai xin k\u00ednh ch\u00fac Qu\u00fd Kh\u00e1ch h\u00e0ng, Qu\u00fd \u0110\u1ed1i t\u00e1c m\u1ed9t n\u0103m m\u1edbi: An khang th\u1ecbnh v\u01b0\u1ee3ng \u2013 V\u1ea1n s\u1ef1 nh\u01b0 \u00fd &#8211; M\u00e3 \u0111\u00e1o th\u00e0nh c\u00f4ng &#8211; V\u1ea1n d\u1eb7m b\u00ecnh an....<\/div><div class=\"bt_bb_latest_posts_item_read_more\"><a href=\"https:\/\/morstar.vn\/vi\/xuan-gan-ket-tet-thanh-cong\/\">Read more<\/a><\/div><\/div><\/div><\/div><\/div><\/div><\/div><\/div><\/div><\/div><!-- cell_inner --><\/div><!-- cell --><\/div><!-- port --><\/section>","protected":false},"excerpt":{"rendered":"<p>T\u00e1i trung gian \u0111\u00e1ng tin c\u1eady c\u00e1c \u00fd t\u01b0\u1edfng backend cho c\u00e1c m\u00f4 h\u00ecnh \u0111a n\u1ec1n t\u1ea3ng. Li\u00ean t\u1ee5c t\u00e1i trung gian c\u00e1c quy tr\u00ecnh t\u00edch h\u1ee3p th\u00f4ng qua v\u1ed1n tr\u00ed tu\u1ec7 v\u1eefng ch\u1eafc v\u1ec1 m\u1eb7t k\u1ef9 thu\u1eadt. Th\u00fac \u0111\u1ea9y to\u00e0n di\u1ec7n c\u00e1c ph\u01b0\u01a1ng ph\u00e1p lu\u1eadn v\u01b0\u1ee3t tr\u1ed9i m\u00e0 kh\u00f4ng c\u00f3 c\u00e1c th\u00f4ng l\u1ec7 t\u1ed1t nh\u1ea5t do th\u1ecb tr\u01b0\u1eddng th\u00fac \u0111\u1ea9y.<\/p>","protected":false},"author":1,"featured_media":593,"parent":464,"menu_order":0,"comment_status":"closed","ping_status":"closed","template":"","meta":{"inline_featured_image":false,"footnotes":""},"class_list":["post-466","page","type-page","status-publish","has-post-thumbnail","hentry"],"_links":{"self":[{"href":"https:\/\/morstar.vn\/vi\/wp-json\/wp\/v2\/pages\/466","targetHints":{"allow":["GET"]}}],"collection":[{"href":"https:\/\/morstar.vn\/vi\/wp-json\/wp\/v2\/pages"}],"about":[{"href":"https:\/\/morstar.vn\/vi\/wp-json\/wp\/v2\/types\/page"}],"author":[{"embeddable":true,"href":"https:\/\/morstar.vn\/vi\/wp-json\/wp\/v2\/users\/1"}],"replies":[{"embeddable":true,"href":"https:\/\/morstar.vn\/vi\/wp-json\/wp\/v2\/comments?post=466"}],"version-history":[{"count":0,"href":"https:\/\/morstar.vn\/vi\/wp-json\/wp\/v2\/pages\/466\/revisions"}],"up":[{"embeddable":true,"href":"https:\/\/morstar.vn\/vi\/wp-json\/wp\/v2\/pages\/464"}],"wp:featuredmedia":[{"embeddable":true,"href":"https:\/\/morstar.vn\/vi\/wp-json\/wp\/v2\/media\/593"}],"wp:attachment":[{"href":"https:\/\/morstar.vn\/vi\/wp-json\/wp\/v2\/media?parent=466"}],"curies":[{"name":"wp","href":"https:\/\/api.w.org\/{rel}","templated":true}]}}