{"id":460,"date":"2020-10-26T12:20:25","date_gmt":"2020-10-26T12:20:25","guid":{"rendered":"http:\/\/amwerk.bold-themes.com\/berlin\/?page_id=460"},"modified":"2024-11-08T03:21:04","modified_gmt":"2024-11-08T03:21:04","slug":"chan-trang","status":"publish","type":"page","link":"https:\/\/morstar.vn\/vi\/chan-trang\/","title":{"rendered":"Ch\u00e2n trang"},"content":{"rendered":"<section data-bb-version=\"5.0.3\" id=\"bt_bb_section69e1be8132104\" class=\"bt_bb_section bt_bb_color_scheme_1 bt_bb_layout_wide bt_bb_vertical_align_top bt_bb_top_spacing_none bt_bb_bottom_spacing_none bt_bb_negative_margin_\" style=\"; --section-primary-color:#ffffff; --section-secondary-color:#000000;;background-color:#013989;\" data-bt-override-class=\"{&quot;bt_bb_top_spacing_&quot;:{&quot;current_class&quot;:&quot;bt_bb_top_spacing_none&quot;,&quot;def&quot;:&quot;none&quot;},&quot;bt_bb_bottom_spacing_&quot;:{&quot;current_class&quot;:&quot;bt_bb_bottom_spacing_none&quot;,&quot;def&quot;:&quot;none&quot;},&quot;bt_bb_negative_margin_&quot;:{&quot;current_class&quot;:&quot;bt_bb_negative_margin_&quot;,&quot;def&quot;:&quot;&quot;}}\"><div class=\"bt_bb_port\"><div class=\"bt_bb_cell\"><div class=\"bt_bb_cell_inner\"><div class=\"bt_bb_row bt_bb_row_push_right bt_bb_row_push_left bt_bb_row_width_boxed_1200 bt_bb_row_width_boxed  bt_bb_hidden_xs bt_bb_hidden_ms\"  data-bt-override-class=\"{}\"><div class=\"bt_bb_row_holder\" ><div data-bb-version=\"5.0.5\"  class=\"bt_bb_column col-xxl-3 col-xl-3 bt_bb_vertical_align_top bt_bb_align_left btLazyLoadBackground bt_bb_column_background_image bt_bb_padding_10\" style=\"box-shadow: -22rem 0 0 rgba(1,57,137,.8) inset;background-image:url(&#039;https:\/\/morstar.vn\/wp-content\/plugins\/bold-page-builder\/img\/blank.gif&#039;);; --column-width:3;\" data-background_image_src='https:\/\/morstar.vn\/wp-content\/uploads\/2024\/08\/morstar-electric-factory-vietnam.jpg' data-width=\"3\" data-bt-override-class=\"{&quot;bt_bb_align_&quot;:{&quot;current_class&quot;:&quot;bt_bb_align_left&quot;,&quot;def&quot;:&quot;left&quot;},&quot;bt_bb_padding_&quot;:{&quot;current_class&quot;:&quot;bt_bb_padding_10&quot;,&quot;def&quot;:&quot;10&quot;}}\"><div class=\"bt_bb_column_content\"><div class=\"bt_bb_column_content_inner\"><div class=\"bt_bb_separator bt_bb_border_style_none bt_bb_bottom_spacing_40\" data-bt-override-class=\"null\"><\/div><div class=\"bt_bb_separator bt_bb_border_style_none bt_bb_bottom_spacing_40 bt_bb_hidden_xs bt_bb_hidden_ms bt_bb_hidden_sm\" data-bt-override-class=\"null\"><\/div><div class=\"bt_bb_separator bt_bb_border_style_none bt_bb_bottom_spacing_40\" data-bt-override-class=\"null\"><\/div><div  class=\"bt_bb_text\" ><\/p>\n<div class=\"presented-response-container ng-tns-c3459916921-100\">\n<div class=\"response-container-content ng-tns-c3459916921-100\">\n<div class=\"response-content ng-tns-c3459916921-100\">\n<div class=\"markdown markdown-main-panel\">\n<p>\u0110i\u1ec7n Sao Mai l\u00e0 nh\u00e0 s\u1ea3n xu\u1ea5t v\u00e0 ph\u00e2n ph\u1ed1i c\u00e1c s\u1ea3n ph\u1ea9m \u0111i\u1ec7n v\u00e0 an to\u00e0n cho th\u1ecb tr\u01b0\u1eddng c\u00f4ng nghi\u1ec7p v\u00e0 gia d\u1ee5ng. V\u1edbi h\u01a1n 20 n\u0103m kinh nghi\u1ec7m trong ng\u00e0nh, ch\u00fang t\u00f4i cam k\u1ebft cung c\u1ea5p c\u00e1c s\u1ea3n ph\u1ea9m c\u00f3 Ch\u1ea5t l\u01b0\u1ee3ng, An to\u00e0n v\u00e0 Hi\u1ec7u qu\u1ea3 cho kh\u00e1ch h\u00e0ng.<\/p>\n<\/div>\n<\/div>\n<\/div>\n<\/div>\n<p>\n<\/div><div class=\"bt_bb_separator bt_bb_border_style_none bt_bb_bottom_spacing_40\" data-bt-override-class=\"null\"><\/div><div class=\"bt_bb_separator bt_bb_border_style_none bt_bb_bottom_spacing_40\" data-bt-override-class=\"null\"><\/div><div class=\"bt_bb_separator bt_bb_border_style_none bt_bb_bottom_spacing_40 bt_bb_hidden_xs bt_bb_hidden_ms bt_bb_hidden_sm\" data-bt-override-class=\"null\"><\/div><\/div><\/div><\/div><div  class=\"bt_bb_column col-xxl-9 col-xl-9 bt_bb_vertical_align_top bt_bb_align_left bt_bb_padding_10\" style=\"; --column-width:9;\" data-width=\"9\" data-bt-override-class=\"{}\"><div class=\"bt_bb_column_content\"><div class=\"bt_bb_column_content_inner\"><div class=\"bt_bb_separator bt_bb_border_style_none bt_bb_bottom_spacing_40\" data-bt-override-class=\"null\"><\/div><div class=\"bt_bb_separator bt_bb_border_style_none bt_bb_bottom_spacing_40 bt_bb_hidden_xs bt_bb_hidden_ms bt_bb_hidden_sm\" data-bt-override-class=\"null\"><\/div><div class=\"bt_bb_row_inner\"   data-bt-override-class=\"{}\"><div class=\"bt_bb_row_inner_holder\"  ><div  class=\"bt_bb_column_inner col-xxl-3 col-xl-3 col-xs-12 col-sm-6 col-md-6 col-lg-3 bt_bb_vertical_align_top bt_bb_align_left bt_bb_padding_normal\"  data-width=\"3\" data-bt-override-class=\"{}\"><div class=\"bt_bb_column_inner_content\"><div class=\"bt_bb_column_inner_content_inner\"><header data-bb-version=\"5.0.5\" class=\"bt_bb_headline bt_bb_dash_none bt_bb_size_small bt_bb_align_inherit\" data-bt-override-class=\"{&quot;bt_bb_size_&quot;:{&quot;current_class&quot;:&quot;bt_bb_size_small&quot;,&quot;def&quot;:&quot;small&quot;},&quot;bt_bb_align_&quot;:{&quot;current_class&quot;:&quot;bt_bb_align_inherit&quot;,&quot;def&quot;:&quot;inherit&quot;}}\"><h4><span class=\"bt_bb_headline_content\"><span>S\u1ea3n ph\u1ea9m c\u1ee7a ch\u00fang t\u00f4i<\/span><\/span><\/h4><\/header><div class=\"bt_bb_separator bt_bb_border_style_none bt_bb_bottom_spacing_40\" data-bt-override-class=\"null\"><\/div><div data-bb-version=\"5.1.3\" class=\"bt_bb_custom_menu btLightFontMenu btBulletedMenu bt_bb_direction_vertical\"><div class=\"menu-categories-container\"><ul id=\"menu-categories\" class=\"menu\"><li id=\"menu-item-29115\" class=\"menu-item menu-item-type-taxonomy menu-item-object-product_cat menu-item-has-children menu-item-29115\"><a href=\"https:\/\/morstar.vn\/vi\/danh-muc-san-pham\/dien-cong-nghiep\/\">S\u1ea3n ph\u1ea9m s\u1ea3n xu\u1ea5t<\/a>\n<ul class=\"sub-menu\">\n\t<li id=\"menu-item-30063\" class=\"menu-item menu-item-type-taxonomy menu-item-object-product_cat menu-item-30063\"><a href=\"https:\/\/morstar.vn\/vi\/danh-muc-san-pham\/can-ho\/\">C\u00f4ng t\u1eafc \u0111i\u1ec7n<\/a><\/li>\n\t<li id=\"menu-item-30060\" class=\"menu-item menu-item-type-taxonomy menu-item-object-product_cat menu-item-30060\"><a href=\"https:\/\/morstar.vn\/vi\/danh-muc-san-pham\/thiet-bi-chong-set\/\">Thi\u1ebft b\u1ecb ch\u1ed1ng s\u00e9t<\/a><\/li>\n\t<li id=\"menu-item-29152\" class=\"menu-item menu-item-type-taxonomy menu-item-object-product_cat menu-item-29152\"><a href=\"https:\/\/morstar.vn\/vi\/danh-muc-san-pham\/san-pham-dang-duong-hinh-thanh-2\/\">S\u1ea3n ph\u1ea9m \u0111\u1ecbnh h\u00ecnh<\/a><\/li>\n\t<li id=\"menu-item-29163\" class=\"menu-item menu-item-type-taxonomy menu-item-object-product_cat menu-item-29163\"><a href=\"https:\/\/morstar.vn\/vi\/danh-muc-san-pham\/cau-chi-cat\/\">D\u00e2y ch\u00ec<\/a><\/li>\n\t<li id=\"menu-item-29161\" class=\"menu-item menu-item-type-taxonomy menu-item-object-product_cat menu-item-29161\"><a href=\"https:\/\/morstar.vn\/vi\/danh-muc-san-pham\/vat-lieu-tong-hop-frp-2\/\">FRP (Composite)<\/a><\/li>\n\t<li id=\"menu-item-29156\" class=\"menu-item menu-item-type-taxonomy menu-item-object-product_cat menu-item-29156\"><a href=\"https:\/\/morstar.vn\/vi\/danh-muc-san-pham\/ca-vat-nhua\/\">Gi\u00e1p bu\u1ed9c<\/a><\/li>\n\t<li id=\"menu-item-29165\" class=\"menu-item menu-item-type-taxonomy menu-item-object-product_cat menu-item-29165\"><a href=\"https:\/\/morstar.vn\/vi\/danh-muc-san-pham\/dau-noi-xuyen-cach-dien-ipc\/\">K\u1eb9p IPC<\/a><\/li>\n<\/ul>\n<\/li>\n<li id=\"menu-item-29117\" class=\"menu-item menu-item-type-taxonomy menu-item-object-product_cat menu-item-has-children menu-item-29117\"><a href=\"https:\/\/morstar.vn\/vi\/danh-muc-san-pham\/san-pham-phan-phoi-2\/\">S\u1ea3n ph\u1ea9m ph\u00e2n ph\u1ed1i<\/a>\n<ul class=\"sub-menu\">\n\t<li id=\"menu-item-31188\" class=\"menu-item menu-item-type-taxonomy menu-item-object-product_cat menu-item-31188\"><a href=\"https:\/\/morstar.vn\/vi\/danh-muc-san-pham\/sdp-distributed-products\/\">SDP<\/a><\/li>\n\t<li id=\"menu-item-30681\" class=\"menu-item menu-item-type-taxonomy menu-item-object-product_cat menu-item-30681\"><a href=\"https:\/\/morstar.vn\/vi\/danh-muc-san-pham\/san-pham-phan-phoi-2\/sunj\/\">Sunj<\/a><\/li>\n\t<li id=\"menu-item-30680\" class=\"menu-item menu-item-type-taxonomy menu-item-object-product_cat menu-item-30680\"><a href=\"https:\/\/morstar.vn\/vi\/danh-muc-san-pham\/san-pham-phan-phoi-2\/cotran-products\/\">Cotran Products<\/a><\/li>\n\t<li id=\"menu-item-30683\" class=\"menu-item menu-item-type-taxonomy menu-item-object-product_cat menu-item-30683\"><a href=\"https:\/\/morstar.vn\/vi\/danh-muc-san-pham\/san-pham-phan-phoi-2\/solucao\/\">Solu\u00e7\u00e3o<\/a><\/li>\n\t<li id=\"menu-item-30682\" class=\"menu-item menu-item-type-taxonomy menu-item-object-product_cat menu-item-30682\"><a href=\"https:\/\/morstar.vn\/vi\/danh-muc-san-pham\/orion-electrical-safety-rubber-equipments-catalog\/\">Orion<\/a><\/li>\n\t<li id=\"menu-item-30684\" class=\"menu-item menu-item-type-taxonomy menu-item-object-product_cat menu-item-30684\"><a href=\"https:\/\/morstar.vn\/vi\/danh-muc-san-pham\/utility-solutions\/\">Utility Solutions<\/a><\/li>\n\t<li id=\"menu-item-30686\" class=\"menu-item menu-item-type-taxonomy menu-item-object-product_cat menu-item-30686\"><a href=\"https:\/\/morstar.vn\/vi\/danh-muc-san-pham\/san-pham-phan-phoi-2\/usiland\/\">Usiland<\/a><\/li>\n<\/ul>\n<\/li>\n<li id=\"menu-item-29159\" class=\"menu-item menu-item-type-taxonomy menu-item-object-product_cat menu-item-has-children menu-item-29159\"><a href=\"https:\/\/morstar.vn\/vi\/danh-muc-san-pham\/dich-vu\/\">D\u1ecbch v\u1ee5<\/a>\n<ul class=\"sub-menu\">\n\t<li id=\"menu-item-30056\" class=\"menu-item menu-item-type-post_type menu-item-object-product menu-item-30056\"><a href=\"https:\/\/morstar.vn\/vi\/san-pham\/dao-tao-duong-day-nong\/\">\u0110\u00e0o t\u1ea1o \u0111\u01b0\u1eddng d\u00e2y n\u00f3ng<\/a><\/li>\n\t<li id=\"menu-item-30054\" class=\"menu-item menu-item-type-post_type menu-item-object-product menu-item-30054\"><a href=\"https:\/\/morstar.vn\/vi\/san-pham\/loai-bo-nhung-tro-ngai\/\">Lo\u1ea1i b\u1ecf ch\u01b0\u1edbng ng\u1ea1i v\u1eadt<\/a><\/li>\n\t<li id=\"menu-item-30055\" class=\"menu-item menu-item-type-post_type menu-item-object-product menu-item-30055\"><a href=\"https:\/\/morstar.vn\/vi\/san-pham\/danh-gia-duong-day-tren-khong\/\">\u0110\u00e1nh gi\u00e1 \u0111\u01b0\u1eddng d\u00e2y tr\u00ean kh\u00f4ng<\/a><\/li>\n\t<li id=\"menu-item-31187\" class=\"menu-item menu-item-type-post_type menu-item-object-product menu-item-31187\"><a href=\"https:\/\/morstar.vn\/vi\/san-pham\/overhead-line-obstacles\/\">Ch\u01b0\u1edbng ng\u1ea1i v\u1eadt \u0111\u01b0\u1eddng d\u00e2y \u0111i\u1ec7n tr\u00ean cao<\/a><\/li>\n<\/ul>\n<\/li>\n<\/ul><\/div><\/div><div class=\"bt_bb_separator bt_bb_border_style_none bt_bb_bottom_spacing_40\" data-bt-override-class=\"null\"><\/div><\/div><\/div><\/div><div  class=\"bt_bb_column_inner col-xxl-3 col-xl-3 col-xs-12 col-sm-6 col-md-6 col-lg-3 bt_bb_vertical_align_top bt_bb_align_left bt_bb_padding_normal\"  data-width=\"3\" data-bt-override-class=\"{}\"><div class=\"bt_bb_column_inner_content\"><div class=\"bt_bb_column_inner_content_inner\"><header data-bb-version=\"5.1.3\" class=\"bt_bb_headline bt_bb_dash_none bt_bb_size_small bt_bb_align_inherit\" data-bt-override-class=\"{&quot;bt_bb_size_&quot;:{&quot;current_class&quot;:&quot;bt_bb_size_small&quot;,&quot;def&quot;:&quot;small&quot;},&quot;bt_bb_align_&quot;:{&quot;current_class&quot;:&quot;bt_bb_align_inherit&quot;,&quot;def&quot;:&quot;inherit&quot;}}\"><h4><span class=\"bt_bb_headline_content\"><span>Li\u00ean h\u1ec7 v\u1edbi ch\u00fang t\u00f4i<\/span><\/span><\/h4><\/header><div class=\"bt_bb_separator bt_bb_border_style_none bt_bb_bottom_spacing_40\" data-bt-override-class=\"null\"><\/div><div data-bb-version=\"5.1.2\" class=\"bt_bb_icon bt_bb_align_icon_top btFooterAccentIcon bt_bb_color_scheme_6 bt_bb_style_borderless bt_bb_size_small bt_bb_shape_circle bt_bb_target_self bt_bb_align_inherit\" style=\"; --primary-color:#ffffff; --secondary-color:#f1b209;\" data-bt-override-class=\"{&quot;bt_bb_size_&quot;:{&quot;current_class&quot;:&quot;bt_bb_size_small&quot;,&quot;def&quot;:&quot;small&quot;},&quot;bt_bb_align_&quot;:{&quot;current_class&quot;:&quot;bt_bb_align_inherit&quot;,&quot;def&quot;:&quot;inherit&quot;}}\"><span  data-ico-fontawesome5solid=\"&#xf3c5;\" class=\"bt_bb_icon_holder\"><span>Nh\u00e0 m\u00e1y: 934D4 \u0111\u01b0\u1eddng D, KCN C\u00e1t L\u00e1i c\u1ee5m II, Ph\u01b0\u1eddng C\u00e1t L\u00e1i, Th\u00e0nh Ph\u1ed1 H\u1ed3 Ch\u00ed Minh.<\/span><\/span><\/div><div class=\"bt_bb_separator bt_bb_border_style_none bt_bb_bottom_spacing_15\" data-bt-override-class=\"null\"><\/div><div data-bb-version=\"5.1.3\" class=\"bt_bb_icon bt_bb_align_icon_top btFooterAccentIcon bt_bb_color_scheme_6 bt_bb_style_borderless bt_bb_size_small bt_bb_shape_circle bt_bb_target_self bt_bb_align_inherit\" style=\"; --primary-color:#ffffff; --secondary-color:#f1b209;\" data-bt-override-class=\"{&quot;bt_bb_size_&quot;:{&quot;current_class&quot;:&quot;bt_bb_size_small&quot;,&quot;def&quot;:&quot;small&quot;},&quot;bt_bb_align_&quot;:{&quot;current_class&quot;:&quot;bt_bb_align_inherit&quot;,&quot;def&quot;:&quot;inherit&quot;}}\"><span  data-ico-fontawesome5solid=\"&#xf3c5;\" class=\"bt_bb_icon_holder\"><span>Singapore Office: 8UBI ROAD 2 #08-02 ZERVEX SINGAPORE (408538)<\/span><\/span><\/div><div class=\"bt_bb_separator bt_bb_border_style_none bt_bb_bottom_spacing_15\" data-bt-override-class=\"null\"><\/div><div data-bb-version=\"5.0.3\" class=\"bt_bb_icon btFooterAccentIcon bt_bb_color_scheme_6 bt_bb_style_borderless bt_bb_size_small bt_bb_shape_circle bt_bb_target_self bt_bb_align_inherit\" style=\"; --primary-color:#ffffff; --secondary-color:#f1b209;\" data-bt-override-class=\"{&quot;bt_bb_size_&quot;:{&quot;current_class&quot;:&quot;bt_bb_size_small&quot;,&quot;def&quot;:&quot;small&quot;},&quot;bt_bb_align_&quot;:{&quot;current_class&quot;:&quot;bt_bb_align_inherit&quot;,&quot;def&quot;:&quot;inherit&quot;}}\"><a href=\"tel:+84 283742 1888\"  target=\"_self\"  title=\"+84 283742 1888\"  data-ico-fontawesome5solid=\"&#xf095;\" class=\"bt_bb_icon_holder\"><span>+84 283742 1888<\/span><\/a><\/div><div class=\"bt_bb_separator bt_bb_border_style_none bt_bb_bottom_spacing_15\" data-bt-override-class=\"null\"><\/div><div data-bb-version=\"5.0.5\" class=\"bt_bb_icon btFooterAccentIcon bt_bb_color_scheme_6 bt_bb_style_borderless bt_bb_size_small bt_bb_shape_circle bt_bb_target_self bt_bb_align_inherit\" style=\"; --primary-color:#ffffff; --secondary-color:#f1b209;\" data-bt-override-class=\"{&quot;bt_bb_size_&quot;:{&quot;current_class&quot;:&quot;bt_bb_size_small&quot;,&quot;def&quot;:&quot;small&quot;},&quot;bt_bb_align_&quot;:{&quot;current_class&quot;:&quot;bt_bb_align_inherit&quot;,&quot;def&quot;:&quot;inherit&quot;}}\"><a href=\"mailto:export@morstar.vn\"  target=\"_self\"  title=\"B\u00e1n h\u00e0ng qu\u1ed1c t\u1ebf: export@morstar.vn \"  data-ico-fontawesome5solid=\"&#xf1d8;\" class=\"bt_bb_icon_holder\"><span>B\u00e1n h\u00e0ng qu\u1ed1c t\u1ebf: export@morstar.vn <\/span><\/a><\/div><div data-bb-version=\"5.1.2\" class=\"bt_bb_icon btFooterAccentIcon bt_bb_color_scheme_6 bt_bb_style_borderless bt_bb_size_small bt_bb_shape_circle bt_bb_target_self bt_bb_align_inherit\" style=\"; --primary-color:#ffffff; --secondary-color:#f1b209;\" data-bt-override-class=\"{&quot;bt_bb_size_&quot;:{&quot;current_class&quot;:&quot;bt_bb_size_small&quot;,&quot;def&quot;:&quot;small&quot;},&quot;bt_bb_align_&quot;:{&quot;current_class&quot;:&quot;bt_bb_align_inherit&quot;,&quot;def&quot;:&quot;inherit&quot;}}\"><a href=\"mailto:sales@morstar.vn\"  target=\"_self\"  title=\"B\u00e1n h\u00e0ng trong n\u01b0\u1edbc: info@morstar.vn\"  data-ico-fontawesome5solid=\"&#xf1d8;\" class=\"bt_bb_icon_holder\"><span>B\u00e1n h\u00e0ng trong n\u01b0\u1edbc: info@morstar.vn<\/span><\/a><\/div><div class=\"bt_bb_separator bt_bb_border_style_none bt_bb_bottom_spacing_40\" data-bt-override-class=\"null\"><\/div><\/div><\/div><\/div><div  class=\"bt_bb_column_inner col-xxl-3 col-xl-3 col-xs-12 col-sm-6 col-md-6 col-lg-3 bt_bb_vertical_align_top bt_bb_align_left bt_bb_padding_normal\"  data-width=\"3\" data-bt-override-class=\"{}\"><div class=\"bt_bb_column_inner_content\"><div class=\"bt_bb_column_inner_content_inner\"><header class=\"bt_bb_headline bt_bb_dash_none bt_bb_size_small bt_bb_align_inherit\" data-bt-override-class=\"null\"><h4><span class=\"bt_bb_headline_content\"><span>V\u1ec1 ch\u00fang t\u00f4i<\/span><\/span><\/h4><\/header><div class=\"bt_bb_separator bt_bb_border_style_none bt_bb_bottom_spacing_40\" data-bt-override-class=\"null\"><\/div><div data-bb-version=\"5.0.5\" class=\"bt_bb_custom_menu btBulletedMenu btLightFontMenu bt_bb_direction_vertical\"><div class=\"menu-footer-about-container\"><ul id=\"menu-footer-about\" class=\"menu\"><li id=\"menu-item-29472\" class=\"menu-item menu-item-type-post_type menu-item-object-page menu-item-29472\"><a href=\"https:\/\/morstar.vn\/vi\/ve-chung-toi\/\">V\u1ec1 ch\u00fang t\u00f4i<\/a><\/li>\n<li id=\"menu-item-29476\" class=\"menu-item menu-item-type-post_type menu-item-object-page menu-item-29476\"><a href=\"https:\/\/morstar.vn\/vi\/ve-chung-toi\/lich-su\/\">L\u1ecbch s\u1eed<\/a><\/li>\n<li id=\"menu-item-636\" class=\"menu-item menu-item-type-post_type menu-item-object-page menu-item-636\"><a href=\"https:\/\/morstar.vn\/vi\/ve-chung-toi\/doi\/\">Nh\u00f3m Sao Mai<\/a><\/li>\n<li id=\"menu-item-29543\" class=\"menu-item menu-item-type-post_type menu-item-object-page menu-item-29543\"><a href=\"https:\/\/morstar.vn\/vi\/qua-trinh-cua-chung-toi\/\">Quy tr\u00ecnh c\u1ee7a ch\u00fang t\u00f4i<\/a><\/li>\n<li id=\"menu-item-29542\" class=\"menu-item menu-item-type-post_type menu-item-object-page menu-item-29542\"><a href=\"https:\/\/morstar.vn\/vi\/ve-chung-toi\/loi-chung-thuc-cua-khach-hang\/\">Kh\u00e1ch h\u00e0ng &amp; L\u1eddi ch\u1ee9ng th\u1ef1c<\/a><\/li>\n<li id=\"menu-item-29475\" class=\"menu-item menu-item-type-post_type menu-item-object-page menu-item-29475\"><a href=\"https:\/\/morstar.vn\/vi\/lien-he\/\">Li\u00ean h\u1ec7 v\u1edbi ch\u00fang t\u00f4i<\/a><\/li>\n<li id=\"menu-item-29473\" class=\"menu-item menu-item-type-post_type menu-item-object-page menu-item-29473\"><a href=\"https:\/\/morstar.vn\/vi\/ve-chung-toi\/su-nghiep\/\">Ngh\u1ec1 nghi\u1ec7p<\/a><\/li>\n<li id=\"menu-item-29504\" class=\"menu-item menu-item-type-taxonomy menu-item-object-category menu-item-29504\"><a href=\"https:\/\/morstar.vn\/vi\/loai\/phuong-tien-truyen-thong-bao-chi-2\/\">B\u00e1o ch\u00ed &amp; Truy\u1ec1n th\u00f4ng<\/a><\/li>\n<li id=\"menu-item-29658\" class=\"menu-item menu-item-type-post_type menu-item-object-page current_page_parent menu-item-29658\"><a href=\"https:\/\/morstar.vn\/vi\/news\/\">Tin t\u1ee9c<\/a><\/li>\n<\/ul><\/div><\/div><div class=\"bt_bb_separator bt_bb_border_style_none bt_bb_bottom_spacing_40\" data-bt-override-class=\"null\"><\/div><\/div><\/div><\/div><div data-bb-version=\"5.1.2\" id=\"footer-post-list\" class=\"bt_bb_column_inner col-xxl-3 col-xl-3 col-xs-12 col-sm-6 col-md-6 col-lg-3 bt_bb_vertical_align_top bt_bb_align_left bt_bb_padding_normal\"  data-width=\"3\" data-bt-override-class=\"{&quot;bt_bb_align_&quot;:{&quot;current_class&quot;:&quot;bt_bb_align_left&quot;,&quot;def&quot;:&quot;left&quot;},&quot;bt_bb_padding_&quot;:{&quot;current_class&quot;:&quot;bt_bb_padding_normal&quot;,&quot;def&quot;:&quot;normal&quot;}}\"><div class=\"bt_bb_column_inner_content\"><div class=\"bt_bb_column_inner_content_inner\"><header data-bb-version=\"5.1.2\" class=\"bt_bb_headline bt_bb_dash_none bt_bb_size_small bt_bb_align_inherit\" data-bt-override-class=\"{&quot;bt_bb_size_&quot;:{&quot;current_class&quot;:&quot;bt_bb_size_small&quot;,&quot;def&quot;:&quot;small&quot;},&quot;bt_bb_align_&quot;:{&quot;current_class&quot;:&quot;bt_bb_align_inherit&quot;,&quot;def&quot;:&quot;inherit&quot;}}\"><h4><span class=\"bt_bb_headline_content\"><span>Tin t\u1ee9c<\/span><\/span><\/h4><\/header><div class=\"bt_bb_separator bt_bb_border_style_none bt_bb_bottom_spacing_40\" data-bt-override-class=\"null\"><\/div><div data-bb-version=\"5.1.2\" class=\"bt_bb_latest_posts btBulletedMenu btLightFontMenu bt_bb_columns_1 bt_bb_gap_normal\"><div class=\"bt_bb_latest_posts_item\"><div class=\"bt_bb_latest_posts_item_content\"><h5 class=\"bt_bb_latest_posts_item_title\"><a href=\"https:\/\/morstar.vn\/vi\/vietnams-energy-push-a-golden-opportunity-for-electrical-equipment-companies\/\" target=\"_self\">S\u1ef1 ph\u00e1t tri\u1ec3n n\u0103ng l\u01b0\u1ee3ng t\u1ea1i Vi\u1ec7t Nam \u2013 C\u01a1 h\u1ed9i v\u00e0ng cho c\u00e1c doanh nghi\u1ec7p thi\u1ebft b\u1ecb \u0111i\u1ec7n<\/a><\/h5><\/div><\/div><div class=\"bt_bb_latest_posts_item\"><div class=\"bt_bb_latest_posts_item_content\"><h5 class=\"bt_bb_latest_posts_item_title\"><a href=\"https:\/\/morstar.vn\/vi\/morstar-tiep-don-va-lam-viec-voi-doan-cong-tac-den-tu-cong-ty-plp\/\" target=\"_self\">MORSTAR TI\u1ebeP \u0110\u00d3N V\u00c0 L\u00c0M VI\u1ec6C V\u1edaI \u0110O\u00c0N C\u00d4NG T\u00c1C \u0110\u1ebeN T\u1eea C\u00d4NG TY PLP<\/a><\/h5><\/div><\/div><div class=\"bt_bb_latest_posts_item\"><div class=\"bt_bb_latest_posts_item_content\"><h5 class=\"bt_bb_latest_posts_item_title\"><a href=\"https:\/\/morstar.vn\/vi\/vietnam-exhibition-2025\/\" target=\"_self\">Vietnam Exhibition 2025<\/a><\/h5><\/div><\/div><div class=\"bt_bb_latest_posts_item\"><div class=\"bt_bb_latest_posts_item_content\"><h5 class=\"bt_bb_latest_posts_item_title\"><a href=\"https:\/\/morstar.vn\/vi\/current-status-and-development-orientation-of-vietnam-asean-power-grid-interconnection\/\" target=\"_self\">Hi\u1ec7n tr\u1ea1ng v\u00e0 \u0111\u1ecbnh h\u01b0\u1edbng ph\u00e1t tri\u1ec3n k\u1ebft n\u1ed1i l\u01b0\u1edbi \u0111i\u1ec7n Vi\u1ec7t Nam\u2013ASEAN<\/a><\/h5><\/div><\/div><div class=\"bt_bb_latest_posts_item\"><div class=\"bt_bb_latest_posts_item_content\"><h5 class=\"bt_bb_latest_posts_item_title\"><a href=\"https:\/\/morstar.vn\/vi\/vietnam-russia-energy-cooperation-a-lever-built-on-a-strong-oil-and-gas-foundation\/\" target=\"_self\">H\u1ee3p t\u00e1c n\u0103ng l\u01b0\u1ee3ng Vi\u1ec7t Nam \u2013 Li\u00ean bang Nga: \u2018\u0110\u00f2n b\u1ea9y\u2019 t\u1eeb n\u1ec1n t\u1ea3ng d\u1ea7u kh\u00ed<\/a><\/h5><\/div><\/div><div class=\"bt_bb_latest_posts_item\"><div class=\"bt_bb_latest_posts_item_content\"><h5 class=\"bt_bb_latest_posts_item_title\"><a href=\"https:\/\/morstar.vn\/vi\/to-lams-vision-for-a-rising-vietnam-rapid-development-and-prosperity\/\" target=\"_self\">T\u1ea7m nh\u00ecn c\u1ee7a \u0110\u1ed3ng ch\u00ed T\u00f4 L\u00e2m v\u1ec1 m\u1ed9t Vi\u1ec7t Nam \u0111ang tr\u1ed7i d\u1eady: Ph\u00e1t tri\u1ec3n nhanh ch\u00f3ng v\u00e0 th\u1ecbnh v\u01b0\u1ee3ng<\/a><\/h5><\/div><\/div><\/div><div class=\"bt_bb_separator bt_bb_border_style_none bt_bb_bottom_spacing_40\" data-bt-override-class=\"null\"><\/div><\/div><\/div><\/div><\/div><\/div><div class=\"bt_bb_separator bt_bb_border_style_none bt_bb_bottom_spacing_40 bt_bb_hidden_xs bt_bb_hidden_ms bt_bb_hidden_sm\" data-bt-override-class=\"null\"><\/div><\/div><\/div><\/div><\/div><\/div><\/div><!-- cell_inner --><\/div><!-- cell --><\/div><!-- port --><\/section>","protected":false},"excerpt":{"rendered":"","protected":false},"author":1,"featured_media":0,"parent":0,"menu_order":0,"comment_status":"closed","ping_status":"closed","template":"","meta":{"inline_featured_image":false,"footnotes":""},"class_list":["post-460","page","type-page","status-publish","hentry"],"_links":{"self":[{"href":"https:\/\/morstar.vn\/vi\/wp-json\/wp\/v2\/pages\/460","targetHints":{"allow":["GET"]}}],"collection":[{"href":"https:\/\/morstar.vn\/vi\/wp-json\/wp\/v2\/pages"}],"about":[{"href":"https:\/\/morstar.vn\/vi\/wp-json\/wp\/v2\/types\/page"}],"author":[{"embeddable":true,"href":"https:\/\/morstar.vn\/vi\/wp-json\/wp\/v2\/users\/1"}],"replies":[{"embeddable":true,"href":"https:\/\/morstar.vn\/vi\/wp-json\/wp\/v2\/comments?post=460"}],"version-history":[{"count":0,"href":"https:\/\/morstar.vn\/vi\/wp-json\/wp\/v2\/pages\/460\/revisions"}],"wp:attachment":[{"href":"https:\/\/morstar.vn\/vi\/wp-json\/wp\/v2\/media?parent=460"}],"curies":[{"name":"wp","href":"https:\/\/api.w.org\/{rel}","templated":true}]}}