{"id":448,"date":"2020-10-26T12:19:38","date_gmt":"2020-10-26T12:19:38","guid":{"rendered":"http:\/\/amwerk.bold-themes.com\/berlin\/?page_id=448"},"modified":"2026-01-19T02:37:19","modified_gmt":"2026-01-19T02:37:19","slug":"lien-he","status":"publish","type":"page","link":"https:\/\/morstar.vn\/vi\/lien-he\/","title":{"rendered":"Li\u00ean h\u1ec7 v\u1edbi ch\u00fang t\u00f4i"},"content":{"rendered":"<p><section data-bb-version=\"5.0.5\" id=\"bt_bb_section69d8f532c4263\" class=\"bt_bb_section bt_bb_color_scheme_11 bt_bb_layout_boxed_1200 bt_bb_vertical_align_top bt_bb_background_overlay_alternate_solid bt_bb_top_spacing_extra_large bt_bb_bottom_spacing_large bt_bb_negative_margin_ bt-dark-skin\" style=\"; --section-primary-color:#ffffff; --section-secondary-color:#013989;\" data-bt-override-class=\"{&quot;bt_bb_top_spacing_&quot;:{&quot;current_class&quot;:&quot;bt_bb_top_spacing_extra_large&quot;,&quot;def&quot;:&quot;extra_large&quot;},&quot;bt_bb_bottom_spacing_&quot;:{&quot;current_class&quot;:&quot;bt_bb_bottom_spacing_large&quot;,&quot;def&quot;:&quot;large&quot;},&quot;bt_bb_negative_margin_&quot;:{&quot;current_class&quot;:&quot;bt_bb_negative_margin_&quot;,&quot;def&quot;:&quot;&quot;}}\"><div class=\"bt_bb_background_image_holder_wrapper\"><div class=\"bt_bb_background_image_holder btLazyLoadBackground\"  data-background_image_src=\"https:\/\/morstar.vn\/wp-content\/uploads\/2024\/08\/Morstar-Electric-Factory-Ho-Chi-Minh-Vietnam-6-scaled.jpg\" data-parallax-zoom-start=\"1\" data-parallax-zoom-end=\"1\" data-parallax-blur-start=\"0\" data-parallax-blur-end=\"0\" data-parallax-opacity-start=\"0.5\" data-parallax-opacity-end=\"0.8\" style=\" background-image: url(&#039;https:\/\/morstar.vn\/wp-content\/plugins\/bold-page-builder\/img\/blank.gif&#039;);\"><\/div><\/div><div class=\"bt_bb_port\"><div class=\"bt_bb_cell\"><div class=\"bt_bb_cell_inner\"><div class=\"bt_bb_row\"  data-bt-override-class=\"{}\"><div class=\"bt_bb_row_holder\" ><div  class=\"bt_bb_column col-xxl-6 col-xl-6 bt_bb_vertical_align_top bt_bb_align_left bt_bb_padding_normal bt_bb_animation_fade_in zoom_out animate\" style=\"; --column-width:6;\" data-width=\"6\" data-bt-override-class=\"{}\"><div class=\"bt_bb_column_content\"><div class=\"bt_bb_column_content_inner\"><header class=\"bt_bb_headline bt_bb_dash_top bt_bb_superheadline bt_bb_size_large bt_bb_align_inherit\" data-bt-override-class=\"null\"><h1><span class=\"bt_bb_headline_superheadline\"><span>B\u1ea1n c\u00f3 th\u1eafc m\u1eafc kh\u00f4ng?<\/span><\/span><span class=\"bt_bb_headline_content\"><span>H\u00e3y li\u00ean l\u1ea1c v\u1edbi ch\u00fang t\u00f4i!<span class=\"bt_bb_outline_text bt_bb_outline_text_align_left bt_bb_outline_text_size_400\"><span>Li\u00ean h\u1ec7<\/span><\/span><\/span><\/span><\/h1><\/header><div class=\"bt_bb_separator bt_bb_border_style_none bt_bb_bottom_spacing_60\" data-bt-override-class=\"null\"><\/div><div class=\"bt_bb_contact_form_7\">\n<div class=\"wpcf7 no-js\" id=\"wpcf7-f885-o1\" lang=\"en-US\" dir=\"ltr\" data-wpcf7-id=\"885\">\n<div class=\"screen-reader-response\"><p role=\"status\" aria-live=\"polite\" aria-atomic=\"true\"><\/p> <ul><\/ul><\/div>\n<form action=\"\/vi\/wp-json\/wp\/v2\/pages\/448#wpcf7-f885-o1\" method=\"post\" class=\"wpcf7-form init\" aria-label=\"Contact form\" novalidate=\"novalidate\" data-status=\"init\" data-trp-original-action=\"\/vi\/wp-json\/wp\/v2\/pages\/448#wpcf7-f885-o1\">\n<fieldset class=\"hidden-fields-container\"><input type=\"hidden\" name=\"_wpcf7\" value=\"885\" \/><input type=\"hidden\" name=\"_wpcf7_version\" value=\"6.1.1\" \/><input type=\"hidden\" name=\"_wpcf7_locale\" value=\"en_US\" \/><input type=\"hidden\" name=\"_wpcf7_unit_tag\" value=\"wpcf7-f885-o1\" \/><input type=\"hidden\" name=\"_wpcf7_container_post\" value=\"0\" \/><input type=\"hidden\" name=\"_wpcf7_posted_data_hash\" value=\"\" \/>\n<\/fieldset>\n<div class=\"bt_bb_cf7_form bt_bb_cf7_twocol_form bt_bb_cf7_light_placeholders bt_bb_cf7_dark_text_submit\">\n\t<div class=\"bt_bb_cf7_row\">\n\t\t<div class=\"bt_bb_cf7_element bt_bb_cf7_element_required\">\n\t\t\t<p><span class=\"wpcf7-form-control-wrap\" data-name=\"your-name\"><input size=\"40\" maxlength=\"400\" class=\"wpcf7-form-control wpcf7-text wpcf7-validates-as-required\" aria-required=\"true\" aria-invalid=\"false\" placeholder=\"T\u00ean c\u1ee7a b\u1ea1n\" value=\"\" type=\"text\" name=\"your-name\" \/><\/span>\n\t\t\t<\/p>\n\t\t<\/div>\n\t\t<div class=\"bt_bb_cf7_element bt_bb_cf7_element_required\">\n\t\t\t<p><span class=\"wpcf7-form-control-wrap\" data-name=\"your-email\"><input size=\"40\" maxlength=\"400\" class=\"wpcf7-form-control wpcf7-email wpcf7-validates-as-required wpcf7-text wpcf7-validates-as-email\" aria-required=\"true\" aria-invalid=\"false\" placeholder=\"\u0110\u1ecba ch\u1ec9 Email c\u1ee7a b\u1ea1n\" value=\"\" type=\"email\" name=\"your-email\" \/><\/span>\n\t\t\t<\/p>\n\t\t<\/div>\n\t<\/div>\n\t<div class=\"bt_bb_cf7_row\">\n\t\t<div class=\"bt_bb_cf7_element\">\n\t\t\t<p><span class=\"wpcf7-form-control-wrap\" data-name=\"your-tel\"><input size=\"40\" maxlength=\"400\" class=\"wpcf7-form-control wpcf7-tel wpcf7-text wpcf7-validates-as-tel\" aria-invalid=\"false\" placeholder=\"\u0110i\u1ec7n tho\u1ea1i li\u00ean l\u1ea1c\" value=\"\" type=\"tel\" name=\"your-tel\" \/><\/span>\n\t\t\t<\/p>\n\t\t<\/div>\n\t\t<div class=\"bt_bb_cf7_element\">\n\t\t\t<p><span class=\"wpcf7-form-control-wrap\" data-name=\"Project\"><select class=\"wpcf7-form-control wpcf7-select\" aria-invalid=\"false\" name=\"Project\"><option value=\"Project scope\">Ph\u1ea1m vi d\u1ef1 \u00e1n<\/option><option value=\"Product manufacture\">S\u1ea3n xu\u1ea5t s\u1ea3n ph\u1ea9m<\/option><option value=\"Distributed Products\">S\u1ea3n ph\u1ea9m ph\u00e2n ph\u1ed1i<\/option><option value=\"Services\">D\u1ecbch v\u1ee5<\/option><option value=\"Renewable Energy Products\">S\u1ea3n ph\u1ea9m n\u0103ng l\u01b0\u1ee3ng t\u00e1i t\u1ea1o<\/option><\/select><\/span>\n\t\t\t<\/p>\n\t\t<\/div>\n\t<\/div>\n\t<div class=\"bt_bb_cf7_row\">\n\t\t<div class=\"bt_bb_cf7_element bt_bb_cf7_element_required\">\n\t\t\t<p><span class=\"wpcf7-form-control-wrap\" data-name=\"your-message\"><textarea cols=\"40\" rows=\"4\" maxlength=\"2000\" class=\"wpcf7-form-control wpcf7-textarea wpcf7-validates-as-required\" aria-required=\"true\" aria-invalid=\"false\" placeholder=\"M\u00f4 t\u1ea3 y\u00eau c\u1ea7u c\u1ee7a b\u1ea1n\" name=\"your-message\"><\/textarea><\/span>\n\t\t\t<\/p>\n\t\t<\/div>\n\t<\/div>\n\t<div class=\"bt_bb_cf7_button bt_bb_cf7_button_larger\">\n\t\t<div class=\"g-recaptcha-wrap\" style=\"padding:10px 0 10px 0\">\n\t\t\t<div  class=\"g-recaptcha\" data-sitekey=\"6LedQF4rAAAAANUJcdrva8G1euHK6fvdM4AUWUiJ\">\n\t\t\t<\/div>\n\t\t<\/div>\n\t\t<p><span class='wpcf7-form-control-wrap' data-name='aiowps-captcha'><\/span><input class=\"wpcf7-form-control wpcf7-submit has-spinner\" type=\"submit\" value=\"G\u1eedi y\u00eau c\u1ea7u c\u1ee7a b\u1ea1n\" \/>\n\t\t<\/p>\n\t<\/div>\n<\/div><div class=\"wpcf7-response-output\" aria-hidden=\"true\"><\/div>\n<input type=\"hidden\" name=\"trp-form-language\" value=\"vi\"\/><\/form>\n<\/div>\n<\/div><div data-bb-version=\"5.1.2\" class=\"bt_bb_button bt_bb_color_scheme_11 bt_bb_icon_position_left bt_bb_style_outline bt_bb_size_normal bt_bb_width_inline bt_bb_shape_inherit bt_bb_target_self bt_bb_text_transform_inherit bt_bb_align_inherit\" style=\"; --primary-color:#ffffff; --secondary-color:#013989;\" data-bt-override-class=\"{&quot;bt_bb_size_&quot;:{&quot;current_class&quot;:&quot;bt_bb_size_normal&quot;,&quot;def&quot;:&quot;normal&quot;},&quot;bt_bb_align_&quot;:{&quot;current_class&quot;:&quot;bt_bb_align_inherit&quot;,&quot;def&quot;:&quot;inherit&quot;}}\"><a href=\"#map\" target=\"_self\" class=\"bt_bb_link\" title=\"Xem b\u1ea3n \u0111\u1ed3\"><span class=\"bt_bb_button_text\" >Xem b\u1ea3n \u0111\u1ed3<\/span><span  data-ico-fontawesome5solid=\"&#xf5a0;\" class=\"bt_bb_icon_holder\"><\/span><\/a><\/div><\/div><\/div><\/div><div  class=\"bt_bb_column col-xxl-6 col-xl-6 bt_bb_vertical_align_top bt_bb_align_right bt_bb_padding_40 bt_bb_animation_fade_in zoom_out animate\" style=\"; --column-width:6;\" data-width=\"6\" data-bt-override-class=\"{}\"><div class=\"bt_bb_column_content\"><div class=\"bt_bb_column_content_inner\"><div class=\"bt_bb_separator bt_bb_border_style_none bt_bb_bottom_spacing_100 bt_bb_hidden_xs bt_bb_hidden_ms bt_bb_hidden_sm\" data-bt-override-class=\"null\"><\/div><div class=\"bt_bb_separator bt_bb_border_style_none bt_bb_bottom_spacing_60\" data-bt-override-class=\"null\"><\/div><header data-bb-version=\"5.1.3\" class=\"bt_bb_headline_with_icon bt_bb_superheadline bt_bb_size_extrasmall bt_bb_align_inherit bt_bb_icon_position_right bt_bb_icon_color_scheme_5\" style=\"; --headline-with-icon-icon-primary-color:#000000; --headline-with-icon-icon-secondary-color:#f1b209;\" data-bt-override-class=\"{&quot;bt_bb_size_&quot;:{&quot;current_class&quot;:&quot;bt_bb_size_extrasmall&quot;,&quot;def&quot;:&quot;extrasmall&quot;},&quot;bt_bb_align_&quot;:{&quot;current_class&quot;:&quot;bt_bb_align_inherit&quot;,&quot;def&quot;:&quot;inherit&quot;}}\"><span data-ico-fontawesome5solid=\"&#xf3c5;\" class=\"bt_bb_icon_holder\"><\/span><div class=\"bt_bb_headline_with_icon_content_holder\"><div class=\"bt_bb_headline_with_icon_superheadline_outside\"><span class=\"bt_bb_headline_with_icon_superheadline\">V\u0103n ph\u00f2ng Singapore:<\/span><\/div><h4><span class=\"bt_bb_headline_with_icon_content\"><span>8UBI ROAD 2 #08-02 ZERVEX SINGAPORE (408538)<br \/><br \/>\n<\/span><\/span><\/h4><\/div><\/header><header data-bb-version=\"5.4.7\" class=\"bt_bb_headline_with_icon bt_bb_superheadline bt_bb_size_extrasmall bt_bb_align_inherit bt_bb_icon_position_right bt_bb_icon_color_scheme_5\" style=\"; --headline-with-icon-icon-primary-color:#000000; --headline-with-icon-icon-secondary-color:#f1b209;\" data-bt-override-class=\"{&quot;bt_bb_size_&quot;:{&quot;current_class&quot;:&quot;bt_bb_size_extrasmall&quot;,&quot;def&quot;:&quot;extrasmall&quot;},&quot;bt_bb_align_&quot;:{&quot;current_class&quot;:&quot;bt_bb_align_inherit&quot;,&quot;def&quot;:&quot;inherit&quot;}}\"><span data-ico-fontawesome=\"&#xf275;\" class=\"bt_bb_icon_holder\"><\/span><div class=\"bt_bb_headline_with_icon_content_holder\"><div class=\"bt_bb_headline_with_icon_superheadline_outside\"><span class=\"bt_bb_headline_with_icon_superheadline\">Nh\u00e0 m\u00e1y \u0111i\u1ec7n Morstar<\/span><\/div><h4><span class=\"bt_bb_headline_with_icon_content\"><span>934D4, Street D, Cat Lai Industrial Zone, Section II, Cat Lai Ward, Ho Chi Minh City, Vietnam.<br \/><br \/>\n<\/span><\/span><\/h4><\/div><\/header><div class=\"bt_bb_separator bt_bb_border_style_none bt_bb_bottom_spacing_20\" data-bt-override-class=\"null\"><\/div><header data-bb-version=\"5.0.5\" class=\"bt_bb_headline_with_icon bt_bb_superheadline bt_bb_size_extrasmall bt_bb_align_inherit bt_bb_icon_position_right bt_bb_icon_color_scheme_5\" style=\"; --headline-with-icon-icon-primary-color:#000000; --headline-with-icon-icon-secondary-color:#f1b209;\" data-bt-override-class=\"{&quot;bt_bb_size_&quot;:{&quot;current_class&quot;:&quot;bt_bb_size_extrasmall&quot;,&quot;def&quot;:&quot;extrasmall&quot;},&quot;bt_bb_align_&quot;:{&quot;current_class&quot;:&quot;bt_bb_align_inherit&quot;,&quot;def&quot;:&quot;inherit&quot;}}\"><span data-ico-fontawesome5solid=\"&#xf095;\" class=\"bt_bb_icon_holder\"><\/span><div class=\"bt_bb_headline_with_icon_content_holder\"><div class=\"bt_bb_headline_with_icon_superheadline_outside\"><span class=\"bt_bb_headline_with_icon_superheadline\">S\u1ed1 \u0111i\u1ec7n tho\u1ea1i<\/span><\/div><h4><span class=\"bt_bb_headline_with_icon_content\"><span><a href=\"tel:+84 283742 1888\" target=\"_self\" title=\"+84 283742 1888\">+84 283742 1888<\/a><\/span><\/span><\/h4><\/div><\/header><div class=\"bt_bb_separator bt_bb_border_style_none bt_bb_bottom_spacing_20\" data-bt-override-class=\"null\"><\/div><header data-bb-version=\"5.0.5\" class=\"bt_bb_headline_with_icon bt_bb_superheadline bt_bb_size_extrasmall bt_bb_align_inherit bt_bb_icon_position_right bt_bb_icon_color_scheme_5\" style=\"; --headline-with-icon-icon-primary-color:#000000; --headline-with-icon-icon-secondary-color:#f1b209;\" data-bt-override-class=\"{&quot;bt_bb_size_&quot;:{&quot;current_class&quot;:&quot;bt_bb_size_extrasmall&quot;,&quot;def&quot;:&quot;extrasmall&quot;},&quot;bt_bb_align_&quot;:{&quot;current_class&quot;:&quot;bt_bb_align_inherit&quot;,&quot;def&quot;:&quot;inherit&quot;}}\"><span data-ico-fontawesome=\"&#xf0ac;\" class=\"bt_bb_icon_holder\"><\/span><div class=\"bt_bb_headline_with_icon_content_holder\"><div class=\"bt_bb_headline_with_icon_superheadline_outside\"><span class=\"bt_bb_headline_with_icon_superheadline\">B\u00e1n h\u00e0ng qu\u1ed1c t\u1ebf<\/span><\/div><h4><span class=\"bt_bb_headline_with_icon_content\"><span><a href=\"mailto:export@morstar.vn\" target=\"_self\" title=\"export@morstar.vn\">export@morstar.vn<\/a><\/span><\/span><\/h4><\/div><\/header><header data-bb-version=\"5.1.2\" class=\"bt_bb_headline_with_icon bt_bb_superheadline bt_bb_size_extrasmall bt_bb_align_inherit bt_bb_icon_position_right bt_bb_icon_color_scheme_5\" style=\"; --headline-with-icon-icon-primary-color:#000000; --headline-with-icon-icon-secondary-color:#f1b209;\" data-bt-override-class=\"{&quot;bt_bb_size_&quot;:{&quot;current_class&quot;:&quot;bt_bb_size_extrasmall&quot;,&quot;def&quot;:&quot;extrasmall&quot;},&quot;bt_bb_align_&quot;:{&quot;current_class&quot;:&quot;bt_bb_align_inherit&quot;,&quot;def&quot;:&quot;inherit&quot;}}\"><span data-ico-fontawesome5solid=\"&#xf1d8;\" class=\"bt_bb_icon_holder\"><\/span><div class=\"bt_bb_headline_with_icon_content_holder\"><div class=\"bt_bb_headline_with_icon_superheadline_outside\"><span class=\"bt_bb_headline_with_icon_superheadline\">B\u00e1n h\u00e0ng trong n\u01b0\u1edbc<\/span><\/div><h4><span class=\"bt_bb_headline_with_icon_content\"><span><a href=\"mailto:sales@morstar.vn\" target=\"_self\" title=\"info@morstar.vn\">info@morstar.vn<\/a><\/span><\/span><\/h4><\/div><\/header><\/div><\/div><\/div><\/div><\/div><\/div><!-- cell_inner --><\/div><!-- cell --><\/div><!-- port --><\/section><section data-bb-version=\"5.0.5\" id=\"bt_bb_section69d8f53359adc\" class=\"bt_bb_section bt_bb_layout_wide bt_bb_vertical_align_top bt_bb_top_spacing_none bt_bb_bottom_spacing_large bt_bb_negative_margin_\"  data-bt-override-class=\"{&quot;bt_bb_top_spacing_&quot;:{&quot;current_class&quot;:&quot;bt_bb_top_spacing_none&quot;,&quot;def&quot;:&quot;none&quot;},&quot;bt_bb_bottom_spacing_&quot;:{&quot;current_class&quot;:&quot;bt_bb_bottom_spacing_large&quot;,&quot;def&quot;:&quot;large&quot;},&quot;bt_bb_negative_margin_&quot;:{&quot;current_class&quot;:&quot;bt_bb_negative_margin_&quot;,&quot;def&quot;:&quot;&quot;}}\"><div class=\"bt_bb_port\"><div class=\"bt_bb_cell\"><div class=\"bt_bb_cell_inner\"><div data-bb-version=\"5.0.5\" class=\"bt_bb_row  bt_bb_column_gap_0\" style=\"; --column-gap:0px;\" data-bt-override-class=\"{}\"><div class=\"bt_bb_row_holder\" ><div data-bb-version=\"5.0.5\"  class=\"bt_bb_column col-xxl-4 col-xl-4 col-xs-12 col-sm-6 col-md-6 col-lg-4 bt_bb_vertical_align_top bt_bb_align_left bt_bb_padding_0 bt_bb_animation_fade_in zoom_out animate\" style=\"; --column-width:4;\" data-width=\"4\" data-bt-override-class=\"{&quot;bt_bb_align_&quot;:{&quot;current_class&quot;:&quot;bt_bb_align_left&quot;,&quot;def&quot;:&quot;left&quot;},&quot;bt_bb_padding_&quot;:{&quot;current_class&quot;:&quot;bt_bb_padding_0&quot;,&quot;def&quot;:&quot;0&quot;}}\"><div class=\"bt_bb_column_content\"><div class=\"bt_bb_column_content_inner\"><div data-bb-version=\"5.0.5\" class=\"bt_bb_image bt_bb_shape_square bt_bb_align_inherit bt_bb_hover_style_zoom-in bt_bb_content_display_always bt_bb_content_align_middle bt_bb_remove_padding_yes bt_bb_fill_background_color_full\" data-bt-override-class=\"{&quot;bt_bb_align_&quot;:{&quot;current_class&quot;:&quot;bt_bb_align_inherit&quot;,&quot;def&quot;:&quot;inherit&quot;}}\"><span><img src = \"https:\/\/morstar.vn\/wp-content\/plugins\/bold-page-builder\/img\/blank.gif\" data-full_image_src=\"https:\/\/morstar.vn\/wp-content\/uploads\/2024\/08\/morstar-electric-factory-vietnam.jpg\" data-image_src=\"https:\/\/morstar.vn\/wp-content\/uploads\/2024\/08\/morstar-electric-factory-vietnam-1280x720.jpg\" title=\"nh\u00e0 m\u00e1y \u0111i\u1ec7n morstar vi\u1ec7t nam\" alt=\"https:\/\/morstar.vn\/wp-content\/uploads\/2024\/08\/morstar-electric-factory-vietnam-1280x720.jpg\" class=\"btLazyLoadImage\"><\/span><\/div><header data-bb-version=\"5.1.2\" class=\"bt_bb_headline bt_bb_dash_none bt_bb_size_small bt_bb_align_inherit\" data-bt-override-class=\"{&quot;bt_bb_size_&quot;:{&quot;current_class&quot;:&quot;bt_bb_size_small&quot;,&quot;def&quot;:&quot;small&quot;},&quot;bt_bb_align_&quot;:{&quot;current_class&quot;:&quot;bt_bb_align_inherit&quot;,&quot;def&quot;:&quot;inherit&quot;}}\"><h6><span class=\"bt_bb_headline_content\"><span>V\u1ecb tr\u00ed Sao Mai<\/span><\/span><\/h6><\/header><div data-bb-version=\"5.1.2\"  class=\"bt_bb_text\" style=\"padding:1rem;\"><\/p>\n<p>N\u1ebfu b\u1ea1n mu\u1ed1n gh\u00e9 th\u0103m ch\u00fang t\u00f4i, vui l\u00f2ng g\u1eedi email cho ch\u00fang t\u00f4i.<\/p>\n<p>\n<\/div><div data-bb-version=\"5.1.2\" class=\"bt_bb_service bt_bb_color_scheme_4 bt_bb_style_outline bt_bb_size_normal bt_bb_shape_circle bt_bb_target_self bt_bb_align_inherit bt_bb_font_weight_bold bt_bb_size_headline_medium\" style=\"padding:1rem;; --primary-color:#f1b209; --secondary-color:#ffffff;\" data-bt-override-class=\"{&quot;bt_bb_size_&quot;:{&quot;current_class&quot;:&quot;bt_bb_size_normal&quot;,&quot;def&quot;:&quot;normal&quot;},&quot;bt_bb_align_&quot;:{&quot;current_class&quot;:&quot;bt_bb_align_inherit&quot;,&quot;def&quot;:&quot;inherit&quot;}}\"><a href=\"mailto:secretary@morstar.vn\"  target=\"_self\"  title=\"Ch\u00e0o m\u1eebng b\u1ea1n \u0111\u1ebfn th\u0103m ch\u00fang t\u00f4i\"  data-ico-development=\"&#xf11d;\" class=\"bt_bb_icon_holder\"><\/a><div class=\"bt_bb_service_content\"><div class=\"bt_bb_service_content_title\"><a href=\"mailto:secretary@morstar.vn\" target=\"_self\">Ch\u00e0o m\u1eebng b\u1ea1n \u0111\u1ebfn th\u0103m ch\u00fang t\u00f4i<\/a><\/div><div class=\"bt_bb_service_content_text\"> secretary@morstar.vn<\/div><\/div><\/div><div class=\"bt_bb_separator bt_bb_border_style_none bt_bb_bottom_spacing_45\" data-bt-override-class=\"null\"><\/div><\/div><\/div><\/div><div data-bb-version=\"5.1.2\" id=\"map\" class=\"bt_bb_column col-xxl-8 col-xl-8 col-xs-12 col-sm-6 col-md-6 col-lg-8 bt_bb_vertical_align_top bt_bb_align_left bt_bb_padding_0 bt_bb_animation_fade_in animate\" style=\"; --column-width:8;\" data-width=\"8\" data-bt-override-class=\"{&quot;bt_bb_align_&quot;:{&quot;current_class&quot;:&quot;bt_bb_align_left&quot;,&quot;def&quot;:&quot;left&quot;},&quot;bt_bb_padding_&quot;:{&quot;current_class&quot;:&quot;bt_bb_padding_0&quot;,&quot;def&quot;:&quot;0&quot;}}\"><div class=\"bt_bb_column_content\"><div class=\"bt_bb_column_content_inner\"><div data-bb-version=\"5.0.5\"  class=\"bt_bb_text\" ><\/p>\n<p><iframe src=\"https:\/\/www.google.com\/maps\/d\/embed?mid=1fGpN4VQ7jKGUOkpCrhKK9MmGona9lg4&amp;ehbc=2E312F&amp;noprof=1\" width=\"100%\" height=\"480\"><\/iframe><\/p>\n<p>\n<\/div><\/div><\/div><\/div><\/div><\/div><\/div><!-- cell_inner --><\/div><!-- cell --><\/div><!-- port --><\/section><section id=\"bt_bb_section69d8f5335a695\" class=\"bt_bb_section bt_bb_layout_boxed_1200 bt_bb_vertical_align_top bt_bb_top_spacing_100 bt_bb_bottom_spacing_100\"  data-bt-override-class=\"null\"><div class=\"bt_bb_port\"><div class=\"bt_bb_cell\"><div class=\"bt_bb_cell_inner\"><div class=\"bt_bb_row\"  data-bt-override-class=\"{}\"><div class=\"bt_bb_row_holder\" ><div  class=\"bt_bb_column col-xxl-6 col-xl-6 bt_bb_vertical_align_top bt_bb_align_left bt_bb_padding_normal bt_bb_animation_fade_in zoom_out animate\" style=\"; --column-width:6;\" data-width=\"6\" data-bt-override-class=\"{}\"><div class=\"bt_bb_column_content\"><div class=\"bt_bb_column_content_inner\"><header data-bb-version=\"5.1.2\" class=\"bt_bb_headline bt_bb_dash_top bt_bb_superheadline bt_bb_subheadline bt_bb_size_large bt_bb_align_inherit\" data-bt-override-class=\"{&quot;bt_bb_size_&quot;:{&quot;current_class&quot;:&quot;bt_bb_size_large&quot;,&quot;def&quot;:&quot;large&quot;},&quot;bt_bb_align_&quot;:{&quot;current_class&quot;:&quot;bt_bb_align_inherit&quot;,&quot;def&quot;:&quot;inherit&quot;}}\"><div class=\"bt_bb_headline_superheadline_outside\"><span class=\"bt_bb_headline_superheadline\"><span>Blog c\u1ee7a Sao Mai<\/span><\/span><\/div><h3><span class=\"bt_bb_headline_content\"><span>Tin t\u1ee9c v\u00e0 c\u1eadp nh\u1eadt<span class=\"bt_bb_outline_text bt_bb_outline_text_align_right bt_bb_outline_text_size_400\"><span>C\u1eadp nh\u1eadt<\/span><\/span><\/span><\/span><\/h3><div class=\"bt_bb_headline_subheadline\">Nhanh ch\u00f3ng t\u1ed1i \u0111a h\u00f3a c\u00e1c s\u1ea3n ph\u1ea9m giao \u0111\u00fang h\u1ea1n cho c\u00e1c l\u01b0\u1ee3c \u0111\u1ed3 th\u1eddi gian th\u1ef1c. Duy tr\u00ec \u0111\u00e1ng k\u1ec3 c\u00e1c gi\u1ea3i ph\u00e1p nh\u1ea5p chu\u1ed9t v\u00e0 gi\u1eef v\u1eefng m\u00e0 kh\u00f4ng c\u1ea7n c\u00e1c gi\u1ea3i ph\u00e1p ch\u1ee9c n\u0103ng.<\/div><\/header><div class=\"bt_bb_separator bt_bb_border_style_none bt_bb_bottom_spacing_60\" data-bt-override-class=\"null\"><\/div><\/div><\/div><\/div><div  class=\"bt_bb_column col-xxl-6 col-xl-6 bt_bb_vertical_align_bottom bt_bb_align_right bt_bb_padding_normal bt_bb_hidden_xs bt_bb_hidden_ms bt_bb_hidden_sm\" style=\"; --column-width:6;\" data-width=\"6\" data-bt-override-class=\"{}\"><div class=\"bt_bb_column_content\"><div class=\"bt_bb_column_content_inner\"><div class=\"bt_bb_button bt_bb_color_scheme_12 bt_bb_icon_position_right bt_bb_style_with_huge_icon bt_bb_size_normal bt_bb_width_inline bt_bb_shape_inherit bt_bb_target_self bt_bb_align_inherit bt_bb_icon_color_scheme_6\" style=\"; --primary-color:#000; --secondary-color:#f1f1f1;; --icon-primary-color:#ffffff; --icon-secondary-color:#f1b209;\" data-bt-override-class=\"{}\"><a href=\"#\" target=\"_self\" class=\"bt_bb_link\" title=\"Xem t\u1ea5t c\u1ea3 tin t\u1ee9c\"><span class=\"bt_bb_button_text\" >Xem t\u1ea5t c\u1ea3 tin t\u1ee9c<\/span><span  data-ico-fontawesome=\"&#xf105;\" class=\"bt_bb_icon_holder\"><\/span><\/a><\/div><div class=\"bt_bb_separator bt_bb_border_style_none bt_bb_bottom_spacing_60\" data-bt-override-class=\"null\"><\/div><\/div><\/div><\/div><\/div><\/div><div class=\"bt_bb_row\"  data-bt-override-class=\"{}\"><div class=\"bt_bb_row_holder\" ><div  class=\"bt_bb_column col-xxl-12 col-xl-12 bt_bb_vertical_align_top bt_bb_align_left bt_bb_padding_normal bt_bb_animation_fade_in animate\" style=\"; --column-width:12;\" data-width=\"12\" data-bt-override-class=\"{}\"><div class=\"bt_bb_column_content\"><div class=\"bt_bb_column_content_inner\"><div class=\"bt_bb_masonry_post_grid bt_bb_grid_container bt_bb_columns_3 bt_bb_gap_large bt_bb_date_design_triangle\" data-columns=\"3\"><div class=\"bt_bb_masonry_post_grid_content bt_bb_grid_hide\" data-bt-bb-masonry-post-grid-nonce=\"792bd87878\" data-number=\"3\" data-category=\"\" data-show=\"a%3A7%3A%7Bs%3A8%3A%22category%22%3Bb%3A0%3Bs%3A4%3A%22date%22%3Bb%3A1%3Bs%3A6%3A%22author%22%3Bb%3A1%3Bs%3A8%3A%22comments%22%3Bb%3A1%3Bs%3A7%3A%22excerpt%22%3Bb%3A1%3Bs%3A5%3A%22share%22%3Bb%3A0%3Bs%3A4%3A%22size%22%3Bs%3A4%3A%22full%22%3B%7D\" data-auto-loading=\"\" data-post-type=\"post\" data-date-design=\"triangle\" ><div class=\"bt_bb_grid_sizer\"><\/div><\/div><div class=\"bt_bb_post_grid_loader\"><\/div><\/div><div class=\"bt_bb_separator bt_bb_border_style_none bt_bb_bottom_spacing_60\" data-bt-override-class=\"null\"><\/div><\/div><\/div><\/div><\/div><\/div><div class=\"bt_bb_row\"  data-bt-override-class=\"{}\"><div class=\"bt_bb_row_holder\" ><div  class=\"bt_bb_column col-xxl-12 col-xl-12 bt_bb_vertical_align_top bt_bb_align_center bt_bb_padding_normal bt_bb_animation_fade_in animate bt_bb_hidden_md bt_bb_hidden_lg\" style=\"; --column-width:12;\" data-width=\"12\" data-bt-override-class=\"{}\"><div class=\"bt_bb_column_content\"><div class=\"bt_bb_column_content_inner\"><div class=\"bt_bb_button bt_bb_color_scheme_12 bt_bb_icon_position_right bt_bb_style_with_huge_icon bt_bb_size_normal bt_bb_width_inline bt_bb_shape_inherit bt_bb_target_self bt_bb_align_inherit bt_bb_icon_color_scheme_6\" style=\"; --primary-color:#000; --secondary-color:#f1f1f1;; --icon-primary-color:#ffffff; --icon-secondary-color:#f1b209;\" data-bt-override-class=\"{}\"><a href=\"#\" target=\"_self\" class=\"bt_bb_link\" title=\"Xem t\u1ea5t c\u1ea3 tin t\u1ee9c\"><span class=\"bt_bb_button_text\" >Xem t\u1ea5t c\u1ea3 tin t\u1ee9c<\/span><span  data-ico-fontawesome=\"&#xf105;\" class=\"bt_bb_icon_holder\"><\/span><\/a><\/div><\/div><\/div><\/div><\/div><\/div><\/div><!-- cell_inner --><\/div><!-- cell --><\/div><!-- port --><\/section><\/p>","protected":false},"excerpt":{"rendered":"<p>Nhanh ch\u00f3ng t\u1eadp h\u1ee3p ng\u01b0\u1eddi d\u00f9ng B2B v\u00e0 ti\u1ec1m n\u0103ng tr\u00ean to\u00e0n th\u1ebf gi\u1edbi. D\u1ea7n d\u1ea7n sao ch\u00e9p th\u01b0\u01a1ng m\u1ea1i \u0111i\u1ec7n t\u1eed c\u00e2n b\u1eb1ng t\u00e0i nguy\u00ean th\u00f4ng qua n\u0103ng l\u1ef1c c\u1ed1t l\u00f5i c\u00e2n b\u1eb1ng t\u00e0i nguy\u00ean. K\u1ebft h\u1ee3p ch\u1eb7t ch\u1ebd c\u00e1c li\u00ean k\u1ebft r\u1ee7i ro th\u1ea5p v\u00e0 l\u1ee3i nhu\u1eadn cao tr\u01b0\u1edbc c\u00e1c nh\u00e0 b\u00e1n l\u1ebb \u0111i\u1ec7n t\u1eed minh b\u1ea1ch.<\/p>","protected":false},"author":1,"featured_media":29028,"parent":0,"menu_order":0,"comment_status":"closed","ping_status":"closed","template":"","meta":{"inline_featured_image":false,"footnotes":""},"class_list":["post-448","page","type-page","status-publish","has-post-thumbnail","hentry"],"_links":{"self":[{"href":"https:\/\/morstar.vn\/vi\/wp-json\/wp\/v2\/pages\/448","targetHints":{"allow":["GET"]}}],"collection":[{"href":"https:\/\/morstar.vn\/vi\/wp-json\/wp\/v2\/pages"}],"about":[{"href":"https:\/\/morstar.vn\/vi\/wp-json\/wp\/v2\/types\/page"}],"author":[{"embeddable":true,"href":"https:\/\/morstar.vn\/vi\/wp-json\/wp\/v2\/users\/1"}],"replies":[{"embeddable":true,"href":"https:\/\/morstar.vn\/vi\/wp-json\/wp\/v2\/comments?post=448"}],"version-history":[{"count":0,"href":"https:\/\/morstar.vn\/vi\/wp-json\/wp\/v2\/pages\/448\/revisions"}],"wp:featuredmedia":[{"embeddable":true,"href":"https:\/\/morstar.vn\/vi\/wp-json\/wp\/v2\/media\/29028"}],"wp:attachment":[{"href":"https:\/\/morstar.vn\/vi\/wp-json\/wp\/v2\/media?parent=448"}],"curies":[{"name":"wp","href":"https:\/\/api.w.org\/{rel}","templated":true}]}}